{"id":14440,"date":"2022-03-03T15:43:29","date_gmt":"2022-03-03T07:43:29","guid":{"rendered":"http:\/\/www.erun-tech.com\/?post_type=product&#038;p=14440"},"modified":"2024-03-27T21:29:44","modified_gmt":"2024-03-27T13:29:44","slug":"gongzuofugongzuoxieshoutaoanquanmao","status":"publish","type":"product","link":"http:\/\/www.erun-tech.com\/vi\/product\/gongzuofugongzuoxieshoutaoanquanmao","title":{"rendered":"Qu\u1ea7n \u00e1o lao \u0111\u1ed9ng, gi\u00e0y lao \u0111\u1ed9ng, g\u0103ng tay, m\u0169 b\u1ea3o hi\u1ec3m"},"content":{"rendered":"<h2 style=\"text-align: center;\">Qu\u1ea7n \u00e1o lao \u0111\u1ed9ng, gi\u00e0y lao \u0111\u1ed9ng, g\u0103ng tay, m\u0169 b\u1ea3o hi\u1ec3m<\/h2>\n<p>&nbsp;<\/p>\n<div><strong>C\u01a1 s\u1edf ph\u00e1p l\u00fd: \"Quy \u0111\u1ecbnh v\u1ec1 qu\u1ea3n l\u00fd \u0111\u00e0o t\u1ea1o thuy\u1ec1n vi\u00ean c\u1ee7a C\u1ed9ng h\u00f2a Nh\u00e2n d\u00e2n Trung Hoa\" (Ngh\u1ecb \u0111\u1ecbnh s\u1ed1 5 n\u0103m 2019 c\u1ee7a B\u1ed9 Giao th\u00f4ng V\u1eadn t\u1ea3i)<\/strong><\/div>\n<div><strong>Lo\u1ea1i s\u1ea3n ph\u1ea9m: Ph\u00f2ng th\u1ef1c h\u00e0nh ph\u00f2ng ch\u00e1y ch\u1eefa ch\u00e1y cao c\u1ea5p (Z04)<br \/>\n<\/strong><\/div>\n<div><strong>T\u00ean s\u1ea3n ph\u1ea9m: Qu\u1ea7n \u00e1o b\u1ea3o h\u1ed9 lao \u0111\u1ed9ng, gi\u00e0y b\u1ea3o h\u1ed9 lao \u0111\u1ed9ng, g\u0103ng tay, m\u0169 b\u1ea3o h\u1ed9<\/strong><\/div>\n<div><strong>Y\u00eau c\u1ea7u v\u1ec1 trang thi\u1ebft b\u1ecb: Qu\u1ea7n \u00e1o b\u1ea3o h\u1ed9 lao \u0111\u1ed9ng, gi\u00e0y b\u1ea3o h\u1ed9, g\u0103ng tay, m\u0169 b\u1ea3o h\u1ed9<\/strong><\/div>\n<div><strong>S\u1ed1 l\u01b0\u1ee3ng quy \u0111\u1ecbnh: 45 b\u1ed9<\/strong><\/div>","protected":false},"excerpt":{"rendered":"<p>\u5de5\u4f5c\u670d\u3001\u5de5\u4f5c\u978b\u3001\u624b\u5957\u3001\u5b89\u5168\u5e3d &nbsp; \u6cd5\u5f8b\u4f9d\u636e\uff1a\u300a\u4e2d\u534e\u4eba\u6c11\u5171\u548c\u56fd\u8239\u5458\u57f9\u8bad\u7ba1\u7406\u89c4\u5219\u300b\uff08\u4ea4\u901a\u8fd0\u8f93\u90e8\u4ee4 201&hellip;<\/p>","protected":false},"featured_media":14445,"comment_status":"open","ping_status":"closed","template":"","meta":[],"product_brand":[],"product_cat":[35],"product_tag":[],"class_list":{"0":"post-14440","1":"product","2":"type-product","3":"status-publish","4":"has-post-thumbnail","6":"product_cat-gaojixiaofangshixunshiz04","7":"description-off","9":"first","10":"instock","11":"taxable","12":"shipping-taxable","13":"purchasable","14":"product-type-simple"},"_links":{"self":[{"href":"http:\/\/www.erun-tech.com\/vi\/wp-json\/wp\/v2\/product\/14440","targetHints":{"allow":["GET"]}}],"collection":[{"href":"http:\/\/www.erun-tech.com\/vi\/wp-json\/wp\/v2\/product"}],"about":[{"href":"http:\/\/www.erun-tech.com\/vi\/wp-json\/wp\/v2\/types\/product"}],"replies":[{"embeddable":true,"href":"http:\/\/www.erun-tech.com\/vi\/wp-json\/wp\/v2\/comments?post=14440"}],"wp:featuredmedia":[{"embeddable":true,"href":"http:\/\/www.erun-tech.com\/vi\/wp-json\/wp\/v2\/media\/14445"}],"wp:attachment":[{"href":"http:\/\/www.erun-tech.com\/vi\/wp-json\/wp\/v2\/media?parent=14440"}],"wp:term":[{"taxonomy":"product_brand","embeddable":true,"href":"http:\/\/www.erun-tech.com\/vi\/wp-json\/wp\/v2\/product_brand?post=14440"},{"taxonomy":"product_cat","embeddable":true,"href":"http:\/\/www.erun-tech.com\/vi\/wp-json\/wp\/v2\/product_cat?post=14440"},{"taxonomy":"product_tag","embeddable":true,"href":"http:\/\/www.erun-tech.com\/vi\/wp-json\/wp\/v2\/product_tag?post=14440"}],"curies":[{"name":"wp","href":"https:\/\/api.w.org\/{rel}","templated":true}]}}