{"id":14458,"date":"2022-03-03T19:22:11","date_gmt":"2022-03-03T11:22:11","guid":{"rendered":"http:\/\/www.erun-tech.com\/?post_type=product&#038;p=14458"},"modified":"2024-03-27T21:32:55","modified_gmt":"2024-03-27T13:32:55","slug":"rentijiegoumoxingherentigugemoxing","status":"publish","type":"product","link":"http:\/\/www.erun-tech.com\/vi\/product\/rentijiegoumoxingherentigugemoxing","title":{"rendered":"M\u00f4 h\u00ecnh c\u1ea5u tr\u00fac c\u01a1 th\u1ec3 ng\u01b0\u1eddi v\u00e0 m\u00f4 h\u00ecnh x\u01b0\u01a1ng ng\u01b0\u1eddi"},"content":{"rendered":"<h2 style=\"text-align: center;\">M\u00f4 h\u00ecnh c\u1ea5u tr\u00fac c\u01a1 th\u1ec3 ng\u01b0\u1eddi v\u00e0 m\u00f4 h\u00ecnh x\u01b0\u01a1ng ng\u01b0\u1eddi<\/h2>\n<div><strong>C\u01a1 s\u1edf ph\u00e1p l\u00fd: \"Quy \u0111\u1ecbnh v\u1ec1 qu\u1ea3n l\u00fd \u0111\u00e0o t\u1ea1o thuy\u1ec1n vi\u00ean c\u1ee7a C\u1ed9ng h\u00f2a Nh\u00e2n d\u00e2n Trung Hoa\" (Ngh\u1ecb \u0111\u1ecbnh s\u1ed1 5 n\u0103m 2019 c\u1ee7a B\u1ed9 Giao th\u00f4ng V\u1eadn t\u1ea3i)<\/strong><\/div>\n<div><strong>Ph\u00e2n lo\u1ea1i s\u1ea3n ph\u1ea9m: Ph\u00f2ng th\u1ef1c h\u00e0nh y t\u1ebf tr\u00ean t\u00e0u (Z06)<br \/>\n<\/strong><\/div>\n<div><strong>T\u00ean s\u1ea3n ph\u1ea9m: M\u00f4 h\u00ecnh c\u1ea5u tr\u00fac c\u01a1 th\u1ec3 ng\u01b0\u1eddi v\u00e0 m\u00f4 h\u00ecnh x\u01b0\u01a1ng ng\u01b0\u1eddi<\/strong><\/div>\n<div><strong>Y\u00eau c\u1ea7u ch\u1ee9c n\u0103ng: M\u00f4 h\u00ecnh c\u1ea5u tr\u00fac c\u01a1 th\u1ec3 ng\u01b0\u1eddi c\u00f3 th\u1ec3 hi\u1ec3n th\u1ecb c\u00e1c c\u01a1 quan n\u1ed9i t\u1ea1ng v\u00e0 c\u1ea5u tr\u00fac c\u01a1 b\u1eafp.<\/strong><\/div>\n<div><strong>S\u1ed1 l\u01b0\u1ee3ng quy \u0111\u1ecbnh: M\u1ed7i lo\u1ea1i 1 c\u00e1i<\/strong><\/div>\n<div><\/div>\n<div><img decoding=\"async\" class=\"alignnone size-full wp-image-14463\" src=\"http:\/\/www.erun-tech.com\/wp-content\/uploads\/2022\/03\/O1CN01kk5Ro42KMkGys4jWp_2201436259543.jpg\" width=\"675\" height=\"1280\" srcset=\"http:\/\/www.erun-tech.com\/wp-content\/uploads\/2022\/03\/O1CN01kk5Ro42KMkGys4jWp_2201436259543.jpg 675w, http:\/\/www.erun-tech.com\/wp-content\/uploads\/2022\/03\/O1CN01kk5Ro42KMkGys4jWp_2201436259543-600x1138.jpg 600w, http:\/\/www.erun-tech.com\/wp-content\/uploads\/2022\/03\/O1CN01kk5Ro42KMkGys4jWp_2201436259543-158x300.jpg 158w, http:\/\/www.erun-tech.com\/wp-content\/uploads\/2022\/03\/O1CN01kk5Ro42KMkGys4jWp_2201436259543-540x1024.jpg 540w\" sizes=\"(max-width: 675px) 100vw, 675px\" title=\"\u4eba\u4f53\u7ed3\u6784\u6a21\u578b\u548c\u4eba\u4f53\u9aa8\u9abc\u6a21\u578b\u63d2\u56fe\" alt=\"\u4eba\u4f53\u7ed3\u6784\u6a21\u578b\u548c\u4eba\u4f53\u9aa8\u9abc\u6a21\u578b\u63d2\u56fe\" \/><\/div>\n<div><\/div>\n<div>\n<h3>Gi\u1edbi thi\u1ec7u s\u1ea3n ph\u1ea9m<\/h3>\n<div class=\"ProductDescriptionContainer\">\n<p>M\u00f4 h\u00ecnh x\u01b0\u01a1ng ng\u01b0\u1eddi 170cm Ch\u1ea5t li\u1ec7u: PVC M\u00e0u s\u1eafc: Tr\u1eafng \u0110\u1ea7u c\u00f3 h\u00e0m d\u01b0\u1edbi c\u00f3 th\u1ec3 di chuy\u1ec3n, n\u1eafp s\u1ecd c\u00f3 th\u1ec3 th\u00e1o r\u1eddi, \u0111\u01b0\u1eddng n\u1ed1i x\u01b0\u01a1ng v\u00e0 ba r\u0103ng h\u00e0m d\u01b0\u1edbi c\u00f3 th\u1ec3 th\u00e1o r\u1eddi.<\/p>\n<p><img decoding=\"async\" class=\"alignnone size-full wp-image-14464\" src=\"http:\/\/www.erun-tech.com\/wp-content\/uploads\/2022\/03\/moder-2.jpg\" width=\"661\" height=\"591\" alt=\"moder-2.jpg\" title=\"moder-2.jpg\" srcset=\"http:\/\/www.erun-tech.com\/wp-content\/uploads\/2022\/03\/moder-2.jpg 661w, http:\/\/www.erun-tech.com\/wp-content\/uploads\/2022\/03\/moder-2-600x536.jpg 600w, http:\/\/www.erun-tech.com\/wp-content\/uploads\/2022\/03\/moder-2-300x268.jpg 300w\" sizes=\"(max-width: 661px) 100vw, 661px\" \/><\/p>\n<\/div>\n<\/div>","protected":false},"excerpt":{"rendered":"<p>\u4eba\u4f53\u7ed3\u6784\u6a21\u578b\u548c\u4eba\u4f53\u9aa8\u9abc\u6a21\u578b \u6cd5\u5f8b\u4f9d\u636e\uff1a\u300a\u4e2d\u534e\u4eba\u6c11\u5171\u548c\u56fd\u8239\u5458\u57f9\u8bad\u7ba1\u7406\u89c4\u5219\u300b\uff08\u4ea4\u901a\u8fd0\u8f93\u90e8\u4ee4 2019 \u5e74\u7b2c 5 \u53f7&hellip;<\/p>","protected":false},"featured_media":14463,"comment_status":"open","ping_status":"closed","template":"","meta":[],"product_brand":[],"product_cat":[37],"product_tag":[],"class_list":{"0":"post-14458","1":"product","2":"type-product","3":"status-publish","4":"has-post-thumbnail","6":"product_cat-chuanshangyihushixunshiz06","7":"description-off","9":"first","10":"instock","11":"taxable","12":"shipping-taxable","13":"purchasable","14":"product-type-simple"},"_links":{"self":[{"href":"http:\/\/www.erun-tech.com\/vi\/wp-json\/wp\/v2\/product\/14458","targetHints":{"allow":["GET"]}}],"collection":[{"href":"http:\/\/www.erun-tech.com\/vi\/wp-json\/wp\/v2\/product"}],"about":[{"href":"http:\/\/www.erun-tech.com\/vi\/wp-json\/wp\/v2\/types\/product"}],"replies":[{"embeddable":true,"href":"http:\/\/www.erun-tech.com\/vi\/wp-json\/wp\/v2\/comments?post=14458"}],"wp:featuredmedia":[{"embeddable":true,"href":"http:\/\/www.erun-tech.com\/vi\/wp-json\/wp\/v2\/media\/14463"}],"wp:attachment":[{"href":"http:\/\/www.erun-tech.com\/vi\/wp-json\/wp\/v2\/media?parent=14458"}],"wp:term":[{"taxonomy":"product_brand","embeddable":true,"href":"http:\/\/www.erun-tech.com\/vi\/wp-json\/wp\/v2\/product_brand?post=14458"},{"taxonomy":"product_cat","embeddable":true,"href":"http:\/\/www.erun-tech.com\/vi\/wp-json\/wp\/v2\/product_cat?post=14458"},{"taxonomy":"product_tag","embeddable":true,"href":"http:\/\/www.erun-tech.com\/vi\/wp-json\/wp\/v2\/product_tag?post=14458"}],"curies":[{"name":"wp","href":"https:\/\/api.w.org\/{rel}","templated":true}]}}