{"id":14460,"date":"2022-03-03T19:39:18","date_gmt":"2022-03-03T11:39:18","guid":{"rendered":"http:\/\/www.erun-tech.com\/?post_type=product&#038;p=14460"},"modified":"2024-03-27T21:33:20","modified_gmt":"2024-03-27T13:33:20","slug":"monichuanboyiliaoshoushushi","status":"publish","type":"product","link":"http:\/\/www.erun-tech.com\/vi\/product\/monichuanboyiliaoshoushushi","title":{"rendered":"Ph\u00f2ng m\u1ed5 y t\u1ebf m\u00f4 ph\u1ecfng tr\u00ean t\u00e0u"},"content":{"rendered":"<h2 style=\"text-align: center;\">Ph\u00f2ng m\u1ed5 y t\u1ebf m\u00f4 ph\u1ecfng tr\u00ean t\u00e0u<\/h2>\n<p>&nbsp;<\/p>\n<div><strong>C\u01a1 s\u1edf ph\u00e1p l\u00fd: \"Quy \u0111\u1ecbnh v\u1ec1 qu\u1ea3n l\u00fd \u0111\u00e0o t\u1ea1o thuy\u1ec1n vi\u00ean c\u1ee7a C\u1ed9ng h\u00f2a Nh\u00e2n d\u00e2n Trung Hoa\" (Ngh\u1ecb \u0111\u1ecbnh s\u1ed1 5 n\u0103m 2019 c\u1ee7a B\u1ed9 Giao th\u00f4ng V\u1eadn t\u1ea3i)<\/strong><\/div>\n<div><strong>Ph\u00e2n lo\u1ea1i s\u1ea3n ph\u1ea9m: Ph\u00f2ng th\u1ef1c h\u00e0nh y t\u1ebf tr\u00ean t\u00e0u (Z06)<br \/>\n<\/strong><\/div>\n<div><strong>T\u00ean s\u1ea3n ph\u1ea9m: Ph\u00f2ng m\u1ed5 y t\u1ebf m\u00f4 ph\u1ecfng tr\u00ean t\u00e0u<\/strong><\/div>\n<div><strong>Y\u00eau c\u1ea7u ch\u1ee9c n\u0103ng: \u00cdt nh\u1ea5t ph\u1ea3i c\u00f3 1 gi\u01b0\u1eddng ph\u1eabu thu\u1eadt, c\u00e1c d\u1ee5ng c\u1ee5 ph\u1eabu thu\u1eadt ch\u00ednh, d\u1ee5ng c\u1ee5 kh\u00e2u, d\u1ee5ng c\u1ee5 c\u1ea7m m\u00e1u, b\u00ecnh oxy, v.v.<\/strong><\/div>\n<div><strong>S\u1ed1 l\u01b0\u1ee3ng quy \u0111\u1ecbnh: 1 b\u1ed9<\/strong><\/div>\n<div><\/div>\n<div><\/div>","protected":false},"excerpt":{"rendered":"<p>\u6a21\u62df\u8239\u8236\u533b\u7597\u624b\u672f\u5ba4 &nbsp; \u6cd5\u5f8b\u4f9d\u636e\uff1a\u300a\u4e2d\u534e\u4eba\u6c11\u5171\u548c\u56fd\u8239\u5458\u57f9\u8bad\u7ba1\u7406\u89c4\u5219\u300b\uff08\u4ea4\u901a\u8fd0\u8f93\u90e8\u4ee4 2019 \u5e74\u7b2c &hellip;<\/p>","protected":false},"featured_media":14468,"comment_status":"open","ping_status":"closed","template":"","meta":[],"product_brand":[],"product_cat":[37],"product_tag":[],"class_list":{"0":"post-14460","1":"product","2":"type-product","3":"status-publish","4":"has-post-thumbnail","6":"product_cat-chuanshangyihushixunshiz06","7":"description-off","9":"first","10":"instock","11":"taxable","12":"shipping-taxable","13":"purchasable","14":"product-type-simple"},"_links":{"self":[{"href":"http:\/\/www.erun-tech.com\/vi\/wp-json\/wp\/v2\/product\/14460","targetHints":{"allow":["GET"]}}],"collection":[{"href":"http:\/\/www.erun-tech.com\/vi\/wp-json\/wp\/v2\/product"}],"about":[{"href":"http:\/\/www.erun-tech.com\/vi\/wp-json\/wp\/v2\/types\/product"}],"replies":[{"embeddable":true,"href":"http:\/\/www.erun-tech.com\/vi\/wp-json\/wp\/v2\/comments?post=14460"}],"wp:featuredmedia":[{"embeddable":true,"href":"http:\/\/www.erun-tech.com\/vi\/wp-json\/wp\/v2\/media\/14468"}],"wp:attachment":[{"href":"http:\/\/www.erun-tech.com\/vi\/wp-json\/wp\/v2\/media?parent=14460"}],"wp:term":[{"taxonomy":"product_brand","embeddable":true,"href":"http:\/\/www.erun-tech.com\/vi\/wp-json\/wp\/v2\/product_brand?post=14460"},{"taxonomy":"product_cat","embeddable":true,"href":"http:\/\/www.erun-tech.com\/vi\/wp-json\/wp\/v2\/product_cat?post=14460"},{"taxonomy":"product_tag","embeddable":true,"href":"http:\/\/www.erun-tech.com\/vi\/wp-json\/wp\/v2\/product_tag?post=14460"}],"curies":[{"name":"wp","href":"https:\/\/api.w.org\/{rel}","templated":true}]}}