{"id":14470,"date":"2022-03-03T19:50:37","date_gmt":"2022-03-03T11:50:37","guid":{"rendered":"http:\/\/www.erun-tech.com\/?post_type=product&#038;p=14470"},"modified":"2024-03-27T21:33:27","modified_gmt":"2024-03-27T13:33:27","slug":"jirouzhushemoxingmokuaizhusheqi","status":"publish","type":"product","link":"http:\/\/www.erun-tech.com\/vi\/product\/jirouzhushemoxingmokuaizhusheqi","title":{"rendered":"M\u00f4 h\u00ecnh ti\u00eam b\u1eafp (m\u00f4-\u0111un), \u1ed1ng ti\u00eam"},"content":{"rendered":"<h2 style=\"text-align: center;\">M\u00f4 h\u00ecnh ti\u00eam b\u1eafp (m\u00f4-\u0111un), \u1ed1ng ti\u00eam<\/h2>\n<p>&nbsp;<\/p>\n<div><strong>C\u01a1 s\u1edf ph\u00e1p l\u00fd: \"Quy \u0111\u1ecbnh v\u1ec1 qu\u1ea3n l\u00fd \u0111\u00e0o t\u1ea1o thuy\u1ec1n vi\u00ean c\u1ee7a C\u1ed9ng h\u00f2a Nh\u00e2n d\u00e2n Trung Hoa\" (Ngh\u1ecb \u0111\u1ecbnh s\u1ed1 5 n\u0103m 2019 c\u1ee7a B\u1ed9 Giao th\u00f4ng V\u1eadn t\u1ea3i)<\/strong><\/div>\n<div><strong>\u4ea7\u54c1\u5206\u7c7b\uff1a\u8239\u4e0a\u533b\u62a4\u5b9e\u8bad\u5ba4\uff08Z06\uff09\\ \u7cbe\u901a\u6025\u6551\u5b9e\u8bad\u5ba4\uff08Z05\uff09<br \/>\n<\/strong><\/div>\n<div><strong>\u4ea7\u54c1\u540d\u79f0\uff1a\u808c\u8089\u6ce8\u5c04\u6a21\u578b\uff08\u6a21\u5757\uff09\u3001\u6ce8\u5c04\u5668<\/strong><\/div>\n<div><strong>\u529f\u80fd\u8981\u6c42\uff1a\u808c\u8089\u6ce8\u5c04\u6a21\u578b\uff08\u6a21\u5757\uff09\u3001\u6ce8\u5c04\u5668<\/strong><\/div>\n<div><strong>S\u1ed1 l\u01b0\u1ee3ng quy \u0111\u1ecbnh: M\u1ed7i lo\u1ea1i 10 c\u00e1i<\/strong><\/div>","protected":false},"excerpt":{"rendered":"<p>\u808c\u8089\u6ce8\u5c04\u6a21\u578b\uff08\u6a21\u5757\uff09\u3001\u6ce8\u5c04\u5668 &nbsp; \u6cd5\u5f8b\u4f9d\u636e\uff1a\u300a\u4e2d\u534e\u4eba\u6c11\u5171\u548c\u56fd\u8239\u5458\u57f9\u8bad\u7ba1\u7406\u89c4\u5219\u300b\uff08\u4ea4\u901a\u8fd0\u8f93\u90e8\u4ee4 201&hellip;<\/p>","protected":false},"featured_media":14474,"comment_status":"open","ping_status":"closed","template":"","meta":[],"product_brand":[],"product_cat":[37],"product_tag":[],"class_list":{"0":"post-14470","1":"product","2":"type-product","3":"status-publish","4":"has-post-thumbnail","6":"product_cat-chuanshangyihushixunshiz06","7":"description-off","9":"first","10":"instock","11":"taxable","12":"shipping-taxable","13":"purchasable","14":"product-type-simple"},"_links":{"self":[{"href":"http:\/\/www.erun-tech.com\/vi\/wp-json\/wp\/v2\/product\/14470","targetHints":{"allow":["GET"]}}],"collection":[{"href":"http:\/\/www.erun-tech.com\/vi\/wp-json\/wp\/v2\/product"}],"about":[{"href":"http:\/\/www.erun-tech.com\/vi\/wp-json\/wp\/v2\/types\/product"}],"replies":[{"embeddable":true,"href":"http:\/\/www.erun-tech.com\/vi\/wp-json\/wp\/v2\/comments?post=14470"}],"wp:featuredmedia":[{"embeddable":true,"href":"http:\/\/www.erun-tech.com\/vi\/wp-json\/wp\/v2\/media\/14474"}],"wp:attachment":[{"href":"http:\/\/www.erun-tech.com\/vi\/wp-json\/wp\/v2\/media?parent=14470"}],"wp:term":[{"taxonomy":"product_brand","embeddable":true,"href":"http:\/\/www.erun-tech.com\/vi\/wp-json\/wp\/v2\/product_brand?post=14470"},{"taxonomy":"product_cat","embeddable":true,"href":"http:\/\/www.erun-tech.com\/vi\/wp-json\/wp\/v2\/product_cat?post=14470"},{"taxonomy":"product_tag","embeddable":true,"href":"http:\/\/www.erun-tech.com\/vi\/wp-json\/wp\/v2\/product_tag?post=14470"}],"curies":[{"name":"wp","href":"https:\/\/api.w.org\/{rel}","templated":true}]}}