{"id":14478,"date":"2022-03-03T20:09:26","date_gmt":"2022-03-03T12:09:26","guid":{"rendered":"http:\/\/www.erun-tech.com\/?post_type=product&#038;p=14478"},"modified":"2024-03-27T22:03:42","modified_gmt":"2024-03-27T14:03:42","slug":"baoanyishiguatumoxingheqiju","status":"publish","type":"product","link":"http:\/\/www.erun-tech.com\/vi\/product\/baoanyishiguatumoxingheqiju","title":{"rendered":"B\u1ea3ng treo, m\u00f4 h\u00ecnh v\u00e0 d\u1ee5ng c\u1ee5 n\u00e2ng cao \u00fd th\u1ee9c an ninh"},"content":{"rendered":"<h2 style=\"text-align: center;\">B\u1ea3ng treo, m\u00f4 h\u00ecnh v\u00e0 d\u1ee5ng c\u1ee5 n\u00e2ng cao \u00fd th\u1ee9c an ninh<\/h2>\n<div><strong>C\u01a1 s\u1edf ph\u00e1p l\u00fd: \"Quy \u0111\u1ecbnh v\u1ec1 qu\u1ea3n l\u00fd \u0111\u00e0o t\u1ea1o thuy\u1ec1n vi\u00ean c\u1ee7a C\u1ed9ng h\u00f2a Nh\u00e2n d\u00e2n Trung Hoa\" (Ngh\u1ecb \u0111\u1ecbnh s\u1ed1 5 n\u0103m 2019 c\u1ee7a B\u1ed9 Giao th\u00f4ng V\u1eadn t\u1ea3i)<\/strong><\/div>\n<div><strong>\u4ea7\u54c1\u5206\u7c7b\uff1a\u8239\u4fdd\u5b89\u610f\u8bc6\u57f9\u8bad\u5b9e\u8bad\u5ba4\uff08Z07\uff09<br \/>\n<\/strong><\/div>\n<div><strong>\u4ea7\u54c1\u540d\u79f0\uff1a\u6302\u56fe\u3001\u6a21\u578b\u548c\u5668\u5177<\/strong><\/div>\n<div><strong>\u529f\u80fd\u8981\u6c42\uff1a\u6bcf\u5957\u5305\u62ec\u9632\u7206\u5668\u6750\uff1b\u6b66\u5668\u6302\u56fe\uff1b\u5173\u952e\u90e8\u5206\u53ef\u5f00\u542f\u3001\u9644\u6709\u9003\u751f\u7ebf\u8def\u548c\u5b89\u5168\u8231\u7684\u8239\u8236\u6f14\u793a\u6a21\u578b\u3002<\/strong><\/div>\n<div><strong>\u89c4\u5b9a\u6570\u91cf\uff1a 2 \u5957<\/strong><\/div>","protected":false},"excerpt":{"rendered":"<p>\u4fdd\u5b89\u610f\u8bc6\u6302\u56fe\u3001\u6a21\u578b\u548c\u5668\u5177 \u6cd5\u5f8b\u4f9d\u636e\uff1a\u300a\u4e2d\u534e\u4eba\u6c11\u5171\u548c\u56fd\u8239\u5458\u57f9\u8bad\u7ba1\u7406\u89c4\u5219\u300b\uff08\u4ea4\u901a\u8fd0\u8f93\u90e8\u4ee4 2019 \u5e74\u7b2c 5 \u53f7\uff09&hellip;<\/p>","protected":false},"featured_media":14481,"comment_status":"open","ping_status":"closed","template":"","meta":[],"product_brand":[],"product_cat":[38,322,39,191],"product_tag":[],"class_list":{"0":"post-14478","1":"product","2":"type-product","3":"status-publish","4":"has-post-thumbnail","6":"product_cat-baoanyishipeixunshixunshiz07-z08","7":"product_cat-haishangjiaotonganquanjinengpeixun","8":"product_cat-chuanbobaoanyuanshixunshiz09","9":"product_cat-fuyouzhidingbaoanzhizechuanyuanpeixunshi-z08","10":"description-off","12":"first","13":"instock","14":"taxable","15":"shipping-taxable","16":"purchasable","17":"product-type-simple"},"_links":{"self":[{"href":"http:\/\/www.erun-tech.com\/vi\/wp-json\/wp\/v2\/product\/14478","targetHints":{"allow":["GET"]}}],"collection":[{"href":"http:\/\/www.erun-tech.com\/vi\/wp-json\/wp\/v2\/product"}],"about":[{"href":"http:\/\/www.erun-tech.com\/vi\/wp-json\/wp\/v2\/types\/product"}],"replies":[{"embeddable":true,"href":"http:\/\/www.erun-tech.com\/vi\/wp-json\/wp\/v2\/comments?post=14478"}],"wp:featuredmedia":[{"embeddable":true,"href":"http:\/\/www.erun-tech.com\/vi\/wp-json\/wp\/v2\/media\/14481"}],"wp:attachment":[{"href":"http:\/\/www.erun-tech.com\/vi\/wp-json\/wp\/v2\/media?parent=14478"}],"wp:term":[{"taxonomy":"product_brand","embeddable":true,"href":"http:\/\/www.erun-tech.com\/vi\/wp-json\/wp\/v2\/product_brand?post=14478"},{"taxonomy":"product_cat","embeddable":true,"href":"http:\/\/www.erun-tech.com\/vi\/wp-json\/wp\/v2\/product_cat?post=14478"},{"taxonomy":"product_tag","embeddable":true,"href":"http:\/\/www.erun-tech.com\/vi\/wp-json\/wp\/v2\/product_tag?post=14478"}],"curies":[{"name":"wp","href":"https:\/\/api.w.org\/{rel}","templated":true}]}}