{"id":14483,"date":"2022-03-03T20:27:00","date_gmt":"2022-03-03T12:27:00","guid":{"rendered":"http:\/\/www.erun-tech.com\/?post_type=product&#038;p=14483"},"modified":"2024-07-02T15:51:55","modified_gmt":"2024-07-02T07:51:55","slug":"wuxiandianbaoanshebei","status":"publish","type":"product","link":"http:\/\/www.erun-tech.com\/vi\/product\/wuxiandianbaoanshebei","title":{"rendered":"Thi\u1ebft b\u1ecb an ninh v\u00f4 tuy\u1ebfn"},"content":{"rendered":"<h2 style=\"text-align: center;\">Thi\u1ebft b\u1ecb an ninh v\u00f4 tuy\u1ebfn<\/h2>\n<p>&nbsp;<\/p>\n<div><strong>C\u01a1 s\u1edf ph\u00e1p l\u00fd: \"Quy \u0111\u1ecbnh v\u1ec1 qu\u1ea3n l\u00fd \u0111\u00e0o t\u1ea1o thuy\u1ec1n vi\u00ean c\u1ee7a C\u1ed9ng h\u00f2a Nh\u00e2n d\u00e2n Trung Hoa\" (Ngh\u1ecb \u0111\u1ecbnh s\u1ed1 5 n\u0103m 2019 c\u1ee7a B\u1ed9 Giao th\u00f4ng V\u1eadn t\u1ea3i)<\/strong><\/div>\n<div><strong>\u4ea7\u54c1\u5206\u7c7b\uff1a\u8239\u4fdd\u5b89\u610f\u8bc6\u57f9\u8bad\u5b9e\u8bad\u5ba4\uff08Z07\uff09<br \/>\n<\/strong><\/div>\n<div><strong>\u4ea7\u54c1\u540d\u79f0\uff1a\u65e0\u7ebf\u7535\u4fdd\u5b89\u8bbe\u5907<\/strong><\/div>\n<div><strong>\u529f\u80fd\u8981\u6c42\uff1a\u5305\u62ec\u8239\u8236\u4fdd\u5b89\u62a5\u8b66\u7cfb\u7edf SSAS 1 \u5957\u3001\u81ea\u52a8\u8bc6\u522b\u7cfb\u7edf AIS 1\u5957\u3001\u624b\u6301\u751a\u9ad8\u9891\u5bf9\u8bb2\u673a 3 \u5957\u3002<\/strong><\/div>\n<div><strong>S\u1ed1 l\u01b0\u1ee3ng quy \u0111\u1ecbnh: 1 b\u1ed9<\/strong><\/div>","protected":false},"excerpt":{"rendered":"<p>\u65e0\u7ebf\u7535\u4fdd\u5b89\u8bbe\u5907 &nbsp; \u6cd5\u5f8b\u4f9d\u636e\uff1a\u300a\u4e2d\u534e\u4eba\u6c11\u5171\u548c\u56fd\u8239\u5458\u57f9\u8bad\u7ba1\u7406\u89c4\u5219\u300b\uff08\u4ea4\u901a\u8fd0\u8f93\u90e8\u4ee4 2019 \u5e74\u7b2c 5 &hellip;<\/p>","protected":false},"featured_media":14485,"comment_status":"open","ping_status":"closed","template":"","meta":[],"product_brand":[],"product_cat":[38,322,39,191],"product_tag":[219,218,217],"class_list":{"0":"post-14483","1":"product","2":"type-product","3":"status-publish","4":"has-post-thumbnail","6":"product_cat-baoanyishipeixunshixunshiz07-z08","7":"product_cat-haishangjiaotonganquanjinengpeixun","8":"product_cat-chuanbobaoanyuanshixunshiz09","9":"product_cat-fuyouzhidingbaoanzhizechuanyuanpeixunshi-z08","10":"product_tag-shouchishengaopinduijiangji","11":"product_tag-zidongshibiexitong-ais","12":"product_tag-chuanbobaoanbaojingxitong-ssas","13":"description-off","15":"first","16":"instock","17":"taxable","18":"shipping-taxable","19":"purchasable","20":"product-type-simple"},"_links":{"self":[{"href":"http:\/\/www.erun-tech.com\/vi\/wp-json\/wp\/v2\/product\/14483","targetHints":{"allow":["GET"]}}],"collection":[{"href":"http:\/\/www.erun-tech.com\/vi\/wp-json\/wp\/v2\/product"}],"about":[{"href":"http:\/\/www.erun-tech.com\/vi\/wp-json\/wp\/v2\/types\/product"}],"replies":[{"embeddable":true,"href":"http:\/\/www.erun-tech.com\/vi\/wp-json\/wp\/v2\/comments?post=14483"}],"wp:featuredmedia":[{"embeddable":true,"href":"http:\/\/www.erun-tech.com\/vi\/wp-json\/wp\/v2\/media\/14485"}],"wp:attachment":[{"href":"http:\/\/www.erun-tech.com\/vi\/wp-json\/wp\/v2\/media?parent=14483"}],"wp:term":[{"taxonomy":"product_brand","embeddable":true,"href":"http:\/\/www.erun-tech.com\/vi\/wp-json\/wp\/v2\/product_brand?post=14483"},{"taxonomy":"product_cat","embeddable":true,"href":"http:\/\/www.erun-tech.com\/vi\/wp-json\/wp\/v2\/product_cat?post=14483"},{"taxonomy":"product_tag","embeddable":true,"href":"http:\/\/www.erun-tech.com\/vi\/wp-json\/wp\/v2\/product_tag?post=14483"}],"curies":[{"name":"wp","href":"https:\/\/api.w.org\/{rel}","templated":true}]}}