{"id":14486,"date":"2022-03-03T20:30:03","date_gmt":"2022-03-03T12:30:03","guid":{"rendered":"http:\/\/www.erun-tech.com\/?post_type=product&#038;p=14486"},"modified":"2024-03-27T22:03:00","modified_gmt":"2024-03-27T14:03:00","slug":"fanghaidaofangkongbu-xijidengyingxiangziliao","status":"publish","type":"product","link":"http:\/\/www.erun-tech.com\/vi\/product\/fanghaidaofangkongbu-xijidengyingxiangziliao","title":{"rendered":"H\u00ecnh \u1ea3nh v\u1ec1 ph\u00f2ng ch\u1ed1ng c\u01b0\u1edbp bi\u1ec3n, kh\u1ee7ng b\u1ed1, v.v."},"content":{"rendered":"<h2 style=\"text-align: center;\">H\u00ecnh \u1ea3nh v\u1ec1 ph\u00f2ng ch\u1ed1ng c\u01b0\u1edbp bi\u1ec3n, kh\u1ee7ng b\u1ed1, v.v.<\/h2>\n<div><strong>C\u01a1 s\u1edf ph\u00e1p l\u00fd: \"Quy \u0111\u1ecbnh v\u1ec1 qu\u1ea3n l\u00fd \u0111\u00e0o t\u1ea1o thuy\u1ec1n vi\u00ean c\u1ee7a C\u1ed9ng h\u00f2a Nh\u00e2n d\u00e2n Trung Hoa\" (Ngh\u1ecb \u0111\u1ecbnh s\u1ed1 5 n\u0103m 2019 c\u1ee7a B\u1ed9 Giao th\u00f4ng V\u1eadn t\u1ea3i)<\/strong><\/div>\n<div><strong>Danh m\u1ee5c s\u1ea3n ph\u1ea9m: Ph\u00f2ng th\u1ef1c h\u00e0nh \u0111\u00e0o t\u1ea1o nh\u1eadn th\u1ee9c v\u1ec1 an ninh (Z07)<br \/>\n<\/strong><\/div>\n<div><strong>T\u00ean s\u1ea3n ph\u1ea9m: T\u00e0i li\u1ec7u h\u00ecnh \u1ea3nh<\/strong><\/div>\n<div><strong>Y\u00eau c\u1ea7u v\u1ec1 ch\u1ee9c n\u0103ng: Bao g\u1ed3m c\u00e1c n\u1ed9i dung nh\u01b0 ph\u00f2ng ch\u1ed1ng c\u01b0\u1edbp bi\u1ec3n, ph\u00f2ng ch\u1ed1ng c\u00e1c cu\u1ed9c t\u1ea5n c\u00f4ng kh\u1ee7ng b\u1ed1, v.v.<\/strong><\/div>\n<div><strong>S\u1ed1 l\u01b0\u1ee3ng quy \u0111\u1ecbnh: 1 b\u1ed9<\/strong><\/div>\n<div><\/div>\n<div><\/div>","protected":false},"excerpt":{"rendered":"<p>\u9632\u6d77\u76d7\u3001\u9632\u6050\u6016 \u88ad\u51fb\u7b49\u5f71\u50cf\u8d44\u6599 \u6cd5\u5f8b\u4f9d\u636e\uff1a\u300a\u4e2d\u534e\u4eba\u6c11\u5171\u548c\u56fd\u8239\u5458\u57f9\u8bad\u7ba1\u7406\u89c4\u5219\u300b\uff08\u4ea4\u901a\u8fd0\u8f93\u90e8\u4ee4 2019 \u5e74\u7b2c 5&hellip;<\/p>","protected":false},"featured_media":14409,"comment_status":"open","ping_status":"closed","template":"","meta":[],"product_brand":[],"product_cat":[38,322,15,39,191],"product_tag":[],"class_list":{"0":"post-14486","1":"product","2":"type-product","3":"status-publish","4":"has-post-thumbnail","6":"product_cat-baoanyishipeixunshixunshiz07-z08","7":"product_cat-haishangjiaotonganquanjinengpeixun","8":"product_cat-xinchanpin","9":"product_cat-chuanbobaoanyuanshixunshiz09","10":"product_cat-fuyouzhidingbaoanzhizechuanyuanpeixunshi-z08","11":"description-off","13":"first","14":"instock","15":"taxable","16":"shipping-taxable","17":"purchasable","18":"product-type-simple"},"_links":{"self":[{"href":"http:\/\/www.erun-tech.com\/vi\/wp-json\/wp\/v2\/product\/14486","targetHints":{"allow":["GET"]}}],"collection":[{"href":"http:\/\/www.erun-tech.com\/vi\/wp-json\/wp\/v2\/product"}],"about":[{"href":"http:\/\/www.erun-tech.com\/vi\/wp-json\/wp\/v2\/types\/product"}],"replies":[{"embeddable":true,"href":"http:\/\/www.erun-tech.com\/vi\/wp-json\/wp\/v2\/comments?post=14486"}],"wp:featuredmedia":[{"embeddable":true,"href":"http:\/\/www.erun-tech.com\/vi\/wp-json\/wp\/v2\/media\/14409"}],"wp:attachment":[{"href":"http:\/\/www.erun-tech.com\/vi\/wp-json\/wp\/v2\/media?parent=14486"}],"wp:term":[{"taxonomy":"product_brand","embeddable":true,"href":"http:\/\/www.erun-tech.com\/vi\/wp-json\/wp\/v2\/product_brand?post=14486"},{"taxonomy":"product_cat","embeddable":true,"href":"http:\/\/www.erun-tech.com\/vi\/wp-json\/wp\/v2\/product_cat?post=14486"},{"taxonomy":"product_tag","embeddable":true,"href":"http:\/\/www.erun-tech.com\/vi\/wp-json\/wp\/v2\/product_tag?post=14486"}],"curies":[{"name":"wp","href":"https:\/\/api.w.org\/{rel}","templated":true}]}}