{"id":14564,"date":"2022-07-26T12:44:40","date_gmt":"2022-07-26T04:44:40","guid":{"rendered":"http:\/\/www.erun-tech.com\/?post_type=product&#038;p=14564"},"modified":"2026-03-30T19:44:42","modified_gmt":"2026-03-30T11:44:42","slug":"zhishengjimonixunlianqi","status":"publish","type":"product","link":"http:\/\/www.erun-tech.com\/vi\/product\/zhishengjimonixunlianqi","title":{"rendered":"M\u00e1y bay tr\u1ef1c th\u0103ng m\u00f4 ph\u1ecfng"},"content":{"rendered":"<p style=\"text-align: center;\">M\u00e1y bay tr\u1ef1c th\u0103ng m\u00f4 ph\u1ecfng<\/p>\n<p><b>Y\u00eau c\u1ea7u \u0111\u1ed1i v\u1edbi nh\u00e2n vi\u00ean v\u1eadn h\u00e0nh tr\u00ean b\u1edd c\u1ee7a m\u00e1y m\u00f4 ph\u1ecfng tr\u1ef1c th\u0103ng <\/b><\/p>\n<p>Nh\u00e2n vi\u00ean v\u1eadn h\u00e0nh tr\u00ean b\u1edd c\u1ee7a m\u00e1y m\u00f4 ph\u1ecfng ph\u1ea3i \u0111\u01b0\u1ee3c \u0111\u00e0o t\u1ea1o, bao g\u1ed3m \u0111\u00e0o t\u1ea1o v\u1eadn h\u00e0nh m\u00e1y m\u00f4 ph\u1ecfng, \u0111\u00e0o t\u1ea1o v\u1eadn h\u00e0nh c\u1ea7n c\u1ea9u, \u0111\u00e0o t\u1ea1o v\u1eadn h\u00e0nh m\u00e1y n\u00e9n kh\u00ed v\u00e0 \u0111\u00e0o t\u1ea1o v\u1eadn h\u00e0nh ngu\u1ed3n \u0111i\u1ec7n d\u1ef1 ph\u00f2ng. Vi\u1ec7c v\u1eadn h\u00e0nh c\u00e1c thi\u1ebft b\u1ecb \u0111\u00e0o t\u1ea1o ph\u1ea3i do nh\u00e2n vi\u00ean v\u1eadn h\u00e0nh \u0111\u01b0\u1ee3c ch\u1ec9 \u0111\u1ecbnh th\u1ef1c hi\u1ec7n, \u0111\u1ed3ng th\u1eddi ph\u1ea3i thi\u1ebft l\u1eadp khu v\u1ef1c v\u1eadn h\u00e0nh an to\u00e0n \u00edt nh\u1ea5t 2 m\u00e9t v\u00e0 \u0111\u00e1nh d\u1ea5u b\u1eb1ng s\u01a1n m\u00e0u s\u00e1ng tr\u00ean m\u1eb7t \u0111\u1ea5t. Kh\u00f4ng \u0111\u01b0\u1ee3c c\u00f3 ng\u01b0\u1eddi ho\u1eb7c v\u1eadt c\u1ea3n trong khu v\u1ef1c v\u1eadn h\u00e0nh an to\u00e0n v\u00e0o b\u1ea5t k\u1ef3 th\u1eddi \u0111i\u1ec3m n\u00e0o. \u0110\u1ed3ng th\u1eddi, c\u00e1c thao t\u00e1c v\u1eadn h\u00e0nh v\u00e0 ki\u1ec3m tra ph\u1ea3i tu\u00e2n th\u1ee7 nghi\u00eam ng\u1eb7t c\u00e1c y\u00eau c\u1ea7u trong h\u01b0\u1edbng d\u1eabn s\u1eed d\u1ee5ng c\u1ee7a t\u1eebng thi\u1ebft b\u1ecb.<\/p>\n<p><b>M\u00e1y bay tr\u1ef1c th\u0103ng m\u00f4 ph\u1ecfng<\/b><strong>M\u1ee5c ti\u00eau \u0111\u00e0o t\u1ea1o<\/strong><\/p>\n<p>1. T\u1ed5ng quan v\u1ec1 m\u00e1y bay tr\u1ef1c th\u0103ng v\u00e0 thi\u1ebft b\u1ecb an to\u00e0n tr\u00ean m\u00e1y bay<br \/>\n2. Ph\u01b0\u01a1ng ph\u00e1p c\u1ee9u h\u1ed9 tr\u00ean bi\u1ec3n b\u1eb1ng tr\u1ef1c th\u0103ng<br \/>\n3. Nh\u1eefng \u0111i\u1ec1u c\u1ea7n l\u01b0u \u00fd tr\u01b0\u1edbc khi l\u00ean m\u00e1y bay tr\u1ef1c th\u0103ng, trong qu\u00e1 tr\u00ecnh bay v\u00e0 sau khi xu\u1ed1ng m\u00e1y bay<br \/>\n4. M\u00e1y bay tr\u1ef1c th\u0103ng h\u1ea1 c\u00e1nh kh\u1ea9n c\u1ea5p, tho\u00e1t hi\u1ec3m d\u01b0\u1edbi n\u01b0\u1edbc<\/p>\n<p>\u4e00\uff09<b>Ki\u1ebfn th\u1ee9c l\u00fd thuy\u1ebft<\/b><\/p>\n<p>1. Hi\u1ec3u bi\u1ebft v\u1ec1 \u1ee9ng d\u1ee5ng c\u1ee7a m\u00e1y bay tr\u1ef1c th\u0103ng trong ho\u1ea1t \u0111\u1ed9ng s\u1ea3n xu\u1ea5t t\u1ea1i c\u00e1c c\u01a1 s\u1edf tr\u00ean bi\u1ec3n<br \/>\n2. Hi\u1ec3u r\u00f5 c\u00e1c \u0111\u1eb7c \u0111i\u1ec3m c\u1ea5u tr\u00fac c\u1ee7a m\u00e1y bay tr\u1ef1c th\u0103ng v\u00e0 c\u00e1c thi\u1ebft b\u1ecb an to\u00e0n tr\u00ean m\u00e1y bay.<br \/>\n3. Quen thu\u1ed9c v\u1edbi thi\u1ebft b\u1ecb c\u1ee9u h\u1ed9 tr\u00ean bi\u1ec3n b\u1eb1ng tr\u1ef1c th\u0103ng<\/p>\n<p>4. N\u1eafm v\u1eefng c\u00e1c h\u00e0nh \u0111\u1ed9ng \u0111\u00fang \u0111\u1eafn c\u1ee7a ng\u01b0\u1eddi g\u1eb7p n\u1ea1n khi \u0111\u01b0\u1ee3c c\u1ee9u h\u1ed9 b\u1eb1ng tr\u1ef1c th\u0103ng tr\u00ean bi\u1ec3n.<br \/>\n5. N\u1eafm v\u1eefng ph\u01b0\u01a1ng ph\u00e1p v\u00e0 nh\u1eefng \u0111i\u1ec1u c\u1ea7n l\u01b0u \u00fd khi l\u00ean m\u00e1y bay tr\u1ef1c th\u0103ng<br \/>\n6. N\u1eafm v\u1eefng ph\u01b0\u01a1ng ph\u00e1p tho\u00e1t hi\u1ec3m d\u01b0\u1edbi n\u01b0\u1edbc b\u1eb1ng tr\u1ef1c th\u0103ng, c\u00f3 th\u1ec3 t\u1ed5 ch\u1ee9c th\u1ea3o lu\u1eadn cho h\u1ecdc vi\u00ean v\u00e0 ph\u00e2n t\u00edch tr\u01b0\u1eddng h\u1ee3p.<\/p>\n<p>\u4e8c\uff09<strong>K\u1ef9 n\u0103ng th\u1ef1c h\u00e0nh<\/strong><\/p>\n<p>1. Hu\u1ea5n luy\u1ec7n n\u00edn th\u1edf v\u00e0 l\u1eb7n n\u00edn th\u1edf<br \/>\n2. Hu\u1ea5n luy\u1ec7n tho\u00e1t hi\u1ec3m trong tr\u01b0\u1eddng h\u1ee3p h\u1ea1 c\u00e1nh kh\u1ea9n c\u1ea5p<br \/>\n3. Kh\u1ea9n c\u1ea5p h\u1ea1 c\u00e1nh xu\u1ed1ng m\u1eb7t n\u01b0\u1edbc bi\u1ec3n \u0111\u1ec3 th\u1ef1c h\u00e0nh tho\u00e1t hi\u1ec3m<br \/>\n4. Hu\u1ea5n luy\u1ec7n tho\u00e1t hi\u1ec3m d\u01b0\u1edbi n\u01b0\u1edbc sau khi m\u00e1y bay tr\u1ef1c th\u0103ng b\u1ecb l\u1eadt<br \/>\n5. N\u00e2ng t\u1eeb n\u01b0\u1edbc l\u00ean khoang m\u00f4 ph\u1ecfng m\u00e1y bay tr\u1ef1c th\u0103ng<\/p>\n<p><strong>(3) Ti\u00eau chu\u1ea9n \u0111\u00e1nh gi\u00e1<\/strong><\/p>\n<p>1. Theo quy tr\u00ecnh l\u00ean m\u00e1y bay tr\u1ef1c th\u0103ng v\u00e0 \u0111\u1ea3m b\u1ea3o tu\u00e2n th\u1ee7 c\u00e1c y\u00eau c\u1ea7u an to\u00e0n trong su\u1ed1t th\u1eddi gian bay.<\/p>\n<p>2. Trong qu\u00e1 tr\u00ecnh h\u1ea1 c\u00e1nh kh\u1ea9n c\u1ea5p, h\u1ea1 c\u00e1nh xu\u1ed1ng m\u1eb7t n\u01b0\u1edbc bi\u1ec3n, m\u00e1y bay tr\u1ef1c th\u0103ng b\u1ecb l\u1eadt, v.v., tho\u00e1t hi\u1ec3m an to\u00e0n.<\/p>\n<p>&nbsp;<\/p>\n<p><strong>C\u00e1c ch\u1ee9c n\u0103ng k\u1ef9 thu\u1eadt v\u00e0 d\u1ecbch v\u1ee5 c\u1ee7a thi\u1ebft b\u1ecb m\u00f4 ph\u1ecfng tho\u00e1t hi\u1ec3m d\u01b0\u1edbi n\u01b0\u1edbc b\u1eb1ng tr\u1ef1c th\u0103ng bao g\u1ed3m:<\/strong>\uff1a<\/p>\n<p>1. C\u1ea5u tr\u00fac ch\u1ed1ng \u0103n m\u00f2n b\u1eb1ng th\u00e9p kh\u00f4ng g\u1ec9 v\u00e0 v\u1eadt li\u1ec7u t\u1ed5ng h\u1ee3p;<\/p>\n<ol start=\"2\">\n<li>7 gh\u1ebf m\u00f4 ph\u1ecfng tr\u1ef1c th\u0103ng c\u00f3 t\u1ef1a l\u01b0ng cao;<\/li>\n<\/ol>\n<p>3.7 D\u00e2y an to\u00e0n 4 \u0111i\u1ec3m, c\u00f3 ch\u1ee9c n\u0103ng gi\u1ea3i ph\u00f3ng kh\u1ea9n c\u1ea5p<\/p>\n<p>4.7 c\u1eeda s\u1ed5 m\u00f4 ph\u1ecfng tr\u1ef1c th\u0103ng, c\u00f3 ch\u1ee9c n\u0103ng m\u1edf c\u1eeda kh\u1ea9n c\u1ea5p;<\/p>\n<p>5.1 C\u1eeda m\u00f4 ph\u1ecfng tr\u1ef1c th\u0103ng, c\u00f3 ch\u1ee9c n\u0103ng m\u1edf c\u1eeda b\u1eb1ng tay;<\/p>\n<p>6.1 xe k\u00e9o m\u00f4 ph\u1ecfng;<\/p>\n<p>7. M\u00e1y m\u00f4 ph\u1ecfng c\u00f3 kh\u1ea3 n\u0103ng l\u1eadt 180 \u0111\u1ed9 d\u01b0\u1edbi n\u01b0\u1edbc, c\u00f3 th\u1ec3 \u0111i\u1ec1u khi\u1ec3n g\u00f3c d\u1eebng l\u1eadt:<\/p>\n<p>8. M\u00e1y m\u00f4 ph\u1ecfng c\u00f3 ch\u1ee9c n\u0103ng n\u00e2ng v\u00e0 h\u1ea1, v\u1edbi hai ch\u1ebf \u0111\u1ed9 \u0111i\u1ec1u khi\u1ec3n: \u0111i\u1ec1u khi\u1ec3n t\u1ea1i ch\u1ed7 v\u00e0 \u0111i\u1ec1u khi\u1ec3n t\u1eeb xa.<\/p>\n<p>9.1 B\u1ed9 c\u1ea7n c\u1ea9u quay to\u00e0n ph\u1ea7n, c\u00e1c b\u1ed9 ph\u1eadn ch\u00ednh nh\u01b0 \u0111\u1ed9ng c\u01a1 \u0111\u1ec1u l\u00e0 th\u01b0\u01a1ng hi\u1ec7u h\u00e0ng \u0111\u1ea7u.<\/p>\n<ol start=\"10\">\n<li>1 m\u00e1y n\u00e9n kh\u00ed, th\u01b0\u01a1ng hi\u1ec7u h\u00e0ng \u0111\u1ea7u:<\/li>\n<li>1 b\u1ed9 ngu\u1ed3n d\u1ef1 ph\u00f2ng, th\u01b0\u01a1ng hi\u1ec7u h\u00e0ng \u0111\u1ea7u;<\/li>\n<\/ol>\n<p>12.1 Gi\u1ea5y ch\u1ee9ng nh\u1eadn ki\u1ec3m tra do C\u1ee5c \u0110\u0103ng ki\u1ec3m Trung Qu\u1ed1c c\u1ea5p;<\/p>\n<ol start=\"13\">\n<li>1 b\u1ed9 t\u00e0i li\u1ec7u ho\u00e0n th\u00e0nh, bao g\u1ed3m h\u01b0\u1edbng d\u1eabn s\u1eed d\u1ee5ng, b\u1ea3o tr\u00ec, b\u1ea3o d\u01b0\u1ee1ng, v.v.<\/li>\n<li>Gi\u00e1 tr\u00ean \u0111\u00e3 bao g\u1ed3m thu\u1ebf, bao g\u1ed3m ph\u00ed v\u1eadn chuy\u1ec3n, b\u1ea3o hi\u1ec3m v\u00e0 chi ph\u00ed l\u1eafp \u0111\u1eb7t, \u0111i\u1ec1u ch\u1ec9nh.<\/li>\n<li>S\u1ea3n ph\u1ea9m \u0111\u01b0\u1ee3c b\u1ea3o h\u00e0nh m\u1ed9t n\u0103m.<\/li>\n<\/ol>\n<p>&nbsp;<\/p>\n<p>T\u1ed5ng c\u00f4ng su\u1ea5t: 15KW<\/p>\n<p>&nbsp;<\/p>\n<p>K\u00edch th\u01b0\u1edbc bu\u1ed3ng m\u00f4 ph\u1ecfng: 3,7 m\u00e9t \u00d7 2,6 m\u00e9t \u00d7 2,4 m\u00e9t<\/p>\n<p>&nbsp;<\/p>\n<p>K\u00edch th\u01b0\u1edbc \u0111\u1ebf c\u1ea7n tr\u1ee5c: 1,5 m\u00e9t * 1,5 m\u00e9t<\/p>\n<p>&nbsp;<\/p>\n<p>Nh\u00e0 s\u1ea3n xu\u1ea5t: C\u00f4ng ty TNHH C\u00f4ng ngh\u1ec7 Yirun V\u0169 H\u00e1n<\/p>","protected":false},"excerpt":{"rendered":"<p>\u76f4\u5347\u673a\u6a21\u62df\u8bad\u7ec3\u5668 \u76f4\u5347\u673a\u6a21\u62df\u8bad\u7ec3\u5668\u5cb8\u4e0a\u64cd\u4f5c\u4eba\u5458\u8981\u6c42 \u6a21\u62df\u5668\u5cb8\u4e0a\u64cd\u4f5c\u4eba\u5458\u5fc5\u987b\u7ecf\u8fc7\u57f9\u8bad\uff0c\u4e3b\u8981\u5305\u62ec\u6a21\u62df\u5668\u64cd\u4f5c\u57f9\u8bad\u3001\u540a&hellip;<\/p>","protected":false},"featured_media":14565,"comment_status":"open","ping_status":"closed","template":"","meta":[],"product_brand":[],"product_cat":[322,320,15],"product_tag":[229,228],"class_list":{"0":"post-14564","1":"product","2":"type-product","3":"status-publish","4":"has-post-thumbnail","6":"product_cat-haishangjiaotonganquanjinengpeixun","7":"product_cat-zhishengjishuixiataoshengmoniqi","8":"product_cat-xinchanpin","9":"product_tag-zhishengjimonixunlianqi","10":"product_tag-zhishengjishuixiataoshengpeixunmoniqi","11":"description-off","13":"first","14":"instock","15":"taxable","16":"shipping-taxable","17":"product-type-simple"},"_links":{"self":[{"href":"http:\/\/www.erun-tech.com\/vi\/wp-json\/wp\/v2\/product\/14564","targetHints":{"allow":["GET"]}}],"collection":[{"href":"http:\/\/www.erun-tech.com\/vi\/wp-json\/wp\/v2\/product"}],"about":[{"href":"http:\/\/www.erun-tech.com\/vi\/wp-json\/wp\/v2\/types\/product"}],"replies":[{"embeddable":true,"href":"http:\/\/www.erun-tech.com\/vi\/wp-json\/wp\/v2\/comments?post=14564"}],"wp:featuredmedia":[{"embeddable":true,"href":"http:\/\/www.erun-tech.com\/vi\/wp-json\/wp\/v2\/media\/14565"}],"wp:attachment":[{"href":"http:\/\/www.erun-tech.com\/vi\/wp-json\/wp\/v2\/media?parent=14564"}],"wp:term":[{"taxonomy":"product_brand","embeddable":true,"href":"http:\/\/www.erun-tech.com\/vi\/wp-json\/wp\/v2\/product_brand?post=14564"},{"taxonomy":"product_cat","embeddable":true,"href":"http:\/\/www.erun-tech.com\/vi\/wp-json\/wp\/v2\/product_cat?post=14564"},{"taxonomy":"product_tag","embeddable":true,"href":"http:\/\/www.erun-tech.com\/vi\/wp-json\/wp\/v2\/product_tag?post=14564"}],"curies":[{"name":"wp","href":"https:\/\/api.w.org\/{rel}","templated":true}]}}