{"id":14670,"date":"2024-03-22T13:26:11","date_gmt":"2024-03-22T05:26:11","guid":{"rendered":"http:\/\/www.erun-tech.com\/?post_type=product&#038;p=14670"},"modified":"2024-04-08T08:54:49","modified_gmt":"2024-04-08T00:54:49","slug":"sanguliugubaguchajiexunlianyonghuaxianlanshengjiaoju","status":"publish","type":"product","link":"http:\/\/www.erun-tech.com\/vi\/product\/sanguliugubaguchajiexunlianyonghuaxianlanshengjiaoju","title":{"rendered":"D\u00e2y c\u00e1p s\u1ee3i t\u1ed5ng h\u1ee3p d\u00f9ng cho hu\u1ea5n luy\u1ec7n c\u1eafm ba, s\u00e1u, t\u00e1m s\u1ee3i"},"content":{"rendered":"<div><strong>C\u01a1 s\u1edf ph\u00e1p l\u00fd: \"Quy \u0111\u1ecbnh v\u1ec1 qu\u1ea3n l\u00fd \u0111\u00e0o t\u1ea1o thuy\u1ec1n vi\u00ean c\u1ee7a C\u1ed9ng h\u00f2a Nh\u00e2n d\u00e2n Trung Hoa\" (Ngh\u1ecb \u0111\u1ecbnh s\u1ed1 5 n\u0103m 2019 c\u1ee7a B\u1ed9 Giao th\u00f4ng V\u1eadn t\u1ea3i)<\/strong><\/div>\n<div><strong>S\u1ea3n ph\u1ea9m ph\u00e2n lo\u1ea1i: Th\u1ee7y th\u1ee7 tr\u1ef1c ca<br \/>\n<\/strong><\/div>\n<div><strong>T\u00ean s\u1ea3n ph\u1ea9m: D\u00e2y c\u00e1p s\u1ee3i t\u1ed5ng h\u1ee3p d\u00f9ng cho hu\u1ea5n luy\u1ec7n n\u1ed1i d\u00e2y ba s\u1ee3i, s\u00e1u s\u1ee3i, t\u00e1m s\u1ee3i<\/strong><\/div>\n<div><strong>Y\u00eau c\u1ea7u ch\u1ee9c n\u0103ng: \u0110\u00e1p \u1ee9ng y\u00eau c\u1ea7u c\u1ee7a ch\u01b0\u01a1ng tr\u00ecnh \u0111\u00e0o t\u1ea1o.<\/strong><\/div>\n<div><strong>S\u1ed1 l\u01b0\u1ee3ng quy \u0111\u1ecbnh: 42 c\u00e2y<\/strong><\/div>\n<div><\/div>\n<div>\n<p>D\u00e2y th\u1eebng ba s\u1ee3i: \u0110\u01b0\u1eddng k\u00ednh 20mm-22mm, chi\u1ec1u d\u00e0i 1,5m; D\u00e2y th\u1eebng s\u00e1u s\u1ee3i: 6 s\u1ee3i + 1 l\u00f5i (d\u00e2y th\u1eebng s\u1ee3i xo\u1eafn).<\/p>\n<\/div>","protected":false},"excerpt":{"rendered":"<p>\u6cd5\u5f8b\u4f9d\u636e\uff1a\u300a\u4e2d\u534e\u4eba\u6c11\u5171\u548c\u56fd\u8239\u5458\u57f9\u8bad\u7ba1\u7406\u89c4\u5219\u300b\uff08\u4ea4\u901a\u8fd0\u8f93\u90e8\u4ee4 2019 \u5e74\u7b2c 5 \u53f7\uff09 \u4ea7\u54c1\u5206\u7c7b\uff1a\u503c\u73ed\u6c34\u624b \u4ea7\u54c1&hellip;<\/p>","protected":false},"featured_media":14671,"comment_status":"open","ping_status":"closed","template":"","meta":[],"product_brand":[],"product_cat":[492,40],"product_tag":[325,326,334],"class_list":{"0":"post-14670","1":"product","2":"type-product","3":"status-publish","4":"has-post-thumbnail","6":"product_cat-shuishoujigongpeixun","7":"product_cat-shuishougongyishixunshi","8":"product_tag-zhibanshuishou","9":"product_tag-shuishougongyishixunqicai","10":"product_tag-shuishougongyishixunqicaichangjia","11":"description-off","13":"first","14":"instock","15":"taxable","16":"shipping-taxable","17":"purchasable","18":"product-type-simple"},"_links":{"self":[{"href":"http:\/\/www.erun-tech.com\/vi\/wp-json\/wp\/v2\/product\/14670","targetHints":{"allow":["GET"]}}],"collection":[{"href":"http:\/\/www.erun-tech.com\/vi\/wp-json\/wp\/v2\/product"}],"about":[{"href":"http:\/\/www.erun-tech.com\/vi\/wp-json\/wp\/v2\/types\/product"}],"replies":[{"embeddable":true,"href":"http:\/\/www.erun-tech.com\/vi\/wp-json\/wp\/v2\/comments?post=14670"}],"wp:featuredmedia":[{"embeddable":true,"href":"http:\/\/www.erun-tech.com\/vi\/wp-json\/wp\/v2\/media\/14671"}],"wp:attachment":[{"href":"http:\/\/www.erun-tech.com\/vi\/wp-json\/wp\/v2\/media?parent=14670"}],"wp:term":[{"taxonomy":"product_brand","embeddable":true,"href":"http:\/\/www.erun-tech.com\/vi\/wp-json\/wp\/v2\/product_brand?post=14670"},{"taxonomy":"product_cat","embeddable":true,"href":"http:\/\/www.erun-tech.com\/vi\/wp-json\/wp\/v2\/product_cat?post=14670"},{"taxonomy":"product_tag","embeddable":true,"href":"http:\/\/www.erun-tech.com\/vi\/wp-json\/wp\/v2\/product_tag?post=14670"}],"curies":[{"name":"wp","href":"https:\/\/api.w.org\/{rel}","templated":true}]}}