{"id":14698,"date":"2024-03-22T14:50:57","date_gmt":"2024-03-22T06:50:57","guid":{"rendered":"http:\/\/www.erun-tech.com\/?post_type=product&#038;p=14698"},"modified":"2024-04-08T08:54:47","modified_gmt":"2024-04-08T00:54:47","slug":"shuangrenjiabanzhuanyonghuachezhuanyongjiabanshengsuoanquanshenganquandaigongzuoruanti","status":"publish","type":"product","link":"http:\/\/www.erun-tech.com\/vi\/product\/shuangrenjiabanzhuanyonghuachezhuanyongjiabanshengsuoanquanshenganquandaigongzuoruanti","title":{"rendered":"Gi\u00e0n \u0111\u1ee1 \u0111\u00f4i, xe tr\u01b0\u1ee3t chuy\u00ean d\u1ee5ng, d\u00e2y gi\u00e0n \u0111\u1ee1 chuy\u00ean d\u1ee5ng, d\u00e2y an to\u00e0n, d\u00e2y \u0111ai an to\u00e0n, thang l\u00e0m vi\u1ec7c m\u1ec1m"},"content":{"rendered":"<h2 style=\"text-align: center;\">Gi\u00e0n \u0111\u1ee1 \u0111\u00f4i, xe tr\u01b0\u1ee3t chuy\u00ean d\u1ee5ng, d\u00e2y gi\u00e0n \u0111\u1ee1 chuy\u00ean d\u1ee5ng, d\u00e2y an to\u00e0n, d\u00e2y \u0111ai an to\u00e0n, thang l\u00e0m vi\u1ec7c m\u1ec1m<\/h2>\n<p>&nbsp;<\/p>\n<div><strong>C\u01a1 s\u1edf ph\u00e1p l\u00fd: \"Quy \u0111\u1ecbnh v\u1ec1 qu\u1ea3n l\u00fd \u0111\u00e0o t\u1ea1o thuy\u1ec1n vi\u00ean c\u1ee7a C\u1ed9ng h\u00f2a Nh\u00e2n d\u00e2n Trung Hoa\" (Ngh\u1ecb \u0111\u1ecbnh s\u1ed1 5 n\u0103m 2019 c\u1ee7a B\u1ed9 Giao th\u00f4ng V\u1eadn t\u1ea3i)<\/strong><\/div>\n<div><strong>S\u1ea3n ph\u1ea9m ph\u00e2n lo\u1ea1i: Th\u1ee7y th\u1ee7 tr\u1ef1c ca<br \/>\n<\/strong><\/div>\n<div><strong>\u4ea7\u54c1\u540d\u79f0\uff1a\u53cc\u4eba\u67b6\u677f\u3001\u4e13\u7528\u6ed1\u8f66\u3001\u4e13\u7528\u67b6\u677f\u7ef3\u7d22\u3001\u5b89\u5168\u7ef3\u3001\u5b89\u5168\u5e26\u3001\u5de5\u4f5c\u8f6f\u68af<\/strong><\/div>\n<div><strong>Y\u00eau c\u1ea7u ch\u1ee9c n\u0103ng: \u0110\u00e1p \u1ee9ng y\u00eau c\u1ea7u c\u1ee7a ch\u01b0\u01a1ng tr\u00ecnh \u0111\u00e0o t\u1ea1o.<\/strong><\/div>\n<div><strong>S\u1ed1 l\u01b0\u1ee3ng quy \u0111\u1ecbnh: 2 b\u1ed9<\/strong><\/div>\n<div><\/div>\n<div><\/div>","protected":false},"excerpt":{"rendered":"<p>\u53cc\u4eba\u67b6\u677f\u3001\u4e13\u7528\u6ed1\u8f66\u3001\u4e13\u7528\u67b6\u677f\u7ef3\u7d22\u3001\u5b89\u5168\u7ef3\u3001\u5b89\u5168\u5e26\u3001\u5de5\u4f5c\u8f6f\u68af &nbsp; \u6cd5\u5f8b\u4f9d\u636e\uff1a\u300a\u4e2d\u534e\u4eba\u6c11\u5171\u548c\u56fd\u8239\u5458\u57f9\u8bad\u7ba1&hellip;<\/p>","protected":false},"featured_media":14505,"comment_status":"open","ping_status":"closed","template":"","meta":[],"product_brand":[],"product_cat":[492,40],"product_tag":[325,331,326],"class_list":{"0":"post-14698","1":"product","2":"type-product","3":"status-publish","4":"has-post-thumbnail","6":"product_cat-shuishoujigongpeixun","7":"product_cat-shuishougongyishixunshi","8":"product_tag-zhibanshuishou","9":"product_tag-shuishougongyi20geshengjie","10":"product_tag-shuishougongyishixunqicai","11":"description-off","13":"first","14":"instock","15":"taxable","16":"shipping-taxable","17":"purchasable","18":"product-type-simple"},"_links":{"self":[{"href":"http:\/\/www.erun-tech.com\/vi\/wp-json\/wp\/v2\/product\/14698","targetHints":{"allow":["GET"]}}],"collection":[{"href":"http:\/\/www.erun-tech.com\/vi\/wp-json\/wp\/v2\/product"}],"about":[{"href":"http:\/\/www.erun-tech.com\/vi\/wp-json\/wp\/v2\/types\/product"}],"replies":[{"embeddable":true,"href":"http:\/\/www.erun-tech.com\/vi\/wp-json\/wp\/v2\/comments?post=14698"}],"wp:featuredmedia":[{"embeddable":true,"href":"http:\/\/www.erun-tech.com\/vi\/wp-json\/wp\/v2\/media\/14505"}],"wp:attachment":[{"href":"http:\/\/www.erun-tech.com\/vi\/wp-json\/wp\/v2\/media?parent=14698"}],"wp:term":[{"taxonomy":"product_brand","embeddable":true,"href":"http:\/\/www.erun-tech.com\/vi\/wp-json\/wp\/v2\/product_brand?post=14698"},{"taxonomy":"product_cat","embeddable":true,"href":"http:\/\/www.erun-tech.com\/vi\/wp-json\/wp\/v2\/product_cat?post=14698"},{"taxonomy":"product_tag","embeddable":true,"href":"http:\/\/www.erun-tech.com\/vi\/wp-json\/wp\/v2\/product_tag?post=14698"}],"curies":[{"name":"wp","href":"https:\/\/api.w.org\/{rel}","templated":true}]}}