{"id":14724,"date":"2024-03-25T14:32:24","date_gmt":"2024-03-25T06:32:24","guid":{"rendered":"http:\/\/www.erun-tech.com\/?post_type=product&#038;p=14724"},"modified":"2024-04-08T08:54:46","modified_gmt":"2024-04-08T00:54:46","slug":"xinhaohaodenghaoxingxunlianshi","status":"publish","type":"product","link":"http:\/\/www.erun-tech.com\/vi\/product\/xinhaohaodenghaoxingxunlianshi","title":{"rendered":"Ph\u00f2ng hu\u1ea5n luy\u1ec7n t\u00edn hi\u1ec7u, \u0111\u00e8n t\u00edn hi\u1ec7u"},"content":{"rendered":"<h2><\/h2>\n<h2 style=\"text-align: center;\">Ph\u00f2ng hu\u1ea5n luy\u1ec7n t\u00edn hi\u1ec7u, \u0111\u00e8n t\u00edn hi\u1ec7u<\/h2>\n<p>&nbsp;<\/p>\n<div><strong>C\u01a1 s\u1edf ph\u00e1p l\u00fd: \"Quy \u0111\u1ecbnh v\u1ec1 qu\u1ea3n l\u00fd \u0111\u00e0o t\u1ea1o thuy\u1ec1n vi\u00ean c\u1ee7a C\u1ed9ng h\u00f2a Nh\u00e2n d\u00e2n Trung Hoa\" (Ngh\u1ecb \u0111\u1ecbnh s\u1ed1 5 n\u0103m 2019 c\u1ee7a B\u1ed9 Giao th\u00f4ng V\u1eadn t\u1ea3i)<\/strong><\/div>\n<div><strong>S\u1ea3n ph\u1ea9m ph\u00e2n lo\u1ea1i: Th\u1ee7y th\u1ee7 tr\u1ef1c ca<br \/>\n<\/strong><\/div>\n<div><strong>T\u00ean s\u1ea3n ph\u1ea9m: Ph\u00f2ng hu\u1ea5n luy\u1ec7n t\u00edn hi\u1ec7u, \u0111\u00e8n t\u00edn hi\u1ec7u<\/strong><\/div>\n<div><strong>Y\u00eau c\u1ea7u ch\u1ee9c n\u0103ng: \u0110\u00e1p \u1ee9ng y\u00eau c\u1ea7u c\u1ee7a ch\u01b0\u01a1ng tr\u00ecnh \u0111\u00e0o t\u1ea1o.<\/strong><\/div>\n<div><strong>S\u1ed1 l\u01b0\u1ee3ng quy \u0111\u1ecbnh: 1 b\u1ed9<\/strong><\/div>\n<div><\/div>\n<div>\u00cdt nh\u1ea5t bao g\u1ed3m;<\/div>\n<p>(1) 40 l\u00e1 c\u1edd t\u00edn hi\u1ec7u qu\u1ed1c t\u1ebf, 1 b\u1ed9 d\u1ee5ng c\u1ee5 gi\u1ea3ng d\u1ea1y \u0111\u1ec3 th\u1ef1c h\u00e0nh treo c\u1edd.<\/p>\n<p>(2) Hai m\u00f4 h\u00ecnh t\u00e0u c\u00f3 kh\u1ea3 n\u0103ng hi\u1ec3n th\u1ecb \u0111\u1ea7y \u0111\u1ee7 c\u00e1c lo\u1ea1i \u0111\u00e8n t\u00edn hi\u1ec7u s\u1ed1 hi\u1ec7u t\u00e0u.<\/p>\n<p>(3) 2 chi\u1ebfc la b\u00e0n t\u1eeb t\u00ednh<\/p>\n<p>(4) 20 l\u00e1 c\u1edd qu\u1ed1c gia th\u01b0\u1eddng th\u1ea5y trong h\u00e0ng h\u1ea3i<\/p>\n<p>(5) C\u00f3 s\u1eb5n 1 b\u1ed9 m\u00f4 h\u00ecnh s\u1ed1 hi\u1ec7u th\u01b0\u1eddng d\u00f9ng tr\u00ean t\u00e0u bi\u1ec3n<\/p>","protected":false},"excerpt":{"rendered":"<p>\u4fe1\u53f7\u3001\u53f7\u706f\u53f7\u578b\u8bad\u7ec3\u5ba4 &nbsp; \u6cd5\u5f8b\u4f9d\u636e\uff1a\u300a\u4e2d\u534e\u4eba\u6c11\u5171\u548c\u56fd\u8239\u5458\u57f9\u8bad\u7ba1\u7406\u89c4\u5219\u300b\uff08\u4ea4\u901a\u8fd0\u8f93\u90e8\u4ee4 2019 \u5e74\u7b2c&hellip;<\/p>","protected":false},"featured_media":14725,"comment_status":"open","ping_status":"closed","template":"","meta":[],"product_brand":[],"product_cat":[492,40,322],"product_tag":[325,331,326,337,336],"class_list":{"0":"post-14724","1":"product","2":"type-product","3":"status-publish","4":"has-post-thumbnail","6":"product_cat-shuishoujigongpeixun","7":"product_cat-shuishougongyishixunshi","8":"product_cat-haishangjiaotonganquanjinengpeixun","9":"product_tag-zhibanshuishou","10":"product_tag-shuishougongyi20geshengjie","11":"product_tag-shuishougongyishixunqicai","12":"product_tag-chuanyuanpeixunneirong","13":"product_tag-chuanyuanpeixunshebei","14":"description-off","16":"first","17":"instock","18":"taxable","19":"shipping-taxable","20":"purchasable","21":"product-type-simple"},"_links":{"self":[{"href":"http:\/\/www.erun-tech.com\/vi\/wp-json\/wp\/v2\/product\/14724","targetHints":{"allow":["GET"]}}],"collection":[{"href":"http:\/\/www.erun-tech.com\/vi\/wp-json\/wp\/v2\/product"}],"about":[{"href":"http:\/\/www.erun-tech.com\/vi\/wp-json\/wp\/v2\/types\/product"}],"replies":[{"embeddable":true,"href":"http:\/\/www.erun-tech.com\/vi\/wp-json\/wp\/v2\/comments?post=14724"}],"wp:featuredmedia":[{"embeddable":true,"href":"http:\/\/www.erun-tech.com\/vi\/wp-json\/wp\/v2\/media\/14725"}],"wp:attachment":[{"href":"http:\/\/www.erun-tech.com\/vi\/wp-json\/wp\/v2\/media?parent=14724"}],"wp:term":[{"taxonomy":"product_brand","embeddable":true,"href":"http:\/\/www.erun-tech.com\/vi\/wp-json\/wp\/v2\/product_brand?post=14724"},{"taxonomy":"product_cat","embeddable":true,"href":"http:\/\/www.erun-tech.com\/vi\/wp-json\/wp\/v2\/product_cat?post=14724"},{"taxonomy":"product_tag","embeddable":true,"href":"http:\/\/www.erun-tech.com\/vi\/wp-json\/wp\/v2\/product_tag?post=14724"}],"curies":[{"name":"wp","href":"https:\/\/api.w.org\/{rel}","templated":true}]}}