{"id":14741,"date":"2024-03-25T15:01:33","date_gmt":"2024-03-25T07:01:33","guid":{"rendered":"http:\/\/www.erun-tech.com\/?post_type=product&#038;p=14741"},"modified":"2024-04-08T08:54:45","modified_gmt":"2024-04-08T00:54:45","slug":"imdgbiaoshitu","status":"publish","type":"product","link":"http:\/\/www.erun-tech.com\/vi\/product\/imdgbiaoshitu","title":{"rendered":"B\u1ea3ng ch\u1ec9 d\u1eabn IMDG"},"content":{"rendered":"<h2><\/h2>\n<h2 style=\"text-align: center;\">B\u1ea3ng ch\u1ec9 d\u1eabn IMDG<\/h2>\n<p>&nbsp;<\/p>\n<div><strong>C\u01a1 s\u1edf ph\u00e1p l\u00fd: \"Quy \u0111\u1ecbnh v\u1ec1 qu\u1ea3n l\u00fd \u0111\u00e0o t\u1ea1o thuy\u1ec1n vi\u00ean c\u1ee7a C\u1ed9ng h\u00f2a Nh\u00e2n d\u00e2n Trung Hoa\" (Ngh\u1ecb \u0111\u1ecbnh s\u1ed1 5 n\u0103m 2019 c\u1ee7a B\u1ed9 Giao th\u00f4ng V\u1eadn t\u1ea3i)<\/strong><\/div>\n<div><strong>S\u1ea3n ph\u1ea9m ph\u00e2n lo\u1ea1i: Th\u1ee7y th\u1ee7 tr\u1ef1c ca<br \/>\n<\/strong><\/div>\n<div><strong>T\u00ean s\u1ea3n ph\u1ea9m: Bi\u1ec3u \u0111\u1ed3 ch\u1ec9 d\u1eabn IMDG<\/strong><\/div>\n<div><strong>Y\u00eau c\u1ea7u ch\u1ee9c n\u0103ng: \u0110\u00e1p \u1ee9ng y\u00eau c\u1ea7u c\u1ee7a ch\u01b0\u01a1ng tr\u00ecnh \u0111\u00e0o t\u1ea1o.<\/strong><\/div>\n<div><strong>S\u1ed1 l\u01b0\u1ee3ng quy \u0111\u1ecbnh: 1 b\u1ea3n<\/strong><\/div>\n<div><\/div>\n<div>\n<div>I. \u0110\u00f3ng g\u00f3i h\u00e0ng h\u00f3a nguy hi\u1ec3m<\/div>\n<div>\u00a0 \u00a0 \u00a0 \u00a0Tr\u1eeb khi c\u00f3 quy \u0111\u1ecbnh kh\u00e1c trong \"M\u00e3 IMDG\" v\u00e0 \"Quy t\u1eafc v\u1eadn chuy\u1ec3n h\u00e0ng nguy hi\u1ec3m qu\u1ed1c t\u1ebf\", v\u1eadt li\u1ec7u, ki\u1ec3u d\u00e1ng, k\u00edch th\u01b0\u1edbc, ph\u01b0\u01a1ng ph\u00e1p \u0111\u00f3ng g\u00f3i v\u00e0 kh\u1ed1i l\u01b0\u1ee3ng (tr\u1ecdng l\u01b0\u1ee3ng) c\u1ee7a bao b\u00ec h\u00e0ng nguy hi\u1ec3m ph\u1ea3i ph\u00f9 h\u1ee3p v\u1edbi t\u00ednh ch\u1ea5t v\u00e0 m\u1ee5c \u0111\u00edch s\u1eed d\u1ee5ng c\u1ee7a h\u00e0ng nguy hi\u1ec3m \u0111\u01b0\u1ee3c \u0111\u00f3ng g\u00f3i, \u0111\u1ed3ng th\u1eddi thu\u1eadn ti\u1ec7n cho vi\u1ec7c b\u1ed1c d\u1ee1, v\u1eadn chuy\u1ec3n v\u00e0 l\u01b0u tr\u1eef. V\u1eadt li\u1ec7u \u0111\u00f3ng g\u00f3i v\u00e0 th\u00f9ng ch\u1ee9a h\u00e0ng h\u00f3a nguy hi\u1ec3m ph\u1ea3i \u0111\u01b0\u1ee3c s\u1ea3n xu\u1ea5t b\u1edfi c\u00e1c doanh nghi\u1ec7p s\u1ea3n xu\u1ea5t chuy\u00ean nghi\u1ec7p c\u00f3 ch\u1ee9ng ch\u1ec9 ch\u1ec9 \u0111\u1ecbnh. B\u1ea5t k\u1ef3 t\u1ed5 ch\u1ee9c ho\u1eb7c c\u00e1 nh\u00e2n n\u00e0o kh\u00f4ng c\u00f3 ch\u1ee9ng ch\u1ec9 ch\u1ec9 \u0111\u1ecbnh \u0111\u1ec1u kh\u00f4ng \u0111\u01b0\u1ee3c s\u1ea3n xu\u1ea5t v\u1eadt li\u1ec7u \u0111\u00f3ng g\u00f3i v\u00e0 th\u00f9ng ch\u1ee9a h\u00e0ng h\u00f3a nguy hi\u1ec3m. V\u1eadt li\u1ec7u \u0111\u00f3ng g\u00f3i v\u00e0 th\u00f9ng ch\u1ee9a ph\u1ea3i \u0111\u01b0\u1ee3c ki\u1ec3m tra v\u00e0 ch\u1ee9ng nh\u1eadn b\u1edfi c\u00e1c c\u01a1 quan ki\u1ec3m tra, ki\u1ec3m \u0111\u1ecbnh chuy\u00ean nghi\u1ec7p \u0111\u01b0\u1ee3c c\u00f4ng nh\u1eadn tr\u01b0\u1edbc khi \u0111\u01b0\u1ee3c s\u1eed d\u1ee5ng.<\/div>\n<div>II. Nh\u00e3n v\u00e0 nh\u00e3n m\u00e1c \u0111\u00f3ng g\u00f3i h\u00e0ng h\u00f3a nguy hi\u1ec3m<\/div>\n<div>\u00a0 \u00a0 \u00a0 \u00a0Tr\u1eeb khi c\u00f3 quy \u0111\u1ecbnh kh\u00e1c trong \"Imdg code\" (Quy t\u1eafc v\u1eadn chuy\u1ec3n h\u00e0ng nguy hi\u1ec3m qu\u1ed1c t\u1ebf b\u1eb1ng \u0111\u01b0\u1eddng bi\u1ec3n) v\u00e0 \"H\u01b0\u1edbng d\u1eabn v\u1eadn chuy\u1ec3n h\u00e0ng nguy hi\u1ec3m qu\u1ed1c t\u1ebf b\u1eb1ng \u0111\u01b0\u1eddng bi\u1ec3n\", ng\u01b0\u1eddi g\u1eedi h\u00e0ng ph\u1ea3i ghi r\u00f5 h\u00e0ng h\u00f3a l\u00e0 h\u00e0ng nguy hi\u1ec3m khi giao h\u00e0ng cho v\u1eadn chuy\u1ec3n b\u1eb1ng \u0111\u01b0\u1eddng bi\u1ec3n, \u0111\u1ec3 nh\u1eefng ng\u01b0\u1eddi tham gia v\u1eadn chuy\u1ec3n h\u00e0ng h\u00f3a \u0111\u00f3 b\u1eb1ng b\u1ea5t k\u1ef3 ph\u01b0\u01a1ng th\u1ee9c n\u00e0o c\u00f3 th\u1ec3 nh\u1eadn bi\u1ebft v\u00e0 th\u1ef1c hi\u1ec7n c\u00e1c bi\u1ec7n ph\u00e1p ph\u00f2ng ng\u1eeba c\u1ea7n thi\u1ebft.<\/div>\n<div>\n<div>Theo quy \u0111\u1ecbnh c\u1ee7a H\u01b0\u1edbng d\u1eabn v\u1eadn chuy\u1ec3n h\u00e0ng nguy hi\u1ec3m qu\u1ed1c t\u1ebf, tr\u00ean bao b\u00ec h\u00e0ng nguy hi\u1ec3m ph\u1ea3i c\u00f3 nh\u00e3n hi\u1ec7u ghi r\u00f5 t\u00ean v\u1eadn chuy\u1ec3n ch\u00ednh x\u00e1c c\u1ee7a h\u00e0ng h\u00f3a b\u00ean trong, k\u00e8m theo m\u00e3 s\u1ed1 t\u01b0\u01a1ng \u1ee9ng c\u1ee7a Li\u00ean H\u1ee3p Qu\u1ed1c b\u1eaft \u0111\u1ea7u b\u1eb1ng ch\u1eef \"un\". Nh\u00e3n hi\u1ec7u ho\u1eb7c d\u1ea5u hi\u1ec7u tr\u00ean bao b\u00ec ph\u1ea3i \u0111\u01b0\u1ee3c d\u00e1n ch\u00ednh x\u00e1c v\u00e0 c\u00f3 th\u1ec3 ph\u00e2n bi\u1ec7t r\u00f5 r\u00e0ng.<\/div>\n<div>\u00a0 \u00a0 \u00a0 \u00a0V\u1ec1 k\u00edch th\u01b0\u1edbc nh\u00e3n, tr\u1eeb tr\u01b0\u1eddng h\u1ee3p do h\u00ecnh th\u1ee9c v\u00e0 k\u00edch th\u01b0\u1edbc bao b\u00ec ch\u1ec9 cho ph\u00e9p d\u00e1n nh\u00e3n nh\u1ecf, nh\u00e3n tr\u00ean bao b\u00ec kh\u00f4ng \u0111\u01b0\u1ee3c nh\u1ecf h\u01a1n 100mm \u00d7 100mm. K\u00edch th\u01b0\u1edbc nh\u00e3n tr\u00ean container kh\u00f4ng \u0111\u01b0\u1ee3c nh\u1ecf h\u01a1n 250mm \u00d7 250mm (), ph\u1ea7n d\u01b0\u1edbi c\u1ee7a nh\u00e3n hi\u1ec3n th\u1ecb s\u1ed1 lo\u1ea1i, chi\u1ec1u cao ch\u1eef s\u1ed1 kh\u00f4ng \u0111\u01b0\u1ee3c nh\u1ecf h\u01a1n 25mm.<\/div>\n<\/div>\n<\/div>","protected":false},"excerpt":{"rendered":"<p>IMDG\u6807\u793a\u56fe &nbsp; \u6cd5\u5f8b\u4f9d\u636e\uff1a\u300a\u4e2d\u534e\u4eba\u6c11\u5171\u548c\u56fd\u8239\u5458\u57f9\u8bad\u7ba1\u7406\u89c4\u5219\u300b\uff08\u4ea4\u901a\u8fd0\u8f93\u90e8\u4ee4 2019 \u5e74\u7b2c 5 &hellip;<\/p>","protected":false},"featured_media":14742,"comment_status":"open","ping_status":"closed","template":"","meta":[],"product_brand":[],"product_cat":[492,40],"product_tag":[325,331,326,337,336],"class_list":{"0":"post-14741","1":"product","2":"type-product","3":"status-publish","4":"has-post-thumbnail","6":"product_cat-shuishoujigongpeixun","7":"product_cat-shuishougongyishixunshi","8":"product_tag-zhibanshuishou","9":"product_tag-shuishougongyi20geshengjie","10":"product_tag-shuishougongyishixunqicai","11":"product_tag-chuanyuanpeixunneirong","12":"product_tag-chuanyuanpeixunshebei","13":"description-off","15":"first","16":"instock","17":"taxable","18":"shipping-taxable","19":"purchasable","20":"product-type-simple"},"_links":{"self":[{"href":"http:\/\/www.erun-tech.com\/vi\/wp-json\/wp\/v2\/product\/14741","targetHints":{"allow":["GET"]}}],"collection":[{"href":"http:\/\/www.erun-tech.com\/vi\/wp-json\/wp\/v2\/product"}],"about":[{"href":"http:\/\/www.erun-tech.com\/vi\/wp-json\/wp\/v2\/types\/product"}],"replies":[{"embeddable":true,"href":"http:\/\/www.erun-tech.com\/vi\/wp-json\/wp\/v2\/comments?post=14741"}],"wp:featuredmedia":[{"embeddable":true,"href":"http:\/\/www.erun-tech.com\/vi\/wp-json\/wp\/v2\/media\/14742"}],"wp:attachment":[{"href":"http:\/\/www.erun-tech.com\/vi\/wp-json\/wp\/v2\/media?parent=14741"}],"wp:term":[{"taxonomy":"product_brand","embeddable":true,"href":"http:\/\/www.erun-tech.com\/vi\/wp-json\/wp\/v2\/product_brand?post=14741"},{"taxonomy":"product_cat","embeddable":true,"href":"http:\/\/www.erun-tech.com\/vi\/wp-json\/wp\/v2\/product_cat?post=14741"},{"taxonomy":"product_tag","embeddable":true,"href":"http:\/\/www.erun-tech.com\/vi\/wp-json\/wp\/v2\/product_tag?post=14741"}],"curies":[{"name":"wp","href":"https:\/\/api.w.org\/{rel}","templated":true}]}}