{"id":14748,"date":"2024-03-25T15:22:53","date_gmt":"2024-03-25T07:22:53","guid":{"rendered":"http:\/\/www.erun-tech.com\/?post_type=product&#038;p=14748"},"modified":"2024-03-27T20:55:24","modified_gmt":"2024-03-27T12:55:24","slug":"jiaoxueyongzhongyingwenbanhanghaitushuziliao","status":"publish","type":"product","link":"http:\/\/www.erun-tech.com\/vi\/product\/jiaoxueyongzhongyingwenbanhanghaitushuziliao","title":{"rendered":"T\u00e0i li\u1ec7u s\u00e1ch h\u00e0ng h\u1ea3i b\u1eb1ng ti\u1ebfng Trung v\u00e0 ti\u1ebfng Anh d\u00f9ng cho gi\u1ea3ng d\u1ea1y"},"content":{"rendered":"<h2><\/h2>\n<h2 style=\"text-align: center;\">T\u00e0i li\u1ec7u s\u00e1ch h\u00e0ng h\u1ea3i b\u1eb1ng ti\u1ebfng Trung v\u00e0 ti\u1ebfng Anh d\u00f9ng cho gi\u1ea3ng d\u1ea1y<\/h2>\n<p>&nbsp;<\/p>\n<div><strong>C\u01a1 s\u1edf ph\u00e1p l\u00fd: \"Quy \u0111\u1ecbnh v\u1ec1 qu\u1ea3n l\u00fd \u0111\u00e0o t\u1ea1o thuy\u1ec1n vi\u00ean c\u1ee7a C\u1ed9ng h\u00f2a Nh\u00e2n d\u00e2n Trung Hoa\" (Ngh\u1ecb \u0111\u1ecbnh s\u1ed1 5 n\u0103m 2019 c\u1ee7a B\u1ed9 Giao th\u00f4ng V\u1eadn t\u1ea3i)<\/strong><\/div>\n<div><strong>Ph\u00e2n lo\u1ea1i s\u1ea3n ph\u1ea9m: \u0110\u00e0o t\u1ea1o thuy\u1ec1n tr\u01b0\u1edfng, thuy\u1ec1n ph\u00f3, thuy\u1ec1n ph\u00f3 th\u1ee9 ba<br \/>\n<\/strong><\/div>\n<div><strong>\u4ea7\u54c1\u540d\u79f0\uff1a\u6559\u5b66\u7528\u4e2d\u3001\u82f1\u6587\u7248\u822a\u6d77\u56fe\u4e66\u8d44\u6599<\/strong><\/div>\n<div><strong>Y\u00eau c\u1ea7u ch\u1ee9c n\u0103ng: \u0110\u00e1p \u1ee9ng y\u00eau c\u1ea7u c\u1ee7a ch\u01b0\u01a1ng tr\u00ecnh \u0111\u00e0o t\u1ea1o.<\/strong><\/div>\n<div><strong>\u89c4\u5b9a\u6570\u91cf\uff1a22\u5957<\/strong><\/div>\n<div><\/div>\n<div>\n<p>\u6bcf\u5957\u5305\u62ec\uff1a<\/p>\n<p>\uff081\uff09\u4e2d\u7248\uff1a\u822a\u6d77\u56fe\u4e66\u76ee\u5f55\u3001\u4e2d\u56fd\u6d77\u56fe\u7b26\u53f7\u8bc6\u522b\u6307\u5357\u3001\u4e2d\u56fd\u822a\u8def\u6307\u5357\u3001\u4e2d\u56fd\u6e2f\u53e3\u6307\u5357\u3001\u822a\u6d77\u901a\u544a\u3001\u822a\u6807\u8868\u3001\u6f6e\u6c50\u8868\u3002<\/p>\n<p>\uff082\uff09\u82f1\u7248\uff08\u6cbf\u6d77\u822a\u533a\u8239\u5458\u57f9\u8bad\u53ef\u4e0d\u914d\u7f6e\uff09\uff1a\u822a\u6d77\u56fe\u4e66\u603b\u76ee\u5f55\u3001\u822a\u8def\u6307\u5357\u3001\u4e16\u754c\u5927\u6d0b\u822a\u8def\u3001\u822a\u6d77\u901a\u544a\u3001\u822a\u6d77\u901a\u544a\u7d2f\u8ba1\u8868\u3001\u822a\u6d77\u901a\u544a\u5e74\u5ea6\u6458\u8981\u3001\u6d77\u56fe\u56fe\u8bc6\uff08CHART5011\uff09\u3001\u6f6e\u6c50\u8868\u3001\u706f\u6807\u4e0e\u96fe\u53f7\u8868\u3001\u65e0\u7ebf\u7535\u4fe1\u53f7\u8868\uff08NP281\uff09\u3001\u65e0\u7ebf\u7535\u4fe1\u53f7\u8868\uff08NP282\uff09\u3001\u65e0\u7ebf\u7535\u4fe1\u53f7\u8868\uff08NP286\uff09<\/p>\n<\/div>\n<p>\u5907\u6ce8\uff1a2\u5957\u6b63\u7248\uff0c20\u5957\u7ffb\u5370\u4ef6\u3002<\/p>","protected":false},"excerpt":{"rendered":"<p>\u6559\u5b66\u7528\u4e2d\u3001\u82f1\u6587\u7248\u822a\u6d77\u56fe\u4e66\u8d44\u6599 &nbsp; \u6cd5\u5f8b\u4f9d\u636e\uff1a\u300a\u4e2d\u534e\u4eba\u6c11\u5171\u548c\u56fd\u8239\u5458\u57f9\u8bad\u7ba1\u7406\u89c4\u5219\u300b\uff08\u4ea4\u901a\u8fd0\u8f93\u90e8\u4ee4 201&hellip;<\/p>","protected":false},"featured_media":14747,"comment_status":"open","ping_status":"closed","template":"","meta":[],"product_brand":[],"product_cat":[41],"product_tag":[341,340,342,337,336,339],"class_list":{"0":"post-14748","1":"product","2":"type-product","3":"status-publish","4":"has-post-thumbnail","6":"product_cat-haituzuoyeshixunshi","7":"product_tag-sanfu","8":"product_tag-dafu","9":"product_tag-haituzuoyeshixun","10":"product_tag-chuanyuanpeixunneirong","11":"product_tag-chuanyuanpeixunshebei","12":"product_tag-chuanzhang","13":"description-off","15":"first","16":"instock","17":"taxable","18":"shipping-taxable","19":"purchasable","20":"product-type-simple"},"_links":{"self":[{"href":"http:\/\/www.erun-tech.com\/vi\/wp-json\/wp\/v2\/product\/14748","targetHints":{"allow":["GET"]}}],"collection":[{"href":"http:\/\/www.erun-tech.com\/vi\/wp-json\/wp\/v2\/product"}],"about":[{"href":"http:\/\/www.erun-tech.com\/vi\/wp-json\/wp\/v2\/types\/product"}],"replies":[{"embeddable":true,"href":"http:\/\/www.erun-tech.com\/vi\/wp-json\/wp\/v2\/comments?post=14748"}],"wp:featuredmedia":[{"embeddable":true,"href":"http:\/\/www.erun-tech.com\/vi\/wp-json\/wp\/v2\/media\/14747"}],"wp:attachment":[{"href":"http:\/\/www.erun-tech.com\/vi\/wp-json\/wp\/v2\/media?parent=14748"}],"wp:term":[{"taxonomy":"product_brand","embeddable":true,"href":"http:\/\/www.erun-tech.com\/vi\/wp-json\/wp\/v2\/product_brand?post=14748"},{"taxonomy":"product_cat","embeddable":true,"href":"http:\/\/www.erun-tech.com\/vi\/wp-json\/wp\/v2\/product_cat?post=14748"},{"taxonomy":"product_tag","embeddable":true,"href":"http:\/\/www.erun-tech.com\/vi\/wp-json\/wp\/v2\/product_tag?post=14748"}],"curies":[{"name":"wp","href":"https:\/\/api.w.org\/{rel}","templated":true}]}}