{"id":14749,"date":"2024-03-25T15:25:11","date_gmt":"2024-03-25T07:25:11","guid":{"rendered":"http:\/\/www.erun-tech.com\/?post_type=product&#038;p=14749"},"modified":"2024-03-27T20:55:31","modified_gmt":"2024-03-27T12:55:31","slug":"jiaoxueyonghanghairizhi","status":"publish","type":"product","link":"http:\/\/www.erun-tech.com\/vi\/product\/jiaoxueyonghanghairizhi","title":{"rendered":"S\u1ed5 nh\u1eadt k\u00fd h\u00e0ng h\u1ea3i d\u00f9ng trong gi\u1ea3ng d\u1ea1y"},"content":{"rendered":"<h2><\/h2>\n<h2 style=\"text-align: center;\">S\u1ed5 nh\u1eadt k\u00fd h\u00e0ng h\u1ea3i d\u00f9ng trong gi\u1ea3ng d\u1ea1y<\/h2>\n<p>&nbsp;<\/p>\n<div><strong>C\u01a1 s\u1edf ph\u00e1p l\u00fd: \"Quy \u0111\u1ecbnh v\u1ec1 qu\u1ea3n l\u00fd \u0111\u00e0o t\u1ea1o thuy\u1ec1n vi\u00ean c\u1ee7a C\u1ed9ng h\u00f2a Nh\u00e2n d\u00e2n Trung Hoa\" (Ngh\u1ecb \u0111\u1ecbnh s\u1ed1 5 n\u0103m 2019 c\u1ee7a B\u1ed9 Giao th\u00f4ng V\u1eadn t\u1ea3i)<\/strong><\/div>\n<div><strong>Ph\u00e2n lo\u1ea1i s\u1ea3n ph\u1ea9m: \u0110\u00e0o t\u1ea1o thuy\u1ec1n tr\u01b0\u1edfng, thuy\u1ec1n ph\u00f3, thuy\u1ec1n ph\u00f3 th\u1ee9 ba<br \/>\n<\/strong><\/div>\n<div><strong>T\u00ean s\u1ea3n ph\u1ea9m: S\u1ed5 nh\u1eadt k\u00fd h\u00e0ng h\u1ea3i d\u00f9ng trong gi\u1ea3ng d\u1ea1y<\/strong><\/div>\n<div><strong>Y\u00eau c\u1ea7u ch\u1ee9c n\u0103ng: \u0110\u00e1p \u1ee9ng y\u00eau c\u1ea7u c\u1ee7a ch\u01b0\u01a1ng tr\u00ecnh \u0111\u00e0o t\u1ea1o.<\/strong><\/div>\n<div><strong>S\u1ed1 l\u01b0\u1ee3ng quy \u0111\u1ecbnh: 40 b\u1ed9<\/strong><\/div>\n<div><\/div>\n<div>\n<p>Phi\u00ean b\u1ea3n ti\u1ebfng Trung v\u00e0 ti\u1ebfng Anh c\u1ee7a \"Nh\u1eadt k\u00fd h\u00e0ng h\u1ea3i\"<\/p>\n<\/div>","protected":false},"excerpt":{"rendered":"<p>\u6559\u5b66\u7528\u300a\u822a\u6d77\u65e5\u5fd7\u300b &nbsp; \u6cd5\u5f8b\u4f9d\u636e\uff1a\u300a\u4e2d\u534e\u4eba\u6c11\u5171\u548c\u56fd\u8239\u5458\u57f9\u8bad\u7ba1\u7406\u89c4\u5219\u300b\uff08\u4ea4\u901a\u8fd0\u8f93\u90e8\u4ee4 2019 \u5e74\u7b2c &hellip;<\/p>","protected":false},"featured_media":14747,"comment_status":"open","ping_status":"closed","template":"","meta":[],"product_brand":[],"product_cat":[41],"product_tag":[341,340,342,337,336,339],"class_list":{"0":"post-14749","1":"product","2":"type-product","3":"status-publish","4":"has-post-thumbnail","6":"product_cat-haituzuoyeshixunshi","7":"product_tag-sanfu","8":"product_tag-dafu","9":"product_tag-haituzuoyeshixun","10":"product_tag-chuanyuanpeixunneirong","11":"product_tag-chuanyuanpeixunshebei","12":"product_tag-chuanzhang","13":"description-off","15":"first","16":"instock","17":"taxable","18":"shipping-taxable","19":"purchasable","20":"product-type-simple"},"_links":{"self":[{"href":"http:\/\/www.erun-tech.com\/vi\/wp-json\/wp\/v2\/product\/14749","targetHints":{"allow":["GET"]}}],"collection":[{"href":"http:\/\/www.erun-tech.com\/vi\/wp-json\/wp\/v2\/product"}],"about":[{"href":"http:\/\/www.erun-tech.com\/vi\/wp-json\/wp\/v2\/types\/product"}],"replies":[{"embeddable":true,"href":"http:\/\/www.erun-tech.com\/vi\/wp-json\/wp\/v2\/comments?post=14749"}],"wp:featuredmedia":[{"embeddable":true,"href":"http:\/\/www.erun-tech.com\/vi\/wp-json\/wp\/v2\/media\/14747"}],"wp:attachment":[{"href":"http:\/\/www.erun-tech.com\/vi\/wp-json\/wp\/v2\/media?parent=14749"}],"wp:term":[{"taxonomy":"product_brand","embeddable":true,"href":"http:\/\/www.erun-tech.com\/vi\/wp-json\/wp\/v2\/product_brand?post=14749"},{"taxonomy":"product_cat","embeddable":true,"href":"http:\/\/www.erun-tech.com\/vi\/wp-json\/wp\/v2\/product_cat?post=14749"},{"taxonomy":"product_tag","embeddable":true,"href":"http:\/\/www.erun-tech.com\/vi\/wp-json\/wp\/v2\/product_tag?post=14749"}],"curies":[{"name":"wp","href":"https:\/\/api.w.org\/{rel}","templated":true}]}}