{"id":14762,"date":"2024-03-25T15:58:17","date_gmt":"2024-03-25T07:58:17","guid":{"rendered":"http:\/\/www.erun-tech.com\/?post_type=product&#038;p=14762"},"modified":"2024-03-27T20:32:47","modified_gmt":"2024-03-27T12:32:47","slug":"guojihaiyunweixianhuowuguize","status":"publish","type":"product","link":"http:\/\/www.erun-tech.com\/vi\/product\/guojihaiyunweixianhuowuguize","title":{"rendered":"Quy t\u1eafc v\u1eadn chuy\u1ec3n h\u00e0ng h\u00f3a nguy hi\u1ec3m b\u1eb1ng \u0111\u01b0\u1eddng bi\u1ec3n qu\u1ed1c t\u1ebf"},"content":{"rendered":"<h2><\/h2>\n<h2 style=\"text-align: center;\">Quy t\u1eafc v\u1eadn chuy\u1ec3n h\u00e0ng h\u00f3a nguy hi\u1ec3m b\u1eb1ng \u0111\u01b0\u1eddng bi\u1ec3n qu\u1ed1c t\u1ebf<\/h2>\n<p>&nbsp;<\/p>\n<div><strong>C\u01a1 s\u1edf ph\u00e1p l\u00fd: \"Quy \u0111\u1ecbnh v\u1ec1 qu\u1ea3n l\u00fd \u0111\u00e0o t\u1ea1o thuy\u1ec1n vi\u00ean c\u1ee7a C\u1ed9ng h\u00f2a Nh\u00e2n d\u00e2n Trung Hoa\" (Ngh\u1ecb \u0111\u1ecbnh s\u1ed1 5 n\u0103m 2019 c\u1ee7a B\u1ed9 Giao th\u00f4ng V\u1eadn t\u1ea3i)<\/strong><\/div>\n<div><strong>Ph\u00e2n lo\u1ea1i s\u1ea3n ph\u1ea9m: \u0110\u00e0o t\u1ea1o thuy\u1ec1n tr\u01b0\u1edfng, thuy\u1ec1n ph\u00f3, thuy\u1ec1n ph\u00f3 th\u1ee9 ba<br \/>\n<\/strong><\/div>\n<div><strong>T\u00ean s\u1ea3n ph\u1ea9m: Quy t\u1eafc v\u1eadn chuy\u1ec3n h\u00e0ng h\u00f3a nguy hi\u1ec3m b\u1eb1ng \u0111\u01b0\u1eddng bi\u1ec3n qu\u1ed1c t\u1ebf<\/strong><\/div>\n<div><strong>Y\u00eau c\u1ea7u ch\u1ee9c n\u0103ng: \u0110\u00e1p \u1ee9ng y\u00eau c\u1ea7u c\u1ee7a ch\u01b0\u01a1ng tr\u00ecnh \u0111\u00e0o t\u1ea1o.<\/strong><\/div>\n<div><strong>S\u1ed1 l\u01b0\u1ee3ng quy \u0111\u1ecbnh: 2 b\u1ed9<\/strong><\/div>\n<div><\/div>\n<div>\n<p>2 b\u1ed9 Quy t\u1eafc v\u1eadn chuy\u1ec3n h\u00e0ng h\u00f3a nguy hi\u1ec3m b\u1eb1ng \u0111\u01b0\u1eddng bi\u1ec3n qu\u1ed1c t\u1ebf, phi\u00ean b\u1ea3n ti\u1ebfng Trung m\u1edbi nh\u1ea5t c\u1ee7a Quy t\u1eafc IMDG (lu\u00f4n \u0111\u01b0\u1ee3c c\u1eadp nh\u1eadt)<\/p>\n<\/div>","protected":false},"excerpt":{"rendered":"<p>\u56fd\u9645\u6d77\u8fd0\u5371\u9669\u8d27\u7269\u89c4\u5219 &nbsp; \u6cd5\u5f8b\u4f9d\u636e\uff1a\u300a\u4e2d\u534e\u4eba\u6c11\u5171\u548c\u56fd\u8239\u5458\u57f9\u8bad\u7ba1\u7406\u89c4\u5219\u300b\uff08\u4ea4\u901a\u8fd0\u8f93\u90e8\u4ee4 2019 \u5e74\u7b2c&hellip;<\/p>","protected":false},"featured_media":14747,"comment_status":"open","ping_status":"closed","template":"","meta":[],"product_brand":[],"product_cat":[42],"product_tag":[341,349,340,337,336,339,348],"class_list":{"0":"post-14762","1":"product","2":"type-product","3":"status-publish","4":"has-post-thumbnail","6":"product_cat-huowupeijizaishixunshi","7":"product_tag-sanfu","8":"product_tag-guojihaiyunweixianhuowuguize","9":"product_tag-dafu","10":"product_tag-chuanyuanpeixunneirong","11":"product_tag-chuanyuanpeixunshebei","12":"product_tag-chuanzhang","13":"product_tag-huowupeijizaishixunshi","14":"description-off","16":"first","17":"instock","18":"taxable","19":"shipping-taxable","20":"purchasable","21":"product-type-simple"},"_links":{"self":[{"href":"http:\/\/www.erun-tech.com\/vi\/wp-json\/wp\/v2\/product\/14762","targetHints":{"allow":["GET"]}}],"collection":[{"href":"http:\/\/www.erun-tech.com\/vi\/wp-json\/wp\/v2\/product"}],"about":[{"href":"http:\/\/www.erun-tech.com\/vi\/wp-json\/wp\/v2\/types\/product"}],"replies":[{"embeddable":true,"href":"http:\/\/www.erun-tech.com\/vi\/wp-json\/wp\/v2\/comments?post=14762"}],"wp:featuredmedia":[{"embeddable":true,"href":"http:\/\/www.erun-tech.com\/vi\/wp-json\/wp\/v2\/media\/14747"}],"wp:attachment":[{"href":"http:\/\/www.erun-tech.com\/vi\/wp-json\/wp\/v2\/media?parent=14762"}],"wp:term":[{"taxonomy":"product_brand","embeddable":true,"href":"http:\/\/www.erun-tech.com\/vi\/wp-json\/wp\/v2\/product_brand?post=14762"},{"taxonomy":"product_cat","embeddable":true,"href":"http:\/\/www.erun-tech.com\/vi\/wp-json\/wp\/v2\/product_cat?post=14762"},{"taxonomy":"product_tag","embeddable":true,"href":"http:\/\/www.erun-tech.com\/vi\/wp-json\/wp\/v2\/product_tag?post=14762"}],"curies":[{"name":"wp","href":"https:\/\/api.w.org\/{rel}","templated":true}]}}