{"id":14763,"date":"2024-03-25T16:00:47","date_gmt":"2024-03-25T08:00:47","guid":{"rendered":"http:\/\/www.erun-tech.com\/?post_type=product&#038;p=14763"},"modified":"2024-03-27T20:32:57","modified_gmt":"2024-03-27T12:32:57","slug":"huowujizaiyuxiguguize","status":"publish","type":"product","link":"http:\/\/www.erun-tech.com\/vi\/product\/huowujizaiyuxiguguize","title":{"rendered":"Quy t\u1eafc x\u1ebfp h\u00e0ng v\u00e0 c\u1ed1 \u0111\u1ecbnh h\u00e0ng h\u00f3a"},"content":{"rendered":"<h2><\/h2>\n<h2 style=\"text-align: center;\">Quy t\u1eafc x\u1ebfp h\u00e0ng v\u00e0 c\u1ed1 \u0111\u1ecbnh h\u00e0ng h\u00f3a<\/h2>\n<p>&nbsp;<\/p>\n<div><strong>C\u01a1 s\u1edf ph\u00e1p l\u00fd: \"Quy \u0111\u1ecbnh v\u1ec1 qu\u1ea3n l\u00fd \u0111\u00e0o t\u1ea1o thuy\u1ec1n vi\u00ean c\u1ee7a C\u1ed9ng h\u00f2a Nh\u00e2n d\u00e2n Trung Hoa\" (Ngh\u1ecb \u0111\u1ecbnh s\u1ed1 5 n\u0103m 2019 c\u1ee7a B\u1ed9 Giao th\u00f4ng V\u1eadn t\u1ea3i)<\/strong><\/div>\n<div><strong>Ph\u00e2n lo\u1ea1i s\u1ea3n ph\u1ea9m: \u0110\u00e0o t\u1ea1o thuy\u1ec1n tr\u01b0\u1edfng, thuy\u1ec1n ph\u00f3, thuy\u1ec1n ph\u00f3 th\u1ee9 ba<br \/>\n<\/strong><\/div>\n<div><strong>T\u00ean s\u1ea3n ph\u1ea9m: Quy t\u1eafc x\u1ebfp d\u1ee1 v\u00e0 c\u1ed1 \u0111\u1ecbnh h\u00e0ng h\u00f3a<\/strong><\/div>\n<div><strong>Y\u00eau c\u1ea7u ch\u1ee9c n\u0103ng: \u0110\u00e1p \u1ee9ng y\u00eau c\u1ea7u c\u1ee7a ch\u01b0\u01a1ng tr\u00ecnh \u0111\u00e0o t\u1ea1o.<\/strong><\/div>\n<div><strong>S\u1ed1 l\u01b0\u1ee3ng quy \u0111\u1ecbnh: 2 b\u1ed9<\/strong><\/div>\n<div><\/div>\n<div>\n<p>3.1 Y\u00eau c\u1ea7u chung<br \/>\n3.1.1 C\u1ea7n l\u1eadp CSM d\u1ef1a tr\u00ean c\u00e1c t\u00e0i li\u1ec7u \u0111\u01b0\u1ee3c li\u1ec7t k\u00ea t\u1ea1i m\u1ee5c 1.3 c\u1ee7a H\u01b0\u1edbng d\u1eabn n\u00e0y c\u0169ng nh\u01b0 kinh nghi\u1ec7m th\u1ef1c ti\u1ec5n v\u1ec1 x\u1ebfp ch\u1ed3ng v\u00e0 bu\u1ed9c ch\u1eb7t h\u00e0ng h\u00f3a tr\u00ean t\u00e0u c\u1ee5 th\u1ec3.<br \/>\n3.1.2 T\u00e0i li\u1ec7u MSC.1\/Circ.1353\/Rev.2 \u201cH\u01b0\u1edbng d\u1eabn so\u1ea1n th\u1ea3o S\u1ed5 tay h\u1ec7 th\u1ed1ng c\u1ed1 \u0111\u1ecbnh h\u00e0ng h\u00f3a (CSM) \u0111\u00e3 \u0111\u01b0\u1ee3c s\u1eeda \u0111\u1ed5i\u201d bao g\u1ed3m c\u00e1c m\u1eabu bi\u1ec3u v\u00e0 y\u00eau c\u1ea7u c\u1ee7a CSM. Tuy nhi\u00ean, kh\u00f4ng ph\u1ea3i t\u1ea5t c\u1ea3 c\u00e1c ch\u01b0\u01a1ng ho\u1eb7c n\u1ed9i dung \u0111\u1ec1u ph\u00f9 h\u1ee3p v\u1edbi m\u1ecdi lo\u1ea1i t\u00e0u.<br \/>\n3.1.3 Tr\u01b0\u1edbc khi l\u1eadp CSM, c\u1ea7n ti\u1ebfn h\u00e0nh \u0111i\u1ec1u tra k\u1ef9 l\u01b0\u1ee1ng. Khi c\u1ea7n thi\u1ebft, c\u1ea7n xem x\u00e9t \u00fd ki\u1ebfn c\u1ee7a thuy\u1ec1n vi\u00ean v\u1ec1 vi\u1ec7c x\u1ebfp d\u1ee1 v\u00e0 c\u1ed1 \u0111\u1ecbnh h\u00e0ng h\u00f3a. \u0110\u1ed3ng th\u1eddi, c\u1ea7n xem x\u00e9t v\u00e0 l\u01b0u \u00fd c\u00e1c v\u1ea5n \u0111\u1ec1 sau:<br \/>\n(1) T\u00e0u c\u00f3 trang b\u1ecb thi\u1ebft b\u1ecb c\u1ed1 \u0111\u1ecbnh h\u00e0ng h\u00f3a c\u1ed1 \u0111\u1ecbnh hay kh\u00f4ng. V\u00ed d\u1ee5: c\u00e1c \u0111i\u1ec3m c\u1ed1 \u0111\u1ecbnh \u0111\u1ec3 bu\u1ed9c xe tr\u00ean boong t\u00e0u ch\u1edf xe (Ro-Ro), ho\u1eb7c c\u00e1c thi\u1ebft b\u1ecb c\u1ed1 \u0111\u1ecbnh \u0111\u1ec3 bu\u1ed9c container tr\u00ean boong ho\u1eb7c n\u1eafp h\u1ea7m h\u00e0ng c\u1ee7a t\u00e0u container; (2) T\u00e0u c\u00f3 mang theo thi\u1ebft b\u1ecb c\u1ed1 \u0111\u1ecbnh h\u00e0ng h\u00f3a di \u0111\u1ed9ng hay kh\u00f4ng. V\u00ed d\u1ee5: kh\u00f3a xo\u1eafn, b\u1ed9 c\u0103ng d\u00e2y, x\u00edch bu\u1ed9c, d\u00e2y bu\u1ed9c v\u00e0 thanh bu\u1ed9c, v.v.;<br \/>\n(3) Thi\u1ebft b\u1ecb c\u1ed1 \u0111\u1ecbnh h\u00e0ng h\u00f3a c\u00f3 gi\u1ea5y ch\u1ee9ng nh\u1eadn s\u1ea3n ph\u1ea9m v\u00e0 nh\u00e3n m\u00e1c ghi r\u00f5 t\u1ea3i tr\u1ecdng c\u1ed1 \u0111\u1ecbnh t\u1ed1i \u0111a hay kh\u00f4ng; (4) T\u00e0u c\u00f3 quy tr\u00ecnh ki\u1ec3m tra, b\u1ea3o d\u01b0\u1ee1ng v\u00e0 n\u00e2ng c\u1ea5p thi\u1ebft b\u1ecb c\u1ed1 \u0111\u1ecbnh h\u00e0ng h\u00f3a theo quy \u0111\u1ecbnh hay kh\u00f4ng; (5) T\u00e0u c\u00f3 s\u1ed5 tay h\u01b0\u1edbng d\u1eabn v\u1eadn h\u00e0nh thi\u1ebft b\u1ecb c\u1ed1 \u0111\u1ecbnh h\u00e0ng h\u00f3a v\u00e0 bu\u1ed9c h\u00e0ng h\u00f3a \u0111\u00fang c\u00e1ch hay kh\u00f4ng; (6) \u0110\u1ec3 \u0111\u1ea3m b\u1ea3o thi\u1ebft b\u1ecb c\u1ed1 \u0111\u1ecbnh h\u00e0ng h\u00f3a ph\u00f9 h\u1ee3p v\u1edbi m\u1ee5c \u0111\u00edch s\u1eed d\u1ee5ng d\u1ef1 ki\u1ebfn, thuy\u1ec1n tr\u01b0\u1edfng c\u00f3 t\u00e0i li\u1ec7u h\u01b0\u1edbng d\u1eabn t\u00ednh to\u00e1n t\u1ea3i tr\u1ecdng t\u00e1c \u0111\u1ed9ng l\u00ean thi\u1ebft b\u1ecb c\u1ed1 \u0111\u1ecbnh hay kh\u00f4ng;<br \/>\n(7) T\u00e0u ch\u1edf h\u00e0ng r\u1eddi c\u00f3 c\u1ea7n x\u1ebfp h\u00e0ng theo \u0111\u01a1n v\u1ecb h\u00e0ng h\u00f3a hay kh\u00f4ng. V\u00ed d\u1ee5: cu\u1ed9n th\u00e9p, g\u1ed7 tr\u00f2n, v.v.;<br \/>\n(8) Tr\u00ean c\u00e1c t\u00e0u container kh\u00f4ng theo ti\u00eau chu\u1ea9n, \u0111\u1ec3 tr\u00e1nh t\u00ecnh tr\u1ea1ng t\u1ea3i tr\u1ecdng qu\u00e1 l\u1edbn t\u00e1c \u0111\u1ed9ng l\u00ean c\u00e1c container \u1edf \u0111\u00e1y ch\u1ed3ng h\u00e0ng, thuy\u1ec1n tr\u01b0\u1edfng c\u00f3 \u00e1p d\u1ee5ng c\u00e1c ph\u01b0\u01a1ng ph\u00e1p x\u1ebfp ch\u1ed3ng v\u00e0 bu\u1ed9c ch\u1eb7t \u0111\u00fang quy \u0111\u1ecbnh hay kh\u00f4ng;<br \/>\n(9) Ch\u1ee7 t\u00e0u, ch\u1ee7 h\u00e0ng v\u00e0 thuy\u1ec1n tr\u01b0\u1edfng c\u00f3 bi\u1ebft t\u1ea3i tr\u1ecdng h\u00e0ng h\u00f3a t\u1ed1i \u0111a cho ph\u00e9p \u0111\u1ed1i v\u1edbi n\u1eafp h\u1ea7m h\u00e0ng, boong t\u00e0u v\u00e0 khoang \u0111\u00e1y d\u00f9ng \u0111\u1ec3 x\u1ebfp h\u00e0ng hay kh\u00f4ng;<br \/>\n(10) Khi bu\u1ed9c d\u00e2y v\u00e0o c\u00e1c b\u1ed9 ph\u1eadn nh\u01b0 x\u00e0 ngang m\u1ea1n t\u00e0u, thanh gia c\u1ed1 v\u00e1ch khoang v\u00e0 d\u1ea7m ngang boong, li\u1ec7u b\u1ea1n c\u00f3 bi\u1ebft kh\u1ea3 n\u0103ng ch\u1ecbu t\u1ea3i c\u1ee7a c\u00e1c b\u1ed9 ph\u1eadn k\u1ebft c\u1ea5u n\u00e0y hay kh\u00f4ng.<br \/>\n3.1.4 CSM \u0111\u01b0\u1ee3c l\u1eadp cho m\u1ed9t t\u00e0u c\u1ee5 th\u1ec3 kh\u00f4ng th\u1ec3 \u00e1p d\u1ee5ng cho t\u00e0u kh\u00e1c. V\u00ed d\u1ee5, do s\u1ef1 kh\u00e1c bi\u1ec7t v\u1ec1 h\u00e0ng h\u00f3a v\u00e0 thi\u1ebft b\u1ecb c\u1ed1 \u0111\u1ecbnh h\u00e0ng h\u00f3a, CSM c\u1ee7a t\u00e0u ch\u1edf h\u00e0ng kh\u00f4 v\u00e0 t\u00e0u container c\u00f3 \u0111\u1ecbnh d\u1ea1ng v\u00e0 n\u1ed9i dung kh\u00e1c nhau.<br \/>\n3.1.5 \u0110\u1ed1i v\u1edbi t\u00e0u ch\u1edf h\u00e0ng ti\u00eau chu\u1ea9n ho\u1eb7c h\u00e0ng b\u00e1n ti\u00eau chu\u1ea9n, b\u1ea5t k\u1ec3 c\u00e1c \u0111i\u1ec3m c\u1ed1 \u0111\u1ecbnh ho\u1eb7c thi\u1ebft b\u1ecb c\u1ed1 \u0111\u1ecbnh ti\u00eau chu\u1ea9n c\u1ee7a t\u00e0u \u0111\u00e3 \u0111\u01b0\u1ee3c ph\u00ea duy\u1ec7t tr\u01b0\u1edbc \u0111\u00f3 hay ch\u01b0a, \u0111\u1ec1u ph\u1ea3i cung c\u1ea5p \u0111\u1ea7y \u0111\u1ee7 c\u00e1c th\u00f4ng tin chi ti\u1ebft.<\/p>\n<\/div>","protected":false},"excerpt":{"rendered":"<p>\u8d27\u7269\u79ef\u8f7d\u4e0e\u7cfb\u56fa\u89c4\u5219 &nbsp; \u6cd5\u5f8b\u4f9d\u636e\uff1a\u300a\u4e2d\u534e\u4eba\u6c11\u5171\u548c\u56fd\u8239\u5458\u57f9\u8bad\u7ba1\u7406\u89c4\u5219\u300b\uff08\u4ea4\u901a\u8fd0\u8f93\u90e8\u4ee4 2019 \u5e74\u7b2c &hellip;<\/p>","protected":false},"featured_media":14747,"comment_status":"open","ping_status":"closed","template":"","meta":[],"product_brand":[],"product_cat":[42],"product_tag":[341,340,337,336,339,350,348],"class_list":{"0":"post-14763","1":"product","2":"type-product","3":"status-publish","4":"has-post-thumbnail","6":"product_cat-huowupeijizaishixunshi","7":"product_tag-sanfu","8":"product_tag-dafu","9":"product_tag-chuanyuanpeixunneirong","10":"product_tag-chuanyuanpeixunshebei","11":"product_tag-chuanzhang","12":"product_tag-huowujizaiyuxiguguize","13":"product_tag-huowupeijizaishixunshi","14":"description-off","16":"first","17":"instock","18":"taxable","19":"shipping-taxable","20":"purchasable","21":"product-type-simple"},"_links":{"self":[{"href":"http:\/\/www.erun-tech.com\/vi\/wp-json\/wp\/v2\/product\/14763","targetHints":{"allow":["GET"]}}],"collection":[{"href":"http:\/\/www.erun-tech.com\/vi\/wp-json\/wp\/v2\/product"}],"about":[{"href":"http:\/\/www.erun-tech.com\/vi\/wp-json\/wp\/v2\/types\/product"}],"replies":[{"embeddable":true,"href":"http:\/\/www.erun-tech.com\/vi\/wp-json\/wp\/v2\/comments?post=14763"}],"wp:featuredmedia":[{"embeddable":true,"href":"http:\/\/www.erun-tech.com\/vi\/wp-json\/wp\/v2\/media\/14747"}],"wp:attachment":[{"href":"http:\/\/www.erun-tech.com\/vi\/wp-json\/wp\/v2\/media?parent=14763"}],"wp:term":[{"taxonomy":"product_brand","embeddable":true,"href":"http:\/\/www.erun-tech.com\/vi\/wp-json\/wp\/v2\/product_brand?post=14763"},{"taxonomy":"product_cat","embeddable":true,"href":"http:\/\/www.erun-tech.com\/vi\/wp-json\/wp\/v2\/product_cat?post=14763"},{"taxonomy":"product_tag","embeddable":true,"href":"http:\/\/www.erun-tech.com\/vi\/wp-json\/wp\/v2\/product_tag?post=14763"}],"curies":[{"name":"wp","href":"https:\/\/api.w.org\/{rel}","templated":true}]}}