{"id":14764,"date":"2024-03-25T16:04:32","date_gmt":"2024-03-25T08:04:32","guid":{"rendered":"http:\/\/www.erun-tech.com\/?post_type=product&#038;p=14764"},"modified":"2024-03-27T20:33:08","modified_gmt":"2024-03-27T12:33:08","slug":"peijizaijisuanjiyuruanjian","status":"publish","type":"product","link":"http:\/\/www.erun-tech.com\/vi\/product\/peijizaijisuanjiyuruanjian","title":{"rendered":"M\u00e1y t\u00ednh v\u00e0 ph\u1ea7n m\u1ec1m x\u1ebfp h\u00e0ng"},"content":{"rendered":"<h2><\/h2>\n<h2 style=\"text-align: center;\">M\u00e1y t\u00ednh v\u00e0 ph\u1ea7n m\u1ec1m x\u1ebfp h\u00e0ng<\/h2>\n<p>&nbsp;<\/p>\n<div><strong>C\u01a1 s\u1edf ph\u00e1p l\u00fd: \"Quy \u0111\u1ecbnh v\u1ec1 qu\u1ea3n l\u00fd \u0111\u00e0o t\u1ea1o thuy\u1ec1n vi\u00ean c\u1ee7a C\u1ed9ng h\u00f2a Nh\u00e2n d\u00e2n Trung Hoa\" (Ngh\u1ecb \u0111\u1ecbnh s\u1ed1 5 n\u0103m 2019 c\u1ee7a B\u1ed9 Giao th\u00f4ng V\u1eadn t\u1ea3i)<\/strong><\/div>\n<div><strong>Ph\u00e2n lo\u1ea1i s\u1ea3n ph\u1ea9m: \u0110\u00e0o t\u1ea1o thuy\u1ec1n tr\u01b0\u1edfng, thuy\u1ec1n ph\u00f3, thuy\u1ec1n ph\u00f3 th\u1ee9 ba<br \/>\n<\/strong><\/div>\n<div><strong>\u4ea7\u54c1\u540d\u79f0\uff1a\u914d\u79ef\u8f7d\u8ba1\u7b97\u673a\u4e0e\u8f6f\u4ef6<\/strong><\/div>\n<div><strong>Y\u00eau c\u1ea7u ch\u1ee9c n\u0103ng: \u0110\u00e1p \u1ee9ng y\u00eau c\u1ea7u c\u1ee7a ch\u01b0\u01a1ng tr\u00ecnh \u0111\u00e0o t\u1ea1o.<\/strong><\/div>\n<div><strong>S\u1ed1 l\u01b0\u1ee3ng quy \u0111\u1ecbnh: 40 b\u1ed9<\/strong><\/div>\n<div><\/div>\n<div>\u8239\u7528\u88c5\u8f7d\u4eea\u8f6f\u4ef6\u662f\u4ee5\u88c5\u8f7d\u8ba1\u7b97\u7cfb\u7edf\u4e3a\u6838\u5fc3\u7684\u7528\u4e8e\u8239\u8236\u5b89\u5168\u88c5\u8f7d\u7684\u5206\u6790\u8ba1\u7b97\u8f6f\u4ef6\u3002\u8be5\u8f6f\u4ef6\u901a\u8fc7\u5bf9\u8239\u8236\u7684\u5b9e\u9645\u88c5\u8f7d\u60c5\u51b5\u8fdb\u884c\u5b9e\u65f6\u8ba1\u7b97\uff0c\u5feb\u901f\u7ed9\u51fa\u76f8\u5e94\u7684\u7ed3\u679c\uff0c\u4f7f\u8d27\u7269\u914d\u8f7d\u4eba\u5458\u80fd\u53ca\u65f6\u4e86\u89e3\u8239\u8236\u5728\u67d0\u4e00\u88c5\u8f7d\u5de5\u51b5\u4e0b\u8239\u8236\u7684\u6392\u6c34\u91cf\u3001\u91cd\u5fc3\u4f4d\u7f6e\u3001\u6d6e\u6001\u3001\u7a33\u6027\u7b49\u9759\u6c34\u529b\u6027\u80fd\u53c2\u6570\uff0c\u4ee5\u53ca\u526a\u529b\u3001\u5f2f\u77e9\u5206\u5e03\u60c5\u51b5\u3002\u5728\u4e0d\u540c\u7684\u88c5\u8f7d\u5de5\u51b5\u4e0b\uff0c\u5bf9\u8239\u8236\u76f8\u5173\u6307\u6807\u8fdb\u884c\u8ba1\u7b97\u3001\u6821\u6838\uff0c\u5e76\u5224\u65ad\u5206\u6790\u672c\u6b21\u822a\u884c\u7684\u88c5\u8f7d\u662f\u5426\u7b26\u5408\u5b89\u5168\u6027\u80fd\u8981\u6c42\uff0c\u4ee5\u4fbf\u8d27\u7269\u914d\u8f7d\u4eba\u5458\u53ef\u4ee5\u5bf9\u8d27\u7269\u7684\u5e03\u7f6e\u548c\u538b\u8f7d\u8fdb\u884c\u8c03\u6574\u548c\u66f4\u6539\uff0c\u4ee5\u786e\u4fdd\u8239\u8236\u822a\u884c\u7684\u5b89\u5168\u4e0e\u53ef\u9760\uff0c\u6709\u5229\u4e8e\u4fdd\u8bc1\u8239\u8236\u822a\u884c\u5b89\u5168\u4ee5\u8fbe\u5230\u6700\u4f18\u914d\u8f7d\uff0c\u51cf\u5c11\u6cb9\u8017\uff0c\u4ece\u800c\u964d\u4f4e\u8239\u8236\u7684\u8fd0\u8425\u6210\u672c\u3002<br \/>\n\u8be5\u7cfb\u7edf\u7a33\u6027\u548c\u5f3a\u5ea6\u7684\u8ba1\u7b97\u6ee1\u8db3\u6240\u6709\u76f8\u5173\u7684\u56fd\u9645\u89c4\u8303\u8981\u6c42\uff0c\u53ef\u7528\u4e8e\u6563\u8d27\u8239\u3001\u591a\u7528\u9014\u8d27\u8239\u3001\u96c6\u88c5\u7bb1\u8239\u3001\u6cb9\u8239\u3001\u5316\u5b66\u54c1\u8239\u3001\u5de5\u7a0b\u8239\u3001\u516c\u52a1\u8239\u3001\u5ba2\u6eda\u8239\u3001\u519b\u8f85\u8239\u7b49\u3002<br \/>\n\u8be5\u7cfb\u7edf\u91c7\u7528\u6a21\u5757\u5316\u7a0b\u5e8f\u8bbe\u8ba1\uff0c\u9488\u5bf9\u5ba2\u6237\u7684\u4e0d\u540c\u9700\u6c42\uff0c\u53ef\u5bf9\u7a0b\u5e8f\u8fdb\u884c\u7ec4\u88c5\u548c\u4e8c\u6b21\u5f00\u53d1\uff0c\u7cfb\u7edf\u64cd\u4f5c\u7b80\u5355\uff0c\u754c\u9762\u53cb\u597d\uff0c\u9002\u7528\u4e8e\u5404\u79cd\u8239\u578b\uff0c\u88ab\u4e16\u754c\u5e7f\u5927\u7528\u6237\u8ba4\u53ef\u5e76\u63a5\u53d7\u3002\u8ba4\u53ef\u8239\u7ea7\u793e<br \/>\nCCS\u3001LR\u3001BV\u3001DNV\u3001GL\u3001ABS\u3001NK\u7b49\u8239\u8236\u88c5\u8f7d\u7ba1\u7406\u7cfb\u7edf\uff08Load Manager\uff09\u6309\u7167\u56fd\u9645\u89c4\u8303\uff0c\u5206\u4e3a\u4ee5\u4e0b\u529f\u80fd\u6a21\u5757\uff1a\u6570\u636e\u914d\u7f6e\u6a21\u5757\u3001\u6d6e\u6001\u8ba1\u7b97\u6a21\u5757\u3001\u5b8c\u6574\u7a33\u6027\u6a21\u5757\u3001\u7834\u8231\u7a33\u6027\u6a21\u5757\u3001\u8c37\u7269\u7a33\u6027\u6a21\u5757\u3001\u603b\u7eb5\u5f3a\u5ea6\u6a21\u5757\u3001\u56fd\u9645\u5371\u89c4\u6a21\u5757\u3001\u62a5\u8868\u7ba1\u7406\u6a21\u5757\u3001\u5ba2\u6237\u5b9a\u5236\u6a21\u5757\u3002<\/p>\n<p>\u8ba1\u7b97\u6a21\u5757\uff1a<br \/>\n\u6d6e\u6001\u8ba1\u7b97<br \/>\n\u5b8c\u6574\u7a33\u6027\u8ba1\u7b97<br \/>\n\u7834\u8231\u7a33\u6027\u8ba1\u7b97<br \/>\n\u8c37\u7269\u7a33\u6027\u8ba1\u7b97<br \/>\n\u603b\u7eb5\u5f3a\u5ea6\u8ba1\u7b97<br \/>\n\u754c\u9762\u53cb\u597d\u3001\u64cd\u4f5c\u7b80\u5355<br \/>\n\u7528\u6237\u81ea\u5b9a\u4e49\u62a5\u8b66\u70b9<br \/>\n\u667a\u80fd\u914d\u8f7d\u3001\u538b\u8f7d\u4f18\u5316<br \/>\n\u6a21\u5757\u5316\u8bbe\u8ba1\u3001\u53ef\u5b9a\u5236<br \/>\n\u4e30\u5bcc\u7684\u62a5\u8868\u663e\u793a\u6253\u5370<\/p>\n<div>\u7a0b\u5e8f\u754c\u9762-\u96c6\u88c5\u7bb1-\u591a\u7528\u9014<\/div>\n<p>\u96c6\u88c5\u7bb1\u7ba1\u7406\u6a21\u5757\uff1a\u7528\u6237\u53ef\u4ee5\u81ea\u5b9a\u4e49\u6e2f\u53e3\u3001\u96c6\u88c5\u7bb1\u7c7b\u578b\uff0c\u901a\u8fc7\u989c\u8272\u6765\u8868\u8fbe\u88c5\u5378\u6e2f\u53ca\u96c6\u88c5\u7bb1\u7c7b\u578b\uff0c\u4e30\u5bcc\u7684\u7b5b\u9009\u529f\u80fd\uff0c\u53ef\u4ee5\u6e05\u6670\u51c6\u786e\u7684\u8868\u8fbe\u6e2f\u53e3\/\u96c6\u88c5\u7bb1\u4fe1\u606f\u3002EDI\u62a5\u6587\u81ea\u52a8\u5bfc\u5165\u529f\u80fd\uff0c\u53ef\u4ee5\u5927\u5e45\u5ea6\u7684\u964d\u4f4e\u914d\u8f7d\u7684\u5de5\u4f5c\u91cf\u3002\u5feb\u6377\u7b80\u4fbf\u7684\u8f85\u52a9\u64cd\u4f5c\u529f\u80fd\uff0c\u8ba9\u914d\u8f7d\u53d8\u5f97\u5982\u6b64\u7b80\u5355\u3002<\/p>\n<div><img decoding=\"async\" class=\"alignnone size-full wp-image-14765\" src=\"http:\/\/www.erun-tech.com\/wp-content\/uploads\/2024\/03\/1-1F624202019344.jpg\"  width=\"797\" height=\"621\" srcset=\"http:\/\/www.erun-tech.com\/wp-content\/uploads\/2024\/03\/1-1F624202019344.jpg 797w, http:\/\/www.erun-tech.com\/wp-content\/uploads\/2024\/03\/1-1F624202019344-300x234.jpg 300w, http:\/\/www.erun-tech.com\/wp-content\/uploads\/2024\/03\/1-1F624202019344-768x598.jpg 768w, http:\/\/www.erun-tech.com\/wp-content\/uploads\/2024\/03\/1-1F624202019344-600x468.jpg 600w\" sizes=\"(max-width: 797px) 100vw, 797px\" title=\"\u914d\u79ef\u8f7d\u8ba1\u7b97\u673a\u4e0e\u8f6f\u4ef6\u63d2\u56fe\" alt=\"\u914d\u79ef\u8f7d\u8ba1\u7b97\u673a\u4e0e\u8f6f\u4ef6\u63d2\u56fe\" \/><br \/>\n\u7a0b\u5e8f\u754c\u9762-\u6cb9\u8f6e-\u6563\u8d27<\/div>\n<div>\u5e72\u6563\u8d27\/\u591a\u7528\u9014\u7ba1\u7406\u6a21\u5757\uff1a\u9002\u7528\u4e8e\u6563\u8d27\u8239\u3001\u591a\u7528\u9014\u8239\u7684\u5e72\u6563\u8d27\u914d\u8f7d\uff0c\u7528\u6237\u53ef\u4ee5\u81ea\u5b9a\u4e49\u8231\u5ba4\u7684\u7c7b\u578b\u548c\u8d27\u7269\u7684\u79cd\u7c7b\u53ca\u88c5\u5378\u6e2f\u53e3\uff0c\u5e76\u53ef\u4ee5\u81ea\u5b9a\u4e49\u989c\u8272\u52a0\u4ee5\u533a\u5206\u3002\u754c\u9762\u53cb\u597d\uff0c\u64cd\u4f5c\u7b80\u5355\uff0c\u914d\u8f7d\u6548\u7387\u9ad8\u3002<\/div>\n<div><\/div>\n<div>\n<p><img decoding=\"async\" class=\"alignnone size-full wp-image-14766\" src=\"http:\/\/www.erun-tech.com\/wp-content\/uploads\/2024\/03\/1-1F6242022201I.jpg\"  width=\"790\" height=\"613\" srcset=\"http:\/\/www.erun-tech.com\/wp-content\/uploads\/2024\/03\/1-1F6242022201I.jpg 790w, http:\/\/www.erun-tech.com\/wp-content\/uploads\/2024\/03\/1-1F6242022201I-300x233.jpg 300w, http:\/\/www.erun-tech.com\/wp-content\/uploads\/2024\/03\/1-1F6242022201I-768x596.jpg 768w, http:\/\/www.erun-tech.com\/wp-content\/uploads\/2024\/03\/1-1F6242022201I-600x466.jpg 600w\" sizes=\"(max-width: 790px) 100vw, 790px\" title=\"\u914d\u79ef\u8f7d\u8ba1\u7b97\u673a\u4e0e\u8f6f\u4ef6\u63d2\u56fe1\" alt=\"\u914d\u79ef\u8f7d\u8ba1\u7b97\u673a\u4e0e\u8f6f\u4ef6\u63d2\u56fe1\" \/><\/p>\n<p>\u6cb9\u8f6e\/\u5316\u5b66\u54c1\u6db2\u8d27\u7ba1\u7406\u6a21\u5757<\/p>\n<\/div>\n<div>\n<p>\u6cb9\u8231\u53ef\u4ee5\u8ba1\u7b97API\u77f3\u6cb9\u5ea6\uff0c\u53ef\u6839\u636e\u6e29\u5ea6\u548c\u538b\u529b\u77eb\u6b63\u6cb9\u54c1\u7684\u5bc6\u5ea6\uff0c\u4e0e\u6db2\u4f4d\u9065\u6d4b\u7cfb\u7edf\u5b9e\u65f6\u901a\u8baf\uff0c\u667a\u80fd\u914d\u8f7d\u7cfb\u7edf\u53ef\u4ee5\u81ea\u52a8\u8ba1\u7b97\u51fa\u538b\u8f7d\u6c34\u7684\u6700\u4f73\u914d\u8f7d\u65b9\u6848\u3002<\/p>\n<\/div>\n<div>\n<p><img decoding=\"async\" class=\"alignnone size-full wp-image-14767\" src=\"http:\/\/www.erun-tech.com\/wp-content\/uploads\/2024\/03\/1-1F630145133244.jpg\"  width=\"779\" height=\"612\" srcset=\"http:\/\/www.erun-tech.com\/wp-content\/uploads\/2024\/03\/1-1F630145133244.jpg 779w, http:\/\/www.erun-tech.com\/wp-content\/uploads\/2024\/03\/1-1F630145133244-300x236.jpg 300w, http:\/\/www.erun-tech.com\/wp-content\/uploads\/2024\/03\/1-1F630145133244-768x603.jpg 768w, http:\/\/www.erun-tech.com\/wp-content\/uploads\/2024\/03\/1-1F630145133244-600x471.jpg 600w\" sizes=\"(max-width: 779px) 100vw, 779px\" title=\"\u914d\u79ef\u8f7d\u8ba1\u7b97\u673a\u4e0e\u8f6f\u4ef6\u63d2\u56fe2\" alt=\"\u914d\u79ef\u8f7d\u8ba1\u7b97\u673a\u4e0e\u8f6f\u4ef6\u63d2\u56fe2\" \/><\/p>\n<p>\u7a33\u6027\u8ba1\u7b97\u6a21\u5757<\/p>\n<\/div>\n<div>\u6ee1\u8db3IACS L5\u88c5\u8f7d\u4eea\u90e8\u5206\u6240\u6709\u76f8\u5173\u7684\u56fd\u9645\u89c4\u8303\u8981\u6c42\uff0c\u5305\u542b\uff1a\u5b8c\u6574\u7a33\u6027\u3001\u7834\u8231\u7a33\u6027\u3001\u8c37\u7269\u7a33\u6027\u3002\u8ba1\u7b97\u65b9\u6cd5\u91c7\u7528\u6982\u7387\u6027\u7b97\u6cd5\u548c\u786e\u5b9a\u6027\u7b97\u6cd5\u3002<\/div>\n<div><\/div>\n<div>\n<p><img decoding=\"async\" class=\"alignnone size-full wp-image-14768\" src=\"http:\/\/www.erun-tech.com\/wp-content\/uploads\/2024\/03\/1-1F630150541105.jpg\"  width=\"791\" height=\"618\" srcset=\"http:\/\/www.erun-tech.com\/wp-content\/uploads\/2024\/03\/1-1F630150541105.jpg 791w, http:\/\/www.erun-tech.com\/wp-content\/uploads\/2024\/03\/1-1F630150541105-300x234.jpg 300w, http:\/\/www.erun-tech.com\/wp-content\/uploads\/2024\/03\/1-1F630150541105-768x600.jpg 768w, http:\/\/www.erun-tech.com\/wp-content\/uploads\/2024\/03\/1-1F630150541105-600x469.jpg 600w\" sizes=\"(max-width: 791px) 100vw, 791px\" title=\"\u914d\u79ef\u8f7d\u8ba1\u7b97\u673a\u4e0e\u8f6f\u4ef6\u63d2\u56fe3\" alt=\"\u914d\u79ef\u8f7d\u8ba1\u7b97\u673a\u4e0e\u8f6f\u4ef6\u63d2\u56fe3\" \/><img decoding=\"async\" class=\"alignnone size-full wp-image-14769\" src=\"http:\/\/www.erun-tech.com\/wp-content\/uploads\/2024\/03\/1-1F630150555c0.jpg\"  width=\"927\" height=\"494\" srcset=\"http:\/\/www.erun-tech.com\/wp-content\/uploads\/2024\/03\/1-1F630150555c0.jpg 927w, http:\/\/www.erun-tech.com\/wp-content\/uploads\/2024\/03\/1-1F630150555c0-300x160.jpg 300w, http:\/\/www.erun-tech.com\/wp-content\/uploads\/2024\/03\/1-1F630150555c0-768x409.jpg 768w, http:\/\/www.erun-tech.com\/wp-content\/uploads\/2024\/03\/1-1F630150555c0-600x320.jpg 600w\" sizes=\"(max-width: 927px) 100vw, 927px\" title=\"\u914d\u79ef\u8f7d\u8ba1\u7b97\u673a\u4e0e\u8f6f\u4ef6\u63d2\u56fe4\" alt=\"\u914d\u79ef\u8f7d\u8ba1\u7b97\u673a\u4e0e\u8f6f\u4ef6\u63d2\u56fe4\" \/><\/p>\n<p><img decoding=\"async\" class=\"alignnone size-full wp-image-14770\" src=\"http:\/\/www.erun-tech.com\/wp-content\/uploads\/2024\/03\/1-1F63015061A22.jpg\"  width=\"944\" height=\"493\" srcset=\"http:\/\/www.erun-tech.com\/wp-content\/uploads\/2024\/03\/1-1F63015061A22.jpg 944w, http:\/\/www.erun-tech.com\/wp-content\/uploads\/2024\/03\/1-1F63015061A22-300x157.jpg 300w, http:\/\/www.erun-tech.com\/wp-content\/uploads\/2024\/03\/1-1F63015061A22-768x401.jpg 768w, http:\/\/www.erun-tech.com\/wp-content\/uploads\/2024\/03\/1-1F63015061A22-600x313.jpg 600w\" sizes=\"(max-width: 944px) 100vw, 944px\" title=\"\u914d\u79ef\u8f7d\u8ba1\u7b97\u673a\u4e0e\u8f6f\u4ef6\u63d2\u56fe5\" alt=\"\u914d\u79ef\u8f7d\u8ba1\u7b97\u673a\u4e0e\u8f6f\u4ef6\u63d2\u56fe5\" \/><\/p>\n<p>\u5f3a\u5ea6\u8ba1\u7b97\u6a21\u5757<\/p>\n<\/div>\n<div>\u6ee1\u8db3IACS L5\u88c5\u8f7d\u4eea\u90e8\u5206\u6240\u6709\u76f8\u5173\u7684\u56fd\u9645\u89c4\u8303\u8981\u6c42\uff0c\u5305\u542b\uff1a\u603b\u7eb5\u5f3a\u5ea6\u3001\u8d27\u8231\u6d78\u6c34\u5f3a\u5ea6\u8ba1\u7b97\u3002<\/div>\n<div><img decoding=\"async\" class=\"alignnone size-full wp-image-14771\" src=\"http:\/\/www.erun-tech.com\/wp-content\/uploads\/2024\/03\/1-1F630150Z6115.jpg\"  width=\"775\" height=\"601\" srcset=\"http:\/\/www.erun-tech.com\/wp-content\/uploads\/2024\/03\/1-1F630150Z6115.jpg 775w, http:\/\/www.erun-tech.com\/wp-content\/uploads\/2024\/03\/1-1F630150Z6115-300x233.jpg 300w, http:\/\/www.erun-tech.com\/wp-content\/uploads\/2024\/03\/1-1F630150Z6115-768x596.jpg 768w, http:\/\/www.erun-tech.com\/wp-content\/uploads\/2024\/03\/1-1F630150Z6115-600x465.jpg 600w\" sizes=\"(max-width: 775px) 100vw, 775px\" title=\"\u914d\u79ef\u8f7d\u8ba1\u7b97\u673a\u4e0e\u8f6f\u4ef6\u63d2\u56fe6\" alt=\"\u914d\u79ef\u8f7d\u8ba1\u7b97\u673a\u4e0e\u8f6f\u4ef6\u63d2\u56fe6\" \/><\/div>\n<div><\/div>\n<div>\u00a0STOWAGE PLANNING \u79ef\u8f7d\u56fe<\/div>\n<div>\u9762\u5411\u6563\u8d27\u3001\u96c6\u88c5\u7bb1\u7684\u79ef\u8f7d\u56fe\u529f\u80fd\u6a21\u5757\uff0c\u8239\u4e0a\u914d\u8f7d\u4eba\u5458\u53ef\u4ee5\u6839\u636e\u5b9e\u9645\u4e1a\u52a1\u9700\u8981\uff0c\u81ea\u5b9a\u4e49\u51fa\u9002\u5408\u81ea\u5df1\u4e1a\u52a1\u89c4\u8303\u7684\u79ef\u8f7d\u56fe\uff0c\u63d0\u9ad8\u88c5\u5378\u6548\u7387\u3002<\/div>\n<div>\n<p><img decoding=\"async\" class=\"alignnone size-full wp-image-14772\" src=\"http:\/\/www.erun-tech.com\/wp-content\/uploads\/2024\/03\/1-1F630151RR51.jpg\"  width=\"868\" height=\"587\" srcset=\"http:\/\/www.erun-tech.com\/wp-content\/uploads\/2024\/03\/1-1F630151RR51.jpg 868w, http:\/\/www.erun-tech.com\/wp-content\/uploads\/2024\/03\/1-1F630151RR51-300x203.jpg 300w, http:\/\/www.erun-tech.com\/wp-content\/uploads\/2024\/03\/1-1F630151RR51-768x519.jpg 768w, http:\/\/www.erun-tech.com\/wp-content\/uploads\/2024\/03\/1-1F630151RR51-600x406.jpg 600w\" sizes=\"(max-width: 868px) 100vw, 868px\" title=\"\u914d\u79ef\u8f7d\u8ba1\u7b97\u673a\u4e0e\u8f6f\u4ef6\u63d2\u56fe7\" alt=\"\u914d\u79ef\u8f7d\u8ba1\u7b97\u673a\u4e0e\u8f6f\u4ef6\u63d2\u56fe7\" \/><\/p>\n<p>\u62a5\u8868\u7ba1\u7406\u6a21\u5757<\/p>\n<\/div>\n<div>\u4e30\u5bcc\u7684\u62a5\u8868\u5904\u7406\u529f\u80fd\uff0c\u5305\u62ec\uff1a\u914d\u91cd\u62a5\u8868\u3001\u6d6e\u6001\u8ba1\u7b97\u62a5\u8868\u3001\u7a33\u6027\u8ba1\u7b97\u62a5\u8868\u3001\u5f3a\u5ea6\u8ba1\u7b97\u62a5\u8868\u3001BAYPLAN\u62a5\u8868\u3001\u5386\u53f2\u67e5\u8be2\u7edf\u8ba1\u62a5\u8868\u3002<\/div>\n<div>\n<p><img decoding=\"async\" class=\"alignnone size-full wp-image-14773\" src=\"http:\/\/www.erun-tech.com\/wp-content\/uploads\/2024\/03\/1-1F6301526411b.jpg\"  width=\"829\" height=\"572\" srcset=\"http:\/\/www.erun-tech.com\/wp-content\/uploads\/2024\/03\/1-1F6301526411b.jpg 829w, http:\/\/www.erun-tech.com\/wp-content\/uploads\/2024\/03\/1-1F6301526411b-300x207.jpg 300w, http:\/\/www.erun-tech.com\/wp-content\/uploads\/2024\/03\/1-1F6301526411b-768x530.jpg 768w, http:\/\/www.erun-tech.com\/wp-content\/uploads\/2024\/03\/1-1F6301526411b-600x414.jpg 600w\" sizes=\"(max-width: 829px) 100vw, 829px\" title=\"\u914d\u79ef\u8f7d\u8ba1\u7b97\u673a\u4e0e\u8f6f\u4ef6\u63d2\u56fe8\" alt=\"\u914d\u79ef\u8f7d\u8ba1\u7b97\u673a\u4e0e\u8f6f\u4ef6\u63d2\u56fe8\" \/><\/p>\n<p><img decoding=\"async\" class=\"alignnone size-full wp-image-14774\" src=\"http:\/\/www.erun-tech.com\/wp-content\/uploads\/2024\/03\/1-1F630152F4623.jpg\"  width=\"828\" height=\"530\" srcset=\"http:\/\/www.erun-tech.com\/wp-content\/uploads\/2024\/03\/1-1F630152F4623.jpg 828w, http:\/\/www.erun-tech.com\/wp-content\/uploads\/2024\/03\/1-1F630152F4623-300x192.jpg 300w, http:\/\/www.erun-tech.com\/wp-content\/uploads\/2024\/03\/1-1F630152F4623-768x492.jpg 768w, http:\/\/www.erun-tech.com\/wp-content\/uploads\/2024\/03\/1-1F630152F4623-600x384.jpg 600w\" sizes=\"(max-width: 828px) 100vw, 828px\" title=\"\u914d\u79ef\u8f7d\u8ba1\u7b97\u673a\u4e0e\u8f6f\u4ef6\u63d2\u56fe9\" alt=\"\u914d\u79ef\u8f7d\u8ba1\u7b97\u673a\u4e0e\u8f6f\u4ef6\u63d2\u56fe9\" \/><\/p>\n<p><img decoding=\"async\" class=\"alignnone size-full wp-image-14775\" src=\"http:\/\/www.erun-tech.com\/wp-content\/uploads\/2024\/03\/1-1F630152H2923.jpg\"  width=\"816\" height=\"593\" srcset=\"http:\/\/www.erun-tech.com\/wp-content\/uploads\/2024\/03\/1-1F630152H2923.jpg 816w, http:\/\/www.erun-tech.com\/wp-content\/uploads\/2024\/03\/1-1F630152H2923-300x218.jpg 300w, http:\/\/www.erun-tech.com\/wp-content\/uploads\/2024\/03\/1-1F630152H2923-768x558.jpg 768w, http:\/\/www.erun-tech.com\/wp-content\/uploads\/2024\/03\/1-1F630152H2923-600x436.jpg 600w\" sizes=\"(max-width: 816px) 100vw, 816px\" title=\"\u914d\u79ef\u8f7d\u8ba1\u7b97\u673a\u4e0e\u8f6f\u4ef6\u63d2\u56fe10\" alt=\"\u914d\u79ef\u8f7d\u8ba1\u7b97\u673a\u4e0e\u8f6f\u4ef6\u63d2\u56fe10\" \/><\/p>\n<p><img decoding=\"async\" class=\"alignnone size-full wp-image-14776\" src=\"http:\/\/www.erun-tech.com\/wp-content\/uploads\/2024\/03\/1-1F630152J05Q.jpg\"  width=\"811\" height=\"539\" srcset=\"http:\/\/www.erun-tech.com\/wp-content\/uploads\/2024\/03\/1-1F630152J05Q.jpg 811w, http:\/\/www.erun-tech.com\/wp-content\/uploads\/2024\/03\/1-1F630152J05Q-300x199.jpg 300w, http:\/\/www.erun-tech.com\/wp-content\/uploads\/2024\/03\/1-1F630152J05Q-768x510.jpg 768w, http:\/\/www.erun-tech.com\/wp-content\/uploads\/2024\/03\/1-1F630152J05Q-600x399.jpg 600w\" sizes=\"(max-width: 811px) 100vw, 811px\" title=\"\u914d\u79ef\u8f7d\u8ba1\u7b97\u673a\u4e0e\u8f6f\u4ef6\u63d2\u56fe11\" alt=\"\u914d\u79ef\u8f7d\u8ba1\u7b97\u673a\u4e0e\u8f6f\u4ef6\u63d2\u56fe11\" \/><\/p>\n<p><img decoding=\"async\" class=\"alignnone size-full wp-image-14777\" src=\"http:\/\/www.erun-tech.com\/wp-content\/uploads\/2024\/03\/1-1F630152K2a8.jpg\"  width=\"780\" height=\"585\" srcset=\"http:\/\/www.erun-tech.com\/wp-content\/uploads\/2024\/03\/1-1F630152K2a8.jpg 780w, http:\/\/www.erun-tech.com\/wp-content\/uploads\/2024\/03\/1-1F630152K2a8-300x225.jpg 300w, http:\/\/www.erun-tech.com\/wp-content\/uploads\/2024\/03\/1-1F630152K2a8-768x576.jpg 768w, http:\/\/www.erun-tech.com\/wp-content\/uploads\/2024\/03\/1-1F630152K2a8-600x450.jpg 600w\" sizes=\"(max-width: 780px) 100vw, 780px\" title=\"\u914d\u79ef\u8f7d\u8ba1\u7b97\u673a\u4e0e\u8f6f\u4ef6\u63d2\u56fe12\" alt=\"\u914d\u79ef\u8f7d\u8ba1\u7b97\u673a\u4e0e\u8f6f\u4ef6\u63d2\u56fe12\" \/><\/p>\n<p>IMDG \u56fd\u9645\u8fdd\u89c4\u7ba1\u7406\u6a21\u5757<\/p>\n<\/div>\n<div>\u68c0\u6d4b\u5371\u9669\u54c1\u662f\u5426\u7b26\u5408IMDG\/BC\/IBC\u7684\u88c5\u8f7d\u548c\u9694\u79bb\u8981\u6c42\u3002\u5305\u62ec\u5371\u9669\u54c1\u7f16\u7801(Code)\u548c\u5e94\u6025\u63aa\u65bd\u8868\uff08EMS)\uff0c\u589e\u52a0\u6d88\u9632\u548c\u5b89\u5168\u65b9\u6848\uff0c\u5305\u542b\u7b2c\u4e00\u65f6\u95f4\u533b\u7597\u6551\u62a4\u6307\u5357\uff08MFAG)\u3002<\/div>\n<div>\u5176\u5b83\u529f\u80fd\u6a21\u5757<\/div>\n<div>\n<p>API\u77f3\u6cb9\u5ea6\u8ba1\u7b97\u6a21\u5757\u3001\u8239\u8236\u88c5\u8f7d\u5386\u53f2\u7ba1\u7406\u6a21\u5757\u3001\u8239\u8236\u52a8\u6001\u76d1\u63a7\u7ba1\u7406\u901a\u8baf\u6a21\u5757\u3001\u538b\u8f7d\u6c34\u7ba1\u7406\u6a21\u5757\u3001\u5cb8\u7aef\u8239\u8236\u88c5\u8f7d\u7ba1\u7406\u6a21\u5757\u3001\u667a\u80fd\u914d\u8f7d\u6a21\u5757\u3001\u56fd\u9645\u5355\u4f4d\u6362\u7b97\u6a21\u5757\u3001\u88c5\u8f7d\u7ba1\u7406\u7f51\u7edc\u7248\u3002<\/p>\n<\/div>\n<div>\u5173\u952e\u8bcd\uff1a\u8239\u8236 \u88c5\u8f7d\u4eea \u914d\u8f7d\u4eea Loading computer \u88c5\u8f7d\u8ba1\u7b97\u673a \u6d6e\u6001 \u5b8c\u6574\u7a33\u6027 \u7834\u8231\u7a33\u6027 \u8c37\u7269\u7a33\u6027 \u603b\u7eb5\u5f3a\u5ea6 \u8239\u7ea7\u793e\u00a0CCS\u3001LR\u3001BV\u3001DNV\u3001GL\u3001ABS\u3001NK\u00a0\u00a0\u56fd\u9645\u5371\u89c4<\/div>\n<\/div>","protected":false},"excerpt":{"rendered":"<p>\u914d\u79ef\u8f7d\u8ba1\u7b97\u673a\u4e0e\u8f6f\u4ef6 &nbsp; \u6cd5\u5f8b\u4f9d\u636e\uff1a\u300a\u4e2d\u534e\u4eba\u6c11\u5171\u548c\u56fd\u8239\u5458\u57f9\u8bad\u7ba1\u7406\u89c4\u5219\u300b\uff08\u4ea4\u901a\u8fd0\u8f93\u90e8\u4ee4 2019 \u5e74\u7b2c &hellip;<\/p>","protected":false},"featured_media":14505,"comment_status":"open","ping_status":"closed","template":"","meta":[],"product_brand":[],"product_cat":[42],"product_tag":[341,340,337,336,339,350,348],"class_list":{"0":"post-14764","1":"product","2":"type-product","3":"status-publish","4":"has-post-thumbnail","6":"product_cat-huowupeijizaishixunshi","7":"product_tag-sanfu","8":"product_tag-dafu","9":"product_tag-chuanyuanpeixunneirong","10":"product_tag-chuanyuanpeixunshebei","11":"product_tag-chuanzhang","12":"product_tag-huowujizaiyuxiguguize","13":"product_tag-huowupeijizaishixunshi","14":"description-off","16":"first","17":"instock","18":"taxable","19":"shipping-taxable","20":"purchasable","21":"product-type-simple"},"_links":{"self":[{"href":"http:\/\/www.erun-tech.com\/vi\/wp-json\/wp\/v2\/product\/14764","targetHints":{"allow":["GET"]}}],"collection":[{"href":"http:\/\/www.erun-tech.com\/vi\/wp-json\/wp\/v2\/product"}],"about":[{"href":"http:\/\/www.erun-tech.com\/vi\/wp-json\/wp\/v2\/types\/product"}],"replies":[{"embeddable":true,"href":"http:\/\/www.erun-tech.com\/vi\/wp-json\/wp\/v2\/comments?post=14764"}],"wp:featuredmedia":[{"embeddable":true,"href":"http:\/\/www.erun-tech.com\/vi\/wp-json\/wp\/v2\/media\/14505"}],"wp:attachment":[{"href":"http:\/\/www.erun-tech.com\/vi\/wp-json\/wp\/v2\/media?parent=14764"}],"wp:term":[{"taxonomy":"product_brand","embeddable":true,"href":"http:\/\/www.erun-tech.com\/vi\/wp-json\/wp\/v2\/product_brand?post=14764"},{"taxonomy":"product_cat","embeddable":true,"href":"http:\/\/www.erun-tech.com\/vi\/wp-json\/wp\/v2\/product_cat?post=14764"},{"taxonomy":"product_tag","embeddable":true,"href":"http:\/\/www.erun-tech.com\/vi\/wp-json\/wp\/v2\/product_tag?post=14764"}],"curies":[{"name":"wp","href":"https:\/\/api.w.org\/{rel}","templated":true}]}}