{"id":14779,"date":"2024-03-25T16:11:47","date_gmt":"2024-03-25T08:11:47","guid":{"rendered":"http:\/\/www.erun-tech.com\/?post_type=product&#038;p=14779"},"modified":"2024-03-27T20:33:34","modified_gmt":"2024-03-27T12:33:34","slug":"guojihaiyungutisanzhuanghuowuguizeguojisanzhuangguwuanquanguizehuowuduizhuangyuxiguanquanai","status":"publish","type":"product","link":"http:\/\/www.erun-tech.com\/vi\/product\/guojihaiyungutisanzhuanghuowuguizeguojisanzhuangguwuanquanguizehuowuduizhuangyuxiguanquanai","title":{"rendered":"Quy t\u1eafc v\u1eadn chuy\u1ec3n h\u00e0ng h\u00f3a r\u1eafn r\u1eddi b\u1eb1ng \u0111\u01b0\u1eddng bi\u1ec3n qu\u1ed1c t\u1ebf, Quy t\u1eafc an to\u00e0n v\u1eadn chuy\u1ec3n ng\u0169 c\u1ed1c r\u1eddi qu\u1ed1c t\u1ebf, Quy t\u1eafc an to\u00e0n x\u1ebfp d\u1ee1 v\u00e0 c\u1ed1 \u0111\u1ecbnh h\u00e0ng h\u00f3a"},"content":{"rendered":"<h2><\/h2>\n<h2 style=\"text-align: center;\">Quy t\u1eafc v\u1eadn chuy\u1ec3n h\u00e0ng h\u00f3a r\u1eafn r\u1eddi b\u1eb1ng \u0111\u01b0\u1eddng bi\u1ec3n qu\u1ed1c t\u1ebf, Quy t\u1eafc an to\u00e0n v\u1eadn chuy\u1ec3n ng\u0169 c\u1ed1c r\u1eddi qu\u1ed1c t\u1ebf, Quy t\u1eafc an to\u00e0n x\u1ebfp d\u1ee1 v\u00e0 c\u1ed1 \u0111\u1ecbnh h\u00e0ng h\u00f3a<\/h2>\n<p>&nbsp;<\/p>\n<div><strong>C\u01a1 s\u1edf ph\u00e1p l\u00fd: \"Quy \u0111\u1ecbnh v\u1ec1 qu\u1ea3n l\u00fd \u0111\u00e0o t\u1ea1o thuy\u1ec1n vi\u00ean c\u1ee7a C\u1ed9ng h\u00f2a Nh\u00e2n d\u00e2n Trung Hoa\" (Ngh\u1ecb \u0111\u1ecbnh s\u1ed1 5 n\u0103m 2019 c\u1ee7a B\u1ed9 Giao th\u00f4ng V\u1eadn t\u1ea3i)<\/strong><\/div>\n<div><strong>Ph\u00e2n lo\u1ea1i s\u1ea3n ph\u1ea9m: \u0110\u00e0o t\u1ea1o thuy\u1ec1n tr\u01b0\u1edfng, thuy\u1ec1n ph\u00f3, thuy\u1ec1n ph\u00f3 th\u1ee9 ba<br \/>\n<\/strong><\/div>\n<div><strong>T\u00ean s\u1ea3n ph\u1ea9m: Quy t\u1eafc v\u1eadn chuy\u1ec3n h\u00e0ng h\u00f3a r\u1eafn r\u1eddi b\u1eb1ng \u0111\u01b0\u1eddng bi\u1ec3n qu\u1ed1c t\u1ebf, Quy t\u1eafc an to\u00e0n v\u1eadn chuy\u1ec3n ng\u0169 c\u1ed1c r\u1eddi qu\u1ed1c t\u1ebf, Quy t\u1eafc an to\u00e0n x\u1ebfp d\u1ee1 v\u00e0 c\u1ed1 \u0111\u1ecbnh h\u00e0ng h\u00f3a<\/strong><\/div>\n<div><strong>Y\u00eau c\u1ea7u ch\u1ee9c n\u0103ng: \u0110\u00e1p \u1ee9ng y\u00eau c\u1ea7u c\u1ee7a ch\u01b0\u01a1ng tr\u00ecnh \u0111\u00e0o t\u1ea1o.<\/strong><\/div>\n<div><strong>S\u1ed1 l\u01b0\u1ee3ng quy \u0111\u1ecbnh: 2 b\u1ed9<\/strong><\/div>\n<div><\/div>\n<div>\n<p>Quy t\u1eafc v\u1eadn chuy\u1ec3n h\u00e0ng h\u00f3a r\u1eafn r\u1eddi b\u1eb1ng \u0111\u01b0\u1eddng bi\u1ec3n qu\u1ed1c t\u1ebf, Quy t\u1eafc an to\u00e0n v\u1eadn chuy\u1ec3n ng\u0169 c\u1ed1c r\u1eddi qu\u1ed1c t\u1ebf, Quy t\u1eafc an to\u00e0n x\u1ebfp d\u1ee1 v\u00e0 c\u1ed1 \u0111\u1ecbnh h\u00e0ng h\u00f3a<\/p>\n<\/div>","protected":false},"excerpt":{"rendered":"<p>\u56fd\u9645\u6d77\u8fd0\u56fa\u4f53\u6563\u88c5\u8d27\u7269\u89c4\u5219\u3001\u56fd\u9645\u6563\u88c5\u8c37\u7269\u5b89\u5168\u89c4\u5219\u3001\u8d27\u7269\u5806\u88c5\u4e0e\u7cfb\u56fa\u5b89\u5168\u64cd\u4f5c\u89c4\u5219 &nbsp; \u6cd5\u5f8b\u4f9d\u636e\uff1a\u300a\u4e2d\u534e\u4eba\u6c11&hellip;<\/p>","protected":false},"featured_media":14747,"comment_status":"open","ping_status":"closed","template":"","meta":[],"product_brand":[],"product_cat":[42],"product_tag":[341,340,337,336,339,348],"class_list":{"0":"post-14779","1":"product","2":"type-product","3":"status-publish","4":"has-post-thumbnail","6":"product_cat-huowupeijizaishixunshi","7":"product_tag-sanfu","8":"product_tag-dafu","9":"product_tag-chuanyuanpeixunneirong","10":"product_tag-chuanyuanpeixunshebei","11":"product_tag-chuanzhang","12":"product_tag-huowupeijizaishixunshi","13":"description-off","15":"first","16":"instock","17":"taxable","18":"shipping-taxable","19":"purchasable","20":"product-type-simple"},"_links":{"self":[{"href":"http:\/\/www.erun-tech.com\/vi\/wp-json\/wp\/v2\/product\/14779","targetHints":{"allow":["GET"]}}],"collection":[{"href":"http:\/\/www.erun-tech.com\/vi\/wp-json\/wp\/v2\/product"}],"about":[{"href":"http:\/\/www.erun-tech.com\/vi\/wp-json\/wp\/v2\/types\/product"}],"replies":[{"embeddable":true,"href":"http:\/\/www.erun-tech.com\/vi\/wp-json\/wp\/v2\/comments?post=14779"}],"wp:featuredmedia":[{"embeddable":true,"href":"http:\/\/www.erun-tech.com\/vi\/wp-json\/wp\/v2\/media\/14747"}],"wp:attachment":[{"href":"http:\/\/www.erun-tech.com\/vi\/wp-json\/wp\/v2\/media?parent=14779"}],"wp:term":[{"taxonomy":"product_brand","embeddable":true,"href":"http:\/\/www.erun-tech.com\/vi\/wp-json\/wp\/v2\/product_brand?post=14779"},{"taxonomy":"product_cat","embeddable":true,"href":"http:\/\/www.erun-tech.com\/vi\/wp-json\/wp\/v2\/product_cat?post=14779"},{"taxonomy":"product_tag","embeddable":true,"href":"http:\/\/www.erun-tech.com\/vi\/wp-json\/wp\/v2\/product_tag?post=14779"}],"curies":[{"name":"wp","href":"https:\/\/api.w.org\/{rel}","templated":true}]}}