{"id":14780,"date":"2024-03-25T16:13:53","date_gmt":"2024-03-25T08:13:53","guid":{"rendered":"http:\/\/www.erun-tech.com\/?post_type=product&#038;p=14780"},"modified":"2026-02-07T11:59:10","modified_gmt":"2026-02-07T03:59:10","slug":"daxingchuanbocaozongmoniqi","status":"publish","type":"product","link":"http:\/\/www.erun-tech.com\/vi\/product\/daxingchuanbocaozongmoniqi","title":{"rendered":"M\u00f4 ph\u1ecfng \u0111i\u1ec1u khi\u1ec3n t\u00e0u l\u1edbn"},"content":{"rendered":"<h2><\/h2>\n<h2 style=\"text-align: center;\">M\u00f4 ph\u1ecfng \u0111i\u1ec1u khi\u1ec3n t\u00e0u l\u1edbn<\/h2>\n<p>&nbsp;<\/p>\n<div><strong>C\u01a1 s\u1edf ph\u00e1p l\u00fd: \"Quy \u0111\u1ecbnh v\u1ec1 qu\u1ea3n l\u00fd \u0111\u00e0o t\u1ea1o thuy\u1ec1n vi\u00ean c\u1ee7a C\u1ed9ng h\u00f2a Nh\u00e2n d\u00e2n Trung Hoa\" (Ngh\u1ecb \u0111\u1ecbnh s\u1ed1 5 n\u0103m 2019 c\u1ee7a B\u1ed9 Giao th\u00f4ng V\u1eadn t\u1ea3i)<\/strong><\/div>\n<div><strong>Ph\u00e2n lo\u1ea1i s\u1ea3n ph\u1ea9m: \u0110\u00e0o t\u1ea1o thuy\u1ec1n tr\u01b0\u1edfng, thuy\u1ec1n ph\u00f3, thuy\u1ec1n ph\u00f3 th\u1ee9 ba<br \/>\n<\/strong><\/div>\n<div><strong>T\u00ean s\u1ea3n ph\u1ea9m: M\u00e1y m\u00f4 ph\u1ecfng \u0111i\u1ec1u khi\u1ec3n t\u00e0u l\u1edbn<\/strong><\/div>\n<div><strong>Y\u00eau c\u1ea7u ch\u1ee9c n\u0103ng: \u0110\u00e1p \u1ee9ng y\u00eau c\u1ea7u c\u1ee7a ch\u01b0\u01a1ng tr\u00ecnh \u0111\u00e0o t\u1ea1o.<\/strong><\/div>\n<div><strong>S\u1ed1 l\u01b0\u1ee3ng quy \u0111\u1ecbnh: \u00edt nh\u1ea5t 5 chi\u1ebfc tr\u00ean t\u00e0u<\/strong><\/div>\n<div><\/div>\n<div>\n<p>1. \u0110\u00e0o t\u1ea1o \u0111\u1ee7 \u0111i\u1ec1u ki\u1ec7n cho ba b\u1ed9, bao g\u1ed3m \u00edt nh\u1ea5t 5 t\u00e0u, trong \u0111\u00f3 m\u1ed9t t\u00e0u c\u00f3 g\u00f3c nh\u00ecn ngang kh\u00f4ng nh\u1ecf h\u01a1n 180 \u0111\u1ed9, c\u00e1c t\u00e0u c\u00f2n l\u1ea1i c\u00f3 g\u00f3c nh\u00ecn ngang kh\u00f4ng nh\u1ecf h\u01a1n 120 \u0111\u1ed9, v\u00e0 c\u00f3 ch\u1ee9c n\u0103ng tham quan th\u1ef1c t\u1ebf 3D v\u00e0 k\u00ednh vi\u1ec5n v\u1ecdng.<br \/>\n2. \u0110\u00e0o t\u1ea1o n\u0103ng l\u1ef1c cho thuy\u1ec1n tr\u01b0\u1edfng v\u00e0 thuy\u1ec1n ph\u00f3 th\u1ee9 nh\u1ea5t ph\u1ea3i bao g\u1ed3m \u00edt nh\u1ea5t 5 t\u00e0u, trong \u0111\u00f3 m\u1ed9t t\u00e0u ph\u1ea3i c\u00f3 m\u00f4 ph\u1ecfng t\u1ea7m nh\u00ecn ngang ch\u00ednh c\u1ee7a t\u00e0u kh\u00f4ng nh\u1ecf h\u01a1n 180 \u0111\u1ed9, c\u00e1c t\u00e0u c\u00f2n l\u1ea1i c\u00f3 t\u1ea7m nh\u00ecn ngang kh\u00f4ng d\u01b0\u1edbi 120 \u0111\u1ed9 v\u00e0 c\u00f3 ch\u1ee9c n\u0103ng tham quan th\u1ef1c t\u1ebf ba chi\u1ec1u v\u00e0 k\u00ednh vi\u1ec5n v\u1ecdng (kh\u00f4ng th\u1ec3 s\u1eed d\u1ee5ng chung v\u1edbi \u0111\u00e0o t\u1ea1o n\u0103ng l\u1ef1c cho thuy\u1ec1n ph\u00f3 th\u1ee9 ba).<\/p>\n<p>Hi\u1ec7u su\u1ea5t c\u1ee7a tr\u00ecnh m\u00f4 ph\u1ecfng ph\u1ea3i \u0111\u00e1p \u1ee9ng:<br \/>\n1. C\u00f3 th\u1ec3 m\u00f4 ph\u1ecfng kh\u1ea3 n\u0103ng v\u1eadn h\u00e0nh v\u00e0 \u0111i\u1ec1u khi\u1ec3n c\u1ee7a \u00edt nh\u1ea5t 6 lo\u1ea1i t\u00e0u, bao g\u1ed3m vi\u1ec7c s\u1eed d\u1ee5ng \u0111\u1ed9ng c\u01a1, \u0111\u1ed9ng c\u01a1 \u0111\u1ea9y b\u00ean, b\u00e1nh l\u00e1i, neo, t\u00e0u k\u00e9o v\u00e0 d\u00e2y c\u00e1p.<br \/>\n2. C\u00f3 th\u1ec3 m\u00f4 ph\u1ecfng m\u00f4i tr\u01b0\u1eddng h\u00e0ng h\u1ea3i theo th\u1eddi gian th\u1ef1c, bao g\u1ed3m gi\u00f3, s\u00f3ng, d\u00f2ng ch\u1ea3y, hi\u1ec7u \u1ee9ng n\u01b0\u1edbc n\u00f4ng, hi\u1ec7u \u1ee9ng b\u1edd k\u00e8, hi\u1ec7u \u1ee9ng h\u00fat v\u00e0 \u0111\u1ea9y c\u1ee7a t\u00e0u, c\u00e1c v\u1eadt th\u1ec3 di \u0111\u1ed9ng v\u00e0 c\u1ed1 \u0111\u1ecbnh b\u00ean ngo\u00e0i, b\u1ebfn c\u1ea3ng, b\u1edd bi\u1ec3n, v.v.<br \/>\n3. C\u00f3 \u0111\u1ea7y \u0111\u1ee7 c\u00e1c thi\u1ebft b\u1ecb \u0111i\u1ec1u h\u01b0\u1edbng, \u0111\u1ecbnh v\u1ecb v\u00e0 li\u00ean l\u1ea1c c\u1ea7n thi\u1ebft cho bu\u1ed3ng l\u00e1i t\u00e0u, bao g\u1ed3m radar, thi\u1ebft b\u1ecb \u0111\u1ecbnh v\u1ecb v\u00f4 tuy\u1ebfn, h\u1ec7 th\u1ed1ng b\u1ea3n \u0111\u1ed3 \u0111i\u1ec7n t\u1eed, thi\u1ebft b\u1ecb \u0111i\u1ec1u khi\u1ec3n b\u00e1nh l\u00e1i, chu\u00f4ng b\u00e1o, c\u00f2i s\u01b0\u01a1ng m\u00f9, b\u1ea3n \u0111\u1ed3 h\u00e0ng h\u1ea3i v\u00e0 b\u00e0n b\u1ea3n \u0111\u1ed3, d\u1ee5ng c\u1ee5 v\u1ebd, m\u00e1y \u0111o \u0111\u1ed9 s\u00e2u, m\u00e1y \u0111o qu\u00e3ng \u0111\u01b0\u1eddng, \u0111i\u1ec7n tho\u1ea1i v\u00f4 tuy\u1ebfn t\u1ea7n s\u1ed1 cao, t\u00e0i li\u1ec7u h\u00e0ng h\u1ea3i, nh\u1eadt k\u00fd h\u00e0ng h\u1ea3i v\u00e0 c\u00e1c thi\u1ebft b\u1ecb, trang thi\u1ebft b\u1ecb c\u1ea7n thi\u1ebft kh\u00e1c.<br \/>\n4. M\u1ed7i t\u00e0u \u0111\u01b0\u1ee3c trang b\u1ecb 1 b\u00e0n b\u1ea3n \u0111\u1ed3 h\u00e0ng h\u1ea3i, 1 b\u1ed9 d\u1ee5ng c\u1ee5 l\u00e0m vi\u1ec7c v\u1edbi b\u1ea3n \u0111\u1ed3 h\u00e0ng h\u1ea3i, 1 b\u1ed9 t\u00e0i li\u1ec7u thi\u1ebft k\u1ebf tuy\u1ebfn \u0111\u01b0\u1eddng, 1 b\u1ed9 b\u1ea3n \u0111\u1ed3 h\u00e0ng h\u1ea3i d\u00f9ng cho \u0111\u00e0o t\u1ea1o (\u0111i k\u00e8m v\u1edbi b\u1ea3n \u0111\u1ed3 \u0111i\u1ec7n t\u1eed cho b\u00e0i t\u1eadp tr\u00ean m\u00f4 ph\u1ecfng \u0111i\u1ec1u khi\u1ec3n t\u00e0u), 1 b\u1ed9 thi\u1ebft b\u1ecb gi\u00e1m s\u00e1t \u00e2m thanh v\u00e0 h\u00ecnh \u1ea3nh tr\u00ean bu\u1ed3ng l\u00e1i, 1 b\u1ed9 \u0111i\u1ec7n tho\u1ea1i li\u00ean l\u1ea1c n\u1ed9i b\u1ed9 t\u00e0u.<br \/>\n5. Ph\u1ea3i c\u00f3 \u00edt nh\u1ea5t 1 ph\u00f2ng \u0111i\u1ec1u khi\u1ec3n, \u0111\u01b0\u1ee3c trang b\u1ecb b\u00e0n v\u00e0 gh\u1ebf h\u1ecdp, m\u00e1y chi\u1ebfu v\u00e0 m\u00e0n h\u00ecnh \u0111i\u1ec7n, thi\u1ebft b\u1ecb \u0111i\u1ec1u khi\u1ec3n t\u00e0u, thi\u1ebft b\u1ecb gi\u00e1m s\u00e1t v\u00e0 thi\u1ebft b\u1ecb in \u1ea5n.<\/p>\n<\/div>","protected":false},"excerpt":{"rendered":"<p>\u5927\u578b\u8239\u8236\u64cd\u7eb5\u6a21\u62df\u5668 &nbsp; \u6cd5\u5f8b\u4f9d\u636e\uff1a\u300a\u4e2d\u534e\u4eba\u6c11\u5171\u548c\u56fd\u8239\u5458\u57f9\u8bad\u7ba1\u7406\u89c4\u5219\u300b\uff08\u4ea4\u901a\u8fd0\u8f93\u90e8\u4ee4 2019 \u5e74\u7b2c &hellip;<\/p>","protected":false},"featured_media":14781,"comment_status":"open","ping_status":"closed","template":"","meta":[],"product_brand":[],"product_cat":[305],"product_tag":[341,340,351,337,336,339],"class_list":{"0":"post-14780","1":"product","2":"type-product","3":"status-publish","4":"has-post-thumbnail","6":"product_cat-daxingchuanbocaozongmoniqi","7":"product_tag-sanfu","8":"product_tag-dafu","9":"product_tag-daxingchuanbocaozongmoniqi","10":"product_tag-chuanyuanpeixunneirong","11":"product_tag-chuanyuanpeixunshebei","12":"product_tag-chuanzhang","13":"description-off","15":"first","16":"instock","17":"taxable","18":"shipping-taxable","19":"purchasable","20":"product-type-simple"},"_links":{"self":[{"href":"http:\/\/www.erun-tech.com\/vi\/wp-json\/wp\/v2\/product\/14780","targetHints":{"allow":["GET"]}}],"collection":[{"href":"http:\/\/www.erun-tech.com\/vi\/wp-json\/wp\/v2\/product"}],"about":[{"href":"http:\/\/www.erun-tech.com\/vi\/wp-json\/wp\/v2\/types\/product"}],"replies":[{"embeddable":true,"href":"http:\/\/www.erun-tech.com\/vi\/wp-json\/wp\/v2\/comments?post=14780"}],"wp:featuredmedia":[{"embeddable":true,"href":"http:\/\/www.erun-tech.com\/vi\/wp-json\/wp\/v2\/media\/14781"}],"wp:attachment":[{"href":"http:\/\/www.erun-tech.com\/vi\/wp-json\/wp\/v2\/media?parent=14780"}],"wp:term":[{"taxonomy":"product_brand","embeddable":true,"href":"http:\/\/www.erun-tech.com\/vi\/wp-json\/wp\/v2\/product_brand?post=14780"},{"taxonomy":"product_cat","embeddable":true,"href":"http:\/\/www.erun-tech.com\/vi\/wp-json\/wp\/v2\/product_cat?post=14780"},{"taxonomy":"product_tag","embeddable":true,"href":"http:\/\/www.erun-tech.com\/vi\/wp-json\/wp\/v2\/product_tag?post=14780"}],"curies":[{"name":"wp","href":"https:\/\/api.w.org\/{rel}","templated":true}]}}