{"id":14788,"date":"2024-03-25T19:30:54","date_gmt":"2024-03-25T11:30:54","guid":{"rendered":"http:\/\/www.erun-tech.com\/?post_type=product&#038;p=14788"},"modified":"2024-08-10T00:46:51","modified_gmt":"2024-08-09T16:46:51","slug":"leidacaozongmoniqi","status":"publish","type":"product","link":"http:\/\/www.erun-tech.com\/vi\/product\/leidacaozongmoniqi","title":{"rendered":"M\u00e1y m\u00f4 ph\u1ecfng \u0111i\u1ec1u khi\u1ec3n radar"},"content":{"rendered":"<h2><\/h2>\n<h2 style=\"text-align: center;\">M\u00e1y m\u00f4 ph\u1ecfng \u0111i\u1ec1u khi\u1ec3n radar<\/h2>\n<p>&nbsp;<\/p>\n<div><strong>C\u01a1 s\u1edf ph\u00e1p l\u00fd: \"Quy \u0111\u1ecbnh v\u1ec1 qu\u1ea3n l\u00fd \u0111\u00e0o t\u1ea1o thuy\u1ec1n vi\u00ean c\u1ee7a C\u1ed9ng h\u00f2a Nh\u00e2n d\u00e2n Trung Hoa\" (Ngh\u1ecb \u0111\u1ecbnh s\u1ed1 5 n\u0103m 2019 c\u1ee7a B\u1ed9 Giao th\u00f4ng V\u1eadn t\u1ea3i)<\/strong><\/div>\n<div><strong>Ph\u00e2n lo\u1ea1i s\u1ea3n ph\u1ea9m: \u0110\u00e0o t\u1ea1o thuy\u1ec1n tr\u01b0\u1edfng, thuy\u1ec1n ph\u00f3, thuy\u1ec1n ph\u00f3 th\u1ee9 ba<br \/>\n<\/strong><\/div>\n<div><strong>T\u00ean s\u1ea3n ph\u1ea9m: M\u00e1y m\u00f4 ph\u1ecfng \u0111i\u1ec1u khi\u1ec3n radar<\/strong><\/div>\n<div><strong>Y\u00eau c\u1ea7u ch\u1ee9c n\u0103ng: \u0110\u00e1p \u1ee9ng y\u00eau c\u1ea7u c\u1ee7a ch\u01b0\u01a1ng tr\u00ecnh \u0111\u00e0o t\u1ea1o.<\/strong><\/div>\n<div><strong>S\u1ed1 l\u01b0\u1ee3ng quy \u0111\u1ecbnh: 1 b\u1ed9<\/strong><\/div>\n<div><\/div>\n<div>\n<p>T\u1ed1i thi\u1ec3u 5 radar tr\u00ean t\u00e0u, m\u1ed7i radar kh\u00f4ng qu\u00e1 4 ng\u01b0\u1eddi\/radar; v\u00e0 \u0111\u00e1p \u1ee9ng c\u00e1c ti\u00eau chu\u1ea9n hi\u1ec7u su\u1ea5t quy \u0111\u1ecbnh t\u1ea1i \u0110i\u1ec1u A-I\/12 c\u1ee7a C\u00f4ng \u01b0\u1edbc STCW \u0111\u00e3 \u0111\u01b0\u1ee3c s\u1eeda \u0111\u1ed5i; m\u1ed7i radar \u0111\u1ec1u c\u00f3 ch\u1ee9c n\u0103ng hi\u1ec3n th\u1ecb t\u1ef1 \u0111\u1ed9ng tr\u00ean radar; c\u00f3 th\u1ec3 th\u1ef1c hi\u1ec7n hu\u1ea5n luy\u1ec7n \u0111\u1ed1i kh\u00e1ng; \u0111\u01b0\u1ee3c trang b\u1ecb b\u00e0n b\u1ea3n \u0111\u1ed3, b\u1ea3n \u0111\u1ed3 v\u00e0 c\u00f4ng c\u1ee5 l\u00e0m vi\u1ec7c v\u1edbi b\u1ea3n \u0111\u1ed3 t\u01b0\u01a1ng \u1ee9ng. N\u1ebfu m\u00e1y m\u00f4 ph\u1ecfng radar trong m\u00e1y m\u00f4 ph\u1ecfng \u0111i\u1ec1u khi\u1ec3n t\u00e0u thuy\u1ec1n \u0111\u00e1p \u1ee9ng c\u00e1c ti\u00eau chu\u1ea9n hi\u1ec7u su\u1ea5t tr\u00ean, c\u00f3 th\u1ec3 thay th\u1ebf.<\/p>\n<\/div>","protected":false},"excerpt":{"rendered":"<p>\u96f7\u8fbe\u64cd\u7eb5\u6a21\u62df\u5668 &nbsp; \u6cd5\u5f8b\u4f9d\u636e\uff1a\u300a\u4e2d\u534e\u4eba\u6c11\u5171\u548c\u56fd\u8239\u5458\u57f9\u8bad\u7ba1\u7406\u89c4\u5219\u300b\uff08\u4ea4\u901a\u8fd0\u8f93\u90e8\u4ee4 2019 \u5e74\u7b2c 5 &hellip;<\/p>","protected":false},"featured_media":14789,"comment_status":"open","ping_status":"closed","template":"","meta":[],"product_brand":[],"product_cat":[307],"product_tag":[341,340,337,336,339,354],"class_list":{"0":"post-14788","1":"product","2":"type-product","3":"status-publish","4":"has-post-thumbnail","6":"product_cat-leidacaozongmoniqi","7":"product_tag-sanfu","8":"product_tag-dafu","9":"product_tag-chuanyuanpeixunneirong","10":"product_tag-chuanyuanpeixunshebei","11":"product_tag-chuanzhang","12":"product_tag-leidacaozongmoniqi","13":"description-off","15":"first","16":"instock","17":"taxable","18":"shipping-taxable","19":"purchasable","20":"product-type-simple"},"_links":{"self":[{"href":"http:\/\/www.erun-tech.com\/vi\/wp-json\/wp\/v2\/product\/14788","targetHints":{"allow":["GET"]}}],"collection":[{"href":"http:\/\/www.erun-tech.com\/vi\/wp-json\/wp\/v2\/product"}],"about":[{"href":"http:\/\/www.erun-tech.com\/vi\/wp-json\/wp\/v2\/types\/product"}],"replies":[{"embeddable":true,"href":"http:\/\/www.erun-tech.com\/vi\/wp-json\/wp\/v2\/comments?post=14788"}],"wp:featuredmedia":[{"embeddable":true,"href":"http:\/\/www.erun-tech.com\/vi\/wp-json\/wp\/v2\/media\/14789"}],"wp:attachment":[{"href":"http:\/\/www.erun-tech.com\/vi\/wp-json\/wp\/v2\/media?parent=14788"}],"wp:term":[{"taxonomy":"product_brand","embeddable":true,"href":"http:\/\/www.erun-tech.com\/vi\/wp-json\/wp\/v2\/product_brand?post=14788"},{"taxonomy":"product_cat","embeddable":true,"href":"http:\/\/www.erun-tech.com\/vi\/wp-json\/wp\/v2\/product_cat?post=14788"},{"taxonomy":"product_tag","embeddable":true,"href":"http:\/\/www.erun-tech.com\/vi\/wp-json\/wp\/v2\/product_tag?post=14788"}],"curies":[{"name":"wp","href":"https:\/\/api.w.org\/{rel}","templated":true}]}}