{"id":14790,"date":"2024-03-25T20:26:51","date_gmt":"2024-03-25T12:26:51","guid":{"rendered":"http:\/\/www.erun-tech.com\/?post_type=product&#038;p=14790"},"modified":"2024-03-27T22:21:47","modified_gmt":"2024-03-27T14:21:47","slug":"gmdssmoniqi","status":"publish","type":"product","link":"http:\/\/www.erun-tech.com\/vi\/product\/gmdssmoniqi","title":{"rendered":"M\u00f4 ph\u1ecfng GMDSS"},"content":{"rendered":"<h2><\/h2>\n<h2 style=\"text-align: center;\">M\u00f4 ph\u1ecfng GMDSS<\/h2>\n<p>&nbsp;<\/p>\n<div><strong>C\u01a1 s\u1edf ph\u00e1p l\u00fd: \"Quy \u0111\u1ecbnh v\u1ec1 qu\u1ea3n l\u00fd \u0111\u00e0o t\u1ea1o thuy\u1ec1n vi\u00ean c\u1ee7a C\u1ed9ng h\u00f2a Nh\u00e2n d\u00e2n Trung Hoa\" (Ngh\u1ecb \u0111\u1ecbnh s\u1ed1 5 n\u0103m 2019 c\u1ee7a B\u1ed9 Giao th\u00f4ng V\u1eadn t\u1ea3i)<\/strong><\/div>\n<div><strong>Ph\u00e2n lo\u1ea1i s\u1ea3n ph\u1ea9m: \u0110\u00e0o t\u1ea1o thuy\u1ec1n tr\u01b0\u1edfng, thuy\u1ec1n ph\u00f3, thuy\u1ec1n ph\u00f3 th\u1ee9 ba<br \/>\n<\/strong><\/div>\n<div><strong>\u4ea7\u54c1\u540d\u79f0\uff1aGMDSS\u6a21\u62df\u5668<\/strong><\/div>\n<div><strong>Y\u00eau c\u1ea7u ch\u1ee9c n\u0103ng: \u0110\u00e1p \u1ee9ng y\u00eau c\u1ea7u c\u1ee7a ch\u01b0\u01a1ng tr\u00ecnh \u0111\u00e0o t\u1ea1o.<\/strong><\/div>\n<div><strong>S\u1ed1 l\u01b0\u1ee3ng quy \u0111\u1ecbnh: 1 b\u1ed9<\/strong><\/div>\n<div><\/div>\n<div>\n<p>\u7531\u6559\u5e08\u673a\u548c 20 \u4e2a\u7ec8\u7aef\u7ec4\u6210\u7f51\u7edc\u3002<\/p>\n<p>GMDSS\u6a21\u62df\u8f6f\u4ef6\u5305\u542b\u5305\u542bVHF\u7cfb\u7edf\u3001M\/HF\u7cfb\u7edf\u3001MF\/HF DSC \u89e3\u8c03\u5668\u548c\u9047\u9669\u9891\u7387\u626b\u63cf\u63a5\u6536\u5668\u3001SAILOR RM2150MF\/HF DSC \u548c\u7535\u4f20\u89e3\u8c03\u5668,\u3001\u626b\u63cf\u63a5\u6536\u673a\u548c\u7535\u4f20\u673a\u7ec8\u7aefSAILOR RM2151\/H2098B\/H1253B\u3001Watch \u63a5\u6536\u673a 2182 kHz SAILOR R501\u3001NAVTEX \u63a5\u6536\u673a\u3001NAVTEX \u63a5\u6536\u673a NT900 (JMC)\u3001INMARSAT-B \u6d77\u4e8b\u536b\u661f\u8239\u7ad9\u3001INMARSAT-C \u6d77\u4e8b\u536b\u661f\u8239\u7ad9\u3001EGC\u63a5\u6536\u673a\u3001INMARSAT Fleet 77 \u6d77\u4e8b\u536b\u661fF\u7ad9T&amp;T TT-3084A\u3001INMARSAT Fleet \u5bbd\u9891\u3001INMARSAT mini-C SES\uff08EGC SAILOR TT-3000E\uff09\u548c Remote Alarm\/Distress Box SAILOR TT-3043CP.\u3001COSPAS-SARSAT System EPIRB E3 (McMurdo)\u3001COSPAS-SARSAT System EPIRB G5 Smart Find Plus (McMurdo) \u6a21\u62df\u3001\u96f7\u8fbe\u5e94\u7b54\u5668RT9 (McMurdo) \u6a21\u62df\u3001\u96f7\u8fbe\u5e94\u7b54\u5668\u6a21\u62df\u3001VHF \u65e0\u7ebf\u7535\u7ad9\u7528\u4e8e\u98de\u884c\u5668\u901a\u8bafTron-Air (Jotron)\u3001GPS \u63a5\u6536\u673a\u6a21\u62df\u3001Glonass \/GPS \u63a5\u6536\u673a\u6a21\u62df\u3001AIS Transponder \u6a21\u62df\u3001\u8b66\u62a5\u63a7\u5236\u9762\u677f\u6a21\u62df\u3001\u7535\u6c60\u6a21\u62df\u3001\u96f7\u8fbe\u9762\u677f\u6a21\u62df\u3001\u8239\u8236\u4fdd\u5b89\u62a5\u8b66\u7cfb\u7edf\u6a21\u62df\u3001\u65e0\u7ebf\u7535\u6d4b\u5411\u4eea\u6a21\u62df\u9762\u677f\u64cd\u4f5c\u529f\u80fd\u3002<\/p>\n<\/div>","protected":false},"excerpt":{"rendered":"<p>GMDSS\u6a21\u62df\u5668 &nbsp; \u6cd5\u5f8b\u4f9d\u636e\uff1a\u300a\u4e2d\u534e\u4eba\u6c11\u5171\u548c\u56fd\u8239\u5458\u57f9\u8bad\u7ba1\u7406\u89c4\u5219\u300b\uff08\u4ea4\u901a\u8fd0\u8f93\u90e8\u4ee4 2019 \u5e74\u7b2c 5&hellip;<\/p>","protected":false},"featured_media":14791,"comment_status":"open","ping_status":"closed","template":"","meta":[],"product_brand":[],"product_cat":[308,322],"product_tag":[355,356,341,340,337,336,339],"class_list":{"0":"post-14790","1":"product","2":"type-product","3":"status-publish","4":"has-post-thumbnail","6":"product_cat-mdssmoniqishixunshi","7":"product_cat-haishangjiaotonganquanjinengpeixun","8":"product_tag-gmdssmoniqi","9":"product_tag-gmdssmoniqishixunshi","10":"product_tag-sanfu","11":"product_tag-dafu","12":"product_tag-chuanyuanpeixunneirong","13":"product_tag-chuanyuanpeixunshebei","14":"product_tag-chuanzhang","15":"description-off","17":"first","18":"instock","19":"taxable","20":"shipping-taxable","21":"purchasable","22":"product-type-simple"},"_links":{"self":[{"href":"http:\/\/www.erun-tech.com\/vi\/wp-json\/wp\/v2\/product\/14790","targetHints":{"allow":["GET"]}}],"collection":[{"href":"http:\/\/www.erun-tech.com\/vi\/wp-json\/wp\/v2\/product"}],"about":[{"href":"http:\/\/www.erun-tech.com\/vi\/wp-json\/wp\/v2\/types\/product"}],"replies":[{"embeddable":true,"href":"http:\/\/www.erun-tech.com\/vi\/wp-json\/wp\/v2\/comments?post=14790"}],"wp:featuredmedia":[{"embeddable":true,"href":"http:\/\/www.erun-tech.com\/vi\/wp-json\/wp\/v2\/media\/14791"}],"wp:attachment":[{"href":"http:\/\/www.erun-tech.com\/vi\/wp-json\/wp\/v2\/media?parent=14790"}],"wp:term":[{"taxonomy":"product_brand","embeddable":true,"href":"http:\/\/www.erun-tech.com\/vi\/wp-json\/wp\/v2\/product_brand?post=14790"},{"taxonomy":"product_cat","embeddable":true,"href":"http:\/\/www.erun-tech.com\/vi\/wp-json\/wp\/v2\/product_cat?post=14790"},{"taxonomy":"product_tag","embeddable":true,"href":"http:\/\/www.erun-tech.com\/vi\/wp-json\/wp\/v2\/product_tag?post=14790"}],"curies":[{"name":"wp","href":"https:\/\/api.w.org\/{rel}","templated":true}]}}