{"id":14792,"date":"2024-03-25T20:41:44","date_gmt":"2024-03-25T12:41:44","guid":{"rendered":"http:\/\/www.erun-tech.com\/?post_type=product&#038;p=14792"},"modified":"2024-03-27T21:05:16","modified_gmt":"2024-03-27T13:05:16","slug":"guojihaishizuzhi1974nianguojihaishangrenminganquangongyue","status":"publish","type":"product","link":"http:\/\/www.erun-tech.com\/vi\/product\/guojihaishizuzhi1974nianguojihaishangrenminganquangongyue","title":{"rendered":"C\u00f4ng \u01b0\u1edbc qu\u1ed1c t\u1ebf v\u1ec1 an to\u00e0n sinh m\u1ea1ng tr\u00ean bi\u1ec3n n\u0103m 1974 c\u1ee7a T\u1ed5 ch\u1ee9c H\u00e0ng h\u1ea3i Qu\u1ed1c t\u1ebf"},"content":{"rendered":"<h2><\/h2>\n<h2 style=\"text-align: center;\">C\u00f4ng \u01b0\u1edbc qu\u1ed1c t\u1ebf v\u1ec1 an to\u00e0n sinh m\u1ea1ng tr\u00ean bi\u1ec3n n\u0103m 1974 c\u1ee7a T\u1ed5 ch\u1ee9c H\u00e0ng h\u1ea3i Qu\u1ed1c t\u1ebf<\/h2>\n<p>&nbsp;<\/p>\n<div><strong>C\u01a1 s\u1edf ph\u00e1p l\u00fd: \"Quy \u0111\u1ecbnh v\u1ec1 qu\u1ea3n l\u00fd \u0111\u00e0o t\u1ea1o thuy\u1ec1n vi\u00ean c\u1ee7a C\u1ed9ng h\u00f2a Nh\u00e2n d\u00e2n Trung Hoa\" (Ngh\u1ecb \u0111\u1ecbnh s\u1ed1 5 n\u0103m 2019 c\u1ee7a B\u1ed9 Giao th\u00f4ng V\u1eadn t\u1ea3i)<\/strong><\/div>\n<div><strong>Ph\u00e2n lo\u1ea1i s\u1ea3n ph\u1ea9m: \u0110\u00e0o t\u1ea1o thuy\u1ec1n tr\u01b0\u1edfng, thuy\u1ec1n ph\u00f3, thuy\u1ec1n ph\u00f3 th\u1ee9 ba<br \/>\n<\/strong><\/div>\n<div><strong>T\u00ean s\u1ea3n ph\u1ea9m: C\u00f4ng \u01b0\u1edbc qu\u1ed1c t\u1ebf v\u1ec1 an to\u00e0n sinh m\u1ea1ng tr\u00ean bi\u1ec3n n\u0103m 1974 c\u1ee7a T\u1ed5 ch\u1ee9c H\u00e0ng h\u1ea3i Qu\u1ed1c t\u1ebf<\/strong><\/div>\n<div><strong>Y\u00eau c\u1ea7u ch\u1ee9c n\u0103ng: \u0110\u00e1p \u1ee9ng y\u00eau c\u1ea7u c\u1ee7a ch\u01b0\u01a1ng tr\u00ecnh \u0111\u00e0o t\u1ea1o.<\/strong><\/div>\n<div><strong>S\u1ed1 l\u01b0\u1ee3ng quy \u0111\u1ecbnh: 1 b\u1ed9<\/strong><\/div>\n<div><\/div>\n<div>\n<p>\u2002H\u1ed9i \u0111\u1ed3ng An to\u00e0n H\u00e0ng h\u1ea3i c\u1ee7a T\u1ed5 ch\u1ee9c H\u00e0ng h\u1ea3i Qu\u1ed1c t\u1ebf (IMO) t\u1ea1i phi\u00ean h\u1ecdp th\u1ee9 101 \u0111\u00e3 th\u00f4ng qua Ngh\u1ecb quy\u1ebft MSC.456(101) s\u1eeda \u0111\u1ed5i C\u00f4ng \u01b0\u1edbc Qu\u1ed1c t\u1ebf v\u1ec1 An to\u00e0n H\u00e0ng h\u1ea3i n\u0103m 1974 (sau \u0111\u00e2y g\u1ecdi t\u1eaft l\u00e0 \"C\u00f4ng \u01b0\u1edbc An to\u00e0n\") v\u00e0 Ngh\u1ecb quy\u1ebft MSC.457(101) s\u1eeda \u0111\u1ed5i Quy t\u1eafc H\u1ec7 th\u1ed1ng An to\u00e0n Ph\u00f2ng ch\u00e1y Ch\u1eefa ch\u00e1y Qu\u1ed1c t\u1ebf (sau \u0111\u00e2y g\u1ecdi t\u1eaft l\u00e0 \"Quy t\u1eafc An to\u00e0n Ph\u00f2ng ch\u00e1y Ch\u1eefa ch\u00e1y\"). \u0111\u00e3 th\u00f4ng qua Ngh\u1ecb quy\u1ebft MSC.458(101) s\u1eeda \u0111\u1ed5i Quy t\u1eafc An to\u00e0n Qu\u1ed1c t\u1ebf cho T\u00e0u s\u1eed d\u1ee5ng Kh\u00ed ho\u1eb7c Nhi\u00ean li\u1ec7u c\u00f3 \u0110i\u1ec3m ch\u1edbp ch\u00e1y th\u1ea5p (sau \u0111\u00e2y g\u1ecdi t\u1eaft l\u00e0 \"Quy t\u1eafc Nhi\u00ean li\u1ec7u Kh\u00ed\"), v\u00e0 \u0111\u00e3 th\u00f4ng qua Ngh\u1ecb quy\u1ebft MSC.459(101) s\u1eeda \u0111\u1ed5i Quy t\u1eafc Thi\u1ebft b\u1ecb C\u1ee9u sinh Qu\u1ed1c t\u1ebf (sau \u0111\u00e2y g\u1ecdi t\u1eaft l\u00e0 \"Quy t\u1eafc Thi\u1ebft b\u1ecb C\u1ee9u sinh\").<\/p>\n<p>H\u1ed9i \u0111\u1ed3ng An to\u00e0n H\u00e0ng h\u1ea3i c\u1ee7a T\u1ed5 ch\u1ee9c H\u00e0ng h\u1ea3i Qu\u1ed1c t\u1ebf (IMO) \u0111\u00e3 th\u00f4ng qua Ngh\u1ecb quy\u1ebft MSC.474 (102) t\u1ea1i phi\u00ean h\u1ecdp th\u1ee9 102, trong \u0111\u00f3 ph\u00ea chu\u1ea9n c\u00e1c s\u1eeda \u0111\u1ed5i \u0111\u1ed1i v\u1edbi C\u00f4ng \u01b0\u1edbc An to\u00e0n, \u0111\u00e3 th\u00f4ng qua s\u1eeda \u0111\u1ed5i Quy t\u1eafc nhi\u00ean li\u1ec7u kh\u00ed b\u1eb1ng Ngh\u1ecb quy\u1ebft MSC.475 (102) v\u00e0 s\u1eeda \u0111\u1ed5i Quy t\u1eafc c\u1ea5u tr\u00fac v\u00e0 thi\u1ebft b\u1ecb t\u00e0u ch\u1edf kh\u00ed h\u00f3a l\u1ecfng v\u1eadn chuy\u1ec3n qu\u1ed1c t\u1ebf (sau \u0111\u00e2y g\u1ecdi l\u00e0 Quy t\u1eafc t\u00e0u ch\u1edf kh\u00ed qu\u1ed1c t\u1ebf) b\u1eb1ng Ngh\u1ecb quy\u1ebft MSC.476 (102).<\/p>\n<p>H\u1ed9i \u0111\u1ed3ng An to\u00e0n H\u00e0ng h\u1ea3i c\u1ee7a T\u1ed5 ch\u1ee9c H\u00e0ng h\u1ea3i Qu\u1ed1c t\u1ebf (IMO) \u0111\u00e3 th\u00f4ng qua c\u00e1c s\u1eeda \u0111\u1ed5i \u0111\u1ed1i v\u1edbi C\u00f4ng \u01b0\u1edbc An to\u00e0n b\u1eb1ng Ngh\u1ecb quy\u1ebft MSC.482 (103), c\u00e1c s\u1eeda \u0111\u1ed5i \u0111\u1ed1i v\u1edbi Quy t\u1eafc An to\u00e0n Ph\u00f2ng ch\u00e1y b\u1eb1ng Ngh\u1ecb quy\u1ebft MSC.484 (103) v\u00e0 c\u00e1c s\u1eeda \u0111\u1ed5i \u0111\u1ed1i v\u1edbi Quy t\u1eafc Thi\u1ebft b\u1ecb C\u1ee9u sinh b\u1eb1ng Ngh\u1ecb quy\u1ebft MSC.485 (103) t\u1ea1i phi\u00ean h\u1ecdp th\u1ee9 103 c\u1ee7a H\u1ed9i \u0111\u1ed3ng.<\/p>\n<p>H\u1ed9i \u0111\u1ed3ng An to\u00e0n H\u00e0ng h\u1ea3i c\u1ee7a T\u1ed5 ch\u1ee9c H\u00e0ng h\u1ea3i Qu\u1ed1c t\u1ebf (IMO) \u0111\u00e3 th\u00f4ng qua Ngh\u1ecb quy\u1ebft MSC.491 (104) \u0111\u00e3 th\u00f4ng qua Ngh\u1ecb \u0111\u1ecbnh th\u01b0 s\u1eeda \u0111\u1ed5i Ngh\u1ecb \u0111\u1ecbnh th\u01b0 1988 c\u1ee7a C\u00f4ng \u01b0\u1edbc qu\u1ed1c t\u1ebf v\u1ec1 \u0111\u01b0\u1eddng t\u1ea3i tr\u1ecdng n\u0103m 1966 (sau \u0111\u00e2y g\u1ecdi l\u00e0 Ngh\u1ecb \u0111\u1ecbnh th\u01b0 s\u1eeda \u0111\u1ed5i Ngh\u1ecb \u0111\u1ecbnh th\u01b0 1988 c\u1ee7a C\u00f4ng \u01b0\u1edbc v\u1ec1 \u0111\u01b0\u1eddng t\u1ea3i tr\u1ecdng) v\u00e0 b\u1eb1ng Ngh\u1ecb quy\u1ebft MSC.492 (104) \u0111\u00e3 th\u00f4ng qua Ngh\u1ecb \u0111\u1ecbnh th\u01b0 s\u1eeda \u0111\u1ed5i Quy t\u1eafc qu\u1ed1c t\u1ebf v\u1ec1 t\u00e0u ch\u1edf kh\u00ed.<\/p>\n<p>H\u1ed9i \u0111\u1ed3ng An to\u00e0n H\u00e0ng h\u1ea3i c\u1ee7a T\u1ed5 ch\u1ee9c H\u00e0ng h\u1ea3i Qu\u1ed1c t\u1ebf (IMO) t\u1ea1i phi\u00ean h\u1ecdp th\u1ee9 105 \u0111\u00e3 th\u00f4ng qua Ngh\u1ecb quy\u1ebft MSC.496 (105) v\u1ec1 vi\u1ec7c s\u1eeda \u0111\u1ed5i C\u00f4ng \u01b0\u1edbc An to\u00e0n v\u00e0 Ngh\u1ecb quy\u1ebft MSC.497 (105) v\u1ec1 vi\u1ec7c s\u1eeda \u0111\u1ed5i Ngh\u1ecb \u0111\u1ecbnh th\u01b0 1988 c\u1ee7a C\u00f4ng \u01b0\u1edbc Qu\u1ed1c t\u1ebf v\u1ec1 An to\u00e0n \u0110\u1eddi s\u1ed1ng tr\u00ean Bi\u1ec3n 1974 (sau \u0111\u00e2y g\u1ecdi t\u1eaft l\u00e0 \"Ngh\u1ecb \u0111\u1ecbnh th\u01b0 1988 c\u1ee7a C\u00f4ng \u01b0\u1edbc An to\u00e0n\"), \u0111\u00e3 th\u00f4ng qua s\u1eeda \u0111\u1ed5i Quy t\u1eafc An to\u00e0n Qu\u1ed1c t\u1ebf cho T\u00e0u cao t\u1ed1c n\u0103m 1994 b\u1eb1ng Ngh\u1ecb quy\u1ebft MSC.498 (105), s\u1eeda \u0111\u1ed5i Quy t\u1eafc An to\u00e0n Qu\u1ed1c t\u1ebf cho T\u00e0u cao t\u1ed1c n\u0103m 2000 b\u1eb1ng Ngh\u1ecb quy\u1ebft MSC.499 (105), s\u1eeda \u0111\u1ed5i Quy t\u1eafc V\u1eadn chuy\u1ec3n H\u00e0ng h\u00f3a R\u1eafn d\u1ea1ng S\u1ed1 l\u01b0\u1ee3ng L\u1edbn Qu\u1ed1c t\u1ebf b\u1eb1ng Ngh\u1ecb quy\u1ebft MSC.500 (105) v\u00e0 s\u1eeda \u0111\u1ed5i Quy t\u1eafc V\u1eadn chuy\u1ec3n H\u00e0ng h\u00f3a Nguy hi\u1ec3m Qu\u1ed1c t\u1ebf b\u1eb1ng Ngh\u1ecb quy\u1ebft MSC.501 (105) \u0111\u00e3 th\u00f4ng qua c\u00e1c s\u1eeda \u0111\u1ed5i \u0111\u1ed1i v\u1edbi Quy t\u1eafc v\u1eadn chuy\u1ec3n h\u00e0ng h\u00f3a nguy hi\u1ec3m qu\u1ed1c t\u1ebf.<\/p>\n<p>H\u1ed9i \u0111\u1ed3ng B\u1ea3o v\u1ec7 M\u00f4i tr\u01b0\u1eddng Bi\u1ec3n c\u1ee7a T\u1ed5 ch\u1ee9c H\u00e0ng h\u1ea3i Qu\u1ed1c t\u1ebf (IMO) \u0111\u00e3 th\u00f4ng qua Ngh\u1ecb quy\u1ebft MEPC.343(78) t\u1ea1i phi\u00ean h\u1ecdp th\u1ee9 78, trong \u0111\u00f3 ph\u00ea chu\u1ea9n c\u00e1c s\u1eeda \u0111\u1ed5i \u0111\u1ed1i v\u1edbi Ph\u1ee5 l\u1ee5c I c\u1ee7a Ngh\u1ecb \u0111\u1ecbnh th\u01b0 1978 c\u1ee7a C\u00f4ng \u01b0\u1edbc Qu\u1ed1c t\u1ebf n\u0103m 1973 v\u1ec1 Ph\u00f2ng ng\u1eeba \u00d4 nhi\u1ec5m do T\u00e0u bi\u1ec3n (sau \u0111\u00e2y g\u1ecdi t\u1eaft l\u00e0 \"C\u00f4ng \u01b0\u1edbc Ph\u00f2ng ng\u1eeba \u00d4 nhi\u1ec5m\") v\u00e0 th\u00f4ng qua Ngh\u1ecb quy\u1ebft MEPC.344(78) \u0111\u1ec3 ph\u00ea chu\u1ea9n c\u00e1c s\u1eeda \u0111\u1ed5i \u0111\u1ed1i v\u1edbi Ph\u1ee5 l\u1ee5c II c\u1ee7a C\u00f4ng \u01b0\u1edbc Ph\u00f2ng ng\u1eeba \u00d4 nhi\u1ec5m.<\/p>\n<p>H\u1ed9i \u0111\u1ed3ng Ti\u1ec7n l\u1ee3i V\u1eadn t\u1ea3i c\u1ee7a T\u1ed5 ch\u1ee9c H\u00e0ng h\u1ea3i Qu\u1ed1c t\u1ebf (IMO) \u0111\u00e3 th\u00f4ng qua Ngh\u1ecb quy\u1ebft FAL.14(46) t\u1ea1i phi\u00ean h\u1ecdp th\u1ee9 46, ph\u00ea chu\u1ea9n c\u00e1c s\u1eeda \u0111\u1ed5i \u0111\u1ed1i v\u1edbi C\u00f4ng \u01b0\u1edbc Ti\u1ec7n l\u1ee3i V\u1eadn t\u1ea3i Qu\u1ed1c t\u1ebf b\u1eb1ng \u0110\u01b0\u1eddng bi\u1ec3n n\u0103m 1965 (sau \u0111\u00e2y g\u1ecdi t\u1eaft l\u00e0 \u201cC\u00f4ng \u01b0\u1edbc Ti\u1ec7n l\u1ee3i V\u1eadn t\u1ea3i\u201d).<\/p>\n<p>Theo c\u00e1c quy \u0111\u1ecbnh li\u00ean quan c\u1ee7a C\u00f4ng \u01b0\u1edbc An to\u00e0n, Ngh\u1ecb \u0111\u1ecbnh th\u01b0 n\u0103m 1988 c\u1ee7a C\u00f4ng \u01b0\u1edbc An to\u00e0n, C\u00f4ng \u01b0\u1edbc Ph\u00f2ng ch\u1ed1ng \u00d4 nhi\u1ec5m v\u00e0 C\u00f4ng \u01b0\u1edbc Ti\u1ec7n l\u1ee3i V\u1eadn chuy\u1ec3n, Ngh\u1ecb quy\u1ebft MEPC.344(78) \u0111\u00e3 \u0111\u01b0\u1ee3c coi l\u00e0 \u0111\u01b0\u1ee3c ch\u1ea5p nh\u1eadn m\u1eb7c \u0111\u1ecbnh v\u00e0o ng\u00e0y 1 th\u00e1ng 5 n\u0103m 2023 v\u00e0 s\u1ebd c\u00f3 hi\u1ec7u l\u1ef1c t\u1eeb ng\u00e0y 1 th\u00e1ng 11 n\u0103m 2023; Ngh\u1ecb quy\u1ebft MSC.500(105) \u0111\u01b0\u1ee3c coi l\u00e0 \u0111\u00e3 \u0111\u01b0\u1ee3c ch\u1ea5p nh\u1eadn m\u1eb7c \u0111\u1ecbnh v\u00e0o ng\u00e0y 1 th\u00e1ng 6 n\u0103m 2023 v\u00e0 s\u1ebd c\u00f3 hi\u1ec7u l\u1ef1c t\u1eeb ng\u00e0y 1 th\u00e1ng 12 n\u0103m 2023; Ngh\u1ecb quy\u1ebft MSC.456(101), Ngh\u1ecb quy\u1ebft MSC.457(101), Ngh\u1ecb quy\u1ebft MSC.458(101), Ngh\u1ecb quy\u1ebft MSC.459(101), Ngh\u1ecb quy\u1ebft MSC.474(102), Ngh\u1ecb quy\u1ebft MSC.475(102), Ngh\u1ecb quy\u1ebft MSC.476 (102), Ngh\u1ecb quy\u1ebft MSC.482(103), Ngh\u1ecb quy\u1ebft MSC.484(103), Ngh\u1ecb quy\u1ebft MSC.485(103), Ngh\u1ecb quy\u1ebft MSC.491(104), Ngh\u1ecb quy\u1ebft MSC.492(104), Ngh\u1ecb quy\u1ebft MSC.496(105), Ngh\u1ecb quy\u1ebft MSC.497 (105), Ngh\u1ecb quy\u1ebft MSC.498(105), Ngh\u1ecb quy\u1ebft MSC.499(105), Ngh\u1ecb quy\u1ebft MSC.500(105) v\u00e0 Ngh\u1ecb quy\u1ebft MEPC.343(78) \u0111\u00e3 \u0111\u01b0\u1ee3c coi l\u00e0 \u0111\u01b0\u1ee3c ch\u1ea5p nh\u1eadn m\u1eb7c \u0111\u1ecbnh v\u00e0o ng\u00e0y 1 th\u00e1ng 7 n\u0103m 2023 v\u00e0 s\u1ebd c\u00f3 hi\u1ec7u l\u1ef1c t\u1eeb ng\u00e0y 1 th\u00e1ng 1 n\u0103m 2024; Ngh\u1ecb quy\u1ebft FAL.14 (46) \u0111\u00e3 \u0111\u01b0\u1ee3c coi l\u00e0 \u0111\u01b0\u1ee3c ch\u1ea5p nh\u1eadn m\u1eb7c \u0111\u1ecbnh v\u00e0o ng\u00e0y 1 th\u00e1ng 10 n\u0103m 2023 v\u00e0 s\u1ebd c\u00f3 hi\u1ec7u l\u1ef1c t\u1eeb ng\u00e0y 1 th\u00e1ng 1 n\u0103m 2024.<\/p>\n<p>N\u01b0\u1edbc ta l\u00e0 th\u00e0nh vi\u00ean c\u1ee7a C\u00f4ng \u01b0\u1edbc An to\u00e0n, Ngh\u1ecb \u0111\u1ecbnh th\u01b0 1988 c\u1ee7a C\u00f4ng \u01b0\u1edbc v\u1ec1 \u0110\u01b0\u1eddng t\u1ea3i tr\u1ecdng, Ngh\u1ecb \u0111\u1ecbnh th\u01b0 1988 c\u1ee7a C\u00f4ng \u01b0\u1edbc An to\u00e0n, C\u00f4ng \u01b0\u1edbc Ph\u00f2ng ch\u1ed1ng \u00f4 nhi\u1ec5m v\u00e0 C\u00f4ng \u01b0\u1edbc Ti\u1ec7n l\u1ee3i v\u1eadn chuy\u1ec3n. Sau khi c\u00e1c s\u1eeda \u0111\u1ed5i tr\u00ean \u0111\u01b0\u1ee3c th\u00f4ng qua, n\u01b0\u1edbc ta kh\u00f4ng \u0111\u01b0a ra \u00fd ki\u1ebfn ph\u1ea3n \u0111\u1ed1i, do \u0111\u00f3 c\u00e1c s\u1eeda \u0111\u1ed5i n\u00e0y c\u00f3 hi\u1ec7u l\u1ef1c r\u00e0ng bu\u1ed9c \u0111\u1ed1i v\u1edbi n\u01b0\u1edbc ta. Nay c\u00f4ng b\u1ed1 b\u1ea3n ti\u1ebfng Trung c\u1ee7a c\u00e1c s\u1eeda \u0111\u1ed5i, xin tu\u00e2n th\u1ee7 v\u00e0 th\u1ef1c hi\u1ec7n.<\/p>\n<\/div>","protected":false},"excerpt":{"rendered":"<p>\u56fd\u9645\u6d77\u4e8b\u7ec4\u7ec71974\u5e74\u56fd\u9645\u6d77\u4e0a\u4eba\u547d\u5b89\u5168\u516c\u7ea6 &nbsp; \u6cd5\u5f8b\u4f9d\u636e\uff1a\u300a\u4e2d\u534e\u4eba\u6c11\u5171\u548c\u56fd\u8239\u5458\u57f9\u8bad\u7ba1\u7406\u89c4\u5219\u300b\uff08\u4ea4\u901a\u8fd0&hellip;<\/p>","protected":false},"featured_media":14793,"comment_status":"open","ping_status":"closed","template":"","meta":[],"product_brand":[],"product_cat":[308],"product_tag":[355,356,341,340,337,336,339],"class_list":{"0":"post-14792","1":"product","2":"type-product","3":"status-publish","4":"has-post-thumbnail","6":"product_cat-mdssmoniqishixunshi","7":"product_tag-gmdssmoniqi","8":"product_tag-gmdssmoniqishixunshi","9":"product_tag-sanfu","10":"product_tag-dafu","11":"product_tag-chuanyuanpeixunneirong","12":"product_tag-chuanyuanpeixunshebei","13":"product_tag-chuanzhang","14":"description-off","16":"first","17":"instock","18":"taxable","19":"shipping-taxable","20":"purchasable","21":"product-type-simple"},"_links":{"self":[{"href":"http:\/\/www.erun-tech.com\/vi\/wp-json\/wp\/v2\/product\/14792","targetHints":{"allow":["GET"]}}],"collection":[{"href":"http:\/\/www.erun-tech.com\/vi\/wp-json\/wp\/v2\/product"}],"about":[{"href":"http:\/\/www.erun-tech.com\/vi\/wp-json\/wp\/v2\/types\/product"}],"replies":[{"embeddable":true,"href":"http:\/\/www.erun-tech.com\/vi\/wp-json\/wp\/v2\/comments?post=14792"}],"wp:featuredmedia":[{"embeddable":true,"href":"http:\/\/www.erun-tech.com\/vi\/wp-json\/wp\/v2\/media\/14793"}],"wp:attachment":[{"href":"http:\/\/www.erun-tech.com\/vi\/wp-json\/wp\/v2\/media?parent=14792"}],"wp:term":[{"taxonomy":"product_brand","embeddable":true,"href":"http:\/\/www.erun-tech.com\/vi\/wp-json\/wp\/v2\/product_brand?post=14792"},{"taxonomy":"product_cat","embeddable":true,"href":"http:\/\/www.erun-tech.com\/vi\/wp-json\/wp\/v2\/product_cat?post=14792"},{"taxonomy":"product_tag","embeddable":true,"href":"http:\/\/www.erun-tech.com\/vi\/wp-json\/wp\/v2\/product_tag?post=14792"}],"curies":[{"name":"wp","href":"https:\/\/api.w.org\/{rel}","templated":true}]}}