{"id":14794,"date":"2024-03-25T20:46:00","date_gmt":"2024-03-25T12:46:00","guid":{"rendered":"http:\/\/www.erun-tech.com\/?post_type=product&#038;p=14794"},"modified":"2024-03-27T21:05:25","modified_gmt":"2024-03-27T13:05:25","slug":"guojidianxunlianmengwuxiandianguizehuohaishangyidongyewushiyongshouce","status":"publish","type":"product","link":"http:\/\/www.erun-tech.com\/vi\/product\/guojidianxunlianmengwuxiandianguizehuohaishangyidongyewushiyongshouce","title":{"rendered":"Quy t\u1eafc v\u00f4 tuy\u1ebfn c\u1ee7a Li\u00ean minh Vi\u1ec5n th\u00f4ng Qu\u1ed1c t\u1ebf ho\u1eb7c S\u1ed5 tay H\u01b0\u1edbng d\u1eabn Th\u1ef1c h\u00e0nh D\u1ecbch v\u1ee5 Di \u0111\u1ed9ng H\u00e0ng h\u1ea3i"},"content":{"rendered":"<h2><\/h2>\n<h2 style=\"text-align: center;\">Quy t\u1eafc v\u00f4 tuy\u1ebfn c\u1ee7a Li\u00ean minh Vi\u1ec5n th\u00f4ng Qu\u1ed1c t\u1ebf ho\u1eb7c S\u1ed5 tay H\u01b0\u1edbng d\u1eabn Th\u1ef1c h\u00e0nh D\u1ecbch v\u1ee5 Di \u0111\u1ed9ng H\u00e0ng h\u1ea3i<\/h2>\n<p>&nbsp;<\/p>\n<div><strong>C\u01a1 s\u1edf ph\u00e1p l\u00fd: \"Quy \u0111\u1ecbnh v\u1ec1 qu\u1ea3n l\u00fd \u0111\u00e0o t\u1ea1o thuy\u1ec1n vi\u00ean c\u1ee7a C\u1ed9ng h\u00f2a Nh\u00e2n d\u00e2n Trung Hoa\" (Ngh\u1ecb \u0111\u1ecbnh s\u1ed1 5 n\u0103m 2019 c\u1ee7a B\u1ed9 Giao th\u00f4ng V\u1eadn t\u1ea3i)<\/strong><\/div>\n<div><strong>Ph\u00e2n lo\u1ea1i s\u1ea3n ph\u1ea9m: \u0110\u00e0o t\u1ea1o thuy\u1ec1n tr\u01b0\u1edfng, thuy\u1ec1n ph\u00f3, thuy\u1ec1n ph\u00f3 th\u1ee9 ba<br \/>\n<\/strong><\/div>\n<div><strong>\u4ea7\u54c1\u540d\u79f0\uff1a\u56fd\u9645\u7535\u8baf\u8054\u76df\u300a\u65e0\u7ebf\u7535\u89c4\u5219\u300b\u6216\u300a\u6d77\u4e0a\u79fb\u52a8\u4e1a\u52a1\u5b9e\u7528\u624b\u518c\u300b<\/strong><\/div>\n<div><strong>Y\u00eau c\u1ea7u ch\u1ee9c n\u0103ng: \u0110\u00e1p \u1ee9ng y\u00eau c\u1ea7u c\u1ee7a ch\u01b0\u01a1ng tr\u00ecnh \u0111\u00e0o t\u1ea1o.<\/strong><\/div>\n<div><strong>S\u1ed1 l\u01b0\u1ee3ng quy \u0111\u1ecbnh: 1 b\u1ed9<\/strong><\/div>\n<div><\/div>\n<div>\n<p>\u0110i\u1ec1u ki\u1ec7n gi\u1ea3ng d\u1ea1y c\u1ee7a kh\u00f3a h\u1ecdc n\u00e0y ph\u1ea3i tu\u00e2n th\u1ee7 c\u00e1c y\u00eau c\u1ea7u v\u1ec1 \u0111\u1ecba \u0111i\u1ec3m \u0111\u00e0o t\u1ea1o nh\u00e2n vi\u00ean v\u1eadn h\u00e0nh chung GMDSS c\u1ee7a C\u1ee5c H\u00e0ng h\u1ea3i Trung Qu\u1ed1c.<\/p>\n<p>Y\u00eau c\u1ea7u v\u1ec1 thi\u1ebft b\u1ecb v\u00e0 \u0111\u1ed9i ng\u0169 gi\u1ea3ng vi\u00ean.<\/p>\n<p>1.\u2002 Khu v\u1ef1c gi\u1ea3ng d\u1ea1y c\u1ea7n c\u00f3 ph\u00f2ng h\u1ecdc l\u00fd thuy\u1ebft \u0111a ph\u01b0\u01a1ng ti\u1ec7n v\u00e0 ph\u00f2ng \u0111\u00e0o t\u1ea1o s\u1eed d\u1ee5ng thi\u1ebft b\u1ecb li\u00ean l\u1ea1c th\u1ef1c t\u1ebf v\u00e0 m\u00f4 ph\u1ecfng.<\/p>\n<p>2.\u2002 Thi\u1ebft b\u1ecb gi\u1ea3ng d\u1ea1y v\u00e0 m\u00f4 ph\u1ecfng ph\u1ea3i c\u00f3 tr\u1ea1m t\u00e0u Inmarsat-C, tr\u1ea1m t\u00e0u Inmarsat-F, thi\u1ebft b\u1ecb MF\/HF,<\/p>\n<p>Thi\u1ebft b\u1ecb VHF, m\u00e1y thu NAVTEX, m\u00e1y thu fax th\u1eddi ti\u1ebft, EPIRB, SART, m\u00e1y thu ph\u00e1t VHF c\u1ea7m tay hai chi\u1ec1u, v.v.<\/p>\n<p>Thi\u1ebft b\u1ecb th\u1ef1c t\u1ebf v\u00e0 pin d\u1ef1 ph\u00f2ng cho t\u00e0u thuy\u1ec1n. C\u00f3 h\u1ec7 th\u1ed1ng m\u1ea1ng \u0111\u01b0\u1ee3c C\u1ee5c H\u00e0ng h\u1ea3i c\u00f4ng nh\u1eadn, bao g\u1ed3m m\u00e1y ch\u1ee7 v\u00e0 20 thi\u1ebft b\u1ecb \u0111\u1ea7u cu\u1ed1i k\u1ebft n\u1ed1i v\u1edbi nhau.<\/p>\n<p>M\u00f4 ph\u1ecfng GMDSS tr\u00ean m\u1ea1ng.<\/p>\n<p>3.\u2002 T\u00e0i li\u1ec7u ph\u1ea3i \u0111\u00e1p \u1ee9ng c\u00e1c y\u00eau c\u1ea7u c\u1ee7a C\u00f4ng \u01b0\u1edbc Qu\u1ed1c t\u1ebf v\u1ec1 An to\u00e0n \u0110\u1eddi s\u1ed1ng tr\u00ean Bi\u1ec3n n\u0103m 1974 c\u1ee7a T\u1ed5 ch\u1ee9c H\u00e0ng h\u1ea3i Qu\u1ed1c t\u1ebf (IMO) v\u00e0 C\u00f4ng \u01b0\u1edbc Qu\u1ed1c t\u1ebf v\u1ec1 Vi\u1ec5n th\u00f4ng H\u00e0ng h\u1ea3i (GMDSS).<\/p>\n<p>Li\u00ean minh Vi\u1ec5n th\u00f4ng Qu\u1ed1c t\u1ebf (ITU) \"Quy t\u1eafc v\u00f4 tuy\u1ebfn\" ho\u1eb7c \"S\u1ed5 tay th\u1ef1c h\u00e0nh d\u1ecbch v\u1ee5 di \u0111\u1ed9ng tr\u00ean bi\u1ec3n\", B\u1ea3ng t\u1ea7n s\u1ed1 \u0111\u00e0i ph\u00e1t thanh t\u00e0u bi\u1ec3n, B\u1ea3ng t\u1ea7n s\u1ed1 \u0111\u00e0i ph\u00e1t thanh b\u1edd bi\u1ec3n,<\/p>\n<p>\u300aNh\u1eadt k\u00fd l\u00e0m vi\u1ec7c c\u1ee7a \u0111\u00e0i ph\u00e1t thanh\u300b, Khung ch\u01b0\u01a1ng tr\u00ecnh thi v\u00e0 ti\u00eau chu\u1ea9n \u0111\u00e1nh gi\u00e1 GMDSS, B\u1ea3ng t\u00edn hi\u1ec7u v\u00f4 tuy\u1ebfn h\u00e0ng h\u1ea3i (S\u1ed1 1, 3,<\/p>\n<p>(5 cu\u1ed1n) v\u00e0 c\u00e1c t\u00e0i li\u1ec7u nh\u01b0 \"Bi\u1ec3u m\u1eabu ghi ch\u00e9p th\u1ef1c h\u00e0nh GMDSS\".<\/p>\n<p>4.\u2002 Gi\u1ea3ng vi\u00ean ph\u1ea3i \u0111\u00e1p \u1ee9ng c\u00e1c \u0111i\u1ec1u ki\u1ec7n sau: \u2460\u2002 Ho\u00e0n th\u00e0nh kh\u00f3a \u0111\u00e0o t\u1ea1o v\u1eadn h\u00e0nh GMDSS do C\u1ee5c H\u00e0ng h\u1ea3i Trung Qu\u1ed1c t\u1ed5 ch\u1ee9c.<\/p>\n<p>\u0110\u00e0o t\u1ea1o gi\u00e1o vi\u00ean; \u2461 T\u1ed1t nghi\u1ec7p chuy\u00ean ng\u00e0nh li\u00ean quan \u0111\u1ebfn vi\u1ec5n th\u00f4ng, \u0111i\u1ec7n t\u1eed, c\u00f3 b\u1eb1ng c\u1eed nh\u00e2n tr\u1edf l\u00ean, c\u1ea5p \u0111\u1ed9 s\u01a1 c\u1ea5p<\/p>\n<p>\u0110\u1ea1t ch\u1ee9c danh chuy\u00ean m\u00f4n, c\u00f3 \u00edt nh\u1ea5t 6 th\u00e1ng kinh nghi\u1ec7m th\u1ef1c t\u1eadp gi\u1ea3ng d\u1ea1y v\u1ec1 ki\u1ebfn th\u1ee9c v\u00e0 v\u1eadn h\u00e0nh h\u1ec7 th\u1ed1ng GMDSS ho\u1eb7c c\u00f3 \u00edt nh\u1ea5t<\/p>\n<p>C\u00f3 kinh nghi\u1ec7m th\u1ef1c t\u1eadp truy\u1ec1n th\u00f4ng h\u00e0ng h\u1ea3i trong 3 th\u00e1ng v\u00e0 \u0111\u00e3 v\u01b0\u1ee3t qua k\u1ef3 thi v\u00e0 \u0111\u00e1nh gi\u00e1 GMDSS cho nh\u00e2n vi\u00ean v\u1eadn h\u00e0nh chung; ho\u1eb7c c\u00f3 ch\u1ee9ng ch\u1ec9<\/p>\n<p>Ch\u1ee9ng ch\u1ec9 Thuy\u1ec1n vi\u00ean \u0110i\u1ec7n t\u1eed H\u1ea1ng 1 v\u00e0 H\u1ea1ng 2, \u0111\u1ed3ng th\u1eddi c\u00f3 \u00edt nh\u1ea5t 6 th\u00e1ng kinh nghi\u1ec7m gi\u1ea3ng d\u1ea1y v\u1ec1 ki\u1ebfn th\u1ee9c v\u00e0 v\u1eadn h\u00e0nh h\u1ec7 th\u1ed1ng GMDSS.<\/p>\n<p>Kinh nghi\u1ec7m th\u1ef1c t\u1eadp; ho\u1eb7c b\u1eb1ng c\u1eed nh\u00e2n chuy\u00ean ng\u00e0nh h\u00e0ng h\u1ea3i tr\u1edf l\u00ean v\u00e0 c\u00f3 ch\u1ee9ng ch\u1ec9 thuy\u1ec1n ph\u00f3 h\u1ea1ng A tr\u1edf l\u00ean.<\/p>\n<p>Ch\u1ee9ng ch\u1ec9 v\u1eadn h\u00e0nh GMDSS h\u1ee3p l\u1ec7, c\u00f3 ki\u1ebfn th\u1ee9c v\u00e0 kinh nghi\u1ec7m v\u1eadn h\u00e0nh h\u1ec7 th\u1ed1ng GMDSS \u00edt nh\u1ea5t 6 th\u00e1ng.<\/p>\n<p>Kinh nghi\u1ec7m th\u1ef1c t\u1eadp.<\/p>\n<\/div>","protected":false},"excerpt":{"rendered":"<p>\u56fd\u9645\u7535\u8baf\u8054\u76df\u300a\u65e0\u7ebf\u7535\u89c4\u5219\u300b\u6216\u300a\u6d77\u4e0a\u79fb\u52a8\u4e1a\u52a1\u5b9e\u7528\u624b\u518c\u300b &nbsp; \u6cd5\u5f8b\u4f9d\u636e\uff1a\u300a\u4e2d\u534e\u4eba\u6c11\u5171\u548c\u56fd\u8239\u5458\u57f9\u8bad\u7ba1\u7406\u89c4\u5219&hellip;<\/p>","protected":false},"featured_media":14505,"comment_status":"open","ping_status":"closed","template":"","meta":[],"product_brand":[],"product_cat":[308],"product_tag":[355,356,341,340,337,336,339],"class_list":{"0":"post-14794","1":"product","2":"type-product","3":"status-publish","4":"has-post-thumbnail","6":"product_cat-mdssmoniqishixunshi","7":"product_tag-gmdssmoniqi","8":"product_tag-gmdssmoniqishixunshi","9":"product_tag-sanfu","10":"product_tag-dafu","11":"product_tag-chuanyuanpeixunneirong","12":"product_tag-chuanyuanpeixunshebei","13":"product_tag-chuanzhang","14":"description-off","16":"first","17":"instock","18":"taxable","19":"shipping-taxable","20":"purchasable","21":"product-type-simple"},"_links":{"self":[{"href":"http:\/\/www.erun-tech.com\/vi\/wp-json\/wp\/v2\/product\/14794","targetHints":{"allow":["GET"]}}],"collection":[{"href":"http:\/\/www.erun-tech.com\/vi\/wp-json\/wp\/v2\/product"}],"about":[{"href":"http:\/\/www.erun-tech.com\/vi\/wp-json\/wp\/v2\/types\/product"}],"replies":[{"embeddable":true,"href":"http:\/\/www.erun-tech.com\/vi\/wp-json\/wp\/v2\/comments?post=14794"}],"wp:featuredmedia":[{"embeddable":true,"href":"http:\/\/www.erun-tech.com\/vi\/wp-json\/wp\/v2\/media\/14505"}],"wp:attachment":[{"href":"http:\/\/www.erun-tech.com\/vi\/wp-json\/wp\/v2\/media?parent=14794"}],"wp:term":[{"taxonomy":"product_brand","embeddable":true,"href":"http:\/\/www.erun-tech.com\/vi\/wp-json\/wp\/v2\/product_brand?post=14794"},{"taxonomy":"product_cat","embeddable":true,"href":"http:\/\/www.erun-tech.com\/vi\/wp-json\/wp\/v2\/product_cat?post=14794"},{"taxonomy":"product_tag","embeddable":true,"href":"http:\/\/www.erun-tech.com\/vi\/wp-json\/wp\/v2\/product_tag?post=14794"}],"curies":[{"name":"wp","href":"https:\/\/api.w.org\/{rel}","templated":true}]}}