{"id":14801,"date":"2024-03-25T21:12:11","date_gmt":"2024-03-25T13:12:11","guid":{"rendered":"http:\/\/www.erun-tech.com\/?post_type=product&#038;p=14801"},"modified":"2024-03-27T20:35:38","modified_gmt":"2024-03-27T12:35:38","slug":"quanqiudingweixitongjieshouji","status":"publish","type":"product","link":"http:\/\/www.erun-tech.com\/vi\/product\/quanqiudingweixitongjieshouji","title":{"rendered":"Thi\u1ebft b\u1ecb thu t\u00edn hi\u1ec7u GPS"},"content":{"rendered":"<h2><\/h2>\n<h2 style=\"text-align: center;\">Thi\u1ebft b\u1ecb thu t\u00edn hi\u1ec7u GPS<\/h2>\n<div><strong>C\u01a1 s\u1edf ph\u00e1p l\u00fd: \"Quy \u0111\u1ecbnh v\u1ec1 qu\u1ea3n l\u00fd \u0111\u00e0o t\u1ea1o thuy\u1ec1n vi\u00ean c\u1ee7a C\u1ed9ng h\u00f2a Nh\u00e2n d\u00e2n Trung Hoa\" (Ngh\u1ecb \u0111\u1ecbnh s\u1ed1 5 n\u0103m 2019 c\u1ee7a B\u1ed9 Giao th\u00f4ng V\u1eadn t\u1ea3i)<\/strong><\/div>\n<div><strong>Ph\u00e2n lo\u1ea1i s\u1ea3n ph\u1ea9m: Thi\u1ebft b\u1ecb h\u00e0ng h\u1ea3i<br \/>\n<\/strong><\/div>\n<div><strong>\u4ea7\u54c1\u540d\u79f0\uff1a\u5168\u7403\u5b9a\u4f4d\u7cfb\u7edf\u63a5\u6536\u673a<\/strong><\/div>\n<div><strong>Y\u00eau c\u1ea7u ch\u1ee9c n\u0103ng: \u0110\u00e1p \u1ee9ng y\u00eau c\u1ea7u c\u1ee7a ch\u01b0\u01a1ng tr\u00ecnh \u0111\u00e0o t\u1ea1o.<\/strong><\/div>\n<div><strong>S\u1ed1 l\u01b0\u1ee3ng quy \u0111\u1ecbnh: 4 chi\u1ebfc<\/strong><\/div>\n<div><\/div>\n<div>\n<p>\u5168\u65b0\u8bbe\u8ba1\u7684GPS\u82af\u7247\u548c\u5929\u7ebf\u5355\u5143\uff0c\u63d0\u9ad8\u4e86\u5b9a\u4f4d\u7684\u7a33\u5b9a\u6027\u548c\u7cbe\u5ea6<\/p>\n<p>GPS \u63a5\u6536\u5668\u82af\u7247\u4e2d\u96c6\u6210\u4e86\u589e\u5f3a\u578b\u566a\u58f0\u6291\u5236\u529f\u80fd\uff0c\u53ef\u5bf9\u591a\u5f84\u6291\u5236\u63d0\u4f9b\u9ad8\u6c34\u5e73\u7684\u5bb9\u5fcd\u5ea6\u3002\u6b64\u5916\uff0c\u5f53\u4f7f\u7528\u5929\u7ebf\u5355\u5143\u65f6\uff0c\u589e\u5f3a\u4e86\u5bf9\u591a\u5f84\u6291\u5236\u7684\u5bb9\u5fcd\u5ea6\u3002<\/p>\n<p>\u25b6\u901a\u8fc7\u5229\u7528 SBAS\uff08\u536b\u661f\u589e\u5f3a\u7cfb\u7edf\uff09\u3001DGNSS\uff08\u5dee\u5206\u5168\u7403\u5bfc\u822a\u536b\u661f\u7cfb\u7edf\uff09\u548c SLAS\uff08\u4e9a\u7c73\u7ea7\u589e\u5f3a\u670d\u52a1\uff09\u589e\u5f3a\u7cbe\u5ea6<\/p>\n<p>\u25b6\u00a010 Hz \u4f4d\u7f6e\u66f4\u65b0\u7387\uff08\u6bcf 0.1 \u79d2\u66f4\u65b0\u4e00\u6b21\u4f4d\u7f6e\uff09\u4f7f\u7a33\u5b9a\u7684\u672c\u8239\u4f4d\u7f6e\u8ddf\u8e2a\u6210\u4e3a\u53ef\u80fd<\/p>\n<p>\u25b6\u524d\u9762\u677f\u4e0a\u63d0\u4f9b USB \u7aef\u53e3<\/p>\n<p>\u8def\u7531\u6570\u636e\u3001\u83dc\u5355\u8bbe\u7f6e\u3001\u7528\u6237\u8bbe\u7f6e\u53ef\u901a\u8fc7U\u76d8\u5bfc\u51fa\/\u5bfc\u5165<\/p>\n<p>\u25b6\u53cc\u91cd\u5907\u4efd\u914d\u7f6e\uff0c\u786e\u4fdd\u7cfb\u7edf\u53ef\u7528\u6027<\/p>\n<p>\u4e00\u4e2a\u5355\u5143\u4e0a\u7684\u64cd\u4f5c\u5458\u8bbe\u7f6e\u7684\u6709\u5173\u822a\u8def\u70b9\u3001\u8def\u7ebf\u548c\u5176\u4ed6\u6570\u636e\u7684\u4fe1\u606f\u53ef\u4ee5\u4e0e\u5176\u4ed6\u5355\u5143\u5171\u4eab\u4ee5\u8fdb\u884c\u529f\u80fd\u5907\u4efd<\/p>\n<p>\u25b6\u00a0BAM\uff08\u6865\u6881\u8b66\u62a5\u7ba1\u7406\uff09\u5c31\u7eea<\/p>\n<p>\u6ee1\u8db3 IMO MSC.302 (87) \u4e2d\u5bf9\u6865\u6881\u8b66\u62a5\u7ba1\u7406\u7684\u8b66\u62a5\u548c\u4e92\u8fde\u7684\u7279\u5b9a\u8981\u6c42<\/p>\n<p>\u25b6\u00a0LAN \u63a5\u53e3\uff0c\u53ef\u5c06\u7f51\u7edc\u9ad8\u6548\u96c6\u6210\u5230\u6865\u63a5\u7cfb\u7edf\u4e2d<\/p>\n<p>GP-170 \u5b8c\u5168\u517c\u5bb9\u8f7b\u578b\u4ee5\u592a\u7f51 (IEC 61162-450)<\/p>\n<p>\u25b6\u00a05.7&#8243; \u5f69\u8272 LCD\uff08640 x 480 \u50cf\u7d20\uff09\u7528\u4e8e\u6570\u636e\u53ef\u89c6\u5316<\/p>\n<\/div>","protected":false},"excerpt":{"rendered":"<p>\u5168\u7403\u5b9a\u4f4d\u7cfb\u7edf\u63a5\u6536\u673a \u6cd5\u5f8b\u4f9d\u636e\uff1a\u300a\u4e2d\u534e\u4eba\u6c11\u5171\u548c\u56fd\u8239\u5458\u57f9\u8bad\u7ba1\u7406\u89c4\u5219\u300b\uff08\u4ea4\u901a\u8fd0\u8f93\u90e8\u4ee4 2019 \u5e74\u7b2c 5 \u53f7\uff09 \u4ea7\u54c1&hellip;<\/p>","protected":false},"featured_media":14802,"comment_status":"open","ping_status":"closed","template":"","meta":[],"product_brand":[],"product_cat":[309],"product_tag":[341,363,340,362,337,336,339,361],"class_list":{"0":"post-14801","1":"product","2":"type-product","3":"status-publish","4":"has-post-thumbnail","6":"product_cat-tongxindaohangshixunshi","7":"product_tag-sanfu","8":"product_tag-quanqiudingweixitongjieshouji","9":"product_tag-dafu","10":"product_tag-hanghaiyiqi","11":"product_tag-chuanyuanpeixunneirong","12":"product_tag-chuanyuanpeixunshebei","13":"product_tag-chuanzhang","14":"product_tag-tongxindaohangshixunshi","15":"description-off","17":"first","18":"instock","19":"taxable","20":"shipping-taxable","21":"purchasable","22":"product-type-simple"},"_links":{"self":[{"href":"http:\/\/www.erun-tech.com\/vi\/wp-json\/wp\/v2\/product\/14801","targetHints":{"allow":["GET"]}}],"collection":[{"href":"http:\/\/www.erun-tech.com\/vi\/wp-json\/wp\/v2\/product"}],"about":[{"href":"http:\/\/www.erun-tech.com\/vi\/wp-json\/wp\/v2\/types\/product"}],"replies":[{"embeddable":true,"href":"http:\/\/www.erun-tech.com\/vi\/wp-json\/wp\/v2\/comments?post=14801"}],"wp:featuredmedia":[{"embeddable":true,"href":"http:\/\/www.erun-tech.com\/vi\/wp-json\/wp\/v2\/media\/14802"}],"wp:attachment":[{"href":"http:\/\/www.erun-tech.com\/vi\/wp-json\/wp\/v2\/media?parent=14801"}],"wp:term":[{"taxonomy":"product_brand","embeddable":true,"href":"http:\/\/www.erun-tech.com\/vi\/wp-json\/wp\/v2\/product_brand?post=14801"},{"taxonomy":"product_cat","embeddable":true,"href":"http:\/\/www.erun-tech.com\/vi\/wp-json\/wp\/v2\/product_cat?post=14801"},{"taxonomy":"product_tag","embeddable":true,"href":"http:\/\/www.erun-tech.com\/vi\/wp-json\/wp\/v2\/product_tag?post=14801"}],"curies":[{"name":"wp","href":"https:\/\/api.w.org\/{rel}","templated":true}]}}