{"id":14814,"date":"2024-03-25T21:49:27","date_gmt":"2024-03-25T13:49:27","guid":{"rendered":"http:\/\/www.erun-tech.com\/?post_type=product&#038;p=14814"},"modified":"2024-03-27T20:36:31","modified_gmt":"2024-03-27T12:36:31","slug":"chuanbozidongshibiexitongchuantai","status":"publish","type":"product","link":"http:\/\/www.erun-tech.com\/vi\/product\/chuanbozidongshibiexitongchuantai","title":{"rendered":"H\u1ec7 th\u1ed1ng nh\u1eadn d\u1ea1ng t\u1ef1 \u0111\u1ed9ng t\u00e0u thuy\u1ec1n"},"content":{"rendered":"<h2><\/h2>\n<h2 style=\"text-align: center;\">H\u1ec7 th\u1ed1ng nh\u1eadn d\u1ea1ng t\u1ef1 \u0111\u1ed9ng t\u00e0u thuy\u1ec1n<\/h2>\n<div><strong>C\u01a1 s\u1edf ph\u00e1p l\u00fd: \"Quy \u0111\u1ecbnh v\u1ec1 qu\u1ea3n l\u00fd \u0111\u00e0o t\u1ea1o thuy\u1ec1n vi\u00ean c\u1ee7a C\u1ed9ng h\u00f2a Nh\u00e2n d\u00e2n Trung Hoa\" (Ngh\u1ecb \u0111\u1ecbnh s\u1ed1 5 n\u0103m 2019 c\u1ee7a B\u1ed9 Giao th\u00f4ng V\u1eadn t\u1ea3i)<\/strong><\/div>\n<div><strong>Ph\u00e2n lo\u1ea1i s\u1ea3n ph\u1ea9m: Thi\u1ebft b\u1ecb h\u00e0ng h\u1ea3i<br \/>\n<\/strong><\/div>\n<div><strong>T\u00ean s\u1ea3n ph\u1ea9m: H\u1ec7 th\u1ed1ng nh\u1eadn d\u1ea1ng t\u1ef1 \u0111\u1ed9ng t\u00e0u bi\u1ec3n<\/strong><\/div>\n<div><strong>Y\u00eau c\u1ea7u ch\u1ee9c n\u0103ng: \u0110\u00e1p \u1ee9ng y\u00eau c\u1ea7u c\u1ee7a ch\u01b0\u01a1ng tr\u00ecnh \u0111\u00e0o t\u1ea1o.<\/strong><\/div>\n<div><strong>S\u1ed1 l\u01b0\u1ee3ng quy \u0111\u1ecbnh: 4 chi\u1ebfc<\/strong><\/div>\n<div><\/div>\n<div><\/div>\n<p>S\u1eed d\u1ee5ng thi\u1ebft b\u1ecb h\u00e0ng h\u1ea3i l\u00e0 m\u1ed9t m\u00f4n h\u1ecdc k\u1ef9 n\u0103ng c\u1ed1t l\u00f5i trong ch\u01b0\u01a1ng tr\u00ecnh \u0111\u00e0o t\u1ea1o ngh\u1ec1 cao \u0111\u1eb3ng 5 n\u0103m chuy\u00ean ng\u00e0nh K\u1ef9 thu\u1eadt h\u00e0ng h\u1ea3i, \u0111\u1ed3ng th\u1eddi c\u0169ng l\u00e0 m\u1ed9t trong c\u00e1c m\u00f4n thi th\u1ef1c h\u00e0nh \u0111\u1ec3 l\u1ea5y ch\u1ee9ng ch\u1ec9 n\u0103ng l\u1ef1c Thuy\u1ec1n ph\u00f3 3 tr\u00ean t\u00e0u bi\u1ec3n. Th\u00f4ng qua kh\u00f3a h\u1ecdc n\u00e0y, h\u1ecdc vi\u00ean s\u1ebd \u0111\u01b0\u1ee3c trang b\u1ecb ki\u1ebfn th\u1ee9c v\u1ec1 ch\u1ee9c n\u0103ng c\u01a1 b\u1ea3n, c\u1ea5u t\u1ea1o, nguy\u00ean l\u00fd ho\u1ea1t \u0111\u1ed9ng, v\u1eadn h\u00e0nh v\u00e0 b\u1ea3o d\u01b0\u1ee1ng thi\u1ebft b\u1ecb h\u00e0ng h\u1ea3i, t\u1eeb \u0111\u00f3 ph\u00e1t tri\u1ec3n kh\u1ea3 n\u0103ng s\u1eed d\u1ee5ng v\u00e0 b\u1ea3o d\u01b0\u1ee1ng thi\u1ebft b\u1ecb h\u00e0ng h\u1ea3i, \u0111\u1ed3ng th\u1eddi trang b\u1ecb nh\u1eefng k\u1ef9 n\u0103ng c\u01a1 b\u1ea3n c\u1ea7n thi\u1ebft cho thuy\u1ec1n tr\u01b0\u1edfng trong vi\u1ec7c s\u1eed d\u1ee5ng thi\u1ebft b\u1ecb h\u00e0ng h\u1ea3i. M\u00f4n h\u1ecdc ti\u1ec1n \u0111\u1ec1 c\u1ee7a kh\u00f3a h\u1ecdc n\u00e0y l\u00e0 Thi\u1ebft b\u1ecb h\u00e0ng h\u1ea3i.<\/p>\n<p><strong>Tu\u00e2n th\u1ee7 Ti\u00eau chu\u1ea9n IEC 61993-2 c\u1ee7a \u1ee6y ban K\u1ef9 thu\u1eadt \u0110i\u1ec7n Qu\u1ed1c t\u1ebf (IEC). \u0110\u1ed1i v\u1edbi t\u00e0u thuy\u1ec1n c\u00f3 t\u1ed5ng tr\u1ecdng t\u1ea3i d\u01b0\u1edbi 500 t\u1ea5n ho\u1ea1t \u0111\u1ed9ng trong v\u00f9ng bi\u1ec3n ven bi\u1ec3n, vi\u1ec7c trang b\u1ecb h\u1ec7 th\u1ed1ng nh\u1eadn d\u1ea1ng t\u1ef1 \u0111\u1ed9ng (AIS) lo\u1ea1i B tr\u00ean t\u00e0u c\u00f3 th\u1ec3 tu\u00e2n th\u1ee7 Ti\u00eau chu\u1ea9n Qu\u1ed1c gia ho\u1eb7c Ti\u00eau chu\u1ea9n IEC 62287-1 c\u1ee7a \u1ee6y ban K\u1ef9 thu\u1eadt \u0110i\u1ec7n Qu\u1ed1c t\u1ebf (IEC).<\/strong><\/p>\n<p>Ph\u1ea1m vi t\u1ea7n s\u1ed1:<\/p>\n<p>156.025 ~ 162.025MHz (t\u1ea5t c\u1ea3 c\u00e1c k\u00eanh)<\/p>\n<p>K\u00eanh m\u1eb7c \u0111\u1ecbnh: AIS 1, AIS 2<\/p>\n<p>B\u0103ng th\u00f4ng: 25kHz<\/p>\n<p>C\u00f4ng su\u1ea5t \u0111\u1ea7u ra: 2W<\/p>\n<p>Ch\u1ebf \u0111\u1ed9 truy\u1ec1n th\u00f4ng: CSTDMA<\/p>\n<p>\u0110\u1ed9 nh\u1ea1y thu: -112dBm<\/p>\n<p>Giao di\u1ec7n d\u1eef li\u1ec7u: RS-232\/RS-422, NMEA-0183, 38400bps<\/p>\n<p>\u0110\u1ecbnh d\u1ea1ng\/t\u1ed1c \u0111\u1ed9 xu\u1ea5t d\u1eef li\u1ec7u:<\/p>\n<p>NMEA-0183, 38400bps<\/p>\n<p>\u0110i\u1ec7n \u00e1p ngu\u1ed3n: DC24V (ph\u1ea1m vi 12\uff5e38V)<\/p>\n<p>K\u00edch th\u01b0\u1edbc v\u1eadt l\u00fd: 81 (H) x 174 (W) x 160 (D) mm (m\u00e1y ch\u1ee7)<\/p>\n<p>Tr\u1ecdng l\u01b0\u1ee3ng: 1,4 kg (m\u00e1y ch\u00ednh)<\/p>\n<p>C\u1ea5p \u0111\u1ed9 b\u1ea3o v\u1ec7: IP22 (m\u00e1y ch\u1ee7, thi\u1ebft b\u1ecb d\u1eabn \u0111\u01b0\u1eddng v\u1ec7 tinh), IP66 (\u0103ng-ten)<\/p>","protected":false},"excerpt":{"rendered":"<p>\u8239\u8236\u81ea\u52a8\u8bc6\u522b\u7cfb\u7edf\u8239\u53f0 \u6cd5\u5f8b\u4f9d\u636e\uff1a\u300a\u4e2d\u534e\u4eba\u6c11\u5171\u548c\u56fd\u8239\u5458\u57f9\u8bad\u7ba1\u7406\u89c4\u5219\u300b\uff08\u4ea4\u901a\u8fd0\u8f93\u90e8\u4ee4 2019 \u5e74\u7b2c 5 \u53f7\uff09 \u4ea7&hellip;<\/p>","protected":false},"featured_media":14815,"comment_status":"open","ping_status":"closed","template":"","meta":[],"product_brand":[],"product_cat":[309],"product_tag":[362,337,336,369,361,368],"class_list":{"0":"post-14814","1":"product","2":"type-product","3":"status-publish","4":"has-post-thumbnail","6":"product_cat-tongxindaohangshixunshi","7":"product_tag-hanghaiyiqi","8":"product_tag-chuanyuanpeixunneirong","9":"product_tag-chuanyuanpeixunshebei","10":"product_tag-chuanbozidongshibiexitongchuantai","11":"product_tag-tongxindaohangshixunshi","12":"product_tag-tuoluoluojing","13":"description-off","15":"first","16":"instock","17":"taxable","18":"shipping-taxable","19":"purchasable","20":"product-type-simple"},"_links":{"self":[{"href":"http:\/\/www.erun-tech.com\/vi\/wp-json\/wp\/v2\/product\/14814","targetHints":{"allow":["GET"]}}],"collection":[{"href":"http:\/\/www.erun-tech.com\/vi\/wp-json\/wp\/v2\/product"}],"about":[{"href":"http:\/\/www.erun-tech.com\/vi\/wp-json\/wp\/v2\/types\/product"}],"replies":[{"embeddable":true,"href":"http:\/\/www.erun-tech.com\/vi\/wp-json\/wp\/v2\/comments?post=14814"}],"wp:featuredmedia":[{"embeddable":true,"href":"http:\/\/www.erun-tech.com\/vi\/wp-json\/wp\/v2\/media\/14815"}],"wp:attachment":[{"href":"http:\/\/www.erun-tech.com\/vi\/wp-json\/wp\/v2\/media?parent=14814"}],"wp:term":[{"taxonomy":"product_brand","embeddable":true,"href":"http:\/\/www.erun-tech.com\/vi\/wp-json\/wp\/v2\/product_brand?post=14814"},{"taxonomy":"product_cat","embeddable":true,"href":"http:\/\/www.erun-tech.com\/vi\/wp-json\/wp\/v2\/product_cat?post=14814"},{"taxonomy":"product_tag","embeddable":true,"href":"http:\/\/www.erun-tech.com\/vi\/wp-json\/wp\/v2\/product_tag?post=14814"}],"curies":[{"name":"wp","href":"https:\/\/api.w.org\/{rel}","templated":true}]}}