{"id":14818,"date":"2024-03-25T21:56:38","date_gmt":"2024-03-25T13:56:38","guid":{"rendered":"http:\/\/www.erun-tech.com\/?post_type=product&#038;p=14818"},"modified":"2024-03-27T20:36:52","modified_gmt":"2024-03-27T12:36:52","slug":"fengxiangfengsuyi","status":"publish","type":"product","link":"http:\/\/www.erun-tech.com\/vi\/product\/fengxiangfengsuyi","title":{"rendered":"M\u00e1y \u0111o h\u01b0\u1edbng gi\u00f3 v\u00e0 t\u1ed1c \u0111\u1ed9 gi\u00f3"},"content":{"rendered":"<h2><\/h2>\n<h2 style=\"text-align: center;\">M\u00e1y \u0111o h\u01b0\u1edbng gi\u00f3 v\u00e0 t\u1ed1c \u0111\u1ed9 gi\u00f3<\/h2>\n<div><strong>C\u01a1 s\u1edf ph\u00e1p l\u00fd: \"Quy \u0111\u1ecbnh v\u1ec1 qu\u1ea3n l\u00fd \u0111\u00e0o t\u1ea1o thuy\u1ec1n vi\u00ean c\u1ee7a C\u1ed9ng h\u00f2a Nh\u00e2n d\u00e2n Trung Hoa\" (Ngh\u1ecb \u0111\u1ecbnh s\u1ed1 5 n\u0103m 2019 c\u1ee7a B\u1ed9 Giao th\u00f4ng V\u1eadn t\u1ea3i)<\/strong><\/div>\n<div><strong>Ph\u00e2n lo\u1ea1i s\u1ea3n ph\u1ea9m: Thi\u1ebft b\u1ecb h\u00e0ng h\u1ea3i<br \/>\n<\/strong><\/div>\n<div><strong>T\u00ean s\u1ea3n ph\u1ea9m: M\u00e1y \u0111o h\u01b0\u1edbng gi\u00f3 v\u00e0 t\u1ed1c \u0111\u1ed9 gi\u00f3<\/strong><\/div>\n<div><strong>Y\u00eau c\u1ea7u ch\u1ee9c n\u0103ng: \u0110\u00e1p \u1ee9ng y\u00eau c\u1ea7u c\u1ee7a ch\u01b0\u01a1ng tr\u00ecnh \u0111\u00e0o t\u1ea1o.<\/strong><\/div>\n<div><strong>S\u1ed1 l\u01b0\u1ee3ng quy \u0111\u1ecbnh: 1 chi\u1ebfc<\/strong><\/div>\n<div><\/div>\n<div><\/div>\n<p>S\u1eed d\u1ee5ng thi\u1ebft b\u1ecb h\u00e0ng h\u1ea3i l\u00e0 m\u1ed9t m\u00f4n h\u1ecdc k\u1ef9 n\u0103ng c\u1ed1t l\u00f5i trong ch\u01b0\u01a1ng tr\u00ecnh \u0111\u00e0o t\u1ea1o ngh\u1ec1 cao \u0111\u1eb3ng 5 n\u0103m chuy\u00ean ng\u00e0nh K\u1ef9 thu\u1eadt h\u00e0ng h\u1ea3i, \u0111\u1ed3ng th\u1eddi c\u0169ng l\u00e0 m\u1ed9t trong c\u00e1c m\u00f4n thi th\u1ef1c h\u00e0nh \u0111\u1ec3 l\u1ea5y ch\u1ee9ng ch\u1ec9 n\u0103ng l\u1ef1c Thuy\u1ec1n ph\u00f3 3 tr\u00ean t\u00e0u bi\u1ec3n. Th\u00f4ng qua kh\u00f3a h\u1ecdc n\u00e0y, h\u1ecdc vi\u00ean s\u1ebd \u0111\u01b0\u1ee3c trang b\u1ecb ki\u1ebfn th\u1ee9c v\u1ec1 ch\u1ee9c n\u0103ng c\u01a1 b\u1ea3n, c\u1ea5u t\u1ea1o, nguy\u00ean l\u00fd ho\u1ea1t \u0111\u1ed9ng, v\u1eadn h\u00e0nh v\u00e0 b\u1ea3o d\u01b0\u1ee1ng thi\u1ebft b\u1ecb h\u00e0ng h\u1ea3i, t\u1eeb \u0111\u00f3 ph\u00e1t tri\u1ec3n kh\u1ea3 n\u0103ng s\u1eed d\u1ee5ng v\u00e0 b\u1ea3o d\u01b0\u1ee1ng thi\u1ebft b\u1ecb h\u00e0ng h\u1ea3i, \u0111\u1ed3ng th\u1eddi trang b\u1ecb nh\u1eefng k\u1ef9 n\u0103ng c\u01a1 b\u1ea3n c\u1ea7n thi\u1ebft cho thuy\u1ec1n tr\u01b0\u1edfng trong vi\u1ec7c s\u1eed d\u1ee5ng thi\u1ebft b\u1ecb h\u00e0ng h\u1ea3i. M\u00f4n h\u1ecdc ti\u1ec1n \u0111\u1ec1 c\u1ee7a kh\u00f3a h\u1ecdc n\u00e0y l\u00e0 Thi\u1ebft b\u1ecb h\u00e0ng h\u1ea3i.<\/p>\n<p>&nbsp;<\/p>\n<p>\u2605\u0110\u1ed9 ch\u00ednh x\u00e1c cao v\u1ec1 t\u1ed1c \u0111\u1ed9 gi\u00f3 (0,1 m\/s) v\u00e0 h\u01b0\u1edbng gi\u00f3 (1\u00b0).<\/p>\n<p>\u2605Ch\u1ed1ng nhi\u1ec7t \u0111\u1ed9 cao v\u00e0 th\u1ea5p, thi\u1ebft k\u1ebf c\u01a1 kh\u00ed ch\u1ed1ng \u1ea9m, ch\u1ed1ng s\u01b0\u01a1ng mu\u1ed1i.<\/p>\n<p>\u2605M\u00e0n h\u00ecnh LCD 7 inch c\u00f3 \u0111\u1ed9 s\u00e1ng cao.<\/p>\n<p>\u2605Hi\u1ec3n th\u1ecb s\u1ed1 v\u00e0 analog.<\/p>\n<p>&nbsp;<\/p>\n<p>C\u1ea5u tr\u00fac h\u1ec7 th\u1ed1ng<\/p>\n<p>\u25c6Ph\u1ea7n m\u00e1y ch\u1ee7<\/p>\n<p>Hi\u1ec3n th\u1ecb h\u01b0\u1edbng gi\u00f3: S\u1eed d\u1ee5ng \u0111\u00e8n LED hai v\u00f2ng v\u1edbi m\u0169i t\u00e0u l\u00e0m \u0111i\u1ec3m 0. M\u1ed7i v\u00f2ng bao g\u1ed3m 36 \u0111\u00e8n LED, hi\u1ec3n th\u1ecb h\u01b0\u1edbng gi\u00f3 hi\u1ec7n t\u1ea1i v\u00e0 ph\u1ea1m vi thay \u0111\u1ed5i h\u01b0\u1edbng gi\u00f3.<\/p>\n<p>Hi\u1ec3n th\u1ecb t\u1ed1c \u0111\u1ed9 gi\u00f3: S\u1eed d\u1ee5ng hai h\u00e0ng ba ch\u1eef s\u1ed1 \u0111\u1ec3 hi\u1ec3n th\u1ecb t\u1ed1c \u0111\u1ed9 gi\u00f3, h\u01b0\u1edbng gi\u00f3, t\u1ed1c \u0111\u1ed9 gi\u00f3 tuy\u1ec7t \u0111\u1ed1i v\u00e0 t\u1ed1c \u0111\u1ed9 gi\u00f3 t\u1ed1i \u0111a.<\/p>\n<p>\u25c6C\u1ea3m bi\u1ebfn<\/p>\n<p>C\u1ea3m bi\u1ebfn t\u1ed1c \u0111\u1ed9 gi\u00f3: Ba c\u1ed1c gi\u00f3 h\u00ecnh b\u00e1t ph\u00e2n b\u1ed1 c\u00e2n b\u1eb1ng 120 \u0111\u1ed9 k\u1ebft h\u1ee3p v\u1edbi c\u1ea3m bi\u1ebfn t\u1ed1c \u0111\u1ed9 quang \u0111i\u1ec7n g\u1ea7n tr\u1ee5c.<\/p>\n<p>C\u1ea3m bi\u1ebfn h\u01b0\u1edbng gi\u00f3: G\u1ed3m c\u00f3 c\u1ed9t ch\u1ec9 h\u01b0\u1edbng gi\u00f3 c\u00f3 c\u00e1nh \u0111u\u00f4i v\u00e0 tr\u1ecdng l\u01b0\u1ee3ng c\u00e2n b\u1eb1ng, c\u00f9ng v\u1edbi c\u1ea3m bi\u1ebfn g\u00f3c tuy\u1ec7t \u0111\u1ed1i g\u1ea7n tr\u1ee5c.<\/p>\n<p>Gi\u00e1 \u0111\u1ee1 l\u1eafp \u0111\u1eb7t: D\u00f9ng \u0111\u1ec3 l\u1eafp \u0111\u1eb7t c\u1ea3m bi\u1ebfn h\u01b0\u1edbng gi\u00f3 v\u00e0 t\u1ed1c \u0111\u1ed9 gi\u00f3, c\u0169ng nh\u01b0 c\u1ed1 \u0111\u1ecbnh h\u1ed9p n\u1ed1i d\u00e2y.<\/p>\n<p>H\u1ed9p n\u1ed1i d\u00e2y: G\u1ed3m h\u1ed9p ch\u1ed1ng n\u01b0\u1edbc v\u00e0 b\u1ed9 truy\u1ec1n t\u00edn hi\u1ec7u c\u1ea3m bi\u1ebfn.<\/p>","protected":false},"excerpt":{"rendered":"<p>\u98ce\u5411\u98ce\u901f\u4eea \u6cd5\u5f8b\u4f9d\u636e\uff1a\u300a\u4e2d\u534e\u4eba\u6c11\u5171\u548c\u56fd\u8239\u5458\u57f9\u8bad\u7ba1\u7406\u89c4\u5219\u300b\uff08\u4ea4\u901a\u8fd0\u8f93\u90e8\u4ee4 2019 \u5e74\u7b2c 5 \u53f7\uff09 \u4ea7\u54c1\u5206\u7c7b\uff1a\u822a&hellip;<\/p>","protected":false},"featured_media":14819,"comment_status":"open","ping_status":"closed","template":"","meta":[],"product_brand":[],"product_cat":[309],"product_tag":[362,337,336,369,361,370],"class_list":{"0":"post-14818","1":"product","2":"type-product","3":"status-publish","4":"has-post-thumbnail","6":"product_cat-tongxindaohangshixunshi","7":"product_tag-hanghaiyiqi","8":"product_tag-chuanyuanpeixunneirong","9":"product_tag-chuanyuanpeixunshebei","10":"product_tag-chuanbozidongshibiexitongchuantai","11":"product_tag-tongxindaohangshixunshi","12":"product_tag-fengxiangfengsuyi","13":"description-off","15":"first","16":"instock","17":"taxable","18":"shipping-taxable","19":"purchasable","20":"product-type-simple"},"_links":{"self":[{"href":"http:\/\/www.erun-tech.com\/vi\/wp-json\/wp\/v2\/product\/14818","targetHints":{"allow":["GET"]}}],"collection":[{"href":"http:\/\/www.erun-tech.com\/vi\/wp-json\/wp\/v2\/product"}],"about":[{"href":"http:\/\/www.erun-tech.com\/vi\/wp-json\/wp\/v2\/types\/product"}],"replies":[{"embeddable":true,"href":"http:\/\/www.erun-tech.com\/vi\/wp-json\/wp\/v2\/comments?post=14818"}],"wp:featuredmedia":[{"embeddable":true,"href":"http:\/\/www.erun-tech.com\/vi\/wp-json\/wp\/v2\/media\/14819"}],"wp:attachment":[{"href":"http:\/\/www.erun-tech.com\/vi\/wp-json\/wp\/v2\/media?parent=14818"}],"wp:term":[{"taxonomy":"product_brand","embeddable":true,"href":"http:\/\/www.erun-tech.com\/vi\/wp-json\/wp\/v2\/product_brand?post=14818"},{"taxonomy":"product_cat","embeddable":true,"href":"http:\/\/www.erun-tech.com\/vi\/wp-json\/wp\/v2\/product_cat?post=14818"},{"taxonomy":"product_tag","embeddable":true,"href":"http:\/\/www.erun-tech.com\/vi\/wp-json\/wp\/v2\/product_tag?post=14818"}],"curies":[{"name":"wp","href":"https:\/\/api.w.org\/{rel}","templated":true}]}}