{"id":14832,"date":"2024-03-25T22:24:51","date_gmt":"2024-03-25T14:24:51","guid":{"rendered":"http:\/\/www.erun-tech.com\/?post_type=product&#038;p=14832"},"modified":"2024-03-27T22:06:24","modified_gmt":"2024-03-27T14:06:24","slug":"aissoujiuleidayingdaqi","status":"publish","type":"product","link":"http:\/\/www.erun-tech.com\/vi\/product\/aissoujiuleidayingdaqi","title":{"rendered":"AIS Search and Rescue Radar Transponder"},"content":{"rendered":"<h2><\/h2>\n<h2 style=\"text-align: center;\">AIS Search and Rescue Radar Transponder<\/h2>\n<div><strong>C\u01a1 s\u1edf ph\u00e1p l\u00fd: \"Quy \u0111\u1ecbnh v\u1ec1 qu\u1ea3n l\u00fd \u0111\u00e0o t\u1ea1o thuy\u1ec1n vi\u00ean c\u1ee7a C\u1ed9ng h\u00f2a Nh\u00e2n d\u00e2n Trung Hoa\" (Ngh\u1ecb \u0111\u1ecbnh s\u1ed1 5 n\u0103m 2019 c\u1ee7a B\u1ed9 Giao th\u00f4ng V\u1eadn t\u1ea3i)<\/strong><\/div>\n<div><strong>Ph\u00e2n lo\u1ea1i s\u1ea3n ph\u1ea9m: Thi\u1ebft b\u1ecb h\u00e0ng h\u1ea3i<br \/>\n<\/strong><\/div>\n<div><strong>T\u00ean s\u1ea3n ph\u1ea9m: Thi\u1ebft b\u1ecb ph\u1ea3n h\u1ed3i radar t\u00ecm ki\u1ebfm v\u00e0 c\u1ee9u n\u1ea1n AIS<\/strong><\/div>\n<div><strong>Y\u00eau c\u1ea7u ch\u1ee9c n\u0103ng: \u0110\u00e1p \u1ee9ng y\u00eau c\u1ea7u c\u1ee7a ch\u01b0\u01a1ng tr\u00ecnh \u0111\u00e0o t\u1ea1o.<\/strong><\/div>\n<div><strong>S\u1ed1 l\u01b0\u1ee3ng quy \u0111\u1ecbnh: 2 chi\u1ebfc<\/strong><\/div>\n<div><\/div>\n<div><\/div>\n<p>S\u1eed d\u1ee5ng thi\u1ebft b\u1ecb h\u00e0ng h\u1ea3i l\u00e0 m\u1ed9t m\u00f4n h\u1ecdc k\u1ef9 n\u0103ng c\u1ed1t l\u00f5i trong ch\u01b0\u01a1ng tr\u00ecnh \u0111\u00e0o t\u1ea1o ngh\u1ec1 cao \u0111\u1eb3ng 5 n\u0103m chuy\u00ean ng\u00e0nh K\u1ef9 thu\u1eadt h\u00e0ng h\u1ea3i, \u0111\u1ed3ng th\u1eddi c\u0169ng l\u00e0 m\u1ed9t trong c\u00e1c m\u00f4n thi th\u1ef1c h\u00e0nh \u0111\u1ec3 l\u1ea5y ch\u1ee9ng ch\u1ec9 n\u0103ng l\u1ef1c Thuy\u1ec1n ph\u00f3 3 tr\u00ean t\u00e0u bi\u1ec3n. Th\u00f4ng qua kh\u00f3a h\u1ecdc n\u00e0y, h\u1ecdc vi\u00ean s\u1ebd \u0111\u01b0\u1ee3c trang b\u1ecb ki\u1ebfn th\u1ee9c v\u1ec1 ch\u1ee9c n\u0103ng c\u01a1 b\u1ea3n, c\u1ea5u t\u1ea1o, nguy\u00ean l\u00fd ho\u1ea1t \u0111\u1ed9ng, v\u1eadn h\u00e0nh v\u00e0 b\u1ea3o d\u01b0\u1ee1ng thi\u1ebft b\u1ecb h\u00e0ng h\u1ea3i, t\u1eeb \u0111\u00f3 ph\u00e1t tri\u1ec3n kh\u1ea3 n\u0103ng s\u1eed d\u1ee5ng v\u00e0 b\u1ea3o d\u01b0\u1ee1ng thi\u1ebft b\u1ecb h\u00e0ng h\u1ea3i, \u0111\u1ed3ng th\u1eddi trang b\u1ecb nh\u1eefng k\u1ef9 n\u0103ng c\u01a1 b\u1ea3n c\u1ea7n thi\u1ebft cho thuy\u1ec1n tr\u01b0\u1edfng trong vi\u1ec7c s\u1eed d\u1ee5ng thi\u1ebft b\u1ecb h\u00e0ng h\u1ea3i. M\u00f4n h\u1ecdc ti\u1ec1n \u0111\u1ec1 c\u1ee7a kh\u00f3a h\u1ecdc n\u00e0y l\u00e0 Thi\u1ebft b\u1ecb h\u00e0ng h\u1ea3i.<\/p>\n<p>&nbsp;<\/p>\n<p>\u3010\u0110\u1eb7c \u0111i\u1ec3m k\u1ef9 thu\u1eadt\u3011<\/p>\n<p>NAS-1000 \u0111\u01b0\u1ee3c thi\u1ebft k\u1ebf theo c\u00e1c ti\u00eau chu\u1ea9n c\u1ee7a IMO, ch\u1eb3ng h\u1ea1n nh\u01b0 IMO MSC.246 (83) v\u00e0 IEC 61097-14, l\u00e0 thi\u1ebft b\u1ecb li\u00ean l\u1ea1c kh\u1ea9n c\u1ea5p d\u00e0nh cho thuy\u1ec1n c\u1ee9u sinh (phao c\u1ee9u sinh).<\/p>\n<p>C\u00f3 c\u00e1c \u0111\u1eb7c \u0111i\u1ec3m nh\u01b0 ph\u1ea1m vi truy\u1ec1n t\u00edn hi\u1ec7u xa, d\u1ec5 d\u00e0ng thu nh\u1eadn v\u00e0 ph\u00e1t hi\u1ec7n, \u00edt b\u1ecb \u1ea3nh h\u01b0\u1edfng b\u1edfi th\u1eddi ti\u1ebft v\u00e0 \u0111i\u1ec1u ki\u1ec7n bi\u1ec3n.<\/p>\n<p>NAS-1000 ph\u00e1t lu\u00e2n phi\u00ean m\u1ed9t chu\u1ed7i th\u00f4ng tin b\u00e1o c\u00e1o v\u1ecb tr\u00ed tr\u00ean hai t\u1ea7n s\u1ed1 m\u1eb7c \u0111\u1ecbnh c\u1ee7a AIS l\u00e0 AIS 1 v\u00e0 AIS 2.<\/p>\n<p>Nh\u1edd m\u00e3 nh\u1eadn d\u1ea1ng \u0111\u1eb7c bi\u1ec7t v\u00e0 t\u00ednh n\u0103ng b\u00e1o c\u00e1o v\u1ecb tr\u00ed, c\u00e1c t\u00e0u AIS xung quanh c\u00f3 th\u1ec3 d\u1ec5 d\u00e0ng nh\u1eadn bi\u1ebft t\u00edn hi\u1ec7u b\u00e1o \u0111\u1ed9ng t\u1eeb AIS-SART.<\/p>\n<p>NAS-1000 \u0111\u01b0\u1ee3c trang b\u1ecb m\u00f4-\u0111un GPS t\u00edch h\u1ee3p c\u00f3 \u0111\u1ed9 nh\u1ea1y cao v\u00e0 ti\u00eau th\u1ee5 \u0111i\u1ec7n n\u0103ng th\u1ea5p.<\/p>\n<p>NAS-1000 \u0111\u01b0\u1ee3c thi\u1ebft k\u1ebf v\u1edbi m\u1ee9c ti\u00eau th\u1ee5 \u0111i\u1ec7n n\u0103ng th\u1ea5p, \u0111\u1ea3m b\u1ea3o thi\u1ebft b\u1ecb c\u00f3 th\u1ec3 ho\u1ea1t \u0111\u1ed9ng li\u00ean t\u1ee5c trong h\u01a1n 96 gi\u1edd.<\/p>\n<p>\u0110\u1ea1t \u0111\u01b0\u1ee3c ch\u1ee9ng nh\u1eadn ki\u1ec3u lo\u1ea1i CCS\/DNV\/RS.<\/p>\n<p>\u3010Ch\u1ec9 s\u1ed1 k\u1ef9 thu\u1eadt\u3011<\/p>\n<p>Hi\u1ec7u su\u1ea5t l\u00e0m vi\u1ec7c<\/p>\n<p>T\u1ea7n s\u1ed1 ph\u00e1t: AIS 1, AIS 2<\/p>\n<p>Sai s\u1ed1 t\u1ea7n s\u1ed1: \u22640,5 kHz<\/p>\n<p>Kho\u1ea3ng c\u00e1ch truy\u1ec1n t\u00edn hi\u1ec7u: \u22655 h\u1ea3i l\u00fd<\/p>\n<p>Th\u1eddi gian l\u00e0m vi\u1ec7c: \u226596 gi\u1edd<\/p>\n<p>Th\u1eddi gian \u0111\u1ecbnh v\u1ecb GPS: \u2264 1 ph\u00fat<\/p>\n<p>Y\u00eau c\u1ea7u v\u1ec1 pin<\/p>\n<p>M\u00e3 pin: NBT100<\/p>\n<p>\u0110i\u1ec7n \u00e1p pin: DC 9V<\/p>\n<p>\u0110i\u1ec1u ki\u1ec7n b\u1ea3o qu\u1ea3n: -30\u00b0C ~ +70\u00b0C<\/p>\n<p>Th\u1eddi h\u1ea1n l\u01b0u tr\u1eef: t\u1ed1i \u0111a 5 n\u0103m k\u1ec3 t\u1eeb th\u1eddi \u0111i\u1ec3m x\u1ebfp h\u00e0ng l\u00ean t\u00e0u (c\u1ed9ng th\u00eam 1 n\u0103m th\u1eddi gian l\u01b0u kho)<\/p>\n<p>M\u00f4i tr\u01b0\u1eddng l\u00e0m vi\u1ec7c<\/p>\n<p>Nhi\u1ec7t \u0111\u1ed9 ho\u1ea1t \u0111\u1ed9ng: -20\u00b0C ~ +55\u00b0C<\/p>\n<p>Kh\u1ea3 n\u0103ng n\u1ed5i: C\u00f3 th\u1ec3 n\u1ed5i tr\u00ean m\u1eb7t n\u01b0\u1edbc<\/p>\n<p>C\u1ea5p \u0111\u1ed9 b\u1ea3o v\u1ec7: IP67<\/p>\n<p>Tr\u1ecdng l\u01b0\u1ee3ng v\u00e0 k\u00edch th\u01b0\u1edbc<\/p>\n<p>Tr\u1ecdng l\u01b0\u1ee3ng: 900g<\/p>\n<p>K\u00edch th\u01b0\u1edbc: 95 (\u0110) \u00d7 377 (C) mm<\/p>","protected":false},"excerpt":{"rendered":"<p>AIS\u641c\u6551\u96f7\u8fbe\u5e94\u7b54\u5668 \u6cd5\u5f8b\u4f9d\u636e\uff1a\u300a\u4e2d\u534e\u4eba\u6c11\u5171\u548c\u56fd\u8239\u5458\u57f9\u8bad\u7ba1\u7406\u89c4\u5219\u300b\uff08\u4ea4\u901a\u8fd0\u8f93\u90e8\u4ee4 2019 \u5e74\u7b2c 5 \u53f7\uff09 \u4ea7&hellip;<\/p>","protected":false},"featured_media":14833,"comment_status":"open","ping_status":"closed","template":"","meta":[],"product_brand":[],"product_cat":[322,309],"product_tag":[376,204,362,337,336,361],"class_list":{"0":"post-14832","1":"product","2":"type-product","3":"status-publish","4":"has-post-thumbnail","6":"product_cat-haishangjiaotonganquanjinengpeixun","7":"product_cat-tongxindaohangshixunshi","8":"product_tag-aissoujiuleidayingdaqi","9":"product_tag-soujiuleidayingdaqi","10":"product_tag-hanghaiyiqi","11":"product_tag-chuanyuanpeixunneirong","12":"product_tag-chuanyuanpeixunshebei","13":"product_tag-tongxindaohangshixunshi","14":"description-off","16":"first","17":"instock","18":"taxable","19":"shipping-taxable","20":"purchasable","21":"product-type-simple"},"_links":{"self":[{"href":"http:\/\/www.erun-tech.com\/vi\/wp-json\/wp\/v2\/product\/14832","targetHints":{"allow":["GET"]}}],"collection":[{"href":"http:\/\/www.erun-tech.com\/vi\/wp-json\/wp\/v2\/product"}],"about":[{"href":"http:\/\/www.erun-tech.com\/vi\/wp-json\/wp\/v2\/types\/product"}],"replies":[{"embeddable":true,"href":"http:\/\/www.erun-tech.com\/vi\/wp-json\/wp\/v2\/comments?post=14832"}],"wp:featuredmedia":[{"embeddable":true,"href":"http:\/\/www.erun-tech.com\/vi\/wp-json\/wp\/v2\/media\/14833"}],"wp:attachment":[{"href":"http:\/\/www.erun-tech.com\/vi\/wp-json\/wp\/v2\/media?parent=14832"}],"wp:term":[{"taxonomy":"product_brand","embeddable":true,"href":"http:\/\/www.erun-tech.com\/vi\/wp-json\/wp\/v2\/product_brand?post=14832"},{"taxonomy":"product_cat","embeddable":true,"href":"http:\/\/www.erun-tech.com\/vi\/wp-json\/wp\/v2\/product_cat?post=14832"},{"taxonomy":"product_tag","embeddable":true,"href":"http:\/\/www.erun-tech.com\/vi\/wp-json\/wp\/v2\/product_tag?post=14832"}],"curies":[{"name":"wp","href":"https:\/\/api.w.org\/{rel}","templated":true}]}}