{"id":14836,"date":"2024-03-25T22:30:12","date_gmt":"2024-03-25T14:30:12","guid":{"rendered":"http:\/\/www.erun-tech.com\/?post_type=product&#038;p=14836"},"modified":"2024-03-27T20:38:19","modified_gmt":"2024-03-27T12:38:19","slug":"zifushiweixingjinjiwuxiandianshiweibiaoshebei","status":"publish","type":"product","link":"http:\/\/www.erun-tech.com\/vi\/product\/zifushiweixingjinjiwuxiandianshiweibiaoshebei","title":{"rendered":"Thi\u1ebft b\u1ecb \u0111\u1ecbnh v\u1ecb kh\u1ea9n c\u1ea5p b\u1eb1ng v\u1ec7 tinh n\u1ed5i"},"content":{"rendered":"<h2><\/h2>\n<h2 style=\"text-align: center;\">Thi\u1ebft b\u1ecb \u0111\u1ecbnh v\u1ecb kh\u1ea9n c\u1ea5p b\u1eb1ng v\u1ec7 tinh n\u1ed5i<\/h2>\n<div><strong>C\u01a1 s\u1edf ph\u00e1p l\u00fd: \"Quy \u0111\u1ecbnh v\u1ec1 qu\u1ea3n l\u00fd \u0111\u00e0o t\u1ea1o thuy\u1ec1n vi\u00ean c\u1ee7a C\u1ed9ng h\u00f2a Nh\u00e2n d\u00e2n Trung Hoa\" (Ngh\u1ecb \u0111\u1ecbnh s\u1ed1 5 n\u0103m 2019 c\u1ee7a B\u1ed9 Giao th\u00f4ng V\u1eadn t\u1ea3i)<\/strong><\/div>\n<div><strong>Ph\u00e2n lo\u1ea1i s\u1ea3n ph\u1ea9m: Thi\u1ebft b\u1ecb h\u00e0ng h\u1ea3i<br \/>\n<\/strong><\/div>\n<div><strong>T\u00ean s\u1ea3n ph\u1ea9m: Thi\u1ebft b\u1ecb \u0111\u1ecbnh v\u1ecb kh\u1ea9n c\u1ea5p v\u1ec7 tinh t\u1ef1 n\u1ed5i<\/strong><\/div>\n<div><strong>Y\u00eau c\u1ea7u ch\u1ee9c n\u0103ng: \u0110\u00e1p \u1ee9ng y\u00eau c\u1ea7u c\u1ee7a ch\u01b0\u01a1ng tr\u00ecnh \u0111\u00e0o t\u1ea1o.<\/strong><\/div>\n<div><strong>S\u1ed1 l\u01b0\u1ee3ng quy \u0111\u1ecbnh: 2 chi\u1ebfc<\/strong><\/div>\n<div><\/div>\n<div><\/div>\n<p>S\u1eed d\u1ee5ng thi\u1ebft b\u1ecb h\u00e0ng h\u1ea3i l\u00e0 m\u1ed9t m\u00f4n h\u1ecdc k\u1ef9 n\u0103ng c\u1ed1t l\u00f5i trong ch\u01b0\u01a1ng tr\u00ecnh \u0111\u00e0o t\u1ea1o ngh\u1ec1 cao \u0111\u1eb3ng 5 n\u0103m chuy\u00ean ng\u00e0nh K\u1ef9 thu\u1eadt h\u00e0ng h\u1ea3i, \u0111\u1ed3ng th\u1eddi c\u0169ng l\u00e0 m\u1ed9t trong c\u00e1c m\u00f4n thi th\u1ef1c h\u00e0nh \u0111\u1ec3 l\u1ea5y ch\u1ee9ng ch\u1ec9 n\u0103ng l\u1ef1c Thuy\u1ec1n ph\u00f3 3 tr\u00ean t\u00e0u bi\u1ec3n. Th\u00f4ng qua kh\u00f3a h\u1ecdc n\u00e0y, h\u1ecdc vi\u00ean s\u1ebd \u0111\u01b0\u1ee3c trang b\u1ecb ki\u1ebfn th\u1ee9c v\u1ec1 ch\u1ee9c n\u0103ng c\u01a1 b\u1ea3n, c\u1ea5u t\u1ea1o, nguy\u00ean l\u00fd ho\u1ea1t \u0111\u1ed9ng, v\u1eadn h\u00e0nh v\u00e0 b\u1ea3o d\u01b0\u1ee1ng thi\u1ebft b\u1ecb h\u00e0ng h\u1ea3i, t\u1eeb \u0111\u00f3 ph\u00e1t tri\u1ec3n kh\u1ea3 n\u0103ng s\u1eed d\u1ee5ng v\u00e0 b\u1ea3o d\u01b0\u1ee1ng thi\u1ebft b\u1ecb h\u00e0ng h\u1ea3i, \u0111\u1ed3ng th\u1eddi trang b\u1ecb nh\u1eefng k\u1ef9 n\u0103ng c\u01a1 b\u1ea3n c\u1ea7n thi\u1ebft cho thuy\u1ec1n tr\u01b0\u1edfng trong vi\u1ec7c s\u1eed d\u1ee5ng thi\u1ebft b\u1ecb h\u00e0ng h\u1ea3i. M\u00f4n h\u1ecdc ti\u1ec1n \u0111\u1ec1 c\u1ee7a kh\u00f3a h\u1ecdc n\u00e0y l\u00e0 Thi\u1ebft b\u1ecb h\u00e0ng h\u1ea3i.<\/p>\n<p>&nbsp;<\/p>\n<p><strong>\u3010 \u0110\u1eb7c t\u00ednh k\u1ef9 thu\u1eadt \u3011<\/strong><\/p>\n<p>Thi\u1ebft k\u1ebf s\u00e1ng t\u1ea1o, d\u1ec5 d\u00e0ng l\u1ea5y v\u00e0 \u0111\u1eb7t h\u01a1n.<\/p>\n<p>Khi ho\u00e0n th\u00e0nh th\u1eed nghi\u1ec7m, ngu\u1ed3n \u0111i\u1ec7n s\u1ebd t\u1ef1 \u0111\u1ed9ng ng\u1eaft.<\/p>\n<p>Thi\u1ebft k\u1ebf b\u1ea3o v\u1ec7 \u0111a l\u1edbp, tr\u00e1nh b\u00e1o \u0111\u1ed9ng sai.<\/p>\n<p>T\u00edch h\u1ee3p m\u00f4-\u0111un \u0111\u1ecbnh v\u1ecb ch\u00ednh x\u00e1c cao, v\u1ecb tr\u00ed b\u00e1o \u0111\u1ed9ng ch\u00ednh x\u00e1c h\u01a1n.<\/p>\n<p>Thi\u1ebft k\u1ebf ti\u00eau th\u1ee5 \u0111i\u1ec7n n\u0103ng th\u1ea5p, th\u1eddi gian s\u1eed d\u1ee5ng pin l\u00e2u h\u01a1n.<\/p>\n<p>\u0110\u1ea1t \u0111\u01b0\u1ee3c ch\u1ee9ng nh\u1eadn ki\u1ec3u lo\u1ea1i CCS\/DNV\/RS.<\/p>\n<p><strong>\u3010 Ch\u1ec9 s\u1ed1 k\u1ef9 thu\u1eadt<\/strong> \u3011<\/p>\n<p>V\u1eadt li\u1ec7u:<\/p>\n<p>Nh\u1ef1a k\u1ef9 thu\u1eadt \u0111\u1eb7c bi\u1ec7t<\/p>\n<p>M\u00e0u s\u1eafc hi\u1ec3n th\u1ecb: V\u1ecf ngo\u00e0i n\u1ed5i b\u1eadt, m\u00e0u cam, ph\u1ea7n l\u1ed9 ra tr\u00ean m\u1eb7t n\u01b0\u1edbc ph\u1ea3n chi\u1ebfu \u00e1nh s\u00e1ng, \u0111\u00e8n nh\u1ea5p nh\u00e1y s\u00e1ng (0.75 cd) 20 l\u1ea7n m\u1ed7i ph\u00fat.<\/p>\n<p>C\u1ea5p \u0111\u1ed9 b\u1ea3o v\u1ec7: IP67<\/p>\n<p>Kh\u1ea3 n\u0103ng n\u1ed5i: N\u1ed5i tr\u00ean m\u1eb7t n\u01b0\u1edbc<\/p>\n<p>T\u1ef1 \u0111\u1ed9ng:<\/p>\n<p>T\u1ef1 \u0111\u1ed9ng gi\u1ea3i ph\u00f3ng (ch\u00ecm xu\u1ed1ng d\u01b0\u1edbi n\u01b0\u1edbc 4 m\u00e9t)<\/p>\n<p>B\u00e1o \u0111\u1ed9ng t\u1ef1 \u0111\u1ed9ng (c\u00f4ng t\u1eafc n\u01b0\u1edbc bi\u1ec3n \u0111\u01b0\u1ee3c k\u00edch ho\u1ea1t)<\/p>\n<p>Ph\u1ee5 ki\u1ec7n: B\u1ed9 gi\u1ea3i ph\u00f3ng, d\u00e2y (7m)<\/p>\n<p>V\u1eadt l\u00fd<\/p>\n<p>Tr\u1ecdng l\u01b0\u1ee3ng: 1,8 kg (thi\u1ebft b\u1ecb \u0111\u1ecbnh v\u1ecb), 1,6 kg (h\u1ed9p \u0111\u1ef1ng)<\/p>\n<p>K\u00edch th\u01b0\u1edbc:<\/p>\n<p>116 (R\u1ed9ng) \u00d7 710 (Cao) \u00d7 100 (S\u00e2u) mm (Beacon), 220 (R\u1ed9ng) \u00d7 415 (Cao) \u00d7 144 (S\u00e2u) mm (H\u1ed9p \u0111\u1ef1ng b\u00ean ngo\u00e0i)<\/p>\n<p>B\u1ed9 ph\u00e1t 406 MHz<\/p>\n<p>T\u1ea7n s\u1ed1 l\u00e0m vi\u1ec7c: 406.040MHz<\/p>\n<p>C\u00f4ng su\u1ea5t ph\u00e1t: 5W \u00b1 2dB<\/p>\n<p>121.5 MHz ph\u00e1t s\u00f3ng<\/p>\n<p>T\u1ea7n s\u1ed1 l\u00e0m vi\u1ec7c: 121,5 MHz<\/p>\n<p>C\u00f4ng su\u1ea5t ph\u00e1t: 50mW \u00b1 3dB PERP<\/p>\n<p>GNSS receiver<\/p>\n<p>Lo\u1ea1i: \u0102ng-ten GNSS t\u00edch h\u1ee3p<\/p>\n<p>T\u1ea7n s\u1ed1 trung t\u00e2m: L1-1575,42 MHz<\/p>\n<p>pin<\/p>\n<p>\u0110i\u1ec7n \u00e1p pin: 14,4 V (4 pin)<\/p>\n<p>Th\u1eddi h\u1ea1n l\u01b0u tr\u1eef: t\u1ed1i \u0111a 5 n\u0103m k\u1ec3 t\u1eeb th\u1eddi \u0111i\u1ec3m x\u1ebfp h\u00e0ng l\u00ean t\u00e0u (c\u1ed9ng th\u00eam 1 n\u0103m th\u1eddi gian l\u01b0u kho)<\/p>\n<p>Th\u1eddi gian ho\u1ea1t \u0111\u1ed9ng li\u00ean t\u1ee5c: \u226548 gi\u1edd (\u1edf \u0111i\u1ec1u ki\u1ec7n -20\u2103)<\/p>\n<p>M\u00f4i tr\u01b0\u1eddng<\/p>\n<p>Nhi\u1ec7t \u0111\u1ed9 l\u00e0m vi\u1ec7c: -20\u2103 ~ +55\u2103<\/p>\n<p>Nhi\u1ec7t \u0111\u1ed9 b\u1ea3o qu\u1ea3n: -30\u2103 \uff5e +70\u2103<\/p>","protected":false},"excerpt":{"rendered":"<p>\u81ea\u6d6e\u5f0f\u536b\u661f\u7d27\u6025\u65e0\u7ebf\u7535\u793a\u4f4d\u6807\u8bbe\u5907 \u6cd5\u5f8b\u4f9d\u636e\uff1a\u300a\u4e2d\u534e\u4eba\u6c11\u5171\u548c\u56fd\u8239\u5458\u57f9\u8bad\u7ba1\u7406\u89c4\u5219\u300b\uff08\u4ea4\u901a\u8fd0\u8f93\u90e8\u4ee4 2019 \u5e74\u7b2c 5&hellip;<\/p>","protected":false},"featured_media":14837,"comment_status":"open","ping_status":"closed","template":"","meta":[],"product_brand":[],"product_cat":[309],"product_tag":[376,204,378,362,377,337,336,361],"class_list":{"0":"post-14836","1":"product","2":"type-product","3":"status-publish","4":"has-post-thumbnail","6":"product_cat-tongxindaohangshixunshi","7":"product_tag-aissoujiuleidayingdaqi","8":"product_tag-soujiuleidayingdaqi","9":"product_tag-zifushiweixingjinjiwuxiandianshiweibiaoshebei","10":"product_tag-hanghaiyiqi","11":"product_tag-hangxingjinggaojieshouji","12":"product_tag-chuanyuanpeixunneirong","13":"product_tag-chuanyuanpeixunshebei","14":"product_tag-tongxindaohangshixunshi","15":"description-off","17":"first","18":"instock","19":"taxable","20":"shipping-taxable","21":"purchasable","22":"product-type-simple"},"_links":{"self":[{"href":"http:\/\/www.erun-tech.com\/vi\/wp-json\/wp\/v2\/product\/14836","targetHints":{"allow":["GET"]}}],"collection":[{"href":"http:\/\/www.erun-tech.com\/vi\/wp-json\/wp\/v2\/product"}],"about":[{"href":"http:\/\/www.erun-tech.com\/vi\/wp-json\/wp\/v2\/types\/product"}],"replies":[{"embeddable":true,"href":"http:\/\/www.erun-tech.com\/vi\/wp-json\/wp\/v2\/comments?post=14836"}],"wp:featuredmedia":[{"embeddable":true,"href":"http:\/\/www.erun-tech.com\/vi\/wp-json\/wp\/v2\/media\/14837"}],"wp:attachment":[{"href":"http:\/\/www.erun-tech.com\/vi\/wp-json\/wp\/v2\/media?parent=14836"}],"wp:term":[{"taxonomy":"product_brand","embeddable":true,"href":"http:\/\/www.erun-tech.com\/vi\/wp-json\/wp\/v2\/product_brand?post=14836"},{"taxonomy":"product_cat","embeddable":true,"href":"http:\/\/www.erun-tech.com\/vi\/wp-json\/wp\/v2\/product_cat?post=14836"},{"taxonomy":"product_tag","embeddable":true,"href":"http:\/\/www.erun-tech.com\/vi\/wp-json\/wp\/v2\/product_tag?post=14836"}],"curies":[{"name":"wp","href":"https:\/\/api.w.org\/{rel}","templated":true}]}}