{"id":14838,"date":"2024-03-25T22:33:44","date_gmt":"2024-03-25T14:33:44","guid":{"rendered":"http:\/\/www.erun-tech.com\/?post_type=product&#038;p=14838"},"modified":"2024-03-27T20:38:28","modified_gmt":"2024-03-27T12:38:28","slug":"guojihaishiweixingzhongduanczhan","status":"publish","type":"product","link":"http:\/\/www.erun-tech.com\/vi\/product\/guojihaishiweixingzhongduanczhan","title":{"rendered":"Tr\u1ea1m C c\u1ee7a Tr\u1ea1m v\u1ec7 tinh h\u00e0ng h\u1ea3i qu\u1ed1c t\u1ebf"},"content":{"rendered":"<h2><\/h2>\n<h2 style=\"text-align: center;\">Tr\u1ea1m C c\u1ee7a Tr\u1ea1m v\u1ec7 tinh h\u00e0ng h\u1ea3i qu\u1ed1c t\u1ebf<\/h2>\n<div><strong>C\u01a1 s\u1edf ph\u00e1p l\u00fd: \"Quy \u0111\u1ecbnh v\u1ec1 qu\u1ea3n l\u00fd \u0111\u00e0o t\u1ea1o thuy\u1ec1n vi\u00ean c\u1ee7a C\u1ed9ng h\u00f2a Nh\u00e2n d\u00e2n Trung Hoa\" (Ngh\u1ecb \u0111\u1ecbnh s\u1ed1 5 n\u0103m 2019 c\u1ee7a B\u1ed9 Giao th\u00f4ng V\u1eadn t\u1ea3i)<\/strong><\/div>\n<div><strong>Ph\u00e2n lo\u1ea1i s\u1ea3n ph\u1ea9m: Thi\u1ebft b\u1ecb h\u00e0ng h\u1ea3i<br \/>\n<\/strong><\/div>\n<div><strong>T\u00ean s\u1ea3n ph\u1ea9m: Tr\u1ea1m C c\u1ee7a thi\u1ebft b\u1ecb \u0111\u1ea7u cu\u1ed1i v\u1ec7 tinh h\u00e0ng h\u1ea3i qu\u1ed1c t\u1ebf<\/strong><\/div>\n<div><strong>Y\u00eau c\u1ea7u ch\u1ee9c n\u0103ng: \u0110\u00e1p \u1ee9ng y\u00eau c\u1ea7u c\u1ee7a ch\u01b0\u01a1ng tr\u00ecnh \u0111\u00e0o t\u1ea1o.<\/strong><\/div>\n<div><strong>S\u1ed1 l\u01b0\u1ee3ng quy \u0111\u1ecbnh: 2 chi\u1ebfc<\/strong><\/div>\n<div><\/div>\n<div><\/div>\n<p>S\u1eed d\u1ee5ng thi\u1ebft b\u1ecb h\u00e0ng h\u1ea3i l\u00e0 m\u1ed9t m\u00f4n h\u1ecdc k\u1ef9 n\u0103ng c\u1ed1t l\u00f5i trong ch\u01b0\u01a1ng tr\u00ecnh \u0111\u00e0o t\u1ea1o ngh\u1ec1 cao \u0111\u1eb3ng 5 n\u0103m chuy\u00ean ng\u00e0nh K\u1ef9 thu\u1eadt h\u00e0ng h\u1ea3i, \u0111\u1ed3ng th\u1eddi c\u0169ng l\u00e0 m\u1ed9t trong c\u00e1c m\u00f4n thi th\u1ef1c h\u00e0nh \u0111\u1ec3 l\u1ea5y ch\u1ee9ng ch\u1ec9 n\u0103ng l\u1ef1c Thuy\u1ec1n ph\u00f3 3 tr\u00ean t\u00e0u bi\u1ec3n. Th\u00f4ng qua kh\u00f3a h\u1ecdc n\u00e0y, h\u1ecdc vi\u00ean s\u1ebd \u0111\u01b0\u1ee3c trang b\u1ecb ki\u1ebfn th\u1ee9c v\u1ec1 ch\u1ee9c n\u0103ng c\u01a1 b\u1ea3n, c\u1ea5u t\u1ea1o, nguy\u00ean l\u00fd ho\u1ea1t \u0111\u1ed9ng, v\u1eadn h\u00e0nh v\u00e0 b\u1ea3o d\u01b0\u1ee1ng thi\u1ebft b\u1ecb h\u00e0ng h\u1ea3i, t\u1eeb \u0111\u00f3 ph\u00e1t tri\u1ec3n kh\u1ea3 n\u0103ng s\u1eed d\u1ee5ng v\u00e0 b\u1ea3o d\u01b0\u1ee1ng thi\u1ebft b\u1ecb h\u00e0ng h\u1ea3i, \u0111\u1ed3ng th\u1eddi trang b\u1ecb nh\u1eefng k\u1ef9 n\u0103ng c\u01a1 b\u1ea3n c\u1ea7n thi\u1ebft cho thuy\u1ec1n tr\u01b0\u1edfng trong vi\u1ec7c s\u1eed d\u1ee5ng thi\u1ebft b\u1ecb h\u00e0ng h\u1ea3i. M\u00f4n h\u1ecdc ti\u1ec1n \u0111\u1ec1 c\u1ee7a kh\u00f3a h\u1ecdc n\u00e0y l\u00e0 Thi\u1ebft b\u1ecb h\u00e0ng h\u1ea3i.<\/p>\n<p>&nbsp;<\/p>\n<p>T\u1ea7n s\u1ed1 ph\u00e1t: 1626,5-1646,5 MHz<\/p>\n<p>T\u1ea7n s\u1ed1 thu: 1530-1545 MHz<\/p>\n<p>Antenna: Omnidirectional<\/p>\n<p>Ch\u1ebf \u0111\u1ed9 \u0111i\u1ec1u ch\u1ebf: BPSK<\/p>\n<p>Nhi\u1ec7t \u0111\u1ed9 l\u00e0m vi\u1ec7c: -35\u2103 \u2013 +70\u2103<\/p>\n<p>\u0110\u1ed9 \u1ea9m t\u01b0\u01a1ng \u0111\u1ed1i: 95% (+40\u2103)<\/p>\n<p>Antenna ch\u1ed1ng n\u01b0\u1edbc: IPX6<\/p>\n<p>3. \u0110\u1eb7c \u0111i\u1ec3m<\/p>\n<p>Tu\u00e2n th\u1ee7 ti\u00eau chu\u1ea9n GMDSS<\/p>\n<p>K\u1ebft n\u1ed1i qua \u0111\u01b0\u1eddng truy\u1ec1n d\u1eef li\u1ec7u INMARSAT-C cung c\u1ea5p d\u1ecbch v\u1ee5 truy\u1ec1n d\u1eef li\u1ec7u v\u00e0 truy\u1ec1n d\u1eef li\u1ec7u hai chi\u1ec1u ch\u1ea5t l\u01b0\u1ee3ng cao cho c\u1ea3 hai b\u00ean tham gia li\u00ean l\u1ea1c.<\/p>\n<p>Bao g\u1ed3m t\u1ea5t c\u1ea3 c\u00e1c ch\u1ee9c n\u0103ng ho\u1ea1t \u0111\u1ed9ng c\u1ee7a INMARSAT-C: G\u1ecdi nh\u00f3m (EGC), E-MAIL, x\u1eed l\u00fd th\u00f4ng tin kh\u1ea9n c\u1ea5p, b\u00e1o c\u00e1o d\u1eef li\u1ec7u, tra c\u1ee9u (POLLING) Ho\u1ea1t \u0111\u1ed9ng \u0111\u01a1n gi\u1ea3n, l\u1eafp \u0111\u1eb7t v\u00e0 b\u1ea3o tr\u00ec thu\u1eadn ti\u1ec7n<\/p>","protected":false},"excerpt":{"rendered":"<p>\u56fd\u9645\u6d77\u4e8b\u536b\u661f\u7ec8\u7aefC\u7ad9 \u6cd5\u5f8b\u4f9d\u636e\uff1a\u300a\u4e2d\u534e\u4eba\u6c11\u5171\u548c\u56fd\u8239\u5458\u57f9\u8bad\u7ba1\u7406\u89c4\u5219\u300b\uff08\u4ea4\u901a\u8fd0\u8f93\u90e8\u4ee4 2019 \u5e74\u7b2c 5 \u53f7\uff09 \u4ea7&hellip;<\/p>","protected":false},"featured_media":14839,"comment_status":"open","ping_status":"closed","template":"","meta":[],"product_brand":[],"product_cat":[309],"product_tag":[376,379,204,378,362,377,337,336,361],"class_list":{"0":"post-14838","1":"product","2":"type-product","3":"status-publish","4":"has-post-thumbnail","6":"product_cat-tongxindaohangshixunshi","7":"product_tag-aissoujiuleidayingdaqi","8":"product_tag-guojihaishiweixingzhongduanczhan","9":"product_tag-soujiuleidayingdaqi","10":"product_tag-zifushiweixingjinjiwuxiandianshiweibiaoshebei","11":"product_tag-hanghaiyiqi","12":"product_tag-hangxingjinggaojieshouji","13":"product_tag-chuanyuanpeixunneirong","14":"product_tag-chuanyuanpeixunshebei","15":"product_tag-tongxindaohangshixunshi","16":"description-off","18":"first","19":"instock","20":"taxable","21":"shipping-taxable","22":"purchasable","23":"product-type-simple"},"_links":{"self":[{"href":"http:\/\/www.erun-tech.com\/vi\/wp-json\/wp\/v2\/product\/14838","targetHints":{"allow":["GET"]}}],"collection":[{"href":"http:\/\/www.erun-tech.com\/vi\/wp-json\/wp\/v2\/product"}],"about":[{"href":"http:\/\/www.erun-tech.com\/vi\/wp-json\/wp\/v2\/types\/product"}],"replies":[{"embeddable":true,"href":"http:\/\/www.erun-tech.com\/vi\/wp-json\/wp\/v2\/comments?post=14838"}],"wp:featuredmedia":[{"embeddable":true,"href":"http:\/\/www.erun-tech.com\/vi\/wp-json\/wp\/v2\/media\/14839"}],"wp:attachment":[{"href":"http:\/\/www.erun-tech.com\/vi\/wp-json\/wp\/v2\/media?parent=14838"}],"wp:term":[{"taxonomy":"product_brand","embeddable":true,"href":"http:\/\/www.erun-tech.com\/vi\/wp-json\/wp\/v2\/product_brand?post=14838"},{"taxonomy":"product_cat","embeddable":true,"href":"http:\/\/www.erun-tech.com\/vi\/wp-json\/wp\/v2\/product_cat?post=14838"},{"taxonomy":"product_tag","embeddable":true,"href":"http:\/\/www.erun-tech.com\/vi\/wp-json\/wp\/v2\/product_tag?post=14838"}],"curies":[{"name":"wp","href":"https:\/\/api.w.org\/{rel}","templated":true}]}}