{"id":14840,"date":"2024-03-25T22:36:58","date_gmt":"2024-03-25T14:36:58","guid":{"rendered":"http:\/\/www.erun-tech.com\/?post_type=product&#038;p=14840"},"modified":"2024-03-27T20:38:43","modified_gmt":"2024-03-27T12:38:43","slug":"guojihaishiweixingzhongduanfzhan","status":"publish","type":"product","link":"http:\/\/www.erun-tech.com\/vi\/product\/guojihaishiweixingzhongduanfzhan","title":{"rendered":"Tr\u1ea1m F c\u1ee7a H\u1ec7 th\u1ed1ng v\u1ec7 tinh h\u00e0ng h\u1ea3i qu\u1ed1c t\u1ebf"},"content":{"rendered":"<h2><\/h2>\n<h2 style=\"text-align: center;\">Tr\u1ea1m F c\u1ee7a H\u1ec7 th\u1ed1ng v\u1ec7 tinh h\u00e0ng h\u1ea3i qu\u1ed1c t\u1ebf<\/h2>\n<div><strong>C\u01a1 s\u1edf ph\u00e1p l\u00fd: \"Quy \u0111\u1ecbnh v\u1ec1 qu\u1ea3n l\u00fd \u0111\u00e0o t\u1ea1o thuy\u1ec1n vi\u00ean c\u1ee7a C\u1ed9ng h\u00f2a Nh\u00e2n d\u00e2n Trung Hoa\" (Ngh\u1ecb \u0111\u1ecbnh s\u1ed1 5 n\u0103m 2019 c\u1ee7a B\u1ed9 Giao th\u00f4ng V\u1eadn t\u1ea3i)<\/strong><\/div>\n<div><strong>Ph\u00e2n lo\u1ea1i s\u1ea3n ph\u1ea9m: Thi\u1ebft b\u1ecb h\u00e0ng h\u1ea3i<br \/>\n<\/strong><\/div>\n<div><strong>T\u00ean s\u1ea3n ph\u1ea9m: Tr\u1ea1m F c\u1ee7a thi\u1ebft b\u1ecb \u0111\u1ea7u cu\u1ed1i v\u1ec7 tinh h\u00e0ng h\u1ea3i qu\u1ed1c t\u1ebf<\/strong><\/div>\n<div><strong>Y\u00eau c\u1ea7u ch\u1ee9c n\u0103ng: \u0110\u00e1p \u1ee9ng y\u00eau c\u1ea7u c\u1ee7a ch\u01b0\u01a1ng tr\u00ecnh \u0111\u00e0o t\u1ea1o.<\/strong><\/div>\n<div><strong>S\u1ed1 l\u01b0\u1ee3ng quy \u0111\u1ecbnh: 2 chi\u1ebfc<\/strong><\/div>\n<div><\/div>\n<div><\/div>\n<p>S\u1eed d\u1ee5ng thi\u1ebft b\u1ecb h\u00e0ng h\u1ea3i l\u00e0 m\u1ed9t m\u00f4n h\u1ecdc k\u1ef9 n\u0103ng c\u1ed1t l\u00f5i trong ch\u01b0\u01a1ng tr\u00ecnh \u0111\u00e0o t\u1ea1o ngh\u1ec1 cao \u0111\u1eb3ng 5 n\u0103m chuy\u00ean ng\u00e0nh K\u1ef9 thu\u1eadt h\u00e0ng h\u1ea3i, \u0111\u1ed3ng th\u1eddi c\u0169ng l\u00e0 m\u1ed9t trong c\u00e1c m\u00f4n thi th\u1ef1c h\u00e0nh \u0111\u1ec3 l\u1ea5y ch\u1ee9ng ch\u1ec9 n\u0103ng l\u1ef1c Thuy\u1ec1n ph\u00f3 3 tr\u00ean t\u00e0u bi\u1ec3n. Th\u00f4ng qua kh\u00f3a h\u1ecdc n\u00e0y, h\u1ecdc vi\u00ean s\u1ebd \u0111\u01b0\u1ee3c trang b\u1ecb ki\u1ebfn th\u1ee9c v\u1ec1 ch\u1ee9c n\u0103ng c\u01a1 b\u1ea3n, c\u1ea5u t\u1ea1o, nguy\u00ean l\u00fd ho\u1ea1t \u0111\u1ed9ng, v\u1eadn h\u00e0nh v\u00e0 b\u1ea3o d\u01b0\u1ee1ng thi\u1ebft b\u1ecb h\u00e0ng h\u1ea3i, t\u1eeb \u0111\u00f3 ph\u00e1t tri\u1ec3n kh\u1ea3 n\u0103ng s\u1eed d\u1ee5ng v\u00e0 b\u1ea3o d\u01b0\u1ee1ng thi\u1ebft b\u1ecb h\u00e0ng h\u1ea3i, \u0111\u1ed3ng th\u1eddi trang b\u1ecb nh\u1eefng k\u1ef9 n\u0103ng c\u01a1 b\u1ea3n c\u1ea7n thi\u1ebft cho thuy\u1ec1n tr\u01b0\u1edfng trong vi\u1ec7c s\u1eed d\u1ee5ng thi\u1ebft b\u1ecb h\u00e0ng h\u1ea3i. M\u00f4n h\u1ecdc ti\u1ec1n \u0111\u1ec1 c\u1ee7a kh\u00f3a h\u1ecdc n\u00e0y l\u00e0 Thi\u1ebft b\u1ecb h\u00e0ng h\u1ea3i.<\/p>\n<p>&nbsp;<\/p>\n<p><strong>Th\u00f4ng s\u1ed1 k\u1ef9 thu\u1eadt:<\/strong><\/p>\n<p>Th\u00f4ng s\u1ed1 c\u01a1 b\u1ea3n<\/p>\n<p>Lo\u1ea1i \u0111i\u1ec7n tho\u1ea1i v\u1ec7 tinh<\/p>\n<p>\u0110i\u1ec7n tho\u1ea1i v\u1ec7 tinh tr\u00ean t\u00e0u Inmarsat<\/p>\n<p>Nh\u1eadn s\u00f3ng t\u1eeb 1525,0 \u0111\u1ebfn 1559,0 MHz, ph\u00e1t s\u00f3ng t\u1eeb 1626,5 \u0111\u1ebfn 1660,5 MHz; B\u0103ng th\u00f4ng k\u00eanh: 10,5 \u0111\u1ebfn 189 kHz (nh\u1eadn), 21 \u0111\u1ebfn 189 kHz (ph\u00e1t);<\/p>\n<p>Ph\u1ea1m vi \u1ee9ng d\u1ee5ng<\/p>\n<p>D\u1ecbch v\u1ee5 duy\u1ec7t web \u2022 Email \u2022 D\u1ecbch v\u1ee5 \u0111i\u1ec7n tho\u1ea1i \u2022 Chuy\u1ec3n file l\u1edbn \u2022 Truy c\u1eadp m\u00e1y ch\u1ee7 doanh nghi\u1ec7p qua VP (M\u1ea1ng \u1ea3o v\u00e0 m\u1ea1ng)<\/p>\n<p>Th\u00f4ng s\u1ed1 k\u1ef9 thu\u1eadt \u0111i\u1ec7n<\/p>\n<p>Ti\u00eau th\u1ee5 \u0111i\u1ec7n n\u0103ng<\/p>\n<p>D\u1ea3i \u0111i\u1ec7n \u00e1p \u0111\u1ea7u v\u00e0o DC (\u0111\u1ed9c l\u1eadp): 10-32 VDC; C\u00f4ng su\u1ea5t ti\u00eau th\u1ee5 t\u1ed1i \u0111a: 120 W, 10-32 V<\/p>\n<p>C\u00e1c th\u00f4ng s\u1ed1 kh\u00e1c<\/p>\n<p>K\u00edch th\u01b0\u1edbc<\/p>\n<p>278 \u00d7 231 \u00d7 41 mm<\/p>\n<p>tr\u1ecdng l\u01b0\u1ee3ng<\/p>\n<p>2 kg<\/p>\n<p>Nhi\u1ec7t \u0111\u1ed9 ho\u1ea1t \u0111\u1ed9ng<\/p>\n<p>-25\u2103\uff5e55\u2103;<\/p>\n<p>Ch\u1ed1ng b\u1ee5i\/n\u01b0\u1edbc<\/p>\n<p>IP31<\/p>\n<p>Ph\u1ee5 l\u1ee5c<\/p>\n<p>Antenna, host, IP handle and bracket, 10-meter antenna cable, CD disc, user manual.<\/p>","protected":false},"excerpt":{"rendered":"<p>\u56fd\u9645\u6d77\u4e8b\u536b\u661f\u7ec8\u7aefF\u7ad9 \u6cd5\u5f8b\u4f9d\u636e\uff1a\u300a\u4e2d\u534e\u4eba\u6c11\u5171\u548c\u56fd\u8239\u5458\u57f9\u8bad\u7ba1\u7406\u89c4\u5219\u300b\uff08\u4ea4\u901a\u8fd0\u8f93\u90e8\u4ee4 2019 \u5e74\u7b2c 5 \u53f7\uff09 \u4ea7&hellip;<\/p>","protected":false},"featured_media":14841,"comment_status":"open","ping_status":"closed","template":"","meta":[],"product_brand":[],"product_cat":[309],"product_tag":[379,380,362,337,336,361],"class_list":{"0":"post-14840","1":"product","2":"type-product","3":"status-publish","4":"has-post-thumbnail","6":"product_cat-tongxindaohangshixunshi","7":"product_tag-guojihaishiweixingzhongduanczhan","8":"product_tag-guojihaishiweixingzhongduanfzhan","9":"product_tag-hanghaiyiqi","10":"product_tag-chuanyuanpeixunneirong","11":"product_tag-chuanyuanpeixunshebei","12":"product_tag-tongxindaohangshixunshi","13":"description-off","15":"first","16":"instock","17":"taxable","18":"shipping-taxable","19":"purchasable","20":"product-type-simple"},"_links":{"self":[{"href":"http:\/\/www.erun-tech.com\/vi\/wp-json\/wp\/v2\/product\/14840","targetHints":{"allow":["GET"]}}],"collection":[{"href":"http:\/\/www.erun-tech.com\/vi\/wp-json\/wp\/v2\/product"}],"about":[{"href":"http:\/\/www.erun-tech.com\/vi\/wp-json\/wp\/v2\/types\/product"}],"replies":[{"embeddable":true,"href":"http:\/\/www.erun-tech.com\/vi\/wp-json\/wp\/v2\/comments?post=14840"}],"wp:featuredmedia":[{"embeddable":true,"href":"http:\/\/www.erun-tech.com\/vi\/wp-json\/wp\/v2\/media\/14841"}],"wp:attachment":[{"href":"http:\/\/www.erun-tech.com\/vi\/wp-json\/wp\/v2\/media?parent=14840"}],"wp:term":[{"taxonomy":"product_brand","embeddable":true,"href":"http:\/\/www.erun-tech.com\/vi\/wp-json\/wp\/v2\/product_brand?post=14840"},{"taxonomy":"product_cat","embeddable":true,"href":"http:\/\/www.erun-tech.com\/vi\/wp-json\/wp\/v2\/product_cat?post=14840"},{"taxonomy":"product_tag","embeddable":true,"href":"http:\/\/www.erun-tech.com\/vi\/wp-json\/wp\/v2\/product_tag?post=14840"}],"curies":[{"name":"wp","href":"https:\/\/api.w.org\/{rel}","templated":true}]}}