{"id":14842,"date":"2024-03-25T22:40:39","date_gmt":"2024-03-25T14:40:39","guid":{"rendered":"http:\/\/www.erun-tech.com\/?post_type=product&#038;p=14842"},"modified":"2024-03-27T20:38:51","modified_gmt":"2024-03-27T12:38:51","slug":"zhonggaopinwuxiandianshebei","status":"publish","type":"product","link":"http:\/\/www.erun-tech.com\/vi\/product\/zhonggaopinwuxiandianshebei","title":{"rendered":"Thi\u1ebft b\u1ecb v\u00f4 tuy\u1ebfn t\u1ea7n s\u1ed1 trung b\u00ecnh\/cao"},"content":{"rendered":"<h2><\/h2>\n<h2 style=\"text-align: center;\">Thi\u1ebft b\u1ecb v\u00f4 tuy\u1ebfn t\u1ea7n s\u1ed1 trung b\u00ecnh\/cao<\/h2>\n<div><strong>C\u01a1 s\u1edf ph\u00e1p l\u00fd: \"Quy \u0111\u1ecbnh v\u1ec1 qu\u1ea3n l\u00fd \u0111\u00e0o t\u1ea1o thuy\u1ec1n vi\u00ean c\u1ee7a C\u1ed9ng h\u00f2a Nh\u00e2n d\u00e2n Trung Hoa\" (Ngh\u1ecb \u0111\u1ecbnh s\u1ed1 5 n\u0103m 2019 c\u1ee7a B\u1ed9 Giao th\u00f4ng V\u1eadn t\u1ea3i)<\/strong><\/div>\n<div><strong>Ph\u00e2n lo\u1ea1i s\u1ea3n ph\u1ea9m: Thi\u1ebft b\u1ecb h\u00e0ng h\u1ea3i<br \/>\n<\/strong><\/div>\n<div><strong>T\u00ean s\u1ea3n ph\u1ea9m: Thi\u1ebft b\u1ecb v\u00f4 tuy\u1ebfn t\u1ea7n s\u1ed1 trung b\u00ecnh\/cao<\/strong><\/div>\n<div><strong>Y\u00eau c\u1ea7u ch\u1ee9c n\u0103ng: \u0110\u00e1p \u1ee9ng y\u00eau c\u1ea7u c\u1ee7a ch\u01b0\u01a1ng tr\u00ecnh \u0111\u00e0o t\u1ea1o.<\/strong><\/div>\n<div><strong>S\u1ed1 l\u01b0\u1ee3ng quy \u0111\u1ecbnh: 1 b\u1ed9<\/strong><\/div>\n<div><\/div>\n<div><\/div>\n<p>S\u1eed d\u1ee5ng thi\u1ebft b\u1ecb h\u00e0ng h\u1ea3i l\u00e0 m\u1ed9t m\u00f4n h\u1ecdc k\u1ef9 n\u0103ng c\u1ed1t l\u00f5i trong ch\u01b0\u01a1ng tr\u00ecnh \u0111\u00e0o t\u1ea1o ngh\u1ec1 cao \u0111\u1eb3ng 5 n\u0103m chuy\u00ean ng\u00e0nh K\u1ef9 thu\u1eadt h\u00e0ng h\u1ea3i, \u0111\u1ed3ng th\u1eddi c\u0169ng l\u00e0 m\u1ed9t trong c\u00e1c m\u00f4n thi th\u1ef1c h\u00e0nh \u0111\u1ec3 l\u1ea5y ch\u1ee9ng ch\u1ec9 n\u0103ng l\u1ef1c Thuy\u1ec1n ph\u00f3 3 tr\u00ean t\u00e0u bi\u1ec3n. Th\u00f4ng qua kh\u00f3a h\u1ecdc n\u00e0y, h\u1ecdc vi\u00ean s\u1ebd \u0111\u01b0\u1ee3c trang b\u1ecb ki\u1ebfn th\u1ee9c v\u1ec1 ch\u1ee9c n\u0103ng c\u01a1 b\u1ea3n, c\u1ea5u t\u1ea1o, nguy\u00ean l\u00fd ho\u1ea1t \u0111\u1ed9ng, v\u1eadn h\u00e0nh v\u00e0 b\u1ea3o d\u01b0\u1ee1ng thi\u1ebft b\u1ecb h\u00e0ng h\u1ea3i, t\u1eeb \u0111\u00f3 ph\u00e1t tri\u1ec3n kh\u1ea3 n\u0103ng s\u1eed d\u1ee5ng v\u00e0 b\u1ea3o d\u01b0\u1ee1ng thi\u1ebft b\u1ecb h\u00e0ng h\u1ea3i, \u0111\u1ed3ng th\u1eddi trang b\u1ecb nh\u1eefng k\u1ef9 n\u0103ng c\u01a1 b\u1ea3n c\u1ea7n thi\u1ebft cho thuy\u1ec1n tr\u01b0\u1edfng trong vi\u1ec7c s\u1eed d\u1ee5ng thi\u1ebft b\u1ecb h\u00e0ng h\u1ea3i. M\u00f4n h\u1ecdc ti\u1ec1n \u0111\u1ec1 c\u1ee7a kh\u00f3a h\u1ecdc n\u00e0y l\u00e0 Thi\u1ebft b\u1ecb h\u00e0ng h\u1ea3i.<\/p>\n<p>&nbsp;<\/p>\n<p>T\u1ea7n s\u1ed1 ph\u00e1t: 1605,0 kHz \u0111\u1ebfn 27500,0 kHz<\/p>\n<p>T\u1ea7n s\u1ed1 thu: 100kHz ~ 29999.99kHz<\/p>\n<p>S\u1ed1 k\u00eanh: 256 k\u00eanh ng\u01b0\u1eddi d\u00f9ng *** c\u1ed9ng v\u1edbi k\u00eanh ITU, SSB\/TELEX<\/p>\n<p>Hi\u1ec3n th\u1ecb: 480\u00d7272 pixel, m\u00e0n h\u00ecnh LCD m\u00e0u 4.3\u2033 c\u00f3 \u0111\u1ed9 t\u01b0\u01a1ng ph\u1ea3n cao<\/p>\n<p>Lo\u1ea1i ph\u00e1t s\u00f3ng: J3E (\u0111i\u1ec7n tho\u1ea1i) J2B (DSC NBDP) A1A, F3C (y\u00eau c\u1ea7u c\u00e0i \u0111\u1eb7t cho truy\u1ec1n th\u00f4ng)<\/p>\n<p>C\u00f4ng su\u1ea5t \u0111\u1ea7u ra c\u1ee7a m\u00e1y thu ph\u00e1t v\u00f4 tuy\u1ebfn: FS-1575 150W (PEP)\/FS-2570 250W (PEP)\/FS5075 500W (PEP HF) 400W (PEP MF)<\/p>\n<p>T\u1ed1c \u0111\u1ed9 \u0111i\u1ec1u ch\u1ec9nh: trong v\u00f2ng 15 gi\u00e2y<\/p>\n<p>\u0110\u1ed9 nh\u1ea1y c\u1ee7a b\u1ed9 thu: T\u1ed1t h\u01a1n +7 dB\u03bcV (4,0-29,99999 MHz, J3E) \/ T\u1ed1t h\u01a1n +13 dB\u03bcV (1,6-4 MHz, J3E)<\/p>\n<p>DSC nh\u1eadn: T\u1ea5t c\u1ea3 c\u00e1c k\u00eanh DSC MF\/HF<\/p>\n<p>T\u1ea7n s\u1ed1 an to\u00e0n DSC: 2187,5 kHz, 4207,5 kHz, 6312,0 kHz, 8414,5 kHz, 12577,0 kHz, 16804,5 kHz<\/p>\n<p>B\u1ed9 nh\u1edb tin nh\u1eafn ph\u00e1t DSC: 50 tin nh\u1eafn kh\u1ea9n c\u1ea5p v\u00e0 50 tin nh\u1eafn kh\u00f4ng kh\u1ea9n c\u1ea5p<\/p>\n<p>B\u1ed9 nh\u1edb tin nh\u1eafn DSC: 50 tin nh\u1eafn, s\u1ed1 \u0111i\u1ec7n tho\u1ea1i, t\u1ea7n s\u1ed1, v.v.<\/p>\n<p>Ngu\u1ed3n \u0111i\u1ec7n: 24 VDC, FS1575 20A (TX), 5.0A (RX)\/FS2575 40A (TX), 5.0A (RX)\/FS5075 60A (TX), 5.0A (RX)<\/p>\n<p>Truy\u1ec1n d\u1eef li\u1ec7u b\u0103ng h\u1eb9p: T\u01b0\u01a1ng th\u00edch v\u1edbi IB-583 ho\u1eb7c IB-585<\/p>","protected":false},"excerpt":{"rendered":"<p>\u4e2d\/\u9ad8\u9891\u65e0\u7ebf\u7535\u8bbe\u5907 \u6cd5\u5f8b\u4f9d\u636e\uff1a\u300a\u4e2d\u534e\u4eba\u6c11\u5171\u548c\u56fd\u8239\u5458\u57f9\u8bad\u7ba1\u7406\u89c4\u5219\u300b\uff08\u4ea4\u901a\u8fd0\u8f93\u90e8\u4ee4 2019 \u5e74\u7b2c 5 \u53f7\uff09 \u4ea7\u54c1&hellip;<\/p>","protected":false},"featured_media":14843,"comment_status":"open","ping_status":"closed","template":"","meta":[],"product_brand":[],"product_cat":[309],"product_tag":[381,379,380,362,337,336,361],"class_list":{"0":"post-14842","1":"product","2":"type-product","3":"status-publish","4":"has-post-thumbnail","6":"product_cat-tongxindaohangshixunshi","7":"product_tag-zhonggaopinwuxiandianshebei","8":"product_tag-guojihaishiweixingzhongduanczhan","9":"product_tag-guojihaishiweixingzhongduanfzhan","10":"product_tag-hanghaiyiqi","11":"product_tag-chuanyuanpeixunneirong","12":"product_tag-chuanyuanpeixunshebei","13":"product_tag-tongxindaohangshixunshi","14":"description-off","16":"first","17":"instock","18":"taxable","19":"shipping-taxable","20":"purchasable","21":"product-type-simple"},"_links":{"self":[{"href":"http:\/\/www.erun-tech.com\/vi\/wp-json\/wp\/v2\/product\/14842","targetHints":{"allow":["GET"]}}],"collection":[{"href":"http:\/\/www.erun-tech.com\/vi\/wp-json\/wp\/v2\/product"}],"about":[{"href":"http:\/\/www.erun-tech.com\/vi\/wp-json\/wp\/v2\/types\/product"}],"replies":[{"embeddable":true,"href":"http:\/\/www.erun-tech.com\/vi\/wp-json\/wp\/v2\/comments?post=14842"}],"wp:featuredmedia":[{"embeddable":true,"href":"http:\/\/www.erun-tech.com\/vi\/wp-json\/wp\/v2\/media\/14843"}],"wp:attachment":[{"href":"http:\/\/www.erun-tech.com\/vi\/wp-json\/wp\/v2\/media?parent=14842"}],"wp:term":[{"taxonomy":"product_brand","embeddable":true,"href":"http:\/\/www.erun-tech.com\/vi\/wp-json\/wp\/v2\/product_brand?post=14842"},{"taxonomy":"product_cat","embeddable":true,"href":"http:\/\/www.erun-tech.com\/vi\/wp-json\/wp\/v2\/product_cat?post=14842"},{"taxonomy":"product_tag","embeddable":true,"href":"http:\/\/www.erun-tech.com\/vi\/wp-json\/wp\/v2\/product_tag?post=14842"}],"curies":[{"name":"wp","href":"https:\/\/api.w.org\/{rel}","templated":true}]}}