{"id":14844,"date":"2024-03-25T22:45:27","date_gmt":"2024-03-25T14:45:27","guid":{"rendered":"http:\/\/www.erun-tech.com\/?post_type=product&#038;p=14844"},"modified":"2024-03-27T20:39:00","modified_gmt":"2024-03-27T12:39:00","slug":"qixiangchuanzhenjieshouji-2","status":"publish","type":"product","link":"http:\/\/www.erun-tech.com\/vi\/product\/qixiangchuanzhenjieshouji-2","title":{"rendered":"M\u00e1y thu fax kh\u00ed t\u01b0\u1ee3ng"},"content":{"rendered":"<h2><\/h2>\n<h2 style=\"text-align: center;\">M\u00e1y thu fax kh\u00ed t\u01b0\u1ee3ng<\/h2>\n<div><strong>C\u01a1 s\u1edf ph\u00e1p l\u00fd: \"Quy \u0111\u1ecbnh v\u1ec1 qu\u1ea3n l\u00fd \u0111\u00e0o t\u1ea1o thuy\u1ec1n vi\u00ean c\u1ee7a C\u1ed9ng h\u00f2a Nh\u00e2n d\u00e2n Trung Hoa\" (Ngh\u1ecb \u0111\u1ecbnh s\u1ed1 5 n\u0103m 2019 c\u1ee7a B\u1ed9 Giao th\u00f4ng V\u1eadn t\u1ea3i)<\/strong><\/div>\n<div><strong>Ph\u00e2n lo\u1ea1i s\u1ea3n ph\u1ea9m: Thi\u1ebft b\u1ecb h\u00e0ng h\u1ea3i<br \/>\n<\/strong><\/div>\n<div><strong>T\u00ean s\u1ea3n ph\u1ea9m: M\u00e1y thu fax kh\u00ed t\u01b0\u1ee3ng<\/strong><\/div>\n<div><strong>Y\u00eau c\u1ea7u ch\u1ee9c n\u0103ng: \u0110\u00e1p \u1ee9ng y\u00eau c\u1ea7u c\u1ee7a ch\u01b0\u01a1ng tr\u00ecnh \u0111\u00e0o t\u1ea1o.<\/strong><\/div>\n<div><strong>S\u1ed1 l\u01b0\u1ee3ng quy \u0111\u1ecbnh: 1 chi\u1ebfc<\/strong><\/div>\n<div><\/div>\n<div><\/div>\n<p>S\u1eed d\u1ee5ng thi\u1ebft b\u1ecb h\u00e0ng h\u1ea3i l\u00e0 m\u1ed9t m\u00f4n h\u1ecdc k\u1ef9 n\u0103ng c\u1ed1t l\u00f5i trong ch\u01b0\u01a1ng tr\u00ecnh \u0111\u00e0o t\u1ea1o ngh\u1ec1 cao \u0111\u1eb3ng 5 n\u0103m chuy\u00ean ng\u00e0nh K\u1ef9 thu\u1eadt h\u00e0ng h\u1ea3i, \u0111\u1ed3ng th\u1eddi c\u0169ng l\u00e0 m\u1ed9t trong c\u00e1c m\u00f4n thi th\u1ef1c h\u00e0nh \u0111\u1ec3 l\u1ea5y ch\u1ee9ng ch\u1ec9 n\u0103ng l\u1ef1c Thuy\u1ec1n ph\u00f3 3 tr\u00ean t\u00e0u bi\u1ec3n. Th\u00f4ng qua kh\u00f3a h\u1ecdc n\u00e0y, h\u1ecdc vi\u00ean s\u1ebd \u0111\u01b0\u1ee3c trang b\u1ecb ki\u1ebfn th\u1ee9c v\u1ec1 ch\u1ee9c n\u0103ng c\u01a1 b\u1ea3n, c\u1ea5u t\u1ea1o, nguy\u00ean l\u00fd ho\u1ea1t \u0111\u1ed9ng, v\u1eadn h\u00e0nh v\u00e0 b\u1ea3o d\u01b0\u1ee1ng thi\u1ebft b\u1ecb h\u00e0ng h\u1ea3i, t\u1eeb \u0111\u00f3 ph\u00e1t tri\u1ec3n kh\u1ea3 n\u0103ng s\u1eed d\u1ee5ng v\u00e0 b\u1ea3o d\u01b0\u1ee1ng thi\u1ebft b\u1ecb h\u00e0ng h\u1ea3i, \u0111\u1ed3ng th\u1eddi trang b\u1ecb nh\u1eefng k\u1ef9 n\u0103ng c\u01a1 b\u1ea3n c\u1ea7n thi\u1ebft cho thuy\u1ec1n tr\u01b0\u1edfng trong vi\u1ec7c s\u1eed d\u1ee5ng thi\u1ebft b\u1ecb h\u00e0ng h\u1ea3i. M\u00f4n h\u1ecdc ti\u1ec1n \u0111\u1ec1 c\u1ee7a kh\u00f3a h\u1ecdc n\u00e0y l\u00e0 Thi\u1ebft b\u1ecb h\u00e0ng h\u1ea3i.<\/p>\n<p>&nbsp;<\/p>\n<p>M\u00e0n h\u00ecnh LCD 15 inch, c\u00f3 th\u1ec3 nh\u1eadn h\u00ecnh \u1ea3nh fax th\u1eddi ti\u1ebft trong \u0111i\u1ec1u ki\u1ec7n th\u1eddi ti\u1ebft thay \u0111\u1ed5i.<br \/>\nT\u1ed5ng c\u1ed9ng 900 k\u00eanh, bao g\u1ed3m 330 k\u00eanh \u0111\u01b0\u1ee3c l\u1eadp tr\u00ecnh s\u1eb5n v\u00e0 570 k\u00eanh c\u00f3 th\u1ec3 l\u1eadp tr\u00ecnh b\u1edfi ng\u01b0\u1eddi d\u00f9ng.<br \/>\nH\u00ecnh \u1ea3nh c\u00f3 th\u1ec3 \u0111\u01b0\u1ee3c ph\u00f3ng to v\u00e0 xoay, d\u1eef li\u1ec7u c\u1ee5c b\u1ed9 r\u00f5 r\u00e0ng v\u00e0 ch\u00ednh x\u00e1c.<br \/>\nT\u00edch h\u1ee3p 32 b\u1ed9 h\u1eb9n gi\u1edd, t\u1ef1 \u0111\u1ed9ng nh\u1eadn d\u1eef li\u1ec7u theo th\u1eddi gian \u0111\u1ecbnh s\u1eb5n.<\/p>\n<p>M\u00e1y fax th\u1eddi ti\u1ebft SFX508 Kh\u00f4ng c\u1ea7n in M\u00e1y fax th\u1eddi ti\u1ebft M\u00e1y thu fax th\u1eddi ti\u1ebft<br \/>\nWEATHER FACSIMILE<br \/>\nTh\u00f4ng s\u1ed1 k\u1ef9 thu\u1eadt<br \/>\nM\u00e0n h\u00ecnh LCD TFT m\u00e0u th\u1eadt 15 inch<br \/>\nD\u1ea3i t\u1ea7n s\u1ed1: 2.000-24.9999MHz<br \/>\nCh\u1ebf \u0111\u1ed9 nh\u1eadn: F3C<br \/>\nS\u1ed1 l\u01b0\u1ee3ng k\u00eanh: 900<br \/>\nCh\u1ec9 s\u1ed1 h\u1ee3p t\u00e1c: 576\/288<br \/>\nT\u1ed1c \u0111\u1ed9 qu\u00e9t: 60, 90 ho\u1eb7c 120 v\u00f2ng\/ph\u00fat<br \/>\nNgu\u1ed3n \u0111i\u1ec7n: DC24V (\u00b120%)<br \/>\nK\u00edch th\u01b0\u1edbc: 382*404*110mm<\/p>","protected":false},"excerpt":{"rendered":"<p>\u6c14\u8c61\u4f20\u771f\u63a5\u6536\u673a \u6cd5\u5f8b\u4f9d\u636e\uff1a\u300a\u4e2d\u534e\u4eba\u6c11\u5171\u548c\u56fd\u8239\u5458\u57f9\u8bad\u7ba1\u7406\u89c4\u5219\u300b\uff08\u4ea4\u901a\u8fd0\u8f93\u90e8\u4ee4 2019 \u5e74\u7b2c 5 \u53f7\uff09 \u4ea7\u54c1\u5206\u7c7b&hellip;<\/p>","protected":false},"featured_media":14823,"comment_status":"open","ping_status":"closed","template":"","meta":[],"product_brand":[],"product_cat":[309],"product_tag":[381,379,380,362,337,336,361],"class_list":{"0":"post-14844","1":"product","2":"type-product","3":"status-publish","4":"has-post-thumbnail","6":"product_cat-tongxindaohangshixunshi","7":"product_tag-zhonggaopinwuxiandianshebei","8":"product_tag-guojihaishiweixingzhongduanczhan","9":"product_tag-guojihaishiweixingzhongduanfzhan","10":"product_tag-hanghaiyiqi","11":"product_tag-chuanyuanpeixunneirong","12":"product_tag-chuanyuanpeixunshebei","13":"product_tag-tongxindaohangshixunshi","14":"description-off","16":"first","17":"instock","18":"taxable","19":"shipping-taxable","20":"purchasable","21":"product-type-simple"},"_links":{"self":[{"href":"http:\/\/www.erun-tech.com\/vi\/wp-json\/wp\/v2\/product\/14844","targetHints":{"allow":["GET"]}}],"collection":[{"href":"http:\/\/www.erun-tech.com\/vi\/wp-json\/wp\/v2\/product"}],"about":[{"href":"http:\/\/www.erun-tech.com\/vi\/wp-json\/wp\/v2\/types\/product"}],"replies":[{"embeddable":true,"href":"http:\/\/www.erun-tech.com\/vi\/wp-json\/wp\/v2\/comments?post=14844"}],"wp:featuredmedia":[{"embeddable":true,"href":"http:\/\/www.erun-tech.com\/vi\/wp-json\/wp\/v2\/media\/14823"}],"wp:attachment":[{"href":"http:\/\/www.erun-tech.com\/vi\/wp-json\/wp\/v2\/media?parent=14844"}],"wp:term":[{"taxonomy":"product_brand","embeddable":true,"href":"http:\/\/www.erun-tech.com\/vi\/wp-json\/wp\/v2\/product_brand?post=14844"},{"taxonomy":"product_cat","embeddable":true,"href":"http:\/\/www.erun-tech.com\/vi\/wp-json\/wp\/v2\/product_cat?post=14844"},{"taxonomy":"product_tag","embeddable":true,"href":"http:\/\/www.erun-tech.com\/vi\/wp-json\/wp\/v2\/product_tag?post=14844"}],"curies":[{"name":"wp","href":"https:\/\/api.w.org\/{rel}","templated":true}]}}