{"id":14872,"date":"2024-03-25T23:41:17","date_gmt":"2024-03-25T15:41:17","guid":{"rendered":"http:\/\/www.erun-tech.com\/?post_type=product&#038;p=14872"},"modified":"2024-03-27T19:58:05","modified_gmt":"2024-03-27T11:58:05","slug":"zhuomianbanlunjimoniqi","status":"publish","type":"product","link":"http:\/\/www.erun-tech.com\/vi\/product\/zhuomianbanlunjimoniqi","title":{"rendered":"M\u00e1y m\u00f4 ph\u1ecfng \u0111\u1ed9ng c\u01a1 phi\u00ean b\u1ea3n m\u00e1y t\u00ednh \u0111\u1ec3 b\u00e0n"},"content":{"rendered":"<h2><\/h2>\n<h2 style=\"text-align: center;\">M\u00e1y m\u00f4 ph\u1ecfng \u0111\u1ed9ng c\u01a1 phi\u00ean b\u1ea3n m\u00e1y t\u00ednh \u0111\u1ec3 b\u00e0n<\/h2>\n<div><strong>C\u01a1 s\u1edf ph\u00e1p l\u00fd: \"Quy \u0111\u1ecbnh v\u1ec1 qu\u1ea3n l\u00fd \u0111\u00e0o t\u1ea1o thuy\u1ec1n vi\u00ean c\u1ee7a C\u1ed9ng h\u00f2a Nh\u00e2n d\u00e2n Trung Hoa\" (Ngh\u1ecb \u0111\u1ecbnh s\u1ed1 5 n\u0103m 2019 c\u1ee7a B\u1ed9 Giao th\u00f4ng V\u1eadn t\u1ea3i)<\/strong><\/div>\n<div><strong>Lo\u1ea1i s\u1ea3n ph\u1ea9m: Thi\u1ebft b\u1ecb \u0111\u00e0o t\u1ea1o cho thuy\u1ec1n tr\u01b0\u1edfng, thuy\u1ec1n ph\u00f3 v\u00e0 thuy\u1ec1n vi\u00ean<br \/>\n<\/strong><\/div>\n<div><strong>T\u00ean s\u1ea3n ph\u1ea9m: Tr\u00ecnh m\u00f4 ph\u1ecfng \u0111\u1ed9ng c\u01a1 m\u00e1y t\u00ednh \u0111\u1ec3 b\u00e0n<\/strong><\/div>\n<div><strong>Y\u00eau c\u1ea7u ch\u1ee9c n\u0103ng: \u0110\u00e1p \u1ee9ng y\u00eau c\u1ea7u c\u1ee7a ch\u01b0\u01a1ng tr\u00ecnh \u0111\u00e0o t\u1ea1o.<\/strong><\/div>\n<div><strong>S\u1ed1 l\u01b0\u1ee3ng quy \u0111\u1ecbnh: 1 b\u1ed9<\/strong><\/div>\n<div><\/div>\n<div>\n<p>Bao g\u1ed3m h\u1ec7 th\u1ed1ng d\u00e2y ngu\u1ed3n m\u00e1y t\u00ednh, h\u1ec7 th\u1ed1ng d\u00e2y m\u1ea1ng, b\u1ed9 chuy\u1ec3n m\u1ea1ch, t\u1ee7 m\u1ea1ng.<\/p>\n<p>(1) M\u00e1y t\u00ednh \u0111\u1ea7u cu\u1ed1i<\/p>\n<p>M\u00e1y t\u00ednh cho h\u1ecdc vi\u00ean: 40 b\u1ed9; M\u00e1y t\u00ednh cho gi\u1ea3ng vi\u00ean: 2 b\u1ed9. M\u00e1y t\u00ednh cho h\u1ecdc vi\u00ean v\u00e0 gi\u1ea3ng vi\u00ean c\u00f3 c\u1ea5u h\u00ecnh gi\u1ed1ng nhau, m\u1ed7i b\u1ed9 bao g\u1ed3m: 1 m\u00e1y t\u00ednh \u0111\u1ec3 b\u00e0n m\u00f4 ph\u1ecfng \u0111\u1ed9ng c\u01a1 + 2 m\u00e0n h\u00ecnh \u0111\u1ec3 b\u00e0n m\u00f4 ph\u1ecfng \u0111\u1ed9ng c\u01a1 + 1 b\u1ed9 b\u00e0n gh\u1ebf. M\u00e1y t\u00ednh \u0111\u01b0\u1ee3c trang b\u1ecb tai nghe.<\/p>\n<p>&nbsp;<\/p>\n<p>(2) H\u1ec7 th\u1ed1ng ph\u00e1t thanh<\/p>\n<p>H\u1ec7 th\u1ed1ng ph\u00e1t thanh, 1 b\u1ed9, bao g\u1ed3m 1 b\u1ed9 khu\u1ebfch \u0111\u1ea1i c\u00f4ng su\u1ea5t + 2 loa + 1 b\u1ed9 micro c\u1ea7m tay kh\u00f4ng d\u00e2y 1-2, t\u1ea1o th\u00e0nh h\u1ec7 th\u1ed1ng \u00e2m thanh c\u1ee7a m\u00f4 ph\u1ecfng \u0111\u1ed9ng c\u01a1, ph\u00e1t s\u00f3ng khi kh\u1edfi \u0111\u1ed9ng ho\u1eb7c d\u1eebng thi\u1ebft b\u1ecb t\u01b0\u01a1ng \u1ee9ng, mang l\u1ea1i tr\u1ea3i nghi\u1ec7m th\u1ef1c t\u1ebf nh\u01b0 trong khoang m\u00e1y c\u1ee7a t\u00e0u, c\u0169ng c\u00f3 th\u1ec3 s\u1eed d\u1ee5ng \u0111\u1ec3 ph\u00e1t thanh, thu\u1eadn ti\u1ec7n cho vi\u1ec7c ch\u1ec9 huy v\u00e0 ph\u1ed1i h\u1ee3p th\u1ed1ng nh\u1ea5t trong c\u00f4ng vi\u1ec7c.<\/p>\n<p>(3) M\u00e1y in m\u1ea1ng<\/p>\n<p>M\u00e1y in m\u1ea1ng, 1 chi\u1ebfc: In laser \u0111en tr\u1eafng, lo\u1ea1i m\u1ea1ng, k\u00edch th\u01b0\u1edbc in t\u1ed1i thi\u1ec3u A4, c\u00f3 th\u1ec3 qu\u00e9t, sao ch\u00e9p, in, v.v. K\u00e8m theo 1 tr\u1ed1ng in v\u00e0 1 h\u1ed9p gi\u1ea5y A4.<\/p>\n<p>(4) Ph\u1ea7n m\u1ec1m m\u00f4 ph\u1ecfng \u0111\u1ed9ng c\u01a1<\/p>\n<p>Bao g\u1ed3m ph\u1ea7n m\u1ec1m m\u00f4 ph\u1ecfng \u0111\u1ed9ng c\u01a1, ph\u1ea7n m\u1ec1m n\u1ec1n t\u1ea3ng \u0111\u00e0o t\u1ea1o v\u00e0 \u0111\u00e1nh gi\u00e1 d\u1ef1a tr\u00ean m\u1ea1ng, n\u1ec1n t\u1ea3ng \u0111\u00e0o t\u1ea1o v\u00e0 \u0111\u00e1nh gi\u00e1 d\u1ef1a tr\u00ean m\u1ea1ng, y\u00eau c\u1ea7u k\u1ef9 thu\u1eadt c\u1ee7a ph\u1ea7n m\u1ec1m m\u00f4 ph\u1ecfng \u0111\u1ed9ng c\u01a1.<\/p>\n<p>M\u1ed7i thi\u1ebft b\u1ecb \u0111\u1ea7u cu\u1ed1i \u0111\u01b0\u1ee3c c\u00e0i \u0111\u1eb7t \u0111\u1ed9c l\u1eadp ho\u1eb7c \u0111\u0103ng nh\u1eadp v\u00e0o n\u1ec1n t\u1ea3ng \u0111\u00e0o t\u1ea1o v\u00e0 \u0111\u00e1nh gi\u00e1 d\u1ef1a tr\u00ean m\u1ea1ng, th\u1ef1c hi\u1ec7n c\u00e1c ch\u1ee9c n\u0103ng nh\u01b0 qu\u1ea3n l\u00fd \u0111\u00e1nh gi\u00e1 m\u1ea1ng, l\u1ef1a ch\u1ecdn lo\u1ea1i t\u00e0u, gi\u00e1m s\u00e1t ho\u1ea1t \u0111\u1ed9ng, ghi ch\u00e9p v\u00e0 ph\u00e1t l\u1ea1i ho\u1ea1t \u0111\u1ed9ng, \u0111\u1ed3ng th\u1eddi c\u00f3 th\u1ec3 gi\u00e1m s\u00e1t tr\u1ef1c tuy\u1ebfn c\u00e1c thi\u1ebft b\u1ecb \u0111\u1ea7u cu\u1ed1i c\u1ee7a th\u00ed sinh.<\/p>\n<p>(5) L\u1eafp \u0111\u1eb7t v\u00e0 \u0111i\u1ec1u ch\u1ec9nh<\/p>\n<p>\u0110i k\u00e8m v\u1edbi b\u1ed9 chuy\u1ec3n m\u1ea1ch v\u00e0 t\u1ee7 m\u1ea1ng, t\u1ee7 c\u00f3 1 gi\u00e1 \u0111\u1ee1 d\u00e2y. K\u1ebft n\u1ed1i m\u1ea1ng v\u00e0 \u0111\u01b0\u1eddng d\u00e2y \u0111i\u1ec7n b\u1eb1ng c\u00e1p m\u1ea1ng lo\u1ea1i 5 ho\u1eb7c cao h\u01a1n.<\/p>\n<p>Nh\u00e0 th\u1ea7u x\u00e2y d\u1ef1ng s\u1ebd ho\u00e0n th\u00e0nh vi\u1ec7c s\u1ea3n xu\u1ea5t v\u00e0 l\u1eafp \u0111\u1eb7t 4 b\u1ee9c tranh treo t\u01b0\u1eddng trong ph\u00f2ng. Phi\u00ean b\u1ea3n \u0111i\u1ec7n t\u1eed c\u1ee7a n\u1ed9i dung tranh treo t\u01b0\u1eddng s\u1ebd \u0111\u01b0\u1ee3c cung c\u1ea5p b\u1edfi nh\u00e0 cung c\u1ea5p m\u00f4 ph\u1ecfng.<\/p>\n<p>&nbsp;<\/p>\n<\/div>","protected":false},"excerpt":{"rendered":"<p>\u684c\u9762\u7248\u8f6e\u673a\u6a21\u62df\u5668 \u6cd5\u5f8b\u4f9d\u636e\uff1a\u300a\u4e2d\u534e\u4eba\u6c11\u5171\u548c\u56fd\u8239\u5458\u57f9\u8bad\u7ba1\u7406\u89c4\u5219\u300b\uff08\u4ea4\u901a\u8fd0\u8f93\u90e8\u4ee4 2019 \u5e74\u7b2c 5 \u53f7\uff09 \u4ea7\u54c1\u5206&hellip;<\/p>","protected":false},"featured_media":14871,"comment_status":"open","ping_status":"closed","template":"","meta":[],"product_brand":[],"product_cat":[314],"product_tag":[399,401,336,400],"class_list":{"0":"post-14872","1":"product","2":"type-product","3":"status-publish","4":"has-post-thumbnail","6":"product_cat-zhuomianlunjimoniqi","7":"product_tag-quanrenwulunjimoniqi","8":"product_tag-zhuomianbanlunjimoniqi","9":"product_tag-chuanyuanpeixunshebei","10":"product_tag-lunjimoniqi","11":"description-off","13":"first","14":"instock","15":"taxable","16":"shipping-taxable","17":"purchasable","18":"product-type-simple"},"_links":{"self":[{"href":"http:\/\/www.erun-tech.com\/vi\/wp-json\/wp\/v2\/product\/14872","targetHints":{"allow":["GET"]}}],"collection":[{"href":"http:\/\/www.erun-tech.com\/vi\/wp-json\/wp\/v2\/product"}],"about":[{"href":"http:\/\/www.erun-tech.com\/vi\/wp-json\/wp\/v2\/types\/product"}],"replies":[{"embeddable":true,"href":"http:\/\/www.erun-tech.com\/vi\/wp-json\/wp\/v2\/comments?post=14872"}],"wp:featuredmedia":[{"embeddable":true,"href":"http:\/\/www.erun-tech.com\/vi\/wp-json\/wp\/v2\/media\/14871"}],"wp:attachment":[{"href":"http:\/\/www.erun-tech.com\/vi\/wp-json\/wp\/v2\/media?parent=14872"}],"wp:term":[{"taxonomy":"product_brand","embeddable":true,"href":"http:\/\/www.erun-tech.com\/vi\/wp-json\/wp\/v2\/product_brand?post=14872"},{"taxonomy":"product_cat","embeddable":true,"href":"http:\/\/www.erun-tech.com\/vi\/wp-json\/wp\/v2\/product_cat?post=14872"},{"taxonomy":"product_tag","embeddable":true,"href":"http:\/\/www.erun-tech.com\/vi\/wp-json\/wp\/v2\/product_tag?post=14872"}],"curies":[{"name":"wp","href":"https:\/\/api.w.org\/{rel}","templated":true}]}}