{"id":14878,"date":"2024-03-25T23:57:00","date_gmt":"2024-03-25T15:57:00","guid":{"rendered":"http:\/\/www.erun-tech.com\/?post_type=product&#038;p=14878"},"modified":"2024-03-27T20:57:30","modified_gmt":"2024-03-27T12:57:30","slug":"dianjijidianlituodongshiyanshi","status":"publish","type":"product","link":"http:\/\/www.erun-tech.com\/vi\/product\/dianjijidianlituodongshiyanshi","title":{"rendered":"Ph\u00f2ng th\u00ed nghi\u1ec7m \u0111\u1ed9ng c\u01a1 v\u00e0 truy\u1ec1n \u0111\u1ed9ng \u0111i\u1ec7n"},"content":{"rendered":"<h2><\/h2>\n<h2 style=\"text-align: center;\">Ph\u00f2ng th\u00ed nghi\u1ec7m \u0111\u1ed9ng c\u01a1 v\u00e0 truy\u1ec1n \u0111\u1ed9ng \u0111i\u1ec7n<\/h2>\n<div><strong>C\u01a1 s\u1edf ph\u00e1p l\u00fd: \"Quy \u0111\u1ecbnh v\u1ec1 qu\u1ea3n l\u00fd \u0111\u00e0o t\u1ea1o thuy\u1ec1n vi\u00ean c\u1ee7a C\u1ed9ng h\u00f2a Nh\u00e2n d\u00e2n Trung Hoa\" (Ngh\u1ecb \u0111\u1ecbnh s\u1ed1 5 n\u0103m 2019 c\u1ee7a B\u1ed9 Giao th\u00f4ng V\u1eadn t\u1ea3i)<\/strong><\/div>\n<div><strong>Lo\u1ea1i s\u1ea3n ph\u1ea9m: Thi\u1ebft b\u1ecb \u0111\u00e0o t\u1ea1o k\u1ef9 thu\u1eadt vi\u00ean \u0111i\u1ec7n t\u1eed v\u00e0 \u0111i\u1ec7n<br \/>\n<\/strong><\/div>\n<div><strong>T\u00ean s\u1ea3n ph\u1ea9m: Ph\u00f2ng th\u00ed nghi\u1ec7m \u0111\u1ed9ng c\u01a1 v\u00e0 truy\u1ec1n \u0111\u1ed9ng \u0111i\u1ec7n<\/strong><\/div>\n<div><strong>Y\u00eau c\u1ea7u ch\u1ee9c n\u0103ng: \u0110\u00e1p \u1ee9ng y\u00eau c\u1ea7u c\u1ee7a ch\u01b0\u01a1ng tr\u00ecnh \u0111\u00e0o t\u1ea1o.<\/strong><\/div>\n<div><strong>S\u1ed1 l\u01b0\u1ee3ng quy \u0111\u1ecbnh: 1 b\u1ed9<\/strong><\/div>\n<div><\/div>\n<div>\n<p>1. \u00cdt nh\u1ea5t 1 bi\u1ebfn t\u1ea7n hi\u1ec7u su\u1ea5t cao;<\/p>\n<p>2. \u00cdt nh\u1ea5t 4 lo\u1ea1i \u0111\u1ed9ng c\u01a1 \u0111i\u1ec1u khi\u1ec3n (\u0111\u1ed9ng c\u01a1 servo, \u0111\u1ed9ng c\u01a1 \u0111o t\u1ed1c \u0111\u1ed9, \u0111\u1ed9ng c\u01a1 b\u01b0\u1edbc, \u0111\u1ed9ng c\u01a1 t\u1ef1 \u0111i\u1ec1u ch\u1ec9nh g\u00f3c) m\u1ed7i lo\u1ea1i 1 chi\u1ebfc;<\/p>\n<p>3. Bao g\u1ed3m 1 t\u1ee7 \u0111i\u1ec7n c\u00f3 h\u1ec7 th\u1ed1ng \u0111i\u1ec1u ch\u1ec9nh t\u1ed1c \u0111\u1ed9 b\u1eb1ng c\u00e1ch thay \u0111\u1ed5i c\u1ef1c (\u00edt nh\u1ea5t 3 t\u1ed1c \u0111\u1ed9), 1 \u0111\u1ed9ng c\u01a1 phanh \u0111i\u1ec7n t\u1eeb; bao g\u1ed3m b\u1ed9 \u0111i\u1ec1u khi\u1ec3n ch\u00ednh, h\u1ec7 th\u1ed1ng c\u00f3 th\u1ec3 ho\u1ea1t \u0111\u1ed9ng;<\/p>\n<p>4. \u0110\u1ed9ng c\u01a1 \u0111i\u1ec7n m\u1ed9t chi\u1ec1u 1 chi\u1ebfc, c\u00f3 th\u1ec3 th\u00e1o l\u1eafp.<\/p>\n<\/div>","protected":false},"excerpt":{"rendered":"<p>\u7535\u673a\u53ca\u7535\u529b\u62d6\u52a8\u5b9e\u9a8c\u5ba4 \u6cd5\u5f8b\u4f9d\u636e\uff1a\u300a\u4e2d\u534e\u4eba\u6c11\u5171\u548c\u56fd\u8239\u5458\u57f9\u8bad\u7ba1\u7406\u89c4\u5219\u300b\uff08\u4ea4\u901a\u8fd0\u8f93\u90e8\u4ee4 2019 \u5e74\u7b2c 5 \u53f7\uff09 \u4ea7&hellip;<\/p>","protected":false},"featured_media":14879,"comment_status":"open","ping_status":"closed","template":"","meta":[],"product_brand":[],"product_cat":[317],"product_tag":[404,406,336],"class_list":{"0":"post-14878","1":"product","2":"type-product","3":"status-publish","4":"has-post-thumbnail","6":"product_cat-diangonggongyishixunshi","7":"product_tag-diangonggongyishixunshi","8":"product_tag-dianjijidianlituodongshiyanshi","9":"product_tag-chuanyuanpeixunshebei","10":"description-off","12":"first","13":"instock","14":"taxable","15":"shipping-taxable","16":"purchasable","17":"product-type-simple"},"_links":{"self":[{"href":"http:\/\/www.erun-tech.com\/vi\/wp-json\/wp\/v2\/product\/14878","targetHints":{"allow":["GET"]}}],"collection":[{"href":"http:\/\/www.erun-tech.com\/vi\/wp-json\/wp\/v2\/product"}],"about":[{"href":"http:\/\/www.erun-tech.com\/vi\/wp-json\/wp\/v2\/types\/product"}],"replies":[{"embeddable":true,"href":"http:\/\/www.erun-tech.com\/vi\/wp-json\/wp\/v2\/comments?post=14878"}],"wp:featuredmedia":[{"embeddable":true,"href":"http:\/\/www.erun-tech.com\/vi\/wp-json\/wp\/v2\/media\/14879"}],"wp:attachment":[{"href":"http:\/\/www.erun-tech.com\/vi\/wp-json\/wp\/v2\/media?parent=14878"}],"wp:term":[{"taxonomy":"product_brand","embeddable":true,"href":"http:\/\/www.erun-tech.com\/vi\/wp-json\/wp\/v2\/product_brand?post=14878"},{"taxonomy":"product_cat","embeddable":true,"href":"http:\/\/www.erun-tech.com\/vi\/wp-json\/wp\/v2\/product_cat?post=14878"},{"taxonomy":"product_tag","embeddable":true,"href":"http:\/\/www.erun-tech.com\/vi\/wp-json\/wp\/v2\/product_tag?post=14878"}],"curies":[{"name":"wp","href":"https:\/\/api.w.org\/{rel}","templated":true}]}}