{"id":14896,"date":"2024-03-26T08:48:47","date_gmt":"2024-03-26T00:48:47","guid":{"rendered":"http:\/\/www.erun-tech.com\/?post_type=product&#038;p=14896"},"modified":"2024-03-27T20:59:41","modified_gmt":"2024-03-27T12:59:41","slug":"qianxingdianliubiao","status":"publish","type":"product","link":"http:\/\/www.erun-tech.com\/vi\/product\/qianxingdianliubiao","title":{"rendered":"K\u1eb9p d\u00f2ng \u0111i\u1ec7n"},"content":{"rendered":"<h2><\/h2>\n<h2 style=\"text-align: center;\">K\u1eb9p d\u00f2ng \u0111i\u1ec7n<\/h2>\n<div><strong>C\u01a1 s\u1edf ph\u00e1p l\u00fd: \"Quy \u0111\u1ecbnh v\u1ec1 qu\u1ea3n l\u00fd \u0111\u00e0o t\u1ea1o thuy\u1ec1n vi\u00ean c\u1ee7a C\u1ed9ng h\u00f2a Nh\u00e2n d\u00e2n Trung Hoa\" (Ngh\u1ecb \u0111\u1ecbnh s\u1ed1 5 n\u0103m 2019 c\u1ee7a B\u1ed9 Giao th\u00f4ng V\u1eadn t\u1ea3i)<\/strong><\/div>\n<div><strong>Lo\u1ea1i s\u1ea3n ph\u1ea9m: Thi\u1ebft b\u1ecb \u0111\u00e0o t\u1ea1o k\u1ef9 thu\u1eadt vi\u00ean \u0111i\u1ec7n t\u1eed v\u00e0 \u0111i\u1ec7n<br \/>\n<\/strong><\/div>\n<div><strong>T\u00ean s\u1ea3n ph\u1ea9m: K\u1eb9p d\u00f2ng \u0111i\u1ec7n<\/strong><\/div>\n<div><strong>Y\u00eau c\u1ea7u ch\u1ee9c n\u0103ng: \u0110\u00e1p \u1ee9ng y\u00eau c\u1ea7u c\u1ee7a ch\u01b0\u01a1ng tr\u00ecnh \u0111\u00e0o t\u1ea1o.<\/strong><\/div>\n<div><strong>S\u1ed1 l\u01b0\u1ee3ng quy \u0111\u1ecbnh: 10 chi\u1ebfc<\/strong><\/div>\n<div><\/div>\n<div>\n<p>K\u1eb9p d\u00f2ng \u0111i\u1ec7n; c\u00f3 hai lo\u1ea1i: kim v\u00e0 s\u1ed1.<\/p>\n<\/div>","protected":false},"excerpt":{"rendered":"<p>\u94b3\u5f62\u7535\u6d41\u8868 \u6cd5\u5f8b\u4f9d\u636e\uff1a\u300a\u4e2d\u534e\u4eba\u6c11\u5171\u548c\u56fd\u8239\u5458\u57f9\u8bad\u7ba1\u7406\u89c4\u5219\u300b\uff08\u4ea4\u901a\u8fd0\u8f93\u90e8\u4ee4 2019 \u5e74\u7b2c 5 \u53f7\uff09 \u4ea7\u54c1\u5206\u7c7b\uff1a\u7535&hellip;<\/p>","protected":false},"featured_media":14897,"comment_status":"open","ping_status":"closed","template":"","meta":[],"product_brand":[],"product_cat":[317],"product_tag":[415,408,404,336,416],"class_list":{"0":"post-14896","1":"product","2":"type-product","3":"status-publish","4":"has-post-thumbnail","6":"product_cat-diangonggongyishixunshi","7":"product_tag-shuangzongshiboqi","8":"product_tag-dianzidianqiyuanpeixunshebei","9":"product_tag-diangonggongyishixunshi","10":"product_tag-chuanyuanpeixunshebei","11":"product_tag-qianxingdianliubiao","12":"description-off","14":"first","15":"instock","16":"taxable","17":"shipping-taxable","18":"purchasable","19":"product-type-simple"},"_links":{"self":[{"href":"http:\/\/www.erun-tech.com\/vi\/wp-json\/wp\/v2\/product\/14896","targetHints":{"allow":["GET"]}}],"collection":[{"href":"http:\/\/www.erun-tech.com\/vi\/wp-json\/wp\/v2\/product"}],"about":[{"href":"http:\/\/www.erun-tech.com\/vi\/wp-json\/wp\/v2\/types\/product"}],"replies":[{"embeddable":true,"href":"http:\/\/www.erun-tech.com\/vi\/wp-json\/wp\/v2\/comments?post=14896"}],"wp:featuredmedia":[{"embeddable":true,"href":"http:\/\/www.erun-tech.com\/vi\/wp-json\/wp\/v2\/media\/14897"}],"wp:attachment":[{"href":"http:\/\/www.erun-tech.com\/vi\/wp-json\/wp\/v2\/media?parent=14896"}],"wp:term":[{"taxonomy":"product_brand","embeddable":true,"href":"http:\/\/www.erun-tech.com\/vi\/wp-json\/wp\/v2\/product_brand?post=14896"},{"taxonomy":"product_cat","embeddable":true,"href":"http:\/\/www.erun-tech.com\/vi\/wp-json\/wp\/v2\/product_cat?post=14896"},{"taxonomy":"product_tag","embeddable":true,"href":"http:\/\/www.erun-tech.com\/vi\/wp-json\/wp\/v2\/product_tag?post=14896"}],"curies":[{"name":"wp","href":"https:\/\/api.w.org\/{rel}","templated":true}]}}