{"id":14909,"date":"2024-03-26T09:12:23","date_gmt":"2024-03-26T01:12:23","guid":{"rendered":"http:\/\/www.erun-tech.com\/?post_type=product&#038;p=14909"},"modified":"2024-03-27T21:00:39","modified_gmt":"2024-03-27T13:00:39","slug":"sanxiangdianlibianyaqi","status":"publish","type":"product","link":"http:\/\/www.erun-tech.com\/vi\/product\/sanxiangdianlibianyaqi","title":{"rendered":"Bi\u1ebfn \u00e1p \u0111i\u1ec7n ba pha"},"content":{"rendered":"<h2><\/h2>\n<h2 style=\"text-align: center;\">Bi\u1ebfn \u00e1p \u0111i\u1ec7n ba pha<\/h2>\n<div><strong>C\u01a1 s\u1edf ph\u00e1p l\u00fd: \"Quy \u0111\u1ecbnh v\u1ec1 qu\u1ea3n l\u00fd \u0111\u00e0o t\u1ea1o thuy\u1ec1n vi\u00ean c\u1ee7a C\u1ed9ng h\u00f2a Nh\u00e2n d\u00e2n Trung Hoa\" (Ngh\u1ecb \u0111\u1ecbnh s\u1ed1 5 n\u0103m 2019 c\u1ee7a B\u1ed9 Giao th\u00f4ng V\u1eadn t\u1ea3i)<\/strong><\/div>\n<div><strong>Lo\u1ea1i s\u1ea3n ph\u1ea9m: Thi\u1ebft b\u1ecb \u0111\u00e0o t\u1ea1o k\u1ef9 thu\u1eadt vi\u00ean \u0111i\u1ec7n t\u1eed v\u00e0 \u0111i\u1ec7n<br \/>\n<\/strong><\/div>\n<div><strong>T\u00ean s\u1ea3n ph\u1ea9m: Bi\u1ebfn \u00e1p \u0111i\u1ec7n ba pha<\/strong><\/div>\n<div><strong>Y\u00eau c\u1ea7u ch\u1ee9c n\u0103ng: \u0110\u00e1p \u1ee9ng y\u00eau c\u1ea7u c\u1ee7a ch\u01b0\u01a1ng tr\u00ecnh \u0111\u00e0o t\u1ea1o.<\/strong><\/div>\n<div><strong>S\u1ed1 l\u01b0\u1ee3ng quy \u0111\u1ecbnh: 1 b\u1ed9<\/strong><\/div>\n<div><\/div>\n<div>\n<p><strong>Bi\u1ebfn \u00e1p \u0111i\u1ec7n ba pha,<\/strong>Dung l\u01b0\u1ee3ng nh\u1ecf (v\u00ed d\u1ee5: 2,2 kVA); lo\u1ea1i kh\u00f4 ho\u1eb7c \u01b0\u1edbt.<\/p>\n<\/div>","protected":false},"excerpt":{"rendered":"<p>Bi\u1ebfn \u00e1p \u0111i\u1ec7n ba pha C\u01a1 s\u1edf ph\u00e1p l\u00fd: \"Quy \u0111\u1ecbnh v\u1ec1 qu\u1ea3n l\u00fd \u0111\u00e0o t\u1ea1o thuy\u1ec1n vi\u00ean c\u1ee7a C\u1ed9ng h\u00f2a Nh\u00e2n d\u00e2n Trung Hoa\" (Ngh\u1ecb \u0111\u1ecbnh s\u1ed1 5 n\u0103m 2019 c\u1ee7a B\u1ed9 Giao th\u00f4ng V\u1eadn t\u1ea3i) Ph\u00e2n lo\u1ea1i s\u1ea3n ph\u1ea9m\u2026<\/p>","protected":false},"featured_media":14910,"comment_status":"open","ping_status":"closed","template":"","meta":[],"product_brand":[],"product_cat":[317],"product_tag":[423,408,404,336],"class_list":{"0":"post-14909","1":"product","2":"type-product","3":"status-publish","4":"has-post-thumbnail","6":"product_cat-diangonggongyishixunshi","7":"product_tag-sanxiangdianlibianyaqi","8":"product_tag-dianzidianqiyuanpeixunshebei","9":"product_tag-diangonggongyishixunshi","10":"product_tag-chuanyuanpeixunshebei","11":"description-off","13":"first","14":"instock","15":"taxable","16":"shipping-taxable","17":"purchasable","18":"product-type-simple"},"_links":{"self":[{"href":"http:\/\/www.erun-tech.com\/vi\/wp-json\/wp\/v2\/product\/14909","targetHints":{"allow":["GET"]}}],"collection":[{"href":"http:\/\/www.erun-tech.com\/vi\/wp-json\/wp\/v2\/product"}],"about":[{"href":"http:\/\/www.erun-tech.com\/vi\/wp-json\/wp\/v2\/types\/product"}],"replies":[{"embeddable":true,"href":"http:\/\/www.erun-tech.com\/vi\/wp-json\/wp\/v2\/comments?post=14909"}],"wp:featuredmedia":[{"embeddable":true,"href":"http:\/\/www.erun-tech.com\/vi\/wp-json\/wp\/v2\/media\/14910"}],"wp:attachment":[{"href":"http:\/\/www.erun-tech.com\/vi\/wp-json\/wp\/v2\/media?parent=14909"}],"wp:term":[{"taxonomy":"product_brand","embeddable":true,"href":"http:\/\/www.erun-tech.com\/vi\/wp-json\/wp\/v2\/product_brand?post=14909"},{"taxonomy":"product_cat","embeddable":true,"href":"http:\/\/www.erun-tech.com\/vi\/wp-json\/wp\/v2\/product_cat?post=14909"},{"taxonomy":"product_tag","embeddable":true,"href":"http:\/\/www.erun-tech.com\/vi\/wp-json\/wp\/v2\/product_tag?post=14909"}],"curies":[{"name":"wp","href":"https:\/\/api.w.org\/{rel}","templated":true}]}}