{"id":14913,"date":"2024-03-26T09:22:51","date_gmt":"2024-03-26T01:22:51","guid":{"rendered":"http:\/\/www.erun-tech.com\/?post_type=product&#038;p=14913"},"modified":"2024-03-27T21:00:55","modified_gmt":"2024-03-27T13:00:55","slug":"qibaoxianjitiecicailiao","status":"publish","type":"product","link":"http:\/\/www.erun-tech.com\/vi\/product\/qibaoxianjitiecicailiao","title":{"rendered":"D\u00e2y qu\u1ea5n s\u01a1n v\u00e0 v\u1eadt li\u1ec7u t\u1eeb t\u00ednh"},"content":{"rendered":"<h2><\/h2>\n<h2 style=\"text-align: center;\">D\u00e2y qu\u1ea5n s\u01a1n v\u00e0 v\u1eadt li\u1ec7u t\u1eeb t\u00ednh<\/h2>\n<div><strong>C\u01a1 s\u1edf ph\u00e1p l\u00fd: \"Quy \u0111\u1ecbnh v\u1ec1 qu\u1ea3n l\u00fd \u0111\u00e0o t\u1ea1o thuy\u1ec1n vi\u00ean c\u1ee7a C\u1ed9ng h\u00f2a Nh\u00e2n d\u00e2n Trung Hoa\" (Ngh\u1ecb \u0111\u1ecbnh s\u1ed1 5 n\u0103m 2019 c\u1ee7a B\u1ed9 Giao th\u00f4ng V\u1eadn t\u1ea3i)<\/strong><\/div>\n<div><strong>Lo\u1ea1i s\u1ea3n ph\u1ea9m: Thi\u1ebft b\u1ecb \u0111\u00e0o t\u1ea1o k\u1ef9 thu\u1eadt vi\u00ean \u0111i\u1ec7n t\u1eed v\u00e0 \u0111i\u1ec7n<br \/>\n<\/strong><\/div>\n<div><strong>T\u00ean s\u1ea3n ph\u1ea9m: D\u00e2y qu\u1ea5n s\u01a1n v\u00e0 v\u1eadt li\u1ec7u t\u1eeb t\u00ednh<\/strong><\/div>\n<div><strong>Y\u00eau c\u1ea7u ch\u1ee9c n\u0103ng: \u0110\u00e1p \u1ee9ng y\u00eau c\u1ea7u c\u1ee7a ch\u01b0\u01a1ng tr\u00ecnh \u0111\u00e0o t\u1ea1o.<\/strong><\/div>\n<div><strong>S\u1ed1 l\u01b0\u1ee3ng quy \u0111\u1ecbnh: m\u1ed9t s\u1ed1<\/strong><\/div>\n<p>&nbsp;<\/p>\n<p>D\u00e2y qu\u1ea5n s\u01a1n v\u00e0 v\u1eadt li\u1ec7u t\u1eeb t\u00ednh, m\u1ed9t l\u00f4, d\u00f9ng \u0111\u1ec3 tr\u01b0ng b\u00e0y.<\/p>","protected":false},"excerpt":{"rendered":"<p>\u6f06\u5305\u7ebf\u53ca\u94c1\u78c1\u6750\u6599 \u6cd5\u5f8b\u4f9d\u636e\uff1a\u300a\u4e2d\u534e\u4eba\u6c11\u5171\u548c\u56fd\u8239\u5458\u57f9\u8bad\u7ba1\u7406\u89c4\u5219\u300b\uff08\u4ea4\u901a\u8fd0\u8f93\u90e8\u4ee4 2019 \u5e74\u7b2c 5 \u53f7\uff09 \u4ea7\u54c1\u5206&hellip;<\/p>","protected":false},"featured_media":14914,"comment_status":"open","ping_status":"closed","template":"","meta":[],"product_brand":[],"product_cat":[317],"product_tag":[425,408,404,336,424],"class_list":{"0":"post-14913","1":"product","2":"type-product","3":"status-publish","4":"has-post-thumbnail","6":"product_cat-diangonggongyishixunshi","7":"product_tag-qibaoxianjitiecicailiao","8":"product_tag-dianzidianqiyuanpeixunshebei","9":"product_tag-diangonggongyishixunshi","10":"product_tag-chuanyuanpeixunshebei","11":"product_tag-diaoyaqi","12":"description-off","14":"first","15":"instock","16":"taxable","17":"shipping-taxable","18":"purchasable","19":"product-type-simple"},"_links":{"self":[{"href":"http:\/\/www.erun-tech.com\/vi\/wp-json\/wp\/v2\/product\/14913","targetHints":{"allow":["GET"]}}],"collection":[{"href":"http:\/\/www.erun-tech.com\/vi\/wp-json\/wp\/v2\/product"}],"about":[{"href":"http:\/\/www.erun-tech.com\/vi\/wp-json\/wp\/v2\/types\/product"}],"replies":[{"embeddable":true,"href":"http:\/\/www.erun-tech.com\/vi\/wp-json\/wp\/v2\/comments?post=14913"}],"wp:featuredmedia":[{"embeddable":true,"href":"http:\/\/www.erun-tech.com\/vi\/wp-json\/wp\/v2\/media\/14914"}],"wp:attachment":[{"href":"http:\/\/www.erun-tech.com\/vi\/wp-json\/wp\/v2\/media?parent=14913"}],"wp:term":[{"taxonomy":"product_brand","embeddable":true,"href":"http:\/\/www.erun-tech.com\/vi\/wp-json\/wp\/v2\/product_brand?post=14913"},{"taxonomy":"product_cat","embeddable":true,"href":"http:\/\/www.erun-tech.com\/vi\/wp-json\/wp\/v2\/product_cat?post=14913"},{"taxonomy":"product_tag","embeddable":true,"href":"http:\/\/www.erun-tech.com\/vi\/wp-json\/wp\/v2\/product_tag?post=14913"}],"curies":[{"name":"wp","href":"https:\/\/api.w.org\/{rel}","templated":true}]}}