{"id":14919,"date":"2024-03-26T09:32:59","date_gmt":"2024-03-26T01:32:59","guid":{"rendered":"http:\/\/www.erun-tech.com\/?post_type=product&#038;p=14919"},"modified":"2024-03-27T21:01:28","modified_gmt":"2024-03-27T13:01:28","slug":"dianlixitongdanxiantujizhaomingxitongdanxiantu","status":"publish","type":"product","link":"http:\/\/www.erun-tech.com\/vi\/product\/dianlixitongdanxiantujizhaomingxitongdanxiantu","title":{"rendered":"\u0110\u1ed3 th\u1ecb \u0111\u01a1n tuy\u1ebfn h\u1ec7 th\u1ed1ng \u0111i\u1ec7n v\u00e0 \u0111\u1ed3 th\u1ecb \u0111\u01a1n tuy\u1ebfn h\u1ec7 th\u1ed1ng chi\u1ebfu s\u00e1ng"},"content":{"rendered":"<h2><\/h2>\n<h2 style=\"text-align: center;\">\u0110\u1ed3 th\u1ecb \u0111\u01a1n tuy\u1ebfn h\u1ec7 th\u1ed1ng \u0111i\u1ec7n v\u00e0 \u0111\u1ed3 th\u1ecb \u0111\u01a1n tuy\u1ebfn h\u1ec7 th\u1ed1ng chi\u1ebfu s\u00e1ng<\/h2>\n<div><strong>C\u01a1 s\u1edf ph\u00e1p l\u00fd: \"Quy \u0111\u1ecbnh v\u1ec1 qu\u1ea3n l\u00fd \u0111\u00e0o t\u1ea1o thuy\u1ec1n vi\u00ean c\u1ee7a C\u1ed9ng h\u00f2a Nh\u00e2n d\u00e2n Trung Hoa\" (Ngh\u1ecb \u0111\u1ecbnh s\u1ed1 5 n\u0103m 2019 c\u1ee7a B\u1ed9 Giao th\u00f4ng V\u1eadn t\u1ea3i)<\/strong><\/div>\n<div><strong>Lo\u1ea1i s\u1ea3n ph\u1ea9m: Thi\u1ebft b\u1ecb \u0111\u00e0o t\u1ea1o k\u1ef9 thu\u1eadt vi\u00ean \u0111i\u1ec7n t\u1eed v\u00e0 \u0111i\u1ec7n<br \/>\n<\/strong><\/div>\n<div><strong>T\u00ean s\u1ea3n ph\u1ea9m: S\u01a1 \u0111\u1ed3 \u0111\u01a1n tuy\u1ebfn h\u1ec7 th\u1ed1ng \u0111i\u1ec7n v\u00e0 s\u01a1 \u0111\u1ed3 \u0111\u01a1n tuy\u1ebfn h\u1ec7 th\u1ed1ng chi\u1ebfu s\u00e1ng<\/strong><\/div>\n<div><strong>Y\u00eau c\u1ea7u ch\u1ee9c n\u0103ng: \u0110\u00e1p \u1ee9ng y\u00eau c\u1ea7u c\u1ee7a ch\u01b0\u01a1ng tr\u00ecnh \u0111\u00e0o t\u1ea1o.<\/strong><\/div>\n<div><strong>S\u1ed1 l\u01b0\u1ee3ng quy \u0111\u1ecbnh: 2 b\u1ea3n m\u1ed7i lo\u1ea1i<\/strong><\/div>\n<div><\/div>\n<div>\n<p>&nbsp;<\/p>\n<\/div>\n<p>\u0110\u1ed3 th\u1ecb \u0111\u01a1n tuy\u1ebfn h\u1ec7 th\u1ed1ng \u0111i\u1ec7n v\u00e0 \u0111\u1ed3 th\u1ecb \u0111\u01a1n tuy\u1ebfn h\u1ec7 th\u1ed1ng chi\u1ebfu s\u00e1ng<\/p>","protected":false},"excerpt":{"rendered":"<p>\u7535\u529b\u7cfb\u7edf\u5355\u7ebf\u56fe\u53ca\u7167\u660e\u7cfb\u7edf\u5355\u7ebf\u56fe \u6cd5\u5f8b\u4f9d\u636e\uff1a\u300a\u4e2d\u534e\u4eba\u6c11\u5171\u548c\u56fd\u8239\u5458\u57f9\u8bad\u7ba1\u7406\u89c4\u5219\u300b\uff08\u4ea4\u901a\u8fd0\u8f93\u90e8\u4ee4 2019 \u5e74\u7b2c 5&hellip;<\/p>","protected":false},"featured_media":14505,"comment_status":"open","ping_status":"closed","template":"","meta":[],"product_brand":[],"product_cat":[317],"product_tag":[408,404,336],"class_list":{"0":"post-14919","1":"product","2":"type-product","3":"status-publish","4":"has-post-thumbnail","6":"product_cat-diangonggongyishixunshi","7":"product_tag-dianzidianqiyuanpeixunshebei","8":"product_tag-diangonggongyishixunshi","9":"product_tag-chuanyuanpeixunshebei","10":"description-off","12":"first","13":"instock","14":"taxable","15":"shipping-taxable","16":"purchasable","17":"product-type-simple"},"_links":{"self":[{"href":"http:\/\/www.erun-tech.com\/vi\/wp-json\/wp\/v2\/product\/14919","targetHints":{"allow":["GET"]}}],"collection":[{"href":"http:\/\/www.erun-tech.com\/vi\/wp-json\/wp\/v2\/product"}],"about":[{"href":"http:\/\/www.erun-tech.com\/vi\/wp-json\/wp\/v2\/types\/product"}],"replies":[{"embeddable":true,"href":"http:\/\/www.erun-tech.com\/vi\/wp-json\/wp\/v2\/comments?post=14919"}],"wp:featuredmedia":[{"embeddable":true,"href":"http:\/\/www.erun-tech.com\/vi\/wp-json\/wp\/v2\/media\/14505"}],"wp:attachment":[{"href":"http:\/\/www.erun-tech.com\/vi\/wp-json\/wp\/v2\/media?parent=14919"}],"wp:term":[{"taxonomy":"product_brand","embeddable":true,"href":"http:\/\/www.erun-tech.com\/vi\/wp-json\/wp\/v2\/product_brand?post=14919"},{"taxonomy":"product_cat","embeddable":true,"href":"http:\/\/www.erun-tech.com\/vi\/wp-json\/wp\/v2\/product_cat?post=14919"},{"taxonomy":"product_tag","embeddable":true,"href":"http:\/\/www.erun-tech.com\/vi\/wp-json\/wp\/v2\/product_tag?post=14919"}],"curies":[{"name":"wp","href":"https:\/\/api.w.org\/{rel}","templated":true}]}}