{"id":14920,"date":"2024-03-26T09:34:33","date_gmt":"2024-03-26T01:34:33","guid":{"rendered":"http:\/\/www.erun-tech.com\/?post_type=product&#038;p=14920"},"modified":"2024-03-27T21:01:36","modified_gmt":"2024-03-27T13:01:36","slug":"rongduanqizidongduanluqigelikaiguanbaohujidianqijiechuqi","status":"publish","type":"product","link":"http:\/\/www.erun-tech.com\/vi\/product\/rongduanqizidongduanluqigelikaiguanbaohujidianqijiechuqi","title":{"rendered":"C\u1ea7u ch\u00ec, c\u1ea7u dao t\u1ef1 \u0111\u1ed9ng, c\u00f4ng t\u1eafc c\u00e1ch ly, r\u01a1le b\u1ea3o v\u1ec7, c\u00f4ng t\u1eafc t\u01a1"},"content":{"rendered":"<h2><\/h2>\n<h2 style=\"text-align: center;\">C\u1ea7u ch\u00ec, c\u1ea7u dao t\u1ef1 \u0111\u1ed9ng, c\u00f4ng t\u1eafc c\u00e1ch ly, r\u01a1le b\u1ea3o v\u1ec7, c\u00f4ng t\u1eafc t\u01a1<\/h2>\n<div><strong>C\u01a1 s\u1edf ph\u00e1p l\u00fd: \"Quy \u0111\u1ecbnh v\u1ec1 qu\u1ea3n l\u00fd \u0111\u00e0o t\u1ea1o thuy\u1ec1n vi\u00ean c\u1ee7a C\u1ed9ng h\u00f2a Nh\u00e2n d\u00e2n Trung Hoa\" (Ngh\u1ecb \u0111\u1ecbnh s\u1ed1 5 n\u0103m 2019 c\u1ee7a B\u1ed9 Giao th\u00f4ng V\u1eadn t\u1ea3i)<\/strong><\/div>\n<div><strong>Lo\u1ea1i s\u1ea3n ph\u1ea9m: Thi\u1ebft b\u1ecb \u0111\u00e0o t\u1ea1o k\u1ef9 thu\u1eadt vi\u00ean \u0111i\u1ec7n t\u1eed v\u00e0 \u0111i\u1ec7n<br \/>\n<\/strong><\/div>\n<div><strong>\u4ea7\u54c1\u540d\u79f0\uff1a\u7194\u65ad\u5668\u3001\u81ea\u52a8\u65ad\u8def\u5668\u3001\u9694\u79bb\u5f00\u5173\u3001\u4fdd\u62a4\u7ee7\u7535\u5668\u3001\u63a5\u89e6\u5668<\/strong><\/div>\n<div><strong>Y\u00eau c\u1ea7u ch\u1ee9c n\u0103ng: \u0110\u00e1p \u1ee9ng y\u00eau c\u1ea7u c\u1ee7a ch\u01b0\u01a1ng tr\u00ecnh \u0111\u00e0o t\u1ea1o.<\/strong><\/div>\n<div><strong>\u89c4\u5b9a\u6570\u91cf\uff1a\u54048\u5957<\/strong><\/div>\n<div><\/div>\n<div>\n<p>&nbsp;<\/p>\n<\/div>\n<p>C\u1ea7u ch\u00ec, c\u1ea7u dao t\u1ef1 \u0111\u1ed9ng, c\u00f4ng t\u1eafc c\u00e1ch ly, r\u01a1le b\u1ea3o v\u1ec7, c\u00f4ng t\u1eafc t\u01a1<\/p>","protected":false},"excerpt":{"rendered":"<p>\u7194\u65ad\u5668\u3001\u81ea\u52a8\u65ad\u8def\u5668\u3001\u9694\u79bb\u5f00\u5173\u3001\u4fdd\u62a4\u7ee7\u7535\u5668\u3001\u63a5\u89e6\u5668 \u6cd5\u5f8b\u4f9d\u636e\uff1a\u300a\u4e2d\u534e\u4eba\u6c11\u5171\u548c\u56fd\u8239\u5458\u57f9\u8bad\u7ba1\u7406\u89c4\u5219\u300b\uff08\u4ea4\u901a\u8fd0\u8f93\u90e8\u4ee4 &hellip;<\/p>","protected":false},"featured_media":14505,"comment_status":"open","ping_status":"closed","template":"","meta":[],"product_brand":[],"product_cat":[317],"product_tag":[408,404,336],"class_list":{"0":"post-14920","1":"product","2":"type-product","3":"status-publish","4":"has-post-thumbnail","6":"product_cat-diangonggongyishixunshi","7":"product_tag-dianzidianqiyuanpeixunshebei","8":"product_tag-diangonggongyishixunshi","9":"product_tag-chuanyuanpeixunshebei","10":"description-off","12":"first","13":"instock","14":"taxable","15":"shipping-taxable","16":"purchasable","17":"product-type-simple"},"_links":{"self":[{"href":"http:\/\/www.erun-tech.com\/vi\/wp-json\/wp\/v2\/product\/14920","targetHints":{"allow":["GET"]}}],"collection":[{"href":"http:\/\/www.erun-tech.com\/vi\/wp-json\/wp\/v2\/product"}],"about":[{"href":"http:\/\/www.erun-tech.com\/vi\/wp-json\/wp\/v2\/types\/product"}],"replies":[{"embeddable":true,"href":"http:\/\/www.erun-tech.com\/vi\/wp-json\/wp\/v2\/comments?post=14920"}],"wp:featuredmedia":[{"embeddable":true,"href":"http:\/\/www.erun-tech.com\/vi\/wp-json\/wp\/v2\/media\/14505"}],"wp:attachment":[{"href":"http:\/\/www.erun-tech.com\/vi\/wp-json\/wp\/v2\/media?parent=14920"}],"wp:term":[{"taxonomy":"product_brand","embeddable":true,"href":"http:\/\/www.erun-tech.com\/vi\/wp-json\/wp\/v2\/product_brand?post=14920"},{"taxonomy":"product_cat","embeddable":true,"href":"http:\/\/www.erun-tech.com\/vi\/wp-json\/wp\/v2\/product_cat?post=14920"},{"taxonomy":"product_tag","embeddable":true,"href":"http:\/\/www.erun-tech.com\/vi\/wp-json\/wp\/v2\/product_tag?post=14920"}],"curies":[{"name":"wp","href":"https:\/\/api.w.org\/{rel}","templated":true}]}}