{"id":14922,"date":"2024-03-26T09:41:11","date_gmt":"2024-03-26T01:41:11","guid":{"rendered":"http:\/\/www.erun-tech.com\/?post_type=product&#038;p=14922"},"modified":"2024-03-27T21:06:49","modified_gmt":"2024-03-27T13:06:49","slug":"kebianchengxukongzhiqiplc","status":"publish","type":"product","link":"http:\/\/www.erun-tech.com\/vi\/product\/kebianchengxukongzhiqiplc","title":{"rendered":"B\u1ed9 \u0111i\u1ec1u khi\u1ec3n l\u1eadp tr\u00ecnh (PLC)"},"content":{"rendered":"<h2><\/h2>\n<h2 style=\"text-align: center;\">B\u1ed9 \u0111i\u1ec1u khi\u1ec3n l\u1eadp tr\u00ecnh (PLC)<\/h2>\n<div><strong>C\u01a1 s\u1edf ph\u00e1p l\u00fd: \"Quy \u0111\u1ecbnh v\u1ec1 qu\u1ea3n l\u00fd \u0111\u00e0o t\u1ea1o thuy\u1ec1n vi\u00ean c\u1ee7a C\u1ed9ng h\u00f2a Nh\u00e2n d\u00e2n Trung Hoa\" (Ngh\u1ecb \u0111\u1ecbnh s\u1ed1 5 n\u0103m 2019 c\u1ee7a B\u1ed9 Giao th\u00f4ng V\u1eadn t\u1ea3i)<\/strong><\/div>\n<div><strong>\u4ea7\u54c1\u5206\u7c7b\uff1a\u7535\u5b50\u7535\u6c14\u5458\u3001\u8f6e\u673a\u957f\u3001\u5927\u7ba1\u8f6e\u3001\u4e09\u7ba1\u8f6e\u57f9\u8bad\u8bbe\u5907<br \/>\n<\/strong><\/div>\n<div><strong>\u4ea7\u54c1\u540d\u79f0\uff1a\u53ef\u7f16\u7a0b\u5e8f\u63a7\u5236\u5668(PLC)<\/strong><\/div>\n<div><strong>Y\u00eau c\u1ea7u ch\u1ee9c n\u0103ng: \u0110\u00e1p \u1ee9ng y\u00eau c\u1ea7u c\u1ee7a ch\u01b0\u01a1ng tr\u00ecnh \u0111\u00e0o t\u1ea1o.<\/strong><\/div>\n<div><strong>S\u1ed1 l\u01b0\u1ee3ng quy \u0111\u1ecbnh: 20 b\u1ed9<\/strong><\/div>\n<div><\/div>\n<div>\n<p>&nbsp;<\/p>\n<\/div>\n<p>\u4e00 \u6982\u8ff0<\/p>\n<p>\u6ee1\u8db3\u300a\u4e2d\u534e\u4eba\u6c11\u5171\u548c\u56fd\u8239\u5458\u57f9\u8bad\u7ba1\u7406\u89c4\u5219\u300b\uff08\u4ea4\u901a\u8fd0\u8f93\u90e8\u4ee42019\u5e74\u7b2c5\u53f7\uff09\u4e2d\u5173\u4e8e\u8f6e\u673a\u957f\u3001\u5927\u7ba1\u8f6e\u3001\u4e09\u7ba1\u8f6e\u201c\u53ef\u7f16\u7a0b\u5e8f\u63a7\u5236\u5668(PLC)\u201d\u53ca\u7535\u5b50\u7535\u6c14\u5458\u201c\u53ef\u7f16\u7a0b\u5e8f\u63a7\u5236\u5668(PLC)\u201d\u7684\u76f8\u5173\u8981\u6c42\u8fdb\u884c\u72ec\u7acb\u8bbe\u8ba1\u3002<\/p>\n<p>\u4e8c \u6280\u672f\u53c2\u6570<\/p>\n<p>1\u3001\u8f93\u5165\u7535\u6e90\uff1a\u4e09\u76f8\u4e94\u7ebf\u5236 380V\u00b110% \u00a050Hz<\/p>\n<p>2\u3001\u8f93\u51fa\u7535\u6e90\uff1a<\/p>\n<p>\u4e09\u76f8\u56db\u7ebf 380V\u00b110% 10A 50Hz<\/p>\n<p>\u5355\u76f8\u4ea4\u6d41 220V\u00b110% 10A 50Hz<\/p>\n<p>\u76f4\u6d41\u7535\u6e9024V\/2A\uff0c5V\/1A<\/p>\n<p>\u76f4\u6d41\u53ef\u8c03 0-15V\uff0c0-20mA<\/p>\n<p>3\u3001\u5916\u578b\u5c3a\u5bf8\uff1a\u4e0d\u5c0f\u4e8e1200*780*1330<\/p>\n<p>4\u3001\u6574\u673a\u5bb9\u91cf\uff1a\uff1c1.5KVA<\/p>\n<p>5\u3001\u91cd \u00a0\u00a0\u00a0\u91cf\uff1a\uff1c100Kg<\/p>\n<p>6\u3001\u5de5\u4f5c\u6761\u4ef6\uff1a<\/p>\n<p>\u6e29\u5ea6\uff1a-10\u2103~+40\u2103<\/p>\n<p>\u76f8\u5bf9\u6e7f\u5ea6\uff1a\u226485%\uff0825\u2103\uff09<\/p>\n<p>7\u3001\u5b9e\u8bad\u53f0<\/p>\n<p>\u8981\u6c42\u91c7\u7528\u94c1\u8d28\u4e9a\u5149\u5bc6\u7eb9\u55b7\u5851\u6216\u578b\u6750\u7ed3\u6784\uff0c\u53f0\u67b6\u91c7\u75282mm\u51b7\u8f67\u94a2\u677f\u6324\u538b\u6210\u578b\u6216\u578b\u6750\uff0c\u8bbe\u7f6e\u56db\u4e2a\u4e07\u5411\u79fb\u52a8\u8f6e\u5b50\uff0c\u5176\u4e2d\u4e24\u4e2a\u5e26\u6709\u811a\u5239\uff0c\u4fbf\u4e8e\u79fb\u52a8\u6216\u56fa\u5b9a\u3002<\/p>\n<p>8\u3001\u7535\u6e90\u63a7\u5236\u5c4f<\/p>\n<p>\uff081\uff09\u4e09\u76f8\u56db\u7ebf380V\u4ea4\u6d41\u7535\u6e90\u4f9b\u7535\uff0c\u7531\u7535\u538b\u8868\u76d1\u63a7\u7535\u7f51\u7535\u538b\uff0c\u63a7\u5236\u5c4f\u7684\u4f9b\u7535\u7531\u94a5\u5319\u5f00\u5173\u5408\u542f\u505c\u6309\u94ae\u63a7\u5236\u3002<\/p>\n<p>\uff082\uff09\u63d0\u4f9b\uff0b5V\/1A\u548c\uff0b24V\/2A\u76f4\u6d41\u7a33\u538b\u7535\u6e90\u5404\u4e00\u8def\uff0c0-15V\u76f4\u6d41\u53ef\u8c03\u7a33\u538b\u6e90\u4e00\u8def\uff0c0-20mA\u53ef\u8c03\u6052\u6d41\u6e90\u4e00\u8def\uff0c\u4e09\u4f4d\u534a\u6570\u663e\u8868\u4e24\u5757\u3002<\/p>\n<p>\uff083\uff09\u63d0\u4f9b2\u4e2a10K\u03a9\u53ef\u8c03\u7535\u4f4d\u5668\uff0c1\u4e2a1K\u03a9\u53ef\u8c03\u7535\u4f4d\u5668\uff0c1\u4e2a10K\u03a9\u7535\u963b\uff0c6\u4e2a\u5355\u5200\u53cc\u63b7\u94ae\u5b50\u5f00\u5173\uff0c4\u4e2a\u6309\u952e\u5f00\u5173\uff0c3\u4e2a\u6307\u793a\u706f\u3002<\/p>","protected":false},"excerpt":{"rendered":"<p>\u53ef\u7f16\u7a0b\u5e8f\u63a7\u5236\u5668(PLC) \u6cd5\u5f8b\u4f9d\u636e\uff1a\u300a\u4e2d\u534e\u4eba\u6c11\u5171\u548c\u56fd\u8239\u5458\u57f9\u8bad\u7ba1\u7406\u89c4\u5219\u300b\uff08\u4ea4\u901a\u8fd0\u8f93\u90e8\u4ee4 2019 \u5e74\u7b2c 5 \u53f7\uff09&hellip;<\/p>","protected":false},"featured_media":14923,"comment_status":"open","ping_status":"closed","template":"","meta":[],"product_brand":[],"product_cat":[318],"product_tag":[428,408,404,336],"class_list":{"0":"post-14922","1":"product","2":"type-product","3":"status-publish","4":"has-post-thumbnail","6":"product_cat-plcshixunshi","7":"product_tag-kebianchengxukongzhiqiplc","8":"product_tag-dianzidianqiyuanpeixunshebei","9":"product_tag-diangonggongyishixunshi","10":"product_tag-chuanyuanpeixunshebei","11":"description-off","13":"first","14":"instock","15":"taxable","16":"shipping-taxable","17":"purchasable","18":"product-type-simple"},"_links":{"self":[{"href":"http:\/\/www.erun-tech.com\/vi\/wp-json\/wp\/v2\/product\/14922","targetHints":{"allow":["GET"]}}],"collection":[{"href":"http:\/\/www.erun-tech.com\/vi\/wp-json\/wp\/v2\/product"}],"about":[{"href":"http:\/\/www.erun-tech.com\/vi\/wp-json\/wp\/v2\/types\/product"}],"replies":[{"embeddable":true,"href":"http:\/\/www.erun-tech.com\/vi\/wp-json\/wp\/v2\/comments?post=14922"}],"wp:featuredmedia":[{"embeddable":true,"href":"http:\/\/www.erun-tech.com\/vi\/wp-json\/wp\/v2\/media\/14923"}],"wp:attachment":[{"href":"http:\/\/www.erun-tech.com\/vi\/wp-json\/wp\/v2\/media?parent=14922"}],"wp:term":[{"taxonomy":"product_brand","embeddable":true,"href":"http:\/\/www.erun-tech.com\/vi\/wp-json\/wp\/v2\/product_brand?post=14922"},{"taxonomy":"product_cat","embeddable":true,"href":"http:\/\/www.erun-tech.com\/vi\/wp-json\/wp\/v2\/product_cat?post=14922"},{"taxonomy":"product_tag","embeddable":true,"href":"http:\/\/www.erun-tech.com\/vi\/wp-json\/wp\/v2\/product_tag?post=14922"}],"curies":[{"name":"wp","href":"https:\/\/api.w.org\/{rel}","templated":true}]}}