{"id":14927,"date":"2024-03-26T09:59:25","date_gmt":"2024-03-26T01:59:25","guid":{"rendered":"http:\/\/www.erun-tech.com\/?post_type=product&#038;p=14927"},"modified":"2024-03-27T21:11:59","modified_gmt":"2024-03-27T13:11:59","slug":"biaozhunhuakaoshijifang","status":"publish","type":"product","link":"http:\/\/www.erun-tech.com\/vi\/product\/biaozhunhuakaoshijifang","title":{"rendered":"Ph\u00f2ng thi ti\u00eau chu\u1ea9n h\u00f3a"},"content":{"rendered":"<h2><\/h2>\n<h2 style=\"text-align: center;\">Ph\u00f2ng thi ti\u00eau chu\u1ea9n h\u00f3a<\/h2>\n<div><strong>C\u01a1 s\u1edf ph\u00e1p l\u00fd: \"Quy \u0111\u1ecbnh v\u1ec1 qu\u1ea3n l\u00fd \u0111\u00e0o t\u1ea1o thuy\u1ec1n vi\u00ean c\u1ee7a C\u1ed9ng h\u00f2a Nh\u00e2n d\u00e2n Trung Hoa\" (Ngh\u1ecb \u0111\u1ecbnh s\u1ed1 5 n\u0103m 2019 c\u1ee7a B\u1ed9 Giao th\u00f4ng V\u1eadn t\u1ea3i)<\/strong><\/div>\n<div><strong>Ph\u00e2n lo\u1ea1i s\u1ea3n ph\u1ea9m: Ph\u00f2ng thi cho thuy\u1ec1n vi\u00ean<br \/>\n<\/strong><\/div>\n<div><strong>T\u00ean s\u1ea3n ph\u1ea9m: Ph\u00f2ng thi ti\u00eau chu\u1ea9n h\u00f3a<\/strong><\/div>\n<div><strong>Y\u00eau c\u1ea7u ch\u1ee9c n\u0103ng: \u0110\u00e1p \u1ee9ng y\u00eau c\u1ea7u c\u1ee7a ch\u01b0\u01a1ng tr\u00ecnh \u0111\u00e0o t\u1ea1o.<\/strong><\/div>\n<div><strong>S\u1ed1 l\u01b0\u1ee3ng quy \u0111\u1ecbnh: 1 b\u1ed9<\/strong><\/div>\n<div><\/div>\n<div>\n<p>&nbsp;<\/p>\n<\/div>\n<p>(89 thi\u1ebft b\u1ecb \u0111\u1ea7u cu\u1ed1i bao g\u1ed3m m\u00e1y t\u00ednh c\u1ee7a gi\u00e1o vi\u00ean), m\u00e1y t\u00ednh, b\u00e0n gh\u1ebf, m\u1ea1ng, b\u1ed9 chuy\u1ec3n m\u1ea1ch, h\u1ec7 th\u1ed1ng gi\u00e1m s\u00e1t, ngu\u1ed3n \u0111i\u1ec7n.<\/p>\n<p>&nbsp;<\/p>\n<h3 style=\"text-align: center;\">Ti\u00eau chu\u1ea9n c\u1ea5u h\u00ecnh ph\u00f2ng thi m\u00e1y t\u00ednh cho thuy\u1ec1n vi\u00ean<\/h3>\n<p>\u0110\u1ec3 \u0111\u1ea3m b\u1ea3o t\u00ednh an to\u00e0n, \u1ed5n \u0111\u1ecbnh v\u00e0 b\u1ea3o m\u1eadt c\u1ee7a k\u1ef3 thi tr\u00ean m\u00e1y t\u00ednh cho thuy\u1ec1n vi\u00ean, theo c\u00e1c quy \u0111\u1ecbnh trong t\u00e0i li\u1ec7u \"Ti\u00eau chu\u1ea9n thi\u1ebft k\u1ebf ph\u00f2ng m\u00e1y t\u00ednh \u0111i\u1ec7n t\u1eed\" GB 50174-93, ti\u00eau chu\u1ea9n n\u00e0y \u0111\u01b0\u1ee3c ban h\u00e0nh.<\/p>\n<p>(1) Ti\u00eau chu\u1ea9n v\u1ec1 \u0111\u1ecba \u0111i\u1ec3m thi tr\u00ean m\u00e1y t\u00ednh<\/p>\n<p>Vi\u1ec7c l\u1ef1a ch\u1ecdn ph\u00f2ng thi m\u00e1y t\u00ednh n\u00ean tr\u00e1nh c\u00e1c thi\u1ebft b\u1ecb nh\u01b0 m\u00e1y ph\u00e1t \u0111i\u1ec7n c\u00f4ng su\u1ea5t l\u1edbn, \u0111\u1ed9ng c\u01a1 c\u00f4ng su\u1ea5t l\u1edbn, \u0111\u00e0i ph\u00e1t thanh, radar, nhi\u1ec5u s\u00f3ng cao t\u1ea7n, tr\u01b0\u1eddng \u0111i\u1ec7n t\u1eeb m\u1ea1nh, tr\u01b0\u1eddng t\u1eeb m\u1ea1nh, v.v.; n\u00ean c\u00e1ch xa c\u00e1c khu v\u1ef1c l\u01b0u tr\u1eef ho\u1eb7c n\u01a1i l\u00e0m vi\u1ec7c c\u00f3 \u0111i\u1ec7n \u00e1p cao, d\u00f2ng \u0111i\u1ec7n l\u1edbn, kh\u00ed \u0103n m\u00f2n, v\u1eadt li\u1ec7u d\u1ec5 ch\u00e1y n\u1ed5, v.v.; n\u00ean c\u00e1ch xa khu v\u1ef1c c\u00f3 ti\u1ebfng \u1ed3n l\u1edbn \u0111\u1ec3 \u0111\u1ea3m b\u1ea3o ph\u00f2ng thi m\u00e1y t\u00ednh y\u00ean t\u0129nh. Di\u1ec7n t\u00edch ph\u00f2ng thi m\u00e1y t\u00ednh ph\u1ea3i \u0111\u1ee7 \u0111\u1ec3 \u00edt nh\u1ea5t 40 ng\u01b0\u1eddi c\u00f3 th\u1ec3 s\u1eed d\u1ee5ng m\u00e1y t\u00ednh c\u00f9ng l\u00fac \u0111\u1ec3 l\u00e0m b\u00e0i thi.<\/p>\n<p>Vi\u1ec7c trang tr\u00ed ph\u00f2ng thi n\u00ean s\u1eed d\u1ee5ng v\u1eadt li\u1ec7u ch\u1ed1ng ch\u00e1y v\u00e0 c\u00f3 c\u00e1c bi\u1ec7n ph\u00e1p ch\u1ed1ng b\u1ee5i. C\u1eeda s\u1ed5 c\u1ea7n l\u1eafp r\u00e8m \u0111\u1ec3 tr\u00e1nh \u00e1nh n\u1eafng m\u1eb7t tr\u1eddi chi\u1ebfu tr\u1ef1c ti\u1ebfp v\u00e0o thi\u1ebft b\u1ecb m\u00e1y m\u00f3c, nh\u1eb1m kh\u00f4ng \u1ea3nh h\u01b0\u1edfng \u0111\u1ebfn vi\u1ec7c ki\u1ec3m so\u00e1t nhi\u1ec7t \u0111\u1ed9 trong ph\u00f2ng m\u00e1y. Trong ph\u00f2ng thi c\u1ea7n l\u1eafp \u0111\u1eb7t m\u1ed9t ho\u1eb7c nhi\u1ec1u m\u00e1y \u0111i\u1ec1u h\u00f2a kh\u00f4ng kh\u00ed d\u1ea1ng t\u1ee7, nhi\u1ec7t \u0111\u1ed9 ph\u00f2ng m\u00e1y n\u00ean duy tr\u00ec trong kho\u1ea3ng 18\uff5e25 \u0111\u1ed9 C, \u0111\u1ed9 \u1ea9m t\u01b0\u01a1ng \u0111\u1ed1i t\u1eeb 40\uff05\uff5e70\uff05 l\u00e0 ph\u00f9 h\u1ee3p.<\/p>\n<p>Ph\u00f2ng thi m\u00e1y t\u00ednh n\u00ean l\u1eafp \u0111\u1eb7t v\u00f2ng c\u00e2n b\u1eb1ng \u0111i\u1ec7n th\u1ebf d\u01b0\u1edbi s\u00e0n ch\u1ed1ng t\u0129nh \u0111i\u1ec7n v\u00e0 k\u1ebft n\u1ed1i v\u1edbi h\u1ec7 th\u1ed1ng n\u1ed1i \u0111\u1ea5t c\u1ee7a t\u00f2a nh\u00e0.<\/p>\n<p>(2) Ti\u00eau chu\u1ea9n b\u00e0n gh\u1ebf trong ph\u00f2ng thi m\u00e1y t\u00ednh<\/p>\n<p>M\u1ed7i b\u00e0n thi c\u00f3 t\u1ed1i \u0111a hai ch\u1ed7 ng\u1ed3i, d\u00e0i 160 cm, r\u1ed9ng 70 cm, kho\u1ea3ng c\u00e1ch d\u1ecdc gi\u1eefa c\u00e1c b\u00e0n thi t\u1ed1i thi\u1ec3u 70 cm, kho\u1ea3ng c\u00e1ch ngang t\u1ed1i thi\u1ec3u 70 cm, \u0111\u1ea3m b\u1ea3o kho\u1ea3ng c\u00e1ch gi\u1eefa c\u00e1c th\u00ed sinh. Thi\u1ebft b\u1ecb \u0111\u1ea7u cu\u1ed1i, m\u00e0n h\u00ecnh, b\u00e0n ph\u00edm, m\u00e1y qu\u00e9t v\u00e2n tay \u0111\u01b0\u1ee3c \u0111\u1eb7t d\u01b0\u1edbi m\u1eb7t b\u00e0n thi \u0111\u1ec3 \u0111\u1ea3m b\u1ea3o s\u1ef1 g\u1ecdn g\u00e0ng c\u1ee7a ph\u00f2ng thi. M\u1eb7t b\u00e0n \u0111\u01b0\u1ee3c l\u00e0m b\u1eb1ng k\u00ednh trong su\u1ed1t.<\/p>\n<p>(3) Ti\u00eau chu\u1ea9n c\u1ea5u h\u00ecnh thi\u1ebft b\u1ecb ph\u00f2ng thi m\u00e1y t\u00ednh<\/p>\n<p>1. M\u00e1y ch\u1ee7 h\u1ec7 th\u1ed1ng thi tr\u00ean m\u00e1y t\u00ednh<\/p>\n<p>M\u00e1y ch\u1ee7 h\u1ec7 th\u1ed1ng thi tr\u00ean m\u00e1y t\u00ednh ch\u1ee7 y\u1ebfu \u0111\u01b0\u1ee3c c\u00e0i \u0111\u1eb7t h\u1ec7 th\u1ed1ng thi tr\u00ean m\u00e1y t\u00ednh v\u00e0 l\u01b0u tr\u1eef c\u01a1 s\u1edf d\u1eef li\u1ec7u thi, do \u0111\u00f3 m\u00e1y ch\u1ee7 h\u1ec7 th\u1ed1ng thi tr\u00ean m\u00e1y t\u00ednh ph\u1ea3i l\u00e0 m\u00e1y chuy\u00ean d\u1ee5ng.<\/p>\n<p>(1) M\u00e1y ch\u1ee7 c\u01a1 s\u1edf d\u1eef li\u1ec7u<\/p>\n<table cellspacing=\"0\" cellpadding=\"0\">\n<tbody>\n<tr class=\"firstRow\">\n<td colspan=\"2\" valign=\"top\" width=\"569\">C\u1ea5u h\u00ecnh ph\u1ea7n c\u1ee9ng khuy\u1ebfn ngh\u1ecb<\/td>\n<\/tr>\n<tr>\n<td valign=\"top\" width=\"100\">CPU<\/td>\n<td valign=\"top\" width=\"417\">B\u1ed9 vi x\u1eed l\u00fd Intel i7, 1 nh\u00e2n 2.4 GHz * 4 nh\u00e2n tr\u1edf l\u00ean<\/td>\n<\/tr>\n<tr>\n<td valign=\"top\" width=\"100\">b\u1ed9 nh\u1edb<\/td>\n<td valign=\"top\" width=\"417\">4G tr\u1edf l\u00ean, khuy\u1ebfn ngh\u1ecb s\u1eed d\u1ee5ng 8G.<\/td>\n<\/tr>\n<tr>\n<td valign=\"top\" width=\"100\">\u1ed5 c\u1ee9ng<\/td>\n<td valign=\"top\" width=\"417\">Tr\u00ean 100G, khuy\u1ebfn ngh\u1ecb s\u1eed d\u1ee5ng RAID5.<\/td>\n<\/tr>\n<tr>\n<td valign=\"top\" width=\"100\">card m\u1ea1ng<\/td>\n<td valign=\"top\" width=\"417\">Card m\u1ea1ng t\u01b0\u01a1ng th\u00edch 100\/1000M<\/td>\n<\/tr>\n<tr>\n<td colspan=\"2\" valign=\"top\" width=\"569\">M\u00f4i tr\u01b0\u1eddng ph\u1ea7n m\u1ec1m d\u1ef1a tr\u00ean<\/td>\n<\/tr>\n<tr>\n<td valign=\"top\" width=\"100\">H\u1ec7 \u0111i\u1ec1u h\u00e0nh<\/td>\n<td valign=\"top\" width=\"417\">Windows 2003 Server tr\u1edf l\u00ean, khuy\u1ebfn ngh\u1ecb Windows 2008 Server ho\u1eb7c Windows 2012 Server.<\/td>\n<\/tr>\n<tr>\n<td valign=\"top\" width=\"100\">Ph\u1ea7n m\u1ec1m c\u01a1 s\u1edf d\u1eef li\u1ec7u<\/td>\n<td valign=\"top\" width=\"417\">Mysql 5.5<\/td>\n<\/tr>\n<tr>\n<td colspan=\"2\" valign=\"top\" width=\"569\"><strong>Gi\u1ea3i th\u00edch v\u1ec1 t\u1ea3i h\u1ec7 th\u1ed1ng<\/strong><\/td>\n<\/tr>\n<tr>\n<td colspan=\"2\" valign=\"top\" width=\"569\">M\u1ed9t m\u00e1y ch\u1ee7 c\u01a1 s\u1edf d\u1eef li\u1ec7u c\u00f3 th\u1ec3 ch\u1ecbu \u0111\u01b0\u1ee3c t\u1ed1i \u0111a 500 k\u1ebft n\u1ed1i \u0111\u1ed3ng th\u1eddi, t\u1ee9c l\u00e0 khi s\u1ed1 l\u01b0\u1ee3ng th\u00ed sinh v\u01b0\u1ee3t qu\u00e1 500, c\u1ea7n ph\u1ea3i t\u0103ng th\u00eam m\u00e1y ch\u1ee7 ho\u1eb7c s\u1eed d\u1ee5ng d\u1ecbch v\u1ee5 c\u1ee5m c\u01a1 s\u1edf d\u1eef li\u1ec7u \u0111\u1ec3 gi\u1ea3i quy\u1ebft v\u1ea5n \u0111\u1ec1 \u00e1p l\u1ef1c.<\/td>\n<\/tr>\n<\/tbody>\n<\/table>\n<p>(2) M\u00e1y ch\u1ee7 \u1ee9ng d\u1ee5ng (m\u00e1y ch\u1ee7 thi cu\u1ed1i k\u1ef3)<\/p>\n<table cellspacing=\"0\" cellpadding=\"0\">\n<tbody>\n<tr class=\"firstRow\">\n<td colspan=\"2\" valign=\"top\" width=\"568\">C\u1ea5u h\u00ecnh ph\u1ea7n c\u1ee9ng khuy\u1ebfn ngh\u1ecb<\/td>\n<\/tr>\n<tr>\n<td valign=\"top\" width=\"151\">CPU<\/td>\n<td valign=\"top\" width=\"417\">B\u1ed9 vi x\u1eed l\u00fd Intel i7, 1 nh\u00e2n 2.4 GHz * 4 nh\u00e2n tr\u1edf l\u00ean<\/td>\n<\/tr>\n<tr>\n<td valign=\"top\" width=\"151\">b\u1ed9 nh\u1edb<\/td>\n<td valign=\"top\" width=\"417\">4G tr\u1edf l\u00ean, khuy\u1ebfn ngh\u1ecb s\u1eed d\u1ee5ng 8G.<\/td>\n<\/tr>\n<tr>\n<td valign=\"top\" width=\"151\">\u1ed5 c\u1ee9ng<\/td>\n<td valign=\"top\" width=\"417\">Tr\u00ean 100G, khuy\u1ebfn ngh\u1ecb s\u1eed d\u1ee5ng RAID5 ho\u1eb7c RAID1, \u00edt nh\u1ea5t 3 \u1ed5 c\u1ee9ng.<\/td>\n<\/tr>\n<tr>\n<td valign=\"top\" width=\"151\">card m\u1ea1ng<\/td>\n<td valign=\"top\" width=\"417\">Card m\u1ea1ng t\u01b0\u01a1ng th\u00edch 100\/1000M<\/td>\n<\/tr>\n<tr>\n<td colspan=\"2\" valign=\"top\" width=\"568\">M\u00f4i tr\u01b0\u1eddng ph\u1ea7n m\u1ec1m d\u1ef1a tr\u00ean<\/td>\n<\/tr>\n<tr>\n<td valign=\"top\" width=\"151\">H\u1ec7 \u0111i\u1ec1u h\u00e0nh<\/td>\n<td valign=\"top\" width=\"417\">Windows 2003 Server tr\u1edf l\u00ean \u0111\u1ec1u \u0111\u01b0\u1ee3c, khuy\u1ebfn ngh\u1ecb s\u1eed d\u1ee5ng Windows 2008 Server ho\u1eb7c Windows 2012 Server (n\u1ebfu h\u1ec7 th\u1ed1ng \u0111\u00e3 c\u00e0i \u0111\u1eb7t IIS, vui l\u00f2ng t\u1eaft IIS ho\u1eb7c thay \u0111\u1ed5i c\u1ed5ng, v\u00ec h\u1ec7 th\u1ed1ng thi s\u1ebd s\u1eed d\u1ee5ng c\u1ed5ng 80).<\/td>\n<\/tr>\n<tr>\n<td valign=\"top\" width=\"151\">ph\u1ea7n m\u1ec1m<\/td>\n<td valign=\"top\" width=\"417\"><\/td>\n<\/tr>\n<tr>\n<td colspan=\"2\" valign=\"top\" width=\"568\"><strong>H\u01b0\u1edbng d\u1eabn an to\u00e0n h\u1ec7 th\u1ed1ng:<\/strong><\/td>\n<\/tr>\n<tr>\n<td colspan=\"2\" valign=\"top\" width=\"568\" height=\"26\"><strong>M\u00e1y ch\u1ee7 thi cu\u1ed1i k\u1ef3 c\u1ee7a k\u1ef3 thi n\u0103ng l\u1ef1c s\u1eed d\u1ee5ng chi\u1ebfn l\u01b0\u1ee3c hai m\u00e1y (d\u1ecbch v\u1ee5 d\u1ef1 ph\u00f2ng n\u00f3ng hai m\u00e1y) \u0111\u1ec3 \u0111\u1ea3m b\u1ea3o d\u1ecbch v\u1ee5 h\u1ec7 th\u1ed1ng kh\u00f4ng b\u1ecb gi\u00e1n \u0111o\u1ea1n.<\/strong><\/td>\n<\/tr>\n<\/tbody>\n<\/table>\n<p>2. M\u00e1y t\u00ednh h\u1ec7 th\u1ed1ng thi cu\u1ed1i c\u00f9ng<\/p>\n<table width=\"569\" cellspacing=\"0\" cellpadding=\"0\">\n<tbody>\n<tr class=\"firstRow\">\n<td colspan=\"2\" valign=\"top\" width=\"569\">C\u1ea5u h\u00ecnh ph\u1ea7n c\u1ee9ng khuy\u1ebfn ngh\u1ecb<\/td>\n<\/tr>\n<tr>\n<td valign=\"top\" width=\"140\">CPU<\/td>\n<td valign=\"top\" width=\"429\">Intel i5, quad-core 2.0 GHz tr\u1edf l\u00ean<\/td>\n<\/tr>\n<tr>\n<td valign=\"top\" width=\"140\">b\u1ed9 nh\u1edb<\/td>\n<td valign=\"top\" width=\"429\">4G tr\u1edf l\u00ean<\/td>\n<\/tr>\n<tr>\n<td valign=\"top\" width=\"140\">\u1ed5 c\u1ee9ng<\/td>\n<td valign=\"top\" width=\"429\">Dung l\u01b0\u1ee3ng tr\u1ed1ng tr\u00ean 64G<\/td>\n<\/tr>\n<tr>\n<td valign=\"top\" width=\"140\">card \u0111\u1ed3 h\u1ecda<\/td>\n<td valign=\"top\" width=\"429\">Card \u0111\u1ed3 h\u1ecda \u0111\u1ed9c l\u1eadp, t\u1ea7n s\u1ed1 l\u00f5i 667MHz tr\u1edf l\u00ean, b\u1ed9 nh\u1edb \u0111\u1ed3 h\u1ecda 1GB, b\u0103ng th\u00f4ng 128-bit tr\u1edf l\u00ean.<\/td>\n<\/tr>\n<tr>\n<td valign=\"top\" width=\"140\">card m\u1ea1ng<\/td>\n<td valign=\"top\" width=\"429\">Card m\u1ea1ng t\u01b0\u01a1ng th\u00edch 100M<\/td>\n<\/tr>\n<tr>\n<td valign=\"top\" width=\"140\">Th\u1ebb kh\u00f4i ph\u1ee5c \u1ed5 c\u1ee9ng<\/td>\n<td valign=\"top\" width=\"429\">C\u00e0i \u0111\u1eb7t tr\u00ean thi\u1ebft b\u1ecb \u0111\u1ea7u cu\u1ed1i thi, c\u00f3 th\u1ec3 kh\u00f4i ph\u1ee5c v\u00e0 b\u1ea3o v\u1ec7 h\u1ec7 th\u1ed1ng m\u00e1y t\u00ednh.<\/td>\n<\/tr>\n<tr>\n<td valign=\"top\" width=\"140\">M\u00e1y nh\u1eadn d\u1ea1ng v\u00e2n tay<\/td>\n<td valign=\"top\" width=\"429\">Giao di\u1ec7n truy\u1ec1n th\u00f4ng: USB<\/p>\n<p>\u0110\u1ed9 ph\u00e2n gi\u1ea3i pixel: 512dpi<\/p>\n<p>8-bit x\u00e1m<\/td>\n<\/tr>\n<tr>\n<td valign=\"top\" width=\"140\">Tai nghe (c\u00f3 mic)<\/td>\n<td valign=\"top\" width=\"429\"><\/td>\n<\/tr>\n<tr>\n<td valign=\"top\" width=\"140\">b\u1ea3ng vi\u1ebft tay<\/td>\n<td valign=\"top\" width=\"429\">(T\u00f9y ch\u1ecdn) Giao di\u1ec7n truy\u1ec1n th\u00f4ng: USB<\/p>\n<p>Vi\u1ebft li\u00ean t\u1ee5c tr\u00ean to\u00e0n m\u00e0n h\u00ecnh<\/p>\n<p>T\u1ed1c \u0111\u1ed9 nh\u1eadn d\u1ea1ng tr\u00ean 10 ch\u1eef m\u1ed7i gi\u00e2y<\/p>\n<p>Ph\u1ea3i c\u00f3 ph\u01b0\u01a1ng ph\u00e1p nh\u1eadp li\u1ec7u t\u01b0\u01a1ng \u1ee9ng.<\/td>\n<\/tr>\n<tr>\n<td colspan=\"2\" valign=\"top\" width=\"569\">M\u00f4i tr\u01b0\u1eddng ph\u1ea7n m\u1ec1m d\u1ef1a tr\u00ean<\/td>\n<\/tr>\n<tr>\n<td valign=\"top\" width=\"140\">H\u1ec7 \u0111i\u1ec1u h\u00e0nh<\/td>\n<td valign=\"top\" width=\"429\">Windows XP v\u00e0 Windows 7 tr\u1edf l\u00ean, kh\u00f4ng c\u1ea7n thi\u1ebft l\u1eadp m\u00e1y ch\u1ee7 proxy tr\u00ean m\u00e1y kh\u00e1ch.<\/td>\n<\/tr>\n<tr>\n<td valign=\"top\" width=\"140\">tr\u00ecnh duy\u1ec7t<\/td>\n<td valign=\"top\" width=\"429\">IE7.0 tr\u1edf l\u00ean, khuy\u1ebfn ngh\u1ecb s\u1eed d\u1ee5ng IE9, kh\u00f4ng khuy\u1ebfn ngh\u1ecb s\u1eed d\u1ee5ng IE8, kh\u00f4ng c\u00e0i \u0111\u1eb7t b\u1ea5t k\u1ef3 tr\u00ecnh duy\u1ec7t web n\u00e0o, \u0111\u1ed3ng th\u1eddi b\u1eadt t\u00ednh n\u0103ng ch\u1eb7n c\u1eeda s\u1ed5 pop-up c\u1ee7a IE (ph\u00f2ng thi m\u00e1y t\u00ednh c\u1ea7n trang b\u1ecb m\u1ed9t m\u00e1y t\u00ednh \u0111\u1ec3 gi\u00e1m s\u00e1t).<\/td>\n<\/tr>\n<tr>\n<td colspan=\"2\" valign=\"top\" width=\"569\"><strong>Gi\u1ea3i th\u00edch v\u1ec1 t\u1ea3i h\u1ec7 th\u1ed1ng:<\/strong><\/td>\n<\/tr>\n<tr>\n<td colspan=\"2\" valign=\"top\" width=\"569\" height=\"85\"><strong>M\u1ed9t m\u00e1y ch\u1ee7 thi c\u00f3 th\u1ec3 h\u1ed7 tr\u1ee3 \u00edt h\u01a1n 200 m\u00e1y thi. \u0110\u1ed1i v\u1edbi ph\u00f2ng thi c\u00f3 h\u01a1n 200 m\u00e1y thi, c\u1ea7n t\u0103ng th\u00eam m\u00e1y ch\u1ee7 thi \u0111\u1ec3 gi\u1ea3i quy\u1ebft v\u1ea5n \u0111\u1ec1. C\u1ee5 th\u1ec3 nh\u01b0 sau:<\/strong><\/p>\n<p>S\u1ed1 l\u01b0\u1ee3ng m\u00e1y thi \u0111\u1ea7u cu\u1ed1i M\u00e1y ch\u1ee7 thi \u0111\u1ea7u cu\u1ed1i 1\uff5e200 1 m\u00e1y 201\uff5e400 2 m\u00e1y 401\uff5e600 3 m\u00e1y. . . . . .&nbsp;<\/td>\n<\/tr>\n<\/tbody>\n<\/table>\n<p>3. Thi\u1ebft b\u1ecb ph\u1ee5 tr\u1ee3 li\u00ean quan<\/p>\n<p>Ph\u00f2ng thi m\u00e1y t\u00ednh y\u00eau c\u1ea7u trang b\u1ecb m\u1ed9t m\u00e1y chi\u1ebfu v\u00e0 m\u1ed9t m\u00e0n h\u00ecnh chi\u1ebfu; m\u1ed7i ph\u00f2ng thi ph\u1ea3i l\u1eafp \u0111\u1eb7t m\u1ed9t s\u1ed1 camera gi\u00e1m s\u00e1t (\u00edt nh\u1ea5t 1 camera c\u00f3 \u0111\u1ea7u xoay, h\u1ec7 th\u1ed1ng gi\u00e1m s\u00e1t c\u00f3 th\u1ec3 truy c\u1eadp t\u1eeb xa qua web, s\u1ed1 l\u01b0\u1ee3ng camera \u0111\u01b0\u1ee3c l\u1eafp \u0111\u1eb7t t\u00f9y theo di\u1ec7n t\u00edch ph\u00f2ng thi, v\u1edbi m\u1ee5c ti\u00eau c\u01a1 b\u1ea3n l\u00e0 gi\u00e1m s\u00e1t r\u00f5 r\u00e0ng to\u00e0n b\u1ed9 khu v\u1ef1c); Ph\u00f2ng thi ph\u1ea3i \u0111\u01b0\u1ee3c trang b\u1ecb thi\u1ebft b\u1ecb \u00e2m thanh; ph\u00f2ng thi ph\u1ea3i \u0111\u01b0\u1ee3c trang b\u1ecb m\u00e1y in, m\u00e1y photocopy, m\u00e1y fax v\u00e0 \u0111i\u1ec7n tho\u1ea1i c\u1ed1 \u0111\u1ecbnh; \u0111\u1ed3ng th\u1eddi ph\u00f2ng thi m\u00e1y t\u00ednh c\u0169ng c\u1ea7n \u0111\u01b0\u1ee3c trang b\u1ecb ngu\u1ed3n \u0111i\u1ec7n UPS \u0111\u1ec3 \u0111\u1ea3m b\u1ea3o m\u00e1y ch\u1ee7 \u0111\u1ea7u cu\u1ed1i ho\u1ea1t \u0111\u1ed9ng; m\u1ed7i \u0111i\u1ec3m thi c\u1ea7n c\u00f3 m\u1ed9t m\u00e1y t\u00ednh c\u00f3 th\u1ec3 truy c\u1eadp internet trong ph\u00f2ng thi m\u00e1y t\u00ednh.<\/p>\n<p>(4) Y\u00eau c\u1ea7u v\u1ec1 m\u00f4i tr\u01b0\u1eddng m\u1ea1ng c\u1ee7a ph\u00f2ng thi m\u00e1y t\u00ednh<\/p>\n<p>Ph\u00f2ng thi m\u00e1y t\u00ednh y\u00eau c\u1ea7u k\u1ebft n\u1ed1i m\u1ea1ng gi\u1eefa m\u1ed7i m\u00e1y t\u00ednh thi v\u00e0 m\u00e1y ch\u1ee7 h\u1ec7 th\u1ed1ng thi m\u00e1y t\u00ednh ph\u1ea3i \u0111\u1ea1t tr\u00ean 100M, m\u00f4i tr\u01b0\u1eddng m\u1ea1ng ph\u1ea3i c\u00f3 b\u1ed9 chuy\u1ec3n m\u1ea1ch tr\u00ean 1000M, v\u00e0 ph\u00f2ng thi m\u00e1y t\u00ednh ph\u1ea3i \u0111\u01b0\u1ee3c ng\u1eaft k\u1ebft n\u1ed1i v\u1eadt l\u00fd v\u1edbi c\u00e1c m\u1ea1ng kh\u00e1c trong th\u1eddi gian thi. Ph\u00f2ng thi m\u00e1y t\u00ednh y\u00eau c\u1ea7u c\u00e0i \u0111\u1eb7t thi\u1ebft b\u1ecb t\u01b0\u1eddng l\u1eeda v\u00e0 ph\u1ea7n m\u1ec1m di\u1ec7t virus \u0111\u1ec3 \u0111\u1ea3m b\u1ea3o h\u1ec7 th\u1ed1ng thi m\u00e1y t\u00ednh ho\u1ea1t \u0111\u1ed9ng \u1ed5n \u0111\u1ecbnh.<\/p>\n<p>(5) Y\u00eau c\u1ea7u v\u1ec1 nh\u00e2n s\u1ef1<\/p>\n<p>Ph\u00f2ng thi m\u00e1y t\u00ednh ph\u1ea3i ch\u1ec9 \u0111\u1ecbnh m\u1ed9t qu\u1ea3n tr\u1ecb vi\u00ean h\u1ec7 th\u1ed1ng (qu\u1ea3n tr\u1ecb vi\u00ean m\u1ea1ng) c\u00f3 c\u00f4ng vi\u1ec7c \u1ed5n \u0111\u1ecbnh v\u00e0 tinh th\u1ea7n tr\u00e1ch nhi\u1ec7m cao, \u0111\u01b0a v\u00e0o h\u1ec7 th\u1ed1ng qu\u1ea3n l\u00fd ch\u1ea5t l\u01b0\u1ee3ng c\u1ee7a c\u01a1 quan h\u00e0ng h\u1ea3i v\u00e0 h\u1ec7 th\u1ed1ng qu\u1ea3n l\u00fd ch\u1ea5t l\u01b0\u1ee3ng \u0111\u00e0o t\u1ea1o thuy\u1ec1n vi\u00ean, tu\u00e2n th\u1ee7 c\u00e1c quy \u0111\u1ecbnh qu\u1ea3n l\u00fd li\u00ean quan c\u1ee7a c\u01a1 quan h\u00e0ng h\u1ea3i, th\u1ef1c hi\u1ec7n b\u1ea3o tr\u00ec h\u00e0ng ng\u00e0y cho thi\u1ebft b\u1ecb ph\u00f2ng thi m\u00e1y t\u00ednh, n\u1eafm v\u1eefng v\u00e0 c\u00f3 kh\u1ea3 n\u0103ng b\u1ea3o tr\u00ec c\u01a1 b\u1ea3n h\u1ec7 th\u1ed1ng thi m\u00e1y t\u00ednh (sao l\u01b0u d\u1eef li\u1ec7u thi \u0111\u1ecbnh k\u1ef3, n\u00e2ng c\u1ea5p h\u1ec7 th\u1ed1ng thi m\u00e1y t\u00ednh theo y\u00eau c\u1ea7u, v.v.), \u0111\u1ea3m b\u1ea3o thi\u1ebft b\u1ecb ph\u00f2ng thi m\u00e1y t\u00ednh lu\u00f4n \u1edf tr\u1ea1ng th\u00e1i s\u1eb5n s\u00e0ng s\u1eed d\u1ee5ng.<\/p>\n<p>6. Y\u00eau c\u1ea7u s\u1eed d\u1ee5ng t\u00e0i nguy\u00ean ph\u00f2ng thi<\/p>\n<p>Trong th\u1eddi gian thi tr\u00ean m\u00e1y t\u00ednh c\u1ee7a thuy\u1ec1n vi\u00ean, ph\u1ea3i \u0111\u1ea3m b\u1ea3o vi\u1ec7c s\u1eed d\u1ee5ng ph\u00f2ng thi kh\u00f4ng xung \u0111\u1ed9t v\u1edbi c\u00e1c s\u1eafp x\u1ebfp kh\u00e1c.<\/p>","protected":false},"excerpt":{"rendered":"<p>\u6807\u51c6\u5316\u8003\u8bd5\u673a\u623f \u6cd5\u5f8b\u4f9d\u636e\uff1a\u300a\u4e2d\u534e\u4eba\u6c11\u5171\u548c\u56fd\u8239\u5458\u57f9\u8bad\u7ba1\u7406\u89c4\u5219\u300b\uff08\u4ea4\u901a\u8fd0\u8f93\u90e8\u4ee4 2019 \u5e74\u7b2c 5 \u53f7\uff09 \u4ea7\u54c1\u5206\u7c7b&hellip;<\/p>","protected":false},"featured_media":14928,"comment_status":"open","ping_status":"closed","template":"","meta":[],"product_brand":[],"product_cat":[47],"product_tag":[431,336,430],"class_list":{"0":"post-14927","1":"product","2":"type-product","3":"status-publish","4":"has-post-thumbnail","6":"product_cat-biaozhunhuakaoshijifang","7":"product_tag-biaozhunhuakaoshijifang","8":"product_tag-chuanyuanpeixunshebei","9":"product_tag-lunjizhangdaguanlunsanguanlunpeixunshebei","10":"description-off","12":"first","13":"instock","14":"taxable","15":"shipping-taxable","16":"purchasable","17":"product-type-simple"},"_links":{"self":[{"href":"http:\/\/www.erun-tech.com\/vi\/wp-json\/wp\/v2\/product\/14927","targetHints":{"allow":["GET"]}}],"collection":[{"href":"http:\/\/www.erun-tech.com\/vi\/wp-json\/wp\/v2\/product"}],"about":[{"href":"http:\/\/www.erun-tech.com\/vi\/wp-json\/wp\/v2\/types\/product"}],"replies":[{"embeddable":true,"href":"http:\/\/www.erun-tech.com\/vi\/wp-json\/wp\/v2\/comments?post=14927"}],"wp:featuredmedia":[{"embeddable":true,"href":"http:\/\/www.erun-tech.com\/vi\/wp-json\/wp\/v2\/media\/14928"}],"wp:attachment":[{"href":"http:\/\/www.erun-tech.com\/vi\/wp-json\/wp\/v2\/media?parent=14927"}],"wp:term":[{"taxonomy":"product_brand","embeddable":true,"href":"http:\/\/www.erun-tech.com\/vi\/wp-json\/wp\/v2\/product_brand?post=14927"},{"taxonomy":"product_cat","embeddable":true,"href":"http:\/\/www.erun-tech.com\/vi\/wp-json\/wp\/v2\/product_cat?post=14927"},{"taxonomy":"product_tag","embeddable":true,"href":"http:\/\/www.erun-tech.com\/vi\/wp-json\/wp\/v2\/product_tag?post=14927"}],"curies":[{"name":"wp","href":"https:\/\/api.w.org\/{rel}","templated":true}]}}