{"id":14937,"date":"2024-03-26T10:31:14","date_gmt":"2024-03-26T02:31:14","guid":{"rendered":"http:\/\/www.erun-tech.com\/?post_type=product&#038;p=14937"},"modified":"2024-03-27T20:10:58","modified_gmt":"2024-03-27T12:10:58","slug":"haishuidanhuachulizhuangzhi","status":"publish","type":"product","link":"http:\/\/www.erun-tech.com\/vi\/product\/haishuidanhuachulizhuangzhi","title":{"rendered":"Thi\u1ebft b\u1ecb x\u1eed l\u00fd n\u01b0\u1edbc bi\u1ec3n"},"content":{"rendered":"<h2><\/h2>\n<h2 style=\"text-align: center;\">Thi\u1ebft b\u1ecb x\u1eed l\u00fd n\u01b0\u1edbc bi\u1ec3n<\/h2>\n<div><strong>C\u01a1 s\u1edf ph\u00e1p l\u00fd: \"Quy \u0111\u1ecbnh v\u1ec1 qu\u1ea3n l\u00fd \u0111\u00e0o t\u1ea1o thuy\u1ec1n vi\u00ean c\u1ee7a C\u1ed9ng h\u00f2a Nh\u00e2n d\u00e2n Trung Hoa\" (Ngh\u1ecb \u0111\u1ecbnh s\u1ed1 5 n\u0103m 2019 c\u1ee7a B\u1ed9 Giao th\u00f4ng V\u1eadn t\u1ea3i)<\/strong><\/div>\n<div><strong>Danh m\u1ee5c s\u1ea3n ph\u1ea9m: Khu v\u1ef1c \u0111\u00e0o t\u1ea1o t\u1ed5ng h\u1ee3p<br \/>\n<\/strong><\/div>\n<div>\n<p><strong><strong>\u4ea7\u54c1\u540d\u79f0\uff1a\u6d77\u6c34\u6de1\u5316\u5904\u7406\u88c5\u7f6e<\/strong><\/strong><\/p>\n<p><strong>Y\u00eau c\u1ea7u ch\u1ee9c n\u0103ng: \u0110\u00e1p \u1ee9ng y\u00eau c\u1ea7u c\u1ee7a ch\u01b0\u01a1ng tr\u00ecnh \u0111\u00e0o t\u1ea1o.<\/strong><\/p>\n<\/div>\n<div><strong>S\u1ed1 l\u01b0\u1ee3ng quy \u0111\u1ecbnh: 1 b\u1ed9<\/strong><\/div>\n<div><\/div>\n<div>\n<p>&nbsp;<\/p>\n<\/div>\n<p>\u771f\u7a7a\u6cb8\u817e\u5f0f\u6d77\u6c34\u6de1\u5316\u88c5\u7f6e\uff0c\u5305\u62ec\u7ed9\u6c34\uff64\u62bd\u7a7a\uff64\u6392\u76d0\uff64\u51b7\u5374\uff64\u52a0\u70ed\u548c\u51dd\u6c34\u7cfb\u7edf\uff0c\u80fd\u591f\u5b9e\u73b0\u9020\u6c34\u673a\u7684\u542f\u52a8\u3001\u8fd0\u884c\u548c\u505c\u6b62\u64cd\u4f5c\u3002\u9020\u6c34\u91cf5T\/D\u6216\u4ee5\u4e0a\u3002<\/p>","protected":false},"excerpt":{"rendered":"<p>\u6d77\u6c34\u6de1\u5316\u5904\u7406\u88c5\u7f6e \u6cd5\u5f8b\u4f9d\u636e\uff1a\u300a\u4e2d\u534e\u4eba\u6c11\u5171\u548c\u56fd\u8239\u5458\u57f9\u8bad\u7ba1\u7406\u89c4\u5219\u300b\uff08\u4ea4\u901a\u8fd0\u8f93\u90e8\u4ee4 2019 \u5e74\u7b2c 5 \u53f7\uff09 \u4ea7\u54c1\u5206&hellip;<\/p>","protected":false},"featured_media":14505,"comment_status":"open","ping_status":"closed","template":"","meta":[],"product_brand":[],"product_cat":[43],"product_tag":[440,439,336,430],"class_list":{"0":"post-14937","1":"product","2":"type-product","3":"status-publish","4":"has-post-thumbnail","6":"product_cat-zonghejicang","7":"product_tag-haishuidanhuachulizhuangzhi","8":"product_tag-cangdishuichulixitong","9":"product_tag-chuanyuanpeixunshebei","10":"product_tag-lunjizhangdaguanlunsanguanlunpeixunshebei","11":"description-off","13":"first","14":"instock","15":"taxable","16":"shipping-taxable","17":"purchasable","18":"product-type-simple"},"_links":{"self":[{"href":"http:\/\/www.erun-tech.com\/vi\/wp-json\/wp\/v2\/product\/14937","targetHints":{"allow":["GET"]}}],"collection":[{"href":"http:\/\/www.erun-tech.com\/vi\/wp-json\/wp\/v2\/product"}],"about":[{"href":"http:\/\/www.erun-tech.com\/vi\/wp-json\/wp\/v2\/types\/product"}],"replies":[{"embeddable":true,"href":"http:\/\/www.erun-tech.com\/vi\/wp-json\/wp\/v2\/comments?post=14937"}],"wp:featuredmedia":[{"embeddable":true,"href":"http:\/\/www.erun-tech.com\/vi\/wp-json\/wp\/v2\/media\/14505"}],"wp:attachment":[{"href":"http:\/\/www.erun-tech.com\/vi\/wp-json\/wp\/v2\/media?parent=14937"}],"wp:term":[{"taxonomy":"product_brand","embeddable":true,"href":"http:\/\/www.erun-tech.com\/vi\/wp-json\/wp\/v2\/product_brand?post=14937"},{"taxonomy":"product_cat","embeddable":true,"href":"http:\/\/www.erun-tech.com\/vi\/wp-json\/wp\/v2\/product_cat?post=14937"},{"taxonomy":"product_tag","embeddable":true,"href":"http:\/\/www.erun-tech.com\/vi\/wp-json\/wp\/v2\/product_tag?post=14937"}],"curies":[{"name":"wp","href":"https:\/\/api.w.org\/{rel}","templated":true}]}}