{"id":14939,"date":"2024-03-26T10:34:32","date_gmt":"2024-03-26T02:34:32","guid":{"rendered":"http:\/\/www.erun-tech.com\/?post_type=product&#038;p=14939"},"modified":"2024-03-27T20:11:21","modified_gmt":"2024-03-27T12:11:21","slug":"ranyounianduzidongkongzhixitong","status":"publish","type":"product","link":"http:\/\/www.erun-tech.com\/vi\/product\/ranyounianduzidongkongzhixitong","title":{"rendered":"H\u1ec7 th\u1ed1ng \u0111i\u1ec1u khi\u1ec3n t\u1ef1 \u0111\u1ed9ng \u0111\u1ed9 nh\u1edbt nhi\u00ean li\u1ec7u"},"content":{"rendered":"<h2><\/h2>\n<h2 style=\"text-align: center;\">H\u1ec7 th\u1ed1ng \u0111i\u1ec1u khi\u1ec3n t\u1ef1 \u0111\u1ed9ng \u0111\u1ed9 nh\u1edbt nhi\u00ean li\u1ec7u<\/h2>\n<div><strong>C\u01a1 s\u1edf ph\u00e1p l\u00fd: \"Quy \u0111\u1ecbnh v\u1ec1 qu\u1ea3n l\u00fd \u0111\u00e0o t\u1ea1o thuy\u1ec1n vi\u00ean c\u1ee7a C\u1ed9ng h\u00f2a Nh\u00e2n d\u00e2n Trung Hoa\" (Ngh\u1ecb \u0111\u1ecbnh s\u1ed1 5 n\u0103m 2019 c\u1ee7a B\u1ed9 Giao th\u00f4ng V\u1eadn t\u1ea3i)<\/strong><\/div>\n<div><strong>Danh m\u1ee5c s\u1ea3n ph\u1ea9m: Khu v\u1ef1c \u0111\u00e0o t\u1ea1o t\u1ed5ng h\u1ee3p<br \/>\n<\/strong><\/div>\n<div>\n<p><strong><strong>T\u00ean s\u1ea3n ph\u1ea9m: H\u1ec7 th\u1ed1ng \u0111i\u1ec1u khi\u1ec3n t\u1ef1 \u0111\u1ed9ng \u0111\u1ed9 nh\u1edbt nhi\u00ean li\u1ec7u<\/strong><\/strong><\/p>\n<p><strong>Y\u00eau c\u1ea7u ch\u1ee9c n\u0103ng: \u0110\u00e1p \u1ee9ng y\u00eau c\u1ea7u c\u1ee7a ch\u01b0\u01a1ng tr\u00ecnh \u0111\u00e0o t\u1ea1o.<\/strong><\/p>\n<\/div>\n<div><strong>S\u1ed1 l\u01b0\u1ee3ng quy \u0111\u1ecbnh: 2 b\u1ed9<\/strong><\/div>\n<div><\/div>\n<div>\n<p>&nbsp;<\/p>\n<\/div>\n<p>Van chuy\u1ec3n \u0111\u1ed5i d\u1ea7u nh\u1eb9 v\u00e0 d\u1ea7u n\u1eb7ng, van \u0111i\u1ec1u ch\u1ec9nh h\u01a1i n\u01b0\u1edbc, m\u00e1y \u0111o \u0111\u1ed9 nh\u1edbt, v.v. ph\u1ea3i s\u1eed d\u1ee5ng thi\u1ebft b\u1ecb th\u1ef1c t\u1ebf tr\u00ean t\u00e0u. \u0110\u01b0\u1ee3c trang b\u1ecb h\u1ed9p \u0111i\u1ec1u khi\u1ec3n ho\u1eb7c t\u1ee7 \u0111i\u1ec1u khi\u1ec3n, c\u00f3 th\u1ec3 hi\u1ec3n th\u1ecb \u0111\u1ea7y \u0111\u1ee7 c\u00e1c ch\u1ee9c n\u0103ng ki\u1ec3m so\u00e1t \u0111\u1ed9 nh\u1edbt tr\u00ean t\u00e0u th\u1ef1c t\u1ebf.<\/p>","protected":false},"excerpt":{"rendered":"<p>\u71c3\u6cb9\u9ecf\u5ea6\u81ea\u52a8\u63a7\u5236\u7cfb\u7edf \u6cd5\u5f8b\u4f9d\u636e\uff1a\u300a\u4e2d\u534e\u4eba\u6c11\u5171\u548c\u56fd\u8239\u5458\u57f9\u8bad\u7ba1\u7406\u89c4\u5219\u300b\uff08\u4ea4\u901a\u8fd0\u8f93\u90e8\u4ee4 2019 \u5e74\u7b2c 5 \u53f7\uff09 \u4ea7&hellip;<\/p>","protected":false},"featured_media":14505,"comment_status":"open","ping_status":"closed","template":"","meta":[],"product_brand":[],"product_cat":[43],"product_tag":[443,444,336,430],"class_list":{"0":"post-14939","1":"product","2":"type-product","3":"status-publish","4":"has-post-thumbnail","6":"product_cat-zonghejicang","7":"product_tag-ranyounianduzidongkongzhixitong","8":"product_tag-zonghejicang","9":"product_tag-chuanyuanpeixunshebei","10":"product_tag-lunjizhangdaguanlunsanguanlunpeixunshebei","11":"description-off","13":"first","14":"instock","15":"taxable","16":"shipping-taxable","17":"purchasable","18":"product-type-simple"},"_links":{"self":[{"href":"http:\/\/www.erun-tech.com\/vi\/wp-json\/wp\/v2\/product\/14939","targetHints":{"allow":["GET"]}}],"collection":[{"href":"http:\/\/www.erun-tech.com\/vi\/wp-json\/wp\/v2\/product"}],"about":[{"href":"http:\/\/www.erun-tech.com\/vi\/wp-json\/wp\/v2\/types\/product"}],"replies":[{"embeddable":true,"href":"http:\/\/www.erun-tech.com\/vi\/wp-json\/wp\/v2\/comments?post=14939"}],"wp:featuredmedia":[{"embeddable":true,"href":"http:\/\/www.erun-tech.com\/vi\/wp-json\/wp\/v2\/media\/14505"}],"wp:attachment":[{"href":"http:\/\/www.erun-tech.com\/vi\/wp-json\/wp\/v2\/media?parent=14939"}],"wp:term":[{"taxonomy":"product_brand","embeddable":true,"href":"http:\/\/www.erun-tech.com\/vi\/wp-json\/wp\/v2\/product_brand?post=14939"},{"taxonomy":"product_cat","embeddable":true,"href":"http:\/\/www.erun-tech.com\/vi\/wp-json\/wp\/v2\/product_cat?post=14939"},{"taxonomy":"product_tag","embeddable":true,"href":"http:\/\/www.erun-tech.com\/vi\/wp-json\/wp\/v2\/product_tag?post=14939"}],"curies":[{"name":"wp","href":"https:\/\/api.w.org\/{rel}","templated":true}]}}