{"id":14940,"date":"2024-03-26T10:36:10","date_gmt":"2024-03-26T02:36:10","guid":{"rendered":"http:\/\/www.erun-tech.com\/?post_type=product&#038;p=14940"},"modified":"2024-03-27T20:11:31","modified_gmt":"2024-03-27T12:11:31","slug":"youwunongdujiancebaojingxitong","status":"publish","type":"product","link":"http:\/\/www.erun-tech.com\/vi\/product\/youwunongdujiancebaojingxitong","title":{"rendered":"H\u1ec7 th\u1ed1ng c\u1ea3nh b\u00e1o n\u1ed3ng \u0111\u1ed9 s\u01b0\u01a1ng d\u1ea7u"},"content":{"rendered":"<h2><\/h2>\n<h2 style=\"text-align: center;\">H\u1ec7 th\u1ed1ng c\u1ea3nh b\u00e1o n\u1ed3ng \u0111\u1ed9 s\u01b0\u01a1ng d\u1ea7u<\/h2>\n<div><strong>C\u01a1 s\u1edf ph\u00e1p l\u00fd: \"Quy \u0111\u1ecbnh v\u1ec1 qu\u1ea3n l\u00fd \u0111\u00e0o t\u1ea1o thuy\u1ec1n vi\u00ean c\u1ee7a C\u1ed9ng h\u00f2a Nh\u00e2n d\u00e2n Trung Hoa\" (Ngh\u1ecb \u0111\u1ecbnh s\u1ed1 5 n\u0103m 2019 c\u1ee7a B\u1ed9 Giao th\u00f4ng V\u1eadn t\u1ea3i)<\/strong><\/div>\n<div><strong>Danh m\u1ee5c s\u1ea3n ph\u1ea9m: Khu v\u1ef1c \u0111\u00e0o t\u1ea1o t\u1ed5ng h\u1ee3p<br \/>\n<\/strong><\/div>\n<div>\n<p><strong><strong>\u4ea7\u54c1\u540d\u79f0\uff1a\u6cb9\u96fe\u6d53\u5ea6\u76d1\u6d4b\u62a5\u8b66\u7cfb\u7edf<\/strong><\/strong><\/p>\n<p><strong>Y\u00eau c\u1ea7u ch\u1ee9c n\u0103ng: \u0110\u00e1p \u1ee9ng y\u00eau c\u1ea7u c\u1ee7a ch\u01b0\u01a1ng tr\u00ecnh \u0111\u00e0o t\u1ea1o.<\/strong><\/p>\n<\/div>\n<div><strong>S\u1ed1 l\u01b0\u1ee3ng quy \u0111\u1ecbnh: 2 b\u1ed9<\/strong><\/div>\n<div><\/div>\n<div>\n<p>&nbsp;<\/p>\n<\/div>\n<p>\u53ef\u91c7\u7528\u5f53\u524d\u8239\u8236\u4e0a\u4f7f\u7528\u7684\u4e3b\u6d41\u8bbe\u5907\u6216\u540c\u578b\u53f7\u7684\u6a21\u62df\u8bbe\u5907\u3002\u80fd\u5b8c\u6210\u4e0b\u5217\u64cd\u4f5c\uff1a\u80fd\u8fdb\u884c\u66f2\u8f74\u7bb1\u6cb9\u96fe\u6d53\u5ea6\u76d1\u89c6\u7684\u8c03\u96f6\u3001\u6d4b\u8bd5\u4e0e\u590d\u4f4d\u64cd\u4f5c\u3002<\/p>","protected":false},"excerpt":{"rendered":"<p>\u6cb9\u96fe\u6d53\u5ea6\u76d1\u6d4b\u62a5\u8b66\u7cfb\u7edf \u6cd5\u5f8b\u4f9d\u636e\uff1a\u300a\u4e2d\u534e\u4eba\u6c11\u5171\u548c\u56fd\u8239\u5458\u57f9\u8bad\u7ba1\u7406\u89c4\u5219\u300b\uff08\u4ea4\u901a\u8fd0\u8f93\u90e8\u4ee4 2019 \u5e74\u7b2c 5 \u53f7\uff09 \u4ea7&hellip;<\/p>","protected":false},"featured_media":14505,"comment_status":"open","ping_status":"closed","template":"","meta":[],"product_brand":[],"product_cat":[43],"product_tag":[445,443,444,336,430],"class_list":{"0":"post-14940","1":"product","2":"type-product","3":"status-publish","4":"has-post-thumbnail","6":"product_cat-zonghejicang","7":"product_tag-youwunongdujiancebaojingxitong","8":"product_tag-ranyounianduzidongkongzhixitong","9":"product_tag-zonghejicang","10":"product_tag-chuanyuanpeixunshebei","11":"product_tag-lunjizhangdaguanlunsanguanlunpeixunshebei","12":"description-off","14":"first","15":"instock","16":"taxable","17":"shipping-taxable","18":"purchasable","19":"product-type-simple"},"_links":{"self":[{"href":"http:\/\/www.erun-tech.com\/vi\/wp-json\/wp\/v2\/product\/14940","targetHints":{"allow":["GET"]}}],"collection":[{"href":"http:\/\/www.erun-tech.com\/vi\/wp-json\/wp\/v2\/product"}],"about":[{"href":"http:\/\/www.erun-tech.com\/vi\/wp-json\/wp\/v2\/types\/product"}],"replies":[{"embeddable":true,"href":"http:\/\/www.erun-tech.com\/vi\/wp-json\/wp\/v2\/comments?post=14940"}],"wp:featuredmedia":[{"embeddable":true,"href":"http:\/\/www.erun-tech.com\/vi\/wp-json\/wp\/v2\/media\/14505"}],"wp:attachment":[{"href":"http:\/\/www.erun-tech.com\/vi\/wp-json\/wp\/v2\/media?parent=14940"}],"wp:term":[{"taxonomy":"product_brand","embeddable":true,"href":"http:\/\/www.erun-tech.com\/vi\/wp-json\/wp\/v2\/product_brand?post=14940"},{"taxonomy":"product_cat","embeddable":true,"href":"http:\/\/www.erun-tech.com\/vi\/wp-json\/wp\/v2\/product_cat?post=14940"},{"taxonomy":"product_tag","embeddable":true,"href":"http:\/\/www.erun-tech.com\/vi\/wp-json\/wp\/v2\/product_tag?post=14940"}],"curies":[{"name":"wp","href":"https:\/\/api.w.org\/{rel}","templated":true}]}}