{"id":14946,"date":"2024-03-26T10:44:36","date_gmt":"2024-03-26T02:44:36","guid":{"rendered":"http:\/\/www.erun-tech.com\/?post_type=product&#038;p=14946"},"modified":"2024-03-27T20:12:22","modified_gmt":"2024-03-27T12:12:22","slug":"yazaishuichulizhuangzhimoniqi","status":"publish","type":"product","link":"http:\/\/www.erun-tech.com\/vi\/product\/yazaishuichulizhuangzhimoniqi","title":{"rendered":"M\u00f4 ph\u1ecfng thi\u1ebft b\u1ecb x\u1eed l\u00fd n\u01b0\u1edbc d\u1eb1n"},"content":{"rendered":"<h2><\/h2>\n<h2 style=\"text-align: center;\">M\u00f4 ph\u1ecfng thi\u1ebft b\u1ecb x\u1eed l\u00fd n\u01b0\u1edbc d\u1eb1n<\/h2>\n<div><strong>C\u01a1 s\u1edf ph\u00e1p l\u00fd: \"Quy \u0111\u1ecbnh v\u1ec1 qu\u1ea3n l\u00fd \u0111\u00e0o t\u1ea1o thuy\u1ec1n vi\u00ean c\u1ee7a C\u1ed9ng h\u00f2a Nh\u00e2n d\u00e2n Trung Hoa\" (Ngh\u1ecb \u0111\u1ecbnh s\u1ed1 5 n\u0103m 2019 c\u1ee7a B\u1ed9 Giao th\u00f4ng V\u1eadn t\u1ea3i)<\/strong><\/div>\n<div><strong>Danh m\u1ee5c s\u1ea3n ph\u1ea9m: Khu v\u1ef1c \u0111\u00e0o t\u1ea1o t\u1ed5ng h\u1ee3p<br \/>\n<\/strong><\/div>\n<div>\n<p><strong><strong>T\u00ean s\u1ea3n ph\u1ea9m: Thi\u1ebft b\u1ecb m\u00f4 ph\u1ecfng x\u1eed l\u00fd n\u01b0\u1edbc d\u1eb1n<\/strong><\/strong><\/p>\n<p><strong>Y\u00eau c\u1ea7u ch\u1ee9c n\u0103ng: \u0110\u00e1p \u1ee9ng y\u00eau c\u1ea7u c\u1ee7a ch\u01b0\u01a1ng tr\u00ecnh \u0111\u00e0o t\u1ea1o.<\/strong><\/p>\n<\/div>\n<div><strong>S\u1ed1 l\u01b0\u1ee3ng quy \u0111\u1ecbnh: 1 b\u1ed9<\/strong><\/div>\n<div><\/div>\n<div>\n<p>&nbsp;<\/p>\n<\/div>\n<p>C\u00f4ng su\u1ea5t x\u1eed l\u00fd l\u00e0 50 m\u00e9t kh\u1ed1i m\u1ed7i gi\u1edd, c\u00f3 th\u1ec3 th\u1ef1c hi\u1ec7n c\u00e1c thao t\u00e1c kh\u1edfi \u0111\u1ed9ng, v\u1eadn h\u00e0nh v\u00e0 d\u1eebng. \u0110\u01b0\u1ee3c t\u00edch h\u1ee3p trong m\u00f4 ph\u1ecfng \u0111\u1ed9ng c\u01a1.<\/p>","protected":false},"excerpt":{"rendered":"<p>\u538b\u8f7d\u6c34\u5904\u7406\u88c5\u7f6e\u6a21\u62df\u5668 \u6cd5\u5f8b\u4f9d\u636e\uff1a\u300a\u4e2d\u534e\u4eba\u6c11\u5171\u548c\u56fd\u8239\u5458\u57f9\u8bad\u7ba1\u7406\u89c4\u5219\u300b\uff08\u4ea4\u901a\u8fd0\u8f93\u90e8\u4ee4 2019 \u5e74\u7b2c 5 \u53f7\uff09 \u4ea7&hellip;<\/p>","protected":false},"featured_media":14505,"comment_status":"open","ping_status":"closed","template":"","meta":[],"product_brand":[],"product_cat":[43],"product_tag":[449,444,336,430],"class_list":{"0":"post-14946","1":"product","2":"type-product","3":"status-publish","4":"has-post-thumbnail","6":"product_cat-zonghejicang","7":"product_tag-yazaishuichulizhuangzhimoniqi","8":"product_tag-zonghejicang","9":"product_tag-chuanyuanpeixunshebei","10":"product_tag-lunjizhangdaguanlunsanguanlunpeixunshebei","11":"description-off","13":"first","14":"instock","15":"taxable","16":"shipping-taxable","17":"purchasable","18":"product-type-simple"},"_links":{"self":[{"href":"http:\/\/www.erun-tech.com\/vi\/wp-json\/wp\/v2\/product\/14946","targetHints":{"allow":["GET"]}}],"collection":[{"href":"http:\/\/www.erun-tech.com\/vi\/wp-json\/wp\/v2\/product"}],"about":[{"href":"http:\/\/www.erun-tech.com\/vi\/wp-json\/wp\/v2\/types\/product"}],"replies":[{"embeddable":true,"href":"http:\/\/www.erun-tech.com\/vi\/wp-json\/wp\/v2\/comments?post=14946"}],"wp:featuredmedia":[{"embeddable":true,"href":"http:\/\/www.erun-tech.com\/vi\/wp-json\/wp\/v2\/media\/14505"}],"wp:attachment":[{"href":"http:\/\/www.erun-tech.com\/vi\/wp-json\/wp\/v2\/media?parent=14946"}],"wp:term":[{"taxonomy":"product_brand","embeddable":true,"href":"http:\/\/www.erun-tech.com\/vi\/wp-json\/wp\/v2\/product_brand?post=14946"},{"taxonomy":"product_cat","embeddable":true,"href":"http:\/\/www.erun-tech.com\/vi\/wp-json\/wp\/v2\/product_cat?post=14946"},{"taxonomy":"product_tag","embeddable":true,"href":"http:\/\/www.erun-tech.com\/vi\/wp-json\/wp\/v2\/product_tag?post=14946"}],"curies":[{"name":"wp","href":"https:\/\/api.w.org\/{rel}","templated":true}]}}