{"id":14954,"date":"2024-03-26T10:58:56","date_gmt":"2024-03-26T02:58:56","guid":{"rendered":"http:\/\/www.erun-tech.com\/?post_type=product&#038;p=14954"},"modified":"2024-03-27T20:13:38","modified_gmt":"2024-03-27T12:13:38","slug":"jicangjiancebaojingxitong","status":"publish","type":"product","link":"http:\/\/www.erun-tech.com\/vi\/product\/jicangjiancebaojingxitong","title":{"rendered":"H\u1ec7 th\u1ed1ng gi\u00e1m s\u00e1t v\u00e0 b\u00e1o \u0111\u1ed9ng cabin"},"content":{"rendered":"<h2><\/h2>\n<h2 style=\"text-align: center;\">H\u1ec7 th\u1ed1ng gi\u00e1m s\u00e1t v\u00e0 b\u00e1o \u0111\u1ed9ng cabin<\/h2>\n<p>&nbsp;<\/p>\n<p><strong>C\u01a1 s\u1edf ph\u00e1p l\u00fd: \"Quy \u0111\u1ecbnh v\u1ec1 qu\u1ea3n l\u00fd \u0111\u00e0o t\u1ea1o thuy\u1ec1n vi\u00ean c\u1ee7a C\u1ed9ng h\u00f2a Nh\u00e2n d\u00e2n Trung Hoa\" (Ngh\u1ecb \u0111\u1ecbnh s\u1ed1 5 n\u0103m 2019 c\u1ee7a B\u1ed9 Giao th\u00f4ng V\u1eadn t\u1ea3i)<\/strong><\/p>\n<p><strong>Danh m\u1ee5c s\u1ea3n ph\u1ea9m: Khu v\u1ef1c \u0111\u00e0o t\u1ea1o t\u1ed5ng h\u1ee3p<\/strong><\/p>\n<p><strong><strong>T\u00ean s\u1ea3n ph\u1ea9m: H\u1ec7 th\u1ed1ng gi\u00e1m s\u00e1t v\u00e0 b\u00e1o \u0111\u1ed9ng cabin m\u00e1y bay<\/strong><\/strong><\/p>\n<p><strong>Y\u00eau c\u1ea7u ch\u1ee9c n\u0103ng: \u0110\u00e1p \u1ee9ng y\u00eau c\u1ea7u c\u1ee7a ch\u01b0\u01a1ng tr\u00ecnh \u0111\u00e0o t\u1ea1o.<\/strong><\/p>\n<p><strong>S\u1ed1 l\u01b0\u1ee3ng quy \u0111\u1ecbnh: 1 b\u1ed9<\/strong><\/p>\n<p>&nbsp;<\/p>\n<p>&nbsp;<\/p>\n<p>1. V\u1eadt th\u1ef1c, bao g\u1ed3m b\u1ea3ng \u0111i\u1ec1u khi\u1ec3n;<\/p>\n<p>2. H\u1ec7 th\u1ed1ng l\u00e0 h\u1ec7 th\u1ed1ng gi\u00e1m s\u00e1t v\u00e0 b\u00e1o \u0111\u1ed9ng cabin t\u00e0u \u0111i\u1ec3n h\u00ecnh;<\/p>\n<p>3. C\u00f3 th\u1ec3 s\u1eed d\u1ee5ng chung ph\u00f2ng th\u00ed nghi\u1ec7m v\u1edbi h\u1ec7 th\u1ed1ng \u0111i\u1ec1u khi\u1ec3n t\u1eeb xa c\u1ee7a m\u00e1y ch\u1ee7;<\/p>\n<p>4. K\u00e8m theo t\u00e0i li\u1ec7u k\u1ef9 thu\u1eadt ho\u1eb7c h\u01b0\u1edbng d\u1eabn s\u1eed d\u1ee5ng li\u00ean quan.<\/p>","protected":false},"excerpt":{"rendered":"<p>\u673a\u8231\u76d1\u6d4b\u62a5\u8b66\u7cfb\u7edf &nbsp; \u6cd5\u5f8b\u4f9d\u636e\uff1a\u300a\u4e2d\u534e\u4eba\u6c11\u5171\u548c\u56fd\u8239\u5458\u57f9\u8bad\u7ba1\u7406\u89c4\u5219\u300b\uff08\u4ea4\u901a\u8fd0\u8f93\u90e8\u4ee4 2019 \u5e74\u7b2c 5&hellip;<\/p>","protected":false},"featured_media":14505,"comment_status":"open","ping_status":"closed","template":"","meta":[],"product_brand":[],"product_cat":[43],"product_tag":[450,444,336,430],"class_list":{"0":"post-14954","1":"product","2":"type-product","3":"status-publish","4":"has-post-thumbnail","6":"product_cat-zonghejicang","7":"product_tag-keyunxingchaiyouji","8":"product_tag-zonghejicang","9":"product_tag-chuanyuanpeixunshebei","10":"product_tag-lunjizhangdaguanlunsanguanlunpeixunshebei","11":"description-off","13":"first","14":"instock","15":"taxable","16":"shipping-taxable","17":"purchasable","18":"product-type-simple"},"_links":{"self":[{"href":"http:\/\/www.erun-tech.com\/vi\/wp-json\/wp\/v2\/product\/14954","targetHints":{"allow":["GET"]}}],"collection":[{"href":"http:\/\/www.erun-tech.com\/vi\/wp-json\/wp\/v2\/product"}],"about":[{"href":"http:\/\/www.erun-tech.com\/vi\/wp-json\/wp\/v2\/types\/product"}],"replies":[{"embeddable":true,"href":"http:\/\/www.erun-tech.com\/vi\/wp-json\/wp\/v2\/comments?post=14954"}],"wp:featuredmedia":[{"embeddable":true,"href":"http:\/\/www.erun-tech.com\/vi\/wp-json\/wp\/v2\/media\/14505"}],"wp:attachment":[{"href":"http:\/\/www.erun-tech.com\/vi\/wp-json\/wp\/v2\/media?parent=14954"}],"wp:term":[{"taxonomy":"product_brand","embeddable":true,"href":"http:\/\/www.erun-tech.com\/vi\/wp-json\/wp\/v2\/product_brand?post=14954"},{"taxonomy":"product_cat","embeddable":true,"href":"http:\/\/www.erun-tech.com\/vi\/wp-json\/wp\/v2\/product_cat?post=14954"},{"taxonomy":"product_tag","embeddable":true,"href":"http:\/\/www.erun-tech.com\/vi\/wp-json\/wp\/v2\/product_tag?post=14954"}],"curies":[{"name":"wp","href":"https:\/\/api.w.org\/{rel}","templated":true}]}}