{"id":14958,"date":"2024-03-26T11:17:48","date_gmt":"2024-03-26T03:17:48","guid":{"rendered":"http:\/\/www.erun-tech.com\/?post_type=product&#038;p=14958"},"modified":"2024-03-27T21:07:50","modified_gmt":"2024-03-27T13:07:50","slug":"sichongchengchaiyoujipenyoubengpenyouqi","status":"publish","type":"product","link":"http:\/\/www.erun-tech.com\/vi\/product\/sichongchengchaiyoujipenyoubengpenyouqi","title":{"rendered":"B\u01a1m phun nhi\u00ean li\u1ec7u v\u00e0 v\u00f2i phun nhi\u00ean li\u1ec7u cho \u0111\u1ed9ng c\u01a1 diesel 4 th\u00ec"},"content":{"rendered":"<h2><\/h2>\n<h2 style=\"text-align: center;\">B\u01a1m phun nhi\u00ean li\u1ec7u v\u00e0 v\u00f2i phun nhi\u00ean li\u1ec7u cho \u0111\u1ed9ng c\u01a1 diesel 4 th\u00ec<\/h2>\n<p>&nbsp;<\/p>\n<p><strong>C\u01a1 s\u1edf ph\u00e1p l\u00fd: \"Quy \u0111\u1ecbnh v\u1ec1 qu\u1ea3n l\u00fd \u0111\u00e0o t\u1ea1o thuy\u1ec1n vi\u00ean c\u1ee7a C\u1ed9ng h\u00f2a Nh\u00e2n d\u00e2n Trung Hoa\" (Ngh\u1ecb \u0111\u1ecbnh s\u1ed1 5 n\u0103m 2019 c\u1ee7a B\u1ed9 Giao th\u00f4ng V\u1eadn t\u1ea3i)<\/strong><\/p>\n<p><strong>Ph\u00e2n lo\u1ea1i s\u1ea3n ph\u1ea9m: Khu v\u1ef1c \u0111\u00e0o t\u1ea1o l\u1eafp r\u00e1p v\u00e0 th\u00e1o d\u1ee1<\/strong><\/p>\n<p><strong><strong>T\u00ean s\u1ea3n ph\u1ea9m: B\u01a1m phun nhi\u00ean li\u1ec7u v\u00e0 kim phun cho \u0111\u1ed9ng c\u01a1 diesel 4 th\u00ec<\/strong><\/strong><\/p>\n<p><strong>Y\u00eau c\u1ea7u ch\u1ee9c n\u0103ng: \u0110\u00e1p \u1ee9ng y\u00eau c\u1ea7u c\u1ee7a ch\u01b0\u01a1ng tr\u00ecnh \u0111\u00e0o t\u1ea1o.<\/strong><\/p>\n<p><strong>S\u1ed1 l\u01b0\u1ee3ng quy \u0111\u1ecbnh: 1 b\u1ed9<\/strong><\/p>\n<p>&nbsp;<\/p>\n<p>&nbsp;<\/p>\n<p>Thi\u1ebft b\u1ecb \u0111\u1ed9c l\u1eadp, bao g\u1ed3m 8 m\u00e1y b\u01a1m phun nhi\u00ean li\u1ec7u v\u00e0 8 v\u00f2i phun d\u00e0nh cho \u0111\u1ed9ng c\u01a1 t\u1ed1c \u0111\u1ed9 trung b\u00ecnh c\u00f3 \u0111\u01b0\u1eddng k\u00ednh xi-lanh t\u1eeb 160 mm tr\u1edf l\u00ean, c\u00f3 kh\u1ea3 n\u0103ng th\u1ef1c hi\u1ec7n c\u00e1c th\u1eed nghi\u1ec7m phun s\u01b0\u01a1ng c\u1ee7a v\u00f2i phun, c\u0169ng nh\u01b0 th\u00e1o l\u1eafp v\u00e0 b\u1ea3o d\u01b0\u1ee1ng m\u00e1y b\u01a1m phun nhi\u00ean li\u1ec7u v\u00e0 v\u00f2i phun. \u0110\u01b0\u1ee3c trang b\u1ecb 1 b\u00e0n th\u1eed nghi\u1ec7m v\u00f2i phun, c\u00f3 th\u1ec3 \u0111\u00e1nh gi\u00e1 ch\u1ea5t l\u01b0\u1ee3ng phun s\u01b0\u01a1ng c\u1ee7a c\u00e1c v\u00f2i phun n\u00eau tr\u00ean v\u00e0 \u0111o \u00e1p su\u1ea5t m\u1edf van.<\/p>","protected":false},"excerpt":{"rendered":"<p>\u56db\u51b2\u7a0b\u67f4\u6cb9\u673a\u55b7\u6cb9\u6cf5\u3001\u55b7\u6cb9\u5668 &nbsp; \u6cd5\u5f8b\u4f9d\u636e\uff1a\u300a\u4e2d\u534e\u4eba\u6c11\u5171\u548c\u56fd\u8239\u5458\u57f9\u8bad\u7ba1\u7406\u89c4\u5219\u300b\uff08\u4ea4\u901a\u8fd0\u8f93\u90e8\u4ee4 2019&hellip;<\/p>","protected":false},"featured_media":14505,"comment_status":"open","ping_status":"closed","template":"","meta":[],"product_brand":[],"product_cat":[316],"product_tag":[453,336,430],"class_list":{"0":"post-14958","1":"product","2":"type-product","3":"status-publish","4":"has-post-thumbnail","6":"product_cat-chaizhuangshixunshi","7":"product_tag-zhibanjigong","8":"product_tag-chuanyuanpeixunshebei","9":"product_tag-lunjizhangdaguanlunsanguanlunpeixunshebei","10":"description-off","12":"first","13":"instock","14":"taxable","15":"shipping-taxable","16":"purchasable","17":"product-type-simple"},"_links":{"self":[{"href":"http:\/\/www.erun-tech.com\/vi\/wp-json\/wp\/v2\/product\/14958","targetHints":{"allow":["GET"]}}],"collection":[{"href":"http:\/\/www.erun-tech.com\/vi\/wp-json\/wp\/v2\/product"}],"about":[{"href":"http:\/\/www.erun-tech.com\/vi\/wp-json\/wp\/v2\/types\/product"}],"replies":[{"embeddable":true,"href":"http:\/\/www.erun-tech.com\/vi\/wp-json\/wp\/v2\/comments?post=14958"}],"wp:featuredmedia":[{"embeddable":true,"href":"http:\/\/www.erun-tech.com\/vi\/wp-json\/wp\/v2\/media\/14505"}],"wp:attachment":[{"href":"http:\/\/www.erun-tech.com\/vi\/wp-json\/wp\/v2\/media?parent=14958"}],"wp:term":[{"taxonomy":"product_brand","embeddable":true,"href":"http:\/\/www.erun-tech.com\/vi\/wp-json\/wp\/v2\/product_brand?post=14958"},{"taxonomy":"product_cat","embeddable":true,"href":"http:\/\/www.erun-tech.com\/vi\/wp-json\/wp\/v2\/product_cat?post=14958"},{"taxonomy":"product_tag","embeddable":true,"href":"http:\/\/www.erun-tech.com\/vi\/wp-json\/wp\/v2\/product_tag?post=14958"}],"curies":[{"name":"wp","href":"https:\/\/api.w.org\/{rel}","templated":true}]}}