{"id":14959,"date":"2024-03-26T11:22:29","date_gmt":"2024-03-26T03:22:29","guid":{"rendered":"http:\/\/www.erun-tech.com\/?post_type=product&#038;p=14959"},"modified":"2024-03-27T21:07:59","modified_gmt":"2024-03-27T13:07:59","slug":"erchongchengchaiyoujiguanjianzujian","status":"publish","type":"product","link":"http:\/\/www.erun-tech.com\/vi\/product\/erchongchengchaiyoujiguanjianzujian","title":{"rendered":"C\u00e1c b\u1ed9 ph\u1eadn ch\u00ednh c\u1ee7a \u0111\u1ed9ng c\u01a1 diesel hai th\u00ec"},"content":{"rendered":"<h2><\/h2>\n<h2 style=\"text-align: center;\">C\u00e1c b\u1ed9 ph\u1eadn ch\u00ednh c\u1ee7a \u0111\u1ed9ng c\u01a1 diesel hai th\u00ec<\/h2>\n<p>&nbsp;<\/p>\n<p><strong>C\u01a1 s\u1edf ph\u00e1p l\u00fd: \"Quy \u0111\u1ecbnh v\u1ec1 qu\u1ea3n l\u00fd \u0111\u00e0o t\u1ea1o thuy\u1ec1n vi\u00ean c\u1ee7a C\u1ed9ng h\u00f2a Nh\u00e2n d\u00e2n Trung Hoa\" (Ngh\u1ecb \u0111\u1ecbnh s\u1ed1 5 n\u0103m 2019 c\u1ee7a B\u1ed9 Giao th\u00f4ng V\u1eadn t\u1ea3i)<\/strong><\/p>\n<p><strong>Ph\u00e2n lo\u1ea1i s\u1ea3n ph\u1ea9m: Khu v\u1ef1c \u0111\u00e0o t\u1ea1o l\u1eafp r\u00e1p v\u00e0 th\u00e1o d\u1ee1<\/strong><\/p>\n<p><strong><strong>\u4ea7\u54c1\u540d\u79f0\uff1a\u4e8c\u51b2\u7a0b\u67f4\u6cb9\u673a\u5173\u952e\u7ec4\u4ef6<\/strong><\/strong><\/p>\n<p><strong>Y\u00eau c\u1ea7u ch\u1ee9c n\u0103ng: \u0110\u00e1p \u1ee9ng y\u00eau c\u1ea7u c\u1ee7a ch\u01b0\u01a1ng tr\u00ecnh \u0111\u00e0o t\u1ea1o.<\/strong><\/p>\n<p><strong>S\u1ed1 l\u01b0\u1ee3ng quy \u0111\u1ecbnh: 2 b\u1ed9<\/strong><\/p>\n<p>&nbsp;<\/p>\n<p>&nbsp;<\/p>\n<p>\u7f38\u5f84250\u6beb\u7c73\u6216\u4ee5\u4e0a\u4e8c\u51b2\u7a0b\u67f4\u6cb9\u673a\u76f8\u5173\u90e8\u4ef6\uff08\u542b\u6d3b\u585e\u3001\u7f38\u5957\u3001\u8fde\u6746\u3001\u5341\u5b57\u5934\u3001\u6ed1\u5757\uff09\uff0c\u5e76\u914d\u7f6e\u5185\u3001\u5916\u5f84\u5343\u5206\u5c3a\u3001\u91cf\u7f38\u8868\u3001\u585e\u5c3a\u3001\u626d\u77e9\u6273\u624b\u7b49\u62c6\u88c5\u5de5\u5177\u548c\u91cf\u5177\u3002\u6240\u6709\u8bbe\u5907\u7684\u5b89\u653e\u5e94\u80fd\u6ee1\u8db3\u57f9\u8bad\u6559\u5b66\u8981\u6c42\u3002<\/p>\n<p>Ghi ch\u00fa: Thi\u1ebft b\u1ecb \u0111\u00e3 qua s\u1eed d\u1ee5ng<\/p>","protected":false},"excerpt":{"rendered":"<p>\u4e8c\u51b2\u7a0b\u67f4\u6cb9\u673a\u5173\u952e\u7ec4\u4ef6 &nbsp; \u6cd5\u5f8b\u4f9d\u636e\uff1a\u300a\u4e2d\u534e\u4eba\u6c11\u5171\u548c\u56fd\u8239\u5458\u57f9\u8bad\u7ba1\u7406\u89c4\u5219\u300b\uff08\u4ea4\u901a\u8fd0\u8f93\u90e8\u4ee4 2019 \u5e74\u7b2c&hellip;<\/p>","protected":false},"featured_media":14505,"comment_status":"open","ping_status":"closed","template":"","meta":[],"product_brand":[],"product_cat":[316],"product_tag":[454,453,336,430],"class_list":{"0":"post-14959","1":"product","2":"type-product","3":"status-publish","4":"has-post-thumbnail","6":"product_cat-chaizhuangshixunshi","7":"product_tag-erchongchengchaiyoujiguanjianzujian","8":"product_tag-zhibanjigong","9":"product_tag-chuanyuanpeixunshebei","10":"product_tag-lunjizhangdaguanlunsanguanlunpeixunshebei","11":"description-off","13":"first","14":"instock","15":"taxable","16":"shipping-taxable","17":"purchasable","18":"product-type-simple"},"_links":{"self":[{"href":"http:\/\/www.erun-tech.com\/vi\/wp-json\/wp\/v2\/product\/14959","targetHints":{"allow":["GET"]}}],"collection":[{"href":"http:\/\/www.erun-tech.com\/vi\/wp-json\/wp\/v2\/product"}],"about":[{"href":"http:\/\/www.erun-tech.com\/vi\/wp-json\/wp\/v2\/types\/product"}],"replies":[{"embeddable":true,"href":"http:\/\/www.erun-tech.com\/vi\/wp-json\/wp\/v2\/comments?post=14959"}],"wp:featuredmedia":[{"embeddable":true,"href":"http:\/\/www.erun-tech.com\/vi\/wp-json\/wp\/v2\/media\/14505"}],"wp:attachment":[{"href":"http:\/\/www.erun-tech.com\/vi\/wp-json\/wp\/v2\/media?parent=14959"}],"wp:term":[{"taxonomy":"product_brand","embeddable":true,"href":"http:\/\/www.erun-tech.com\/vi\/wp-json\/wp\/v2\/product_brand?post=14959"},{"taxonomy":"product_cat","embeddable":true,"href":"http:\/\/www.erun-tech.com\/vi\/wp-json\/wp\/v2\/product_cat?post=14959"},{"taxonomy":"product_tag","embeddable":true,"href":"http:\/\/www.erun-tech.com\/vi\/wp-json\/wp\/v2\/product_tag?post=14959"}],"curies":[{"name":"wp","href":"https:\/\/api.w.org\/{rel}","templated":true}]}}