{"id":14967,"date":"2024-03-26T15:37:31","date_gmt":"2024-03-26T07:37:31","guid":{"rendered":"http:\/\/www.erun-tech.com\/?post_type=product&#038;p=14967"},"modified":"2024-03-27T21:09:09","modified_gmt":"2024-03-27T13:09:09","slug":"guolugeishuifashuiweijianquanfaxiefangfa","status":"publish","type":"product","link":"http:\/\/www.erun-tech.com\/vi\/product\/guolugeishuifashuiweijianquanfaxiefangfa","title":{"rendered":"Van c\u1ea5p n\u01b0\u1edbc cho n\u1ed3i h\u01a1i, \u0111\u1ed3ng h\u1ed3 \u0111o m\u1ef1c n\u01b0\u1edbc, van an to\u00e0n, van x\u1ea3"},"content":{"rendered":"<h2><\/h2>\n<h2 style=\"text-align: center;\">Van c\u1ea5p n\u01b0\u1edbc cho n\u1ed3i h\u01a1i, \u0111\u1ed3ng h\u1ed3 \u0111o m\u1ef1c n\u01b0\u1edbc, van an to\u00e0n, van x\u1ea3<\/h2>\n<p>&nbsp;<\/p>\n<p><strong>C\u01a1 s\u1edf ph\u00e1p l\u00fd: \"Quy \u0111\u1ecbnh v\u1ec1 qu\u1ea3n l\u00fd \u0111\u00e0o t\u1ea1o thuy\u1ec1n vi\u00ean c\u1ee7a C\u1ed9ng h\u00f2a Nh\u00e2n d\u00e2n Trung Hoa\" (Ngh\u1ecb \u0111\u1ecbnh s\u1ed1 5 n\u0103m 2019 c\u1ee7a B\u1ed9 Giao th\u00f4ng V\u1eadn t\u1ea3i)<\/strong><\/p>\n<p><strong>Ph\u00e2n lo\u1ea1i s\u1ea3n ph\u1ea9m: Khu v\u1ef1c \u0111\u00e0o t\u1ea1o l\u1eafp r\u00e1p v\u00e0 th\u00e1o d\u1ee1<\/strong><\/p>\n<p><strong><strong>T\u00ean s\u1ea3n ph\u1ea9m: Van c\u1ea5p n\u01b0\u1edbc cho n\u1ed3i h\u01a1i, \u0111\u1ed3ng h\u1ed3 \u0111o m\u1ef1c n\u01b0\u1edbc, van an to\u00e0n, van x\u1ea3<\/strong><\/strong><\/p>\n<p><strong>Y\u00eau c\u1ea7u ch\u1ee9c n\u0103ng: \u0110\u00e1p \u1ee9ng y\u00eau c\u1ea7u c\u1ee7a ch\u01b0\u01a1ng tr\u00ecnh \u0111\u00e0o t\u1ea1o.<\/strong><\/p>\n<p><strong>S\u1ed1 l\u01b0\u1ee3ng quy \u0111\u1ecbnh: 2 b\u1ed9 m\u1ed7i lo\u1ea1i<\/strong><\/p>\n<p>&nbsp;<\/p>\n<p>&nbsp;<\/p>\n<p>Van c\u1ea5p n\u01b0\u1edbc cho n\u1ed3i h\u01a1i ph\u1ea3i l\u00e0 van c\u1eaft v\u00e0 van m\u1ed9t chi\u1ec1u, c\u00f3 c\u1ea5u tr\u00fac ho\u00e0n ch\u1ec9nh; \u0111\u1ed3ng h\u1ed3 \u0111o m\u1ef1c n\u01b0\u1edbc ph\u1ea3i l\u00e0 \u0111\u1ed3ng h\u1ed3 \u0111o m\u1ef1c n\u01b0\u1edbc b\u1eb1ng \u1ed1ng th\u1ee7y tinh ho\u1eb7c \u0111\u1ed3ng h\u1ed3 \u0111o m\u1ef1c n\u01b0\u1edbc b\u1eb1ng t\u1ea5m th\u1ee7y tinh, c\u00f3 c\u1ea5u tr\u00fac ho\u00e0n ch\u1ec9nh; van an to\u00e0n ph\u1ea3i l\u00e0 c\u1ea5u tr\u00fac hai van h\u1ee3p nh\u1ea5t ho\u1eb7c van an to\u00e0n t\u00e1c \u0111\u1ed9ng tr\u1ef1c ti\u1ebfp c\u00f3 \u0111\u0129a n\u00e2ng; van x\u1ea3 ph\u1ea3i c\u00f3 c\u1ea5u tr\u00fac ho\u00e0n ch\u1ec9nh.<\/p>\n<p>&nbsp;<\/p>","protected":false},"excerpt":{"rendered":"<p>\u9505\u7089\u7ed9\u6c34\u9600\u3001\u6c34\u4f4d\u8ba1\u3001\u5b89\u5168\u9600\u3001\u6cc4\u653e\u9600 &nbsp; \u6cd5\u5f8b\u4f9d\u636e\uff1a\u300a\u4e2d\u534e\u4eba\u6c11\u5171\u548c\u56fd\u8239\u5458\u57f9\u8bad\u7ba1\u7406\u89c4\u5219\u300b\uff08\u4ea4\u901a\u8fd0\u8f93\u90e8\u4ee4 &hellip;<\/p>","protected":false},"featured_media":14505,"comment_status":"open","ping_status":"closed","template":"","meta":[],"product_brand":[],"product_cat":[316],"product_tag":[453,465,464,466,336,430,463],"class_list":{"0":"post-14967","1":"product","2":"type-product","3":"status-publish","4":"has-post-thumbnail","6":"product_cat-chaizhuangshixunshi","7":"product_tag-zhibanjigong","8":"product_tag-anquanfa","9":"product_tag-shuiweiji","10":"product_tag-xiefangfa","11":"product_tag-chuanyuanpeixunshebei","12":"product_tag-lunjizhangdaguanlunsanguanlunpeixunshebei","13":"product_tag-guolugeishuifa","14":"description-off","16":"first","17":"instock","18":"taxable","19":"shipping-taxable","20":"purchasable","21":"product-type-simple"},"_links":{"self":[{"href":"http:\/\/www.erun-tech.com\/vi\/wp-json\/wp\/v2\/product\/14967","targetHints":{"allow":["GET"]}}],"collection":[{"href":"http:\/\/www.erun-tech.com\/vi\/wp-json\/wp\/v2\/product"}],"about":[{"href":"http:\/\/www.erun-tech.com\/vi\/wp-json\/wp\/v2\/types\/product"}],"replies":[{"embeddable":true,"href":"http:\/\/www.erun-tech.com\/vi\/wp-json\/wp\/v2\/comments?post=14967"}],"wp:featuredmedia":[{"embeddable":true,"href":"http:\/\/www.erun-tech.com\/vi\/wp-json\/wp\/v2\/media\/14505"}],"wp:attachment":[{"href":"http:\/\/www.erun-tech.com\/vi\/wp-json\/wp\/v2\/media?parent=14967"}],"wp:term":[{"taxonomy":"product_brand","embeddable":true,"href":"http:\/\/www.erun-tech.com\/vi\/wp-json\/wp\/v2\/product_brand?post=14967"},{"taxonomy":"product_cat","embeddable":true,"href":"http:\/\/www.erun-tech.com\/vi\/wp-json\/wp\/v2\/product_cat?post=14967"},{"taxonomy":"product_tag","embeddable":true,"href":"http:\/\/www.erun-tech.com\/vi\/wp-json\/wp\/v2\/product_tag?post=14967"}],"curies":[{"name":"wp","href":"https:\/\/api.w.org\/{rel}","templated":true}]}}