{"id":14970,"date":"2024-03-26T15:41:14","date_gmt":"2024-03-26T07:41:14","guid":{"rendered":"http:\/\/www.erun-tech.com\/?post_type=product&#038;p=14970"},"modified":"2024-03-27T21:09:31","modified_gmt":"2024-03-27T13:09:31","slug":"chuanyonglixinbeng","status":"publish","type":"product","link":"http:\/\/www.erun-tech.com\/vi\/product\/chuanyonglixinbeng","title":{"rendered":"B\u01a1m ly t\u00e2m cho t\u00e0u th\u1ee7y"},"content":{"rendered":"<h2><\/h2>\n<h2 style=\"text-align: center;\">B\u01a1m ly t\u00e2m cho t\u00e0u th\u1ee7y<\/h2>\n<p>&nbsp;<\/p>\n<p><strong>C\u01a1 s\u1edf ph\u00e1p l\u00fd: \"Quy \u0111\u1ecbnh v\u1ec1 qu\u1ea3n l\u00fd \u0111\u00e0o t\u1ea1o thuy\u1ec1n vi\u00ean c\u1ee7a C\u1ed9ng h\u00f2a Nh\u00e2n d\u00e2n Trung Hoa\" (Ngh\u1ecb \u0111\u1ecbnh s\u1ed1 5 n\u0103m 2019 c\u1ee7a B\u1ed9 Giao th\u00f4ng V\u1eadn t\u1ea3i)<\/strong><\/p>\n<p><strong>Ph\u00e2n lo\u1ea1i s\u1ea3n ph\u1ea9m: Khu v\u1ef1c \u0111\u00e0o t\u1ea1o l\u1eafp r\u00e1p v\u00e0 th\u00e1o d\u1ee1<\/strong><\/p>\n<p><strong><strong>\u4ea7\u54c1\u540d\u79f0\uff1a\u8239\u7528\u79bb\u5fc3\u6cf5<\/strong><\/strong><\/p>\n<p><strong>Y\u00eau c\u1ea7u ch\u1ee9c n\u0103ng: \u0110\u00e1p \u1ee9ng y\u00eau c\u1ea7u c\u1ee7a ch\u01b0\u01a1ng tr\u00ecnh \u0111\u00e0o t\u1ea1o.<\/strong><\/p>\n<p><strong>S\u1ed1 l\u01b0\u1ee3ng quy \u0111\u1ecbnh: 2 b\u1ed9<\/strong><\/p>\n<p>&nbsp;<\/p>\n<p>&nbsp;<\/p>\n<p>C\u00f3 c\u1ea5u tr\u00fac ho\u00e0n ch\u1ec9nh, bao g\u1ed3m c\u00e1c b\u1ed9 ph\u1eadn nh\u01b0 xi lanh b\u01a1m, h\u1ed9p van, van b\u01a1m, b\u1ed9 truy\u1ec1n \u0111\u1ed9ng, v\u00f2ng piston, v.v., c\u00f3 th\u1ec3 th\u00e1o r\u1eddi, b\u1ea3o d\u01b0\u1ee1ng v\u00e0 l\u1eafp l\u1ea1i, \u0111\u1ed3ng th\u1eddi \u0111\u01b0\u1ee3c trang b\u1ecb c\u00e1c d\u1ee5ng c\u1ee5 th\u00e1o l\u1eafp v\u00e0 d\u1ee5ng c\u1ee5 \u0111o l\u01b0\u1eddng t\u01b0\u01a1ng \u1ee9ng.<\/p>\n<p>&nbsp;<\/p>","protected":false},"excerpt":{"rendered":"<p>\u8239\u7528\u79bb\u5fc3\u6cf5 &nbsp; \u6cd5\u5f8b\u4f9d\u636e\uff1a\u300a\u4e2d\u534e\u4eba\u6c11\u5171\u548c\u56fd\u8239\u5458\u57f9\u8bad\u7ba1\u7406\u89c4\u5219\u300b\uff08\u4ea4\u901a\u8fd0\u8f93\u90e8\u4ee4 2019 \u5e74\u7b2c 5 \u53f7\uff09&hellip;<\/p>","protected":false},"featured_media":14505,"comment_status":"open","ping_status":"closed","template":"","meta":[],"product_brand":[],"product_cat":[316],"product_tag":[453,467,336,469,430,468],"class_list":{"0":"post-14970","1":"product","2":"type-product","3":"status-publish","4":"has-post-thumbnail","6":"product_cat-chaizhuangshixunshi","7":"product_tag-zhibanjigong","8":"product_tag-diandongwangfubeng","9":"product_tag-chuanyuanpeixunshebei","10":"product_tag-chuanyonglixinbeng","11":"product_tag-lunjizhangdaguanlunsanguanlunpeixunshebei","12":"product_tag-chilunbeng","13":"description-off","15":"first","16":"instock","17":"taxable","18":"shipping-taxable","19":"purchasable","20":"product-type-simple"},"_links":{"self":[{"href":"http:\/\/www.erun-tech.com\/vi\/wp-json\/wp\/v2\/product\/14970","targetHints":{"allow":["GET"]}}],"collection":[{"href":"http:\/\/www.erun-tech.com\/vi\/wp-json\/wp\/v2\/product"}],"about":[{"href":"http:\/\/www.erun-tech.com\/vi\/wp-json\/wp\/v2\/types\/product"}],"replies":[{"embeddable":true,"href":"http:\/\/www.erun-tech.com\/vi\/wp-json\/wp\/v2\/comments?post=14970"}],"wp:featuredmedia":[{"embeddable":true,"href":"http:\/\/www.erun-tech.com\/vi\/wp-json\/wp\/v2\/media\/14505"}],"wp:attachment":[{"href":"http:\/\/www.erun-tech.com\/vi\/wp-json\/wp\/v2\/media?parent=14970"}],"wp:term":[{"taxonomy":"product_brand","embeddable":true,"href":"http:\/\/www.erun-tech.com\/vi\/wp-json\/wp\/v2\/product_brand?post=14970"},{"taxonomy":"product_cat","embeddable":true,"href":"http:\/\/www.erun-tech.com\/vi\/wp-json\/wp\/v2\/product_cat?post=14970"},{"taxonomy":"product_tag","embeddable":true,"href":"http:\/\/www.erun-tech.com\/vi\/wp-json\/wp\/v2\/product_tag?post=14970"}],"curies":[{"name":"wp","href":"https:\/\/api.w.org\/{rel}","templated":true}]}}